{"id":75437,"date":"2025-11-17T16:54:04","date_gmt":"2025-11-17T15:54:04","guid":{"rendered":"https:\/\/3d-edu.ch\/shop\/makerbot-method-xl-build-plate-tape-ruban-adhesif-pour-plaque-de-construction\/"},"modified":"2026-05-14T07:44:15","modified_gmt":"2026-05-14T05:44:15","slug":"makerbot-method-xl-build-plate-tape-ruban-adhesif-pour-plaque-de-construction","status":"publish","type":"product","link":"https:\/\/3d-edu.ch\/fr\/boutique\/makerbot-method-xl-build-plate-tape-ruban-adhesif-pour-plaque-de-construction\/","title":{"rendered":"MakerBot Method XL Build Plate Tape (ruban adh\u00e9sif pour plaque de construction)"},"content":{"rendered":"<h2>MakerBot Method XL Build Plate Tape (ruban adh\u00e9sif pour plaque de construction)<\/h2>\n<h3>Inclus dans la livraison<\/h3>\n<ul>\n<li>1 pc. MakerBot Method XL Build Plate Tape (Performance Grip Surface) <\/li>\n<\/ul>\n<hr \/>\n<p><strong>MakerBot Performance Grip Surface pour l&rsquo;imprimante 3D MakerBot Method XL<\/strong><\/p>\n<p>La plaque de construction de la MakerBot Method XL est en acier \u00e0 ressort. Cette bande autocollante Build Plate est appliqu\u00e9e sur la plaque de construction. La chaleur de la chambre de construction chauff\u00e9e et de la plaque de construction de la MakerBot Method XL est absorb\u00e9e par la plaque et cette couche de polycarbonate, la MakerBot Method Build Plate Tape, sur la plaque de construction et assure en outre l&rsquo;adh\u00e9rence des composants sur la plaque de construction.  <\/p>\n<hr \/>\n<p><strong>Compatibilit\u00e9<\/strong><\/p>\n<p>Imprimante :<\/p>\n<p>Le ruban MakerBot Method XL Build Plate est compatible avec le<\/p>\n<ul>\n<li><a href=\"\/shop\/ultimaker-method-xl\/&lt;wpml_invalid_tag%20original=\" pc9hpg=\"=\"\"><\/a>MakerBot Method XL<\/li>\n<\/ul>\n<p><a href=\"https:\/\/3d-edu.ch\/fr\/ultimaker\/imprimante-3d\/serie-method\/ultimaker-method-xl\/\">Plus d&rsquo;informations sur les produits<\/a><\/p>\n","protected":false},"excerpt":{"rendered":"<h3>MakerBot Build Plate Tape pour l&rsquo;imprimante 3D MakerBot Method XL<\/h3>\n<p>Le ruban MakerBot Build Plate Tape de l&rsquo;<a href=\"https:\/\/3d-edu.ch\/fr\/ultimaker\/imprimante-3d\/serie-method\/ultimaker-method-xl\/\">imprimante 3D MakerBot Method XL<\/a> est en polycarbonate. Il est auto-adh\u00e9sif et permet une forte adh\u00e9rence des pi\u00e8ces sur le plateau de construction. <\/p>\n<table>\n<tbody>\n<tr>\n<td width=\"100\">Fabricant<\/td>\n<td>MakerBot<\/td>\n<\/tr>\n<\/tbody>\n<\/table>\n","protected":false},"featured_media":75440,"comment_status":"closed","ping_status":"closed","template":"","meta":[],"product_brand":[],"product_cat":[10336,10344,10345],"product_tag":[8187,8185,8188,8189,8186],"class_list":{"0":"post-75437","1":"product","2":"type-product","3":"status-publish","4":"has-post-thumbnail","6":"product_cat-accessoires-et-pieces-de-rechange-pour-imprimantes-3d","7":"product_cat-methode","8":"product_cat-methode-x-xl","9":"product_tag-accessoires-makerbot","10":"product_tag-makerbot","11":"product_tag-methode","12":"product_tag-methode-x","13":"product_tag-pieces-de-rechange-makerbot","15":"first","16":"instock","17":"taxable","18":"shipping-taxable","19":"purchasable","20":"product-type-simple"},"yoast_head":"<!-- This site is optimized with the Yoast SEO Premium plugin v27.5 (Yoast SEO v27.5) - https:\/\/yoast.com\/product\/yoast-seo-premium-wordpress\/ -->\n<title>MakerBot Method XL Build Plate Tape (ruban adh\u00e9sif pour plaque de construction) %%page% commander en ligne - %%nom du site<\/title>\n<meta name=\"robots\" content=\"index, follow, max-snippet:-1, max-image-preview:large, max-video-preview:-1\" \/>\n<link rel=\"canonical\" href=\"https:\/\/3d-edu.ch\/fr\/boutique\/makerbot-method-xl-build-plate-tape-ruban-adhesif-pour-plaque-de-construction\/\" \/>\n<meta property=\"og:locale\" content=\"fr_FR\" \/>\n<meta property=\"og:type\" content=\"article\" \/>\n<meta property=\"og:title\" content=\"MakerBot Method XL Build Plate Tape (ruban adh\u00e9sif pour plaque de construction)\" \/>\n<meta property=\"og:description\" content=\"MakerBot Build Plate Tape pour l&#039;imprimante 3D MakerBot Method XL Le ruban MakerBot Build Plate Tape de l&#039;imprimante 3D MakerBot Method XL est en polycarbonate. Il est auto-adh\u00e9sif et permet une forte adh\u00e9rence des pi\u00e8ces sur le plateau de construction.   Fabricant MakerBot\" \/>\n<meta property=\"og:url\" content=\"https:\/\/3d-edu.ch\/fr\/boutique\/makerbot-method-xl-build-plate-tape-ruban-adhesif-pour-plaque-de-construction\/\" \/>\n<meta property=\"og:site_name\" content=\"3D-EDU GmbH\" \/>\n<meta property=\"article:publisher\" content=\"https:\/\/www.facebook.com\/3d-educh-210277586064960\/\" \/>\n<meta property=\"article:modified_time\" content=\"2026-05-14T05:44:15+00:00\" \/>\n<meta property=\"og:image\" content=\"https:\/\/3d-edu.ch\/wp-content\/uploads\/2025\/11\/build-plate-tape-for-ultimaker-method-xl.webp\" \/>\n\t<meta property=\"og:image:width\" content=\"700\" \/>\n\t<meta property=\"og:image:height\" content=\"700\" \/>\n\t<meta property=\"og:image:type\" content=\"image\/webp\" \/>\n<meta name=\"twitter:card\" content=\"summary_large_image\" \/>\n<meta name=\"twitter:site\" content=\"@3d_edu_ch\" \/>\n<meta name=\"twitter:label1\" content=\"Prix\" \/>\n\t<meta name=\"twitter:data1\" content=\"115.75&nbsp;&#067;&#072;&#070; hors TVA\" \/>\n\t<meta name=\"twitter:label2\" content=\"Disponibilit\u00e9\" \/>\n\t<meta name=\"twitter:data2\" content=\"En stock\" \/>\n<script type=\"application\/ld+json\" class=\"yoast-schema-graph\">{\"@context\":\"https:\\\/\\\/schema.org\",\"@graph\":[{\"@type\":\"WebPage\",\"@id\":\"https:\\\/\\\/3d-edu.ch\\\/fr\\\/boutique\\\/makerbot-method-xl-build-plate-tape-ruban-adhesif-pour-plaque-de-construction\\\/\",\"url\":\"https:\\\/\\\/3d-edu.ch\\\/fr\\\/boutique\\\/makerbot-method-xl-build-plate-tape-ruban-adhesif-pour-plaque-de-construction\\\/\",\"name\":\"MakerBot Method XL Build Plate Tape (ruban adh\u00e9sif pour plaque de construction) %%page% commander en ligne - %%nom du site\",\"isPartOf\":{\"@id\":\"https:\\\/\\\/3d-edu.ch\\\/fr\\\/#website\"},\"primaryImageOfPage\":{\"@id\":\"https:\\\/\\\/3d-edu.ch\\\/fr\\\/boutique\\\/makerbot-method-xl-build-plate-tape-ruban-adhesif-pour-plaque-de-construction\\\/#primaryimage\"},\"image\":{\"@id\":\"https:\\\/\\\/3d-edu.ch\\\/fr\\\/boutique\\\/makerbot-method-xl-build-plate-tape-ruban-adhesif-pour-plaque-de-construction\\\/#primaryimage\"},\"thumbnailUrl\":\"https:\\\/\\\/3d-edu.ch\\\/wp-content\\\/uploads\\\/2025\\\/11\\\/build-plate-tape-for-ultimaker-method-xl.webp\",\"datePublished\":\"2025-11-17T15:54:04+00:00\",\"dateModified\":\"2026-05-14T05:44:15+00:00\",\"breadcrumb\":{\"@id\":\"https:\\\/\\\/3d-edu.ch\\\/fr\\\/boutique\\\/makerbot-method-xl-build-plate-tape-ruban-adhesif-pour-plaque-de-construction\\\/#breadcrumb\"},\"inLanguage\":\"fr-FR\",\"potentialAction\":[{\"@type\":\"ReadAction\",\"target\":[\"https:\\\/\\\/3d-edu.ch\\\/fr\\\/boutique\\\/makerbot-method-xl-build-plate-tape-ruban-adhesif-pour-plaque-de-construction\\\/\"]}]},{\"@type\":\"ImageObject\",\"inLanguage\":\"fr-FR\",\"@id\":\"https:\\\/\\\/3d-edu.ch\\\/fr\\\/boutique\\\/makerbot-method-xl-build-plate-tape-ruban-adhesif-pour-plaque-de-construction\\\/#primaryimage\",\"url\":\"https:\\\/\\\/3d-edu.ch\\\/wp-content\\\/uploads\\\/2025\\\/11\\\/build-plate-tape-for-ultimaker-method-xl.webp\",\"contentUrl\":\"https:\\\/\\\/3d-edu.ch\\\/wp-content\\\/uploads\\\/2025\\\/11\\\/build-plate-tape-for-ultimaker-method-xl.webp\",\"width\":700,\"height\":700,\"caption\":\"MakerBot Method XL Build Plate Tape (ruban adh\u00e9sif pour plaque de construction)\"},{\"@type\":\"BreadcrumbList\",\"@id\":\"https:\\\/\\\/3d-edu.ch\\\/fr\\\/boutique\\\/makerbot-method-xl-build-plate-tape-ruban-adhesif-pour-plaque-de-construction\\\/#breadcrumb\",\"itemListElement\":[{\"@type\":\"ListItem\",\"position\":1,\"name\":\"Accueil\",\"item\":\"https:\\\/\\\/3d-edu.ch\\\/fr\\\/\"},{\"@type\":\"ListItem\",\"position\":2,\"name\":\"Boutique\",\"item\":\"https:\\\/\\\/3d-edu.ch\\\/fr\\\/boutique\\\/\"},{\"@type\":\"ListItem\",\"position\":3,\"name\":\"MakerBot Method XL Build Plate Tape (ruban adh\u00e9sif pour plaque de construction)\"}]},{\"@type\":\"WebSite\",\"@id\":\"https:\\\/\\\/3d-edu.ch\\\/fr\\\/#website\",\"url\":\"https:\\\/\\\/3d-edu.ch\\\/fr\\\/\",\"name\":\"3D-EDU GmbH\",\"description\":\"Your Formlabs, UltiMaker and Raise3D Printer Support and Education Site in Switzerland. \\\/\\\/ Ihre Formlabs, UltiMaker and Raise3D Drucker Support und Bildungs Webseite der Schweiz.\",\"publisher\":{\"@id\":\"https:\\\/\\\/3d-edu.ch\\\/fr\\\/#organization\"},\"potentialAction\":[{\"@type\":\"SearchAction\",\"target\":{\"@type\":\"EntryPoint\",\"urlTemplate\":\"https:\\\/\\\/3d-edu.ch\\\/fr\\\/?s={search_term_string}\"},\"query-input\":{\"@type\":\"PropertyValueSpecification\",\"valueRequired\":true,\"valueName\":\"search_term_string\"}}],\"inLanguage\":\"fr-FR\"},{\"@type\":[\"Organization\",\"Place\",\"ElectronicsStore\"],\"@id\":\"https:\\\/\\\/3d-edu.ch\\\/fr\\\/#organization\",\"name\":\"3D-EDU GmbH\",\"url\":\"https:\\\/\\\/3d-edu.ch\\\/fr\\\/\",\"logo\":{\"@id\":\"https:\\\/\\\/3d-edu.ch\\\/fr\\\/boutique\\\/makerbot-method-xl-build-plate-tape-ruban-adhesif-pour-plaque-de-construction\\\/#local-main-organization-logo\"},\"image\":{\"@id\":\"https:\\\/\\\/3d-edu.ch\\\/fr\\\/boutique\\\/makerbot-method-xl-build-plate-tape-ruban-adhesif-pour-plaque-de-construction\\\/#local-main-organization-logo\"},\"sameAs\":[\"https:\\\/\\\/www.facebook.com\\\/3d-educh-210277586064960\\\/\",\"https:\\\/\\\/x.com\\\/3d_edu_ch\"],\"address\":{\"@id\":\"https:\\\/\\\/3d-edu.ch\\\/fr\\\/boutique\\\/makerbot-method-xl-build-plate-tape-ruban-adhesif-pour-plaque-de-construction\\\/#local-main-place-address\"},\"geo\":{\"@type\":\"GeoCoordinates\",\"latitude\":\"47.38413\",\"longitude\":\"8.49812\"},\"telephone\":[\"+41 44 492 11 22\"],\"openingHoursSpecification\":[{\"@type\":\"OpeningHoursSpecification\",\"dayOfWeek\":[\"Monday\",\"Tuesday\",\"Wednesday\",\"Thursday\",\"Friday\"],\"opens\":\"08:30\",\"closes\":\"18:00\"},{\"@type\":\"OpeningHoursSpecification\",\"dayOfWeek\":[\"Saturday\",\"Sunday\"],\"opens\":\"00:00\",\"closes\":\"00:00\"}],\"email\":\"info@3d-edu.ch\",\"faxNumber\":\"+41 44 492 11 23\",\"vatID\":\"CHE-184.499.491 MWST\",\"priceRange\":\"$$$\",\"currenciesAccepted\":\"CHF\"},{\"@type\":\"PostalAddress\",\"@id\":\"https:\\\/\\\/3d-edu.ch\\\/fr\\\/boutique\\\/makerbot-method-xl-build-plate-tape-ruban-adhesif-pour-plaque-de-construction\\\/#local-main-place-address\",\"streetAddress\":\"3D-EDU GmbH, Badenerstrasse 556\",\"addressLocality\":\"Z\u00fcrich\",\"postalCode\":\"8048\",\"addressRegion\":\"Z\u00fcrich\",\"addressCountry\":\"CH\"},{\"@type\":\"ImageObject\",\"inLanguage\":\"fr-FR\",\"@id\":\"https:\\\/\\\/3d-edu.ch\\\/fr\\\/boutique\\\/makerbot-method-xl-build-plate-tape-ruban-adhesif-pour-plaque-de-construction\\\/#local-main-organization-logo\",\"url\":\"https:\\\/\\\/3d-edu.ch\\\/wp-content\\\/uploads\\\/2018\\\/10\\\/3d-drucker-makerbot-formlabs-professionelle-3d-drucker-e1546527990490.png\",\"contentUrl\":\"https:\\\/\\\/3d-edu.ch\\\/wp-content\\\/uploads\\\/2018\\\/10\\\/3d-drucker-makerbot-formlabs-professionelle-3d-drucker-e1546527990490.png\",\"width\":275,\"height\":80,\"caption\":\"3D-EDU GmbH\"}]}<\/script>\n<meta property=\"product:brand\" content=\"Accessoires et pi\u00e8ces de rechange pour imprimantes 3D\" \/>\n<meta property=\"product:price:amount\" content=\"115.75\" \/>\n<meta property=\"product:price:currency\" content=\"CHF\" \/>\n<meta property=\"og:availability\" content=\"instock\" \/>\n<meta property=\"product:availability\" content=\"instock\" \/>\n<meta property=\"product:retailer_item_id\" content=\"900-0129A\" \/>\n<meta property=\"product:condition\" content=\"new\" \/>\n<meta name=\"geo.placename\" content=\"Z\u00fcrich\" \/>\n<meta name=\"geo.position\" content=\"47.38413;8.49812\" \/>\n<meta name=\"geo.region\" content=\"Suisse\" \/>\n<!-- \/ Yoast SEO Premium plugin. -->","yoast_head_json":{"title":"MakerBot Method XL Build Plate Tape (ruban adh\u00e9sif pour plaque de construction) %%page% commander en ligne - %%nom du site","robots":{"index":"index","follow":"follow","max-snippet":"max-snippet:-1","max-image-preview":"max-image-preview:large","max-video-preview":"max-video-preview:-1"},"canonical":"https:\/\/3d-edu.ch\/fr\/boutique\/makerbot-method-xl-build-plate-tape-ruban-adhesif-pour-plaque-de-construction\/","og_locale":"fr_FR","og_type":"article","og_title":"MakerBot Method XL Build Plate Tape (ruban adh\u00e9sif pour plaque de construction)","og_description":"MakerBot Build Plate Tape pour l'imprimante 3D MakerBot Method XL Le ruban MakerBot Build Plate Tape de l'imprimante 3D MakerBot Method XL est en polycarbonate. Il est auto-adh\u00e9sif et permet une forte adh\u00e9rence des pi\u00e8ces sur le plateau de construction.   Fabricant MakerBot","og_url":"https:\/\/3d-edu.ch\/fr\/boutique\/makerbot-method-xl-build-plate-tape-ruban-adhesif-pour-plaque-de-construction\/","og_site_name":"3D-EDU GmbH","article_publisher":"https:\/\/www.facebook.com\/3d-educh-210277586064960\/","article_modified_time":"2026-05-14T05:44:15+00:00","og_image":[{"width":700,"height":700,"url":"https:\/\/3d-edu.ch\/wp-content\/uploads\/2025\/11\/build-plate-tape-for-ultimaker-method-xl.webp","type":"image\/webp"}],"twitter_card":"summary_large_image","twitter_site":"@3d_edu_ch","twitter_misc":{"Prix":"115.75&nbsp;&#67;&#72;&#70; hors TVA","Disponibilit\u00e9":"En stock"},"schema":{"@context":"https:\/\/schema.org","@graph":[{"@type":"WebPage","@id":"https:\/\/3d-edu.ch\/fr\/boutique\/makerbot-method-xl-build-plate-tape-ruban-adhesif-pour-plaque-de-construction\/","url":"https:\/\/3d-edu.ch\/fr\/boutique\/makerbot-method-xl-build-plate-tape-ruban-adhesif-pour-plaque-de-construction\/","name":"MakerBot Method XL Build Plate Tape (ruban adh\u00e9sif pour plaque de construction) %%page% commander en ligne - %%nom du site","isPartOf":{"@id":"https:\/\/3d-edu.ch\/fr\/#website"},"primaryImageOfPage":{"@id":"https:\/\/3d-edu.ch\/fr\/boutique\/makerbot-method-xl-build-plate-tape-ruban-adhesif-pour-plaque-de-construction\/#primaryimage"},"image":{"@id":"https:\/\/3d-edu.ch\/fr\/boutique\/makerbot-method-xl-build-plate-tape-ruban-adhesif-pour-plaque-de-construction\/#primaryimage"},"thumbnailUrl":"https:\/\/3d-edu.ch\/wp-content\/uploads\/2025\/11\/build-plate-tape-for-ultimaker-method-xl.webp","datePublished":"2025-11-17T15:54:04+00:00","dateModified":"2026-05-14T05:44:15+00:00","breadcrumb":{"@id":"https:\/\/3d-edu.ch\/fr\/boutique\/makerbot-method-xl-build-plate-tape-ruban-adhesif-pour-plaque-de-construction\/#breadcrumb"},"inLanguage":"fr-FR","potentialAction":[{"@type":"ReadAction","target":["https:\/\/3d-edu.ch\/fr\/boutique\/makerbot-method-xl-build-plate-tape-ruban-adhesif-pour-plaque-de-construction\/"]}]},{"@type":"ImageObject","inLanguage":"fr-FR","@id":"https:\/\/3d-edu.ch\/fr\/boutique\/makerbot-method-xl-build-plate-tape-ruban-adhesif-pour-plaque-de-construction\/#primaryimage","url":"https:\/\/3d-edu.ch\/wp-content\/uploads\/2025\/11\/build-plate-tape-for-ultimaker-method-xl.webp","contentUrl":"https:\/\/3d-edu.ch\/wp-content\/uploads\/2025\/11\/build-plate-tape-for-ultimaker-method-xl.webp","width":700,"height":700,"caption":"MakerBot Method XL Build Plate Tape (ruban adh\u00e9sif pour plaque de construction)"},{"@type":"BreadcrumbList","@id":"https:\/\/3d-edu.ch\/fr\/boutique\/makerbot-method-xl-build-plate-tape-ruban-adhesif-pour-plaque-de-construction\/#breadcrumb","itemListElement":[{"@type":"ListItem","position":1,"name":"Accueil","item":"https:\/\/3d-edu.ch\/fr\/"},{"@type":"ListItem","position":2,"name":"Boutique","item":"https:\/\/3d-edu.ch\/fr\/boutique\/"},{"@type":"ListItem","position":3,"name":"MakerBot Method XL Build Plate Tape (ruban adh\u00e9sif pour plaque de construction)"}]},{"@type":"WebSite","@id":"https:\/\/3d-edu.ch\/fr\/#website","url":"https:\/\/3d-edu.ch\/fr\/","name":"3D-EDU GmbH","description":"Your Formlabs, UltiMaker and Raise3D Printer Support and Education Site in Switzerland. \/\/ Ihre Formlabs, UltiMaker and Raise3D Drucker Support und Bildungs Webseite der Schweiz.","publisher":{"@id":"https:\/\/3d-edu.ch\/fr\/#organization"},"potentialAction":[{"@type":"SearchAction","target":{"@type":"EntryPoint","urlTemplate":"https:\/\/3d-edu.ch\/fr\/?s={search_term_string}"},"query-input":{"@type":"PropertyValueSpecification","valueRequired":true,"valueName":"search_term_string"}}],"inLanguage":"fr-FR"},{"@type":["Organization","Place","ElectronicsStore"],"@id":"https:\/\/3d-edu.ch\/fr\/#organization","name":"3D-EDU GmbH","url":"https:\/\/3d-edu.ch\/fr\/","logo":{"@id":"https:\/\/3d-edu.ch\/fr\/boutique\/makerbot-method-xl-build-plate-tape-ruban-adhesif-pour-plaque-de-construction\/#local-main-organization-logo"},"image":{"@id":"https:\/\/3d-edu.ch\/fr\/boutique\/makerbot-method-xl-build-plate-tape-ruban-adhesif-pour-plaque-de-construction\/#local-main-organization-logo"},"sameAs":["https:\/\/www.facebook.com\/3d-educh-210277586064960\/","https:\/\/x.com\/3d_edu_ch"],"address":{"@id":"https:\/\/3d-edu.ch\/fr\/boutique\/makerbot-method-xl-build-plate-tape-ruban-adhesif-pour-plaque-de-construction\/#local-main-place-address"},"geo":{"@type":"GeoCoordinates","latitude":"47.38413","longitude":"8.49812"},"telephone":["+41 44 492 11 22"],"openingHoursSpecification":[{"@type":"OpeningHoursSpecification","dayOfWeek":["Monday","Tuesday","Wednesday","Thursday","Friday"],"opens":"08:30","closes":"18:00"},{"@type":"OpeningHoursSpecification","dayOfWeek":["Saturday","Sunday"],"opens":"00:00","closes":"00:00"}],"email":"info@3d-edu.ch","faxNumber":"+41 44 492 11 23","vatID":"CHE-184.499.491 MWST","priceRange":"$$$","currenciesAccepted":"CHF"},{"@type":"PostalAddress","@id":"https:\/\/3d-edu.ch\/fr\/boutique\/makerbot-method-xl-build-plate-tape-ruban-adhesif-pour-plaque-de-construction\/#local-main-place-address","streetAddress":"3D-EDU GmbH, Badenerstrasse 556","addressLocality":"Z\u00fcrich","postalCode":"8048","addressRegion":"Z\u00fcrich","addressCountry":"CH"},{"@type":"ImageObject","inLanguage":"fr-FR","@id":"https:\/\/3d-edu.ch\/fr\/boutique\/makerbot-method-xl-build-plate-tape-ruban-adhesif-pour-plaque-de-construction\/#local-main-organization-logo","url":"https:\/\/3d-edu.ch\/wp-content\/uploads\/2018\/10\/3d-drucker-makerbot-formlabs-professionelle-3d-drucker-e1546527990490.png","contentUrl":"https:\/\/3d-edu.ch\/wp-content\/uploads\/2018\/10\/3d-drucker-makerbot-formlabs-professionelle-3d-drucker-e1546527990490.png","width":275,"height":80,"caption":"3D-EDU GmbH"}]},"product_brand":"Accessoires et pi\u00e8ces de rechange pour imprimantes 3D","product_price_amount":"115.75","product_price_currency":"CHF","og_availability":"instock","product_availability":"instock","product_retailer_item_id":"900-0129A","product_condition":"new","geo.placename":"Z\u00fcrich","geo.position":{"lat":"47.38413","long":"8.49812"},"geo.region":"Suisse"},"_links":{"self":[{"href":"https:\/\/3d-edu.ch\/fr\/wp-json\/wp\/v2\/product\/75437","targetHints":{"allow":["GET"]}}],"collection":[{"href":"https:\/\/3d-edu.ch\/fr\/wp-json\/wp\/v2\/product"}],"about":[{"href":"https:\/\/3d-edu.ch\/fr\/wp-json\/wp\/v2\/types\/product"}],"replies":[{"embeddable":true,"href":"https:\/\/3d-edu.ch\/fr\/wp-json\/wp\/v2\/comments?post=75437"}],"wp:featuredmedia":[{"embeddable":true,"href":"https:\/\/3d-edu.ch\/fr\/wp-json\/wp\/v2\/media\/75440"}],"wp:attachment":[{"href":"https:\/\/3d-edu.ch\/fr\/wp-json\/wp\/v2\/media?parent=75437"}],"wp:term":[{"taxonomy":"product_brand","embeddable":true,"href":"https:\/\/3d-edu.ch\/fr\/wp-json\/wp\/v2\/product_brand?post=75437"},{"taxonomy":"product_cat","embeddable":true,"href":"https:\/\/3d-edu.ch\/fr\/wp-json\/wp\/v2\/product_cat?post=75437"},{"taxonomy":"product_tag","embeddable":true,"href":"https:\/\/3d-edu.ch\/fr\/wp-json\/wp\/v2\/product_tag?post=75437"}],"curies":[{"name":"wp","href":"https:\/\/api.w.org\/{rel}","templated":true}]}}