{"id":75425,"date":"2025-09-25T14:57:08","date_gmt":"2025-09-25T12:57:08","guid":{"rendered":"https:\/\/3d-edu.ch\/shop\/formlabs-fuse-sift-230v-occasion\/"},"modified":"2026-04-09T12:52:17","modified_gmt":"2026-04-09T10:52:17","slug":"formlabs-fuse-sift-230v-occasion","status":"publish","type":"product","link":"https:\/\/3d-edu.ch\/fr\/boutique\/formlabs-fuse-sift-230v-occasion\/","title":{"rendered":"Formlabs Fuse Sift 230V Occasion"},"content":{"rendered":"<h2><strong>Formlabs Fuse Sift 230V Occasion<\/strong><\/h2>\n<p>La Formlabs Fuse Sift est un syst\u00e8me de r\u00e9cup\u00e9ration de poudre s\u00fbr et efficace pour l&rsquo;imprimante 3D Formlabs Fuse 1 SLS. Cette station tout-en-un est facile \u00e0 utiliser et combine plusieurs \u00e9tapes de travail. La plateforme de construction et les composants qu&rsquo;elle contient peuvent \u00eatre retir\u00e9s proprement et en toute s\u00e9curit\u00e9. Les composants, la chambre de construction et enfin la Fuse Sift elle-m\u00eame peuvent \u00eatre aspir\u00e9s. La poudre non utilis\u00e9e est r\u00e9cup\u00e9r\u00e9e. Elle peut \u00eatre stock\u00e9e en toute s\u00e9curit\u00e9 dans le Fuse Sift et m\u00e9lang\u00e9e ult\u00e9rieurement \u00e0 de la poudre fra\u00eeche.     <\/p>\n<ul>\n<li>Syst\u00e8me compact et ferm\u00e9 : un syst\u00e8me de vide maintient la poudre SLS \u00e0 l&rsquo;int\u00e9rieur du Fuse Sift, permettant un acc\u00e8s facile pour travailler et un nettoyage ais\u00e9.<\/li>\n<li>Peu de d\u00e9chets : un taux de rafra\u00eechissement de 30 % signifie que vous pouvez imprimer avec jusqu&rsquo;\u00e0 70 % de poudre recycl\u00e9e. Avec la Formlabs Fuse 1, c&rsquo;est illimit\u00e9. Le tamis \u00e0 l&rsquo;int\u00e9rieur de la Fuse Sift filtre la poudre SLS usag\u00e9e. Celle-ci peut ensuite \u00eatre m\u00e9lang\u00e9e \u00e0 de la poudre neuve et r\u00e9utilis\u00e9e pour d&rsquo;autres travaux d&rsquo;impression.   <\/li>\n<li>M\u00e9lange automatique des poudres : Fuse Sift m\u00e9lange automatiquement la poudre usag\u00e9e et la poudre neuve. Ce faisant, il dose automatiquement la poudre fra\u00eeche, ce qui vous permet de r\u00e9duire les d\u00e9chets et de contr\u00f4ler votre stock de poudre. <\/li>\n<li>Impression sans interruption : r\u00e9duisez les temps d&rsquo;arr\u00eat en travaillant avec des chambres de construction et des cartouches de poudre suppl\u00e9mentaires. Une fois le travail d&rsquo;impression termin\u00e9, vous pouvez utiliser imm\u00e9diatement la nouvelle chambre de construction et obtenir un flux de travail sans interruption. <\/li>\n<li>Outils de post-traitement : le Fuse Sift contient tous les outils de post-traitement n\u00e9cessaires pour \u00e9liminer sans effort l&rsquo;exc\u00e8s de poudre des composants.<\/li>\n<\/ul>\n","protected":false},"excerpt":{"rendered":"<h2><strong>Formlabs Fuse Sift 230V Occasion<\/strong><\/h2>\n<p><strong>Le Fuse Sift a \u00e9t\u00e9 utilis\u00e9 pendant environ 2 ans et rarement utilis\u00e9.<\/strong><\/p>\n<h4>Contenu de la livraison<\/h4>\n<ul>\n<li>1x Formlabs Fuse Sift 230V Occasion<\/li>\n<\/ul>\n<p><em>Disponible pour Fuse 1 &amp; Fuse 1+ 30W<\/em><\/p>\n<p>La Formlabs Fuse Sift est un syst\u00e8me de r\u00e9cup\u00e9ration de poudre s\u00fbr et efficace pour l&rsquo;imprimante 3D Formlabs Fuse 1 SLS. Cette station tout-en-un combine plusieurs processus de travail dans une machine autonome : du nettoyage des composants \u00e0 la r\u00e9cup\u00e9ration de la poudre, en passant par le stockage et le m\u00e9lange de la poudre SLS r\u00e9cup\u00e9r\u00e9e. <\/p>\n","protected":false},"featured_media":64339,"comment_status":"closed","ping_status":"closed","template":"","meta":[],"product_brand":[],"product_cat":[7780,7896,7898,7875],"product_tag":[7784,8056,8169],"class_list":{"0":"post-75425","1":"product","2":"type-product","3":"status-publish","4":"has-post-thumbnail","6":"product_cat-formlabs-fr","7":"product_cat-post-traitement-fr","8":"product_cat-sls-post-traitement-fr","9":"product_cat-soldes-fr","10":"product_tag-formlabs-fr","11":"product_tag-formlabs-fuse-1","12":"product_tag-fuse-sift","14":"first","15":"instock","16":"sale","17":"taxable","18":"shipping-taxable","19":"purchasable","20":"product-type-simple"},"yoast_head":"<!-- This site is optimized with the Yoast SEO Premium plugin v27.4 (Yoast SEO v27.4) - https:\/\/yoast.com\/product\/yoast-seo-premium-wordpress\/ -->\n<title>Formlabs Fuse Sift 230V Occasion %%page% commander en ligne - %%nom du site<\/title>\n<meta name=\"robots\" content=\"index, follow, max-snippet:-1, max-image-preview:large, max-video-preview:-1\" \/>\n<link rel=\"canonical\" href=\"https:\/\/3d-edu.ch\/fr\/boutique\/formlabs-fuse-sift-230v-occasion\/\" \/>\n<meta property=\"og:locale\" content=\"fr_FR\" \/>\n<meta property=\"og:type\" content=\"article\" \/>\n<meta property=\"og:title\" content=\"Formlabs Fuse Sift 230V Occasion\" \/>\n<meta property=\"og:description\" content=\"Formlabs Fuse Sift 230V Occasion Le Fuse Sift a \u00e9t\u00e9 utilis\u00e9 pendant environ 2 ans et rarement utilis\u00e9. Contenu de la livraison  1x Formlabs Fuse Sift 230V Occasion Disponible pour Fuse 1 &amp; Fuse 1+ 30W La Formlabs Fuse Sift est un syst\u00e8me de r\u00e9cup\u00e9ration de poudre s\u00fbr et efficace pour l&#039;imprimante 3D Formlabs Fuse 1 SLS. Cette station tout-en-un combine plusieurs processus de travail dans une machine autonome : du nettoyage des composants \u00e0 la r\u00e9cup\u00e9ration de la poudre, en passant par le stockage et le m\u00e9lange de la poudre SLS r\u00e9cup\u00e9r\u00e9e.\" \/>\n<meta property=\"og:url\" content=\"https:\/\/3d-edu.ch\/fr\/boutique\/formlabs-fuse-sift-230v-occasion\/\" \/>\n<meta property=\"og:site_name\" content=\"3D-EDU GmbH\" \/>\n<meta property=\"article:publisher\" content=\"https:\/\/www.facebook.com\/3d-educh-210277586064960\/\" \/>\n<meta property=\"article:modified_time\" content=\"2026-04-09T10:52:17+00:00\" \/>\n<meta property=\"og:image\" content=\"https:\/\/3d-edu.ch\/wp-content\/uploads\/2021\/06\/formlabs-fuse-sift.jpg\" \/>\n\t<meta property=\"og:image:width\" content=\"380\" \/>\n\t<meta property=\"og:image:height\" content=\"380\" \/>\n\t<meta property=\"og:image:type\" content=\"image\/jpeg\" \/>\n<meta name=\"twitter:card\" content=\"summary_large_image\" \/>\n<meta name=\"twitter:site\" content=\"@3d_edu_ch\" \/>\n<meta name=\"twitter:label1\" content=\"Prix\" \/>\n\t<meta name=\"twitter:data1\" content=\"6&#039;000.00&nbsp;&#067;&#072;&#070; hors TVA\" \/>\n\t<meta name=\"twitter:label2\" content=\"Disponibilit\u00e9\" \/>\n\t<meta name=\"twitter:data2\" content=\"En stock\" \/>\n<script type=\"application\/ld+json\" class=\"yoast-schema-graph\">{\"@context\":\"https:\\\/\\\/schema.org\",\"@graph\":[{\"@type\":\"WebPage\",\"@id\":\"https:\\\/\\\/3d-edu.ch\\\/fr\\\/boutique\\\/formlabs-fuse-sift-230v-occasion\\\/\",\"url\":\"https:\\\/\\\/3d-edu.ch\\\/fr\\\/boutique\\\/formlabs-fuse-sift-230v-occasion\\\/\",\"name\":\"Formlabs Fuse Sift 230V Occasion %%page% commander en ligne - %%nom du site\",\"isPartOf\":{\"@id\":\"https:\\\/\\\/3d-edu.ch\\\/fr\\\/#website\"},\"primaryImageOfPage\":{\"@id\":\"https:\\\/\\\/3d-edu.ch\\\/fr\\\/boutique\\\/formlabs-fuse-sift-230v-occasion\\\/#primaryimage\"},\"image\":{\"@id\":\"https:\\\/\\\/3d-edu.ch\\\/fr\\\/boutique\\\/formlabs-fuse-sift-230v-occasion\\\/#primaryimage\"},\"thumbnailUrl\":\"https:\\\/\\\/3d-edu.ch\\\/wp-content\\\/uploads\\\/2021\\\/06\\\/formlabs-fuse-sift.jpg\",\"datePublished\":\"2025-09-25T12:57:08+00:00\",\"dateModified\":\"2026-04-09T10:52:17+00:00\",\"breadcrumb\":{\"@id\":\"https:\\\/\\\/3d-edu.ch\\\/fr\\\/boutique\\\/formlabs-fuse-sift-230v-occasion\\\/#breadcrumb\"},\"inLanguage\":\"fr-FR\",\"potentialAction\":[{\"@type\":\"ReadAction\",\"target\":[\"https:\\\/\\\/3d-edu.ch\\\/fr\\\/boutique\\\/formlabs-fuse-sift-230v-occasion\\\/\"]}]},{\"@type\":\"ImageObject\",\"inLanguage\":\"fr-FR\",\"@id\":\"https:\\\/\\\/3d-edu.ch\\\/fr\\\/boutique\\\/formlabs-fuse-sift-230v-occasion\\\/#primaryimage\",\"url\":\"https:\\\/\\\/3d-edu.ch\\\/wp-content\\\/uploads\\\/2021\\\/06\\\/formlabs-fuse-sift.jpg\",\"contentUrl\":\"https:\\\/\\\/3d-edu.ch\\\/wp-content\\\/uploads\\\/2021\\\/06\\\/formlabs-fuse-sift.jpg\",\"width\":380,\"height\":380,\"caption\":\"Formlabs Fuse Sift\"},{\"@type\":\"BreadcrumbList\",\"@id\":\"https:\\\/\\\/3d-edu.ch\\\/fr\\\/boutique\\\/formlabs-fuse-sift-230v-occasion\\\/#breadcrumb\",\"itemListElement\":[{\"@type\":\"ListItem\",\"position\":1,\"name\":\"Accueil\",\"item\":\"https:\\\/\\\/3d-edu.ch\\\/fr\\\/\"},{\"@type\":\"ListItem\",\"position\":2,\"name\":\"Boutique\",\"item\":\"https:\\\/\\\/3d-edu.ch\\\/fr\\\/boutique\\\/\"},{\"@type\":\"ListItem\",\"position\":3,\"name\":\"Formlabs Fuse Sift 230V Occasion\"}]},{\"@type\":\"WebSite\",\"@id\":\"https:\\\/\\\/3d-edu.ch\\\/fr\\\/#website\",\"url\":\"https:\\\/\\\/3d-edu.ch\\\/fr\\\/\",\"name\":\"3D-EDU GmbH\",\"description\":\"Your Formlabs, UltiMaker and Raise3D Printer Support and Education Site in Switzerland. \\\/\\\/ Ihre Formlabs, UltiMaker and Raise3D Drucker Support und Bildungs Webseite der Schweiz.\",\"publisher\":{\"@id\":\"https:\\\/\\\/3d-edu.ch\\\/fr\\\/#organization\"},\"potentialAction\":[{\"@type\":\"SearchAction\",\"target\":{\"@type\":\"EntryPoint\",\"urlTemplate\":\"https:\\\/\\\/3d-edu.ch\\\/fr\\\/?s={search_term_string}\"},\"query-input\":{\"@type\":\"PropertyValueSpecification\",\"valueRequired\":true,\"valueName\":\"search_term_string\"}}],\"inLanguage\":\"fr-FR\"},{\"@type\":[\"Organization\",\"Place\",\"ElectronicsStore\"],\"@id\":\"https:\\\/\\\/3d-edu.ch\\\/fr\\\/#organization\",\"name\":\"3D-EDU GmbH\",\"url\":\"https:\\\/\\\/3d-edu.ch\\\/fr\\\/\",\"logo\":{\"@id\":\"https:\\\/\\\/3d-edu.ch\\\/fr\\\/boutique\\\/formlabs-fuse-sift-230v-occasion\\\/#local-main-organization-logo\"},\"image\":{\"@id\":\"https:\\\/\\\/3d-edu.ch\\\/fr\\\/boutique\\\/formlabs-fuse-sift-230v-occasion\\\/#local-main-organization-logo\"},\"sameAs\":[\"https:\\\/\\\/www.facebook.com\\\/3d-educh-210277586064960\\\/\",\"https:\\\/\\\/x.com\\\/3d_edu_ch\"],\"address\":{\"@id\":\"https:\\\/\\\/3d-edu.ch\\\/fr\\\/boutique\\\/formlabs-fuse-sift-230v-occasion\\\/#local-main-place-address\"},\"geo\":{\"@type\":\"GeoCoordinates\",\"latitude\":\"47.38413\",\"longitude\":\"8.49812\"},\"telephone\":[\"+41 44 492 11 22\"],\"openingHoursSpecification\":[{\"@type\":\"OpeningHoursSpecification\",\"dayOfWeek\":[\"Monday\",\"Tuesday\",\"Wednesday\",\"Thursday\",\"Friday\"],\"opens\":\"08:30\",\"closes\":\"18:00\"},{\"@type\":\"OpeningHoursSpecification\",\"dayOfWeek\":[\"Saturday\",\"Sunday\"],\"opens\":\"00:00\",\"closes\":\"00:00\"}],\"email\":\"info@3d-edu.ch\",\"faxNumber\":\"+41 44 492 11 23\",\"vatID\":\"CHE-184.499.491 MWST\",\"priceRange\":\"$$$\",\"currenciesAccepted\":\"CHF\"},{\"@type\":\"PostalAddress\",\"@id\":\"https:\\\/\\\/3d-edu.ch\\\/fr\\\/boutique\\\/formlabs-fuse-sift-230v-occasion\\\/#local-main-place-address\",\"streetAddress\":\"3D-EDU GmbH, Badenerstrasse 556\",\"addressLocality\":\"Z\u00fcrich\",\"postalCode\":\"8048\",\"addressRegion\":\"Z\u00fcrich\",\"addressCountry\":\"CH\"},{\"@type\":\"ImageObject\",\"inLanguage\":\"fr-FR\",\"@id\":\"https:\\\/\\\/3d-edu.ch\\\/fr\\\/boutique\\\/formlabs-fuse-sift-230v-occasion\\\/#local-main-organization-logo\",\"url\":\"https:\\\/\\\/3d-edu.ch\\\/wp-content\\\/uploads\\\/2018\\\/10\\\/3d-drucker-makerbot-formlabs-professionelle-3d-drucker-e1546527990490.png\",\"contentUrl\":\"https:\\\/\\\/3d-edu.ch\\\/wp-content\\\/uploads\\\/2018\\\/10\\\/3d-drucker-makerbot-formlabs-professionelle-3d-drucker-e1546527990490.png\",\"width\":275,\"height\":80,\"caption\":\"3D-EDU GmbH\"}]}<\/script>\n<meta property=\"product:brand\" content=\"Formlabs\" \/>\n<meta property=\"product:price:amount\" content=\"6000.00\" \/>\n<meta property=\"product:price:currency\" content=\"CHF\" \/>\n<meta property=\"og:availability\" content=\"instock\" \/>\n<meta property=\"product:availability\" content=\"instock\" \/>\n<meta property=\"product:retailer_item_id\" content=\"FS1-SIFT-230V-OCC\" \/>\n<meta property=\"product:condition\" content=\"new\" \/>\n<meta name=\"geo.placename\" content=\"Z\u00fcrich\" \/>\n<meta name=\"geo.position\" content=\"47.38413;8.49812\" \/>\n<meta name=\"geo.region\" content=\"Suisse\" \/>\n<!-- \/ Yoast SEO Premium plugin. -->","yoast_head_json":{"title":"Formlabs Fuse Sift 230V Occasion %%page% commander en ligne - %%nom du site","robots":{"index":"index","follow":"follow","max-snippet":"max-snippet:-1","max-image-preview":"max-image-preview:large","max-video-preview":"max-video-preview:-1"},"canonical":"https:\/\/3d-edu.ch\/fr\/boutique\/formlabs-fuse-sift-230v-occasion\/","og_locale":"fr_FR","og_type":"article","og_title":"Formlabs Fuse Sift 230V Occasion","og_description":"Formlabs Fuse Sift 230V Occasion Le Fuse Sift a \u00e9t\u00e9 utilis\u00e9 pendant environ 2 ans et rarement utilis\u00e9. Contenu de la livraison  1x Formlabs Fuse Sift 230V Occasion Disponible pour Fuse 1 &amp; Fuse 1+ 30W La Formlabs Fuse Sift est un syst\u00e8me de r\u00e9cup\u00e9ration de poudre s\u00fbr et efficace pour l'imprimante 3D Formlabs Fuse 1 SLS. Cette station tout-en-un combine plusieurs processus de travail dans une machine autonome : du nettoyage des composants \u00e0 la r\u00e9cup\u00e9ration de la poudre, en passant par le stockage et le m\u00e9lange de la poudre SLS r\u00e9cup\u00e9r\u00e9e.","og_url":"https:\/\/3d-edu.ch\/fr\/boutique\/formlabs-fuse-sift-230v-occasion\/","og_site_name":"3D-EDU GmbH","article_publisher":"https:\/\/www.facebook.com\/3d-educh-210277586064960\/","article_modified_time":"2026-04-09T10:52:17+00:00","og_image":[{"width":380,"height":380,"url":"https:\/\/3d-edu.ch\/wp-content\/uploads\/2021\/06\/formlabs-fuse-sift.jpg","type":"image\/jpeg"}],"twitter_card":"summary_large_image","twitter_site":"@3d_edu_ch","twitter_misc":{"Prix":"6'000.00&nbsp;&#67;&#72;&#70; hors TVA","Disponibilit\u00e9":"En stock"},"schema":{"@context":"https:\/\/schema.org","@graph":[{"@type":"WebPage","@id":"https:\/\/3d-edu.ch\/fr\/boutique\/formlabs-fuse-sift-230v-occasion\/","url":"https:\/\/3d-edu.ch\/fr\/boutique\/formlabs-fuse-sift-230v-occasion\/","name":"Formlabs Fuse Sift 230V Occasion %%page% commander en ligne - %%nom du site","isPartOf":{"@id":"https:\/\/3d-edu.ch\/fr\/#website"},"primaryImageOfPage":{"@id":"https:\/\/3d-edu.ch\/fr\/boutique\/formlabs-fuse-sift-230v-occasion\/#primaryimage"},"image":{"@id":"https:\/\/3d-edu.ch\/fr\/boutique\/formlabs-fuse-sift-230v-occasion\/#primaryimage"},"thumbnailUrl":"https:\/\/3d-edu.ch\/wp-content\/uploads\/2021\/06\/formlabs-fuse-sift.jpg","datePublished":"2025-09-25T12:57:08+00:00","dateModified":"2026-04-09T10:52:17+00:00","breadcrumb":{"@id":"https:\/\/3d-edu.ch\/fr\/boutique\/formlabs-fuse-sift-230v-occasion\/#breadcrumb"},"inLanguage":"fr-FR","potentialAction":[{"@type":"ReadAction","target":["https:\/\/3d-edu.ch\/fr\/boutique\/formlabs-fuse-sift-230v-occasion\/"]}]},{"@type":"ImageObject","inLanguage":"fr-FR","@id":"https:\/\/3d-edu.ch\/fr\/boutique\/formlabs-fuse-sift-230v-occasion\/#primaryimage","url":"https:\/\/3d-edu.ch\/wp-content\/uploads\/2021\/06\/formlabs-fuse-sift.jpg","contentUrl":"https:\/\/3d-edu.ch\/wp-content\/uploads\/2021\/06\/formlabs-fuse-sift.jpg","width":380,"height":380,"caption":"Formlabs Fuse Sift"},{"@type":"BreadcrumbList","@id":"https:\/\/3d-edu.ch\/fr\/boutique\/formlabs-fuse-sift-230v-occasion\/#breadcrumb","itemListElement":[{"@type":"ListItem","position":1,"name":"Accueil","item":"https:\/\/3d-edu.ch\/fr\/"},{"@type":"ListItem","position":2,"name":"Boutique","item":"https:\/\/3d-edu.ch\/fr\/boutique\/"},{"@type":"ListItem","position":3,"name":"Formlabs Fuse Sift 230V Occasion"}]},{"@type":"WebSite","@id":"https:\/\/3d-edu.ch\/fr\/#website","url":"https:\/\/3d-edu.ch\/fr\/","name":"3D-EDU GmbH","description":"Your Formlabs, UltiMaker and Raise3D Printer Support and Education Site in Switzerland. \/\/ Ihre Formlabs, UltiMaker and Raise3D Drucker Support und Bildungs Webseite der Schweiz.","publisher":{"@id":"https:\/\/3d-edu.ch\/fr\/#organization"},"potentialAction":[{"@type":"SearchAction","target":{"@type":"EntryPoint","urlTemplate":"https:\/\/3d-edu.ch\/fr\/?s={search_term_string}"},"query-input":{"@type":"PropertyValueSpecification","valueRequired":true,"valueName":"search_term_string"}}],"inLanguage":"fr-FR"},{"@type":["Organization","Place","ElectronicsStore"],"@id":"https:\/\/3d-edu.ch\/fr\/#organization","name":"3D-EDU GmbH","url":"https:\/\/3d-edu.ch\/fr\/","logo":{"@id":"https:\/\/3d-edu.ch\/fr\/boutique\/formlabs-fuse-sift-230v-occasion\/#local-main-organization-logo"},"image":{"@id":"https:\/\/3d-edu.ch\/fr\/boutique\/formlabs-fuse-sift-230v-occasion\/#local-main-organization-logo"},"sameAs":["https:\/\/www.facebook.com\/3d-educh-210277586064960\/","https:\/\/x.com\/3d_edu_ch"],"address":{"@id":"https:\/\/3d-edu.ch\/fr\/boutique\/formlabs-fuse-sift-230v-occasion\/#local-main-place-address"},"geo":{"@type":"GeoCoordinates","latitude":"47.38413","longitude":"8.49812"},"telephone":["+41 44 492 11 22"],"openingHoursSpecification":[{"@type":"OpeningHoursSpecification","dayOfWeek":["Monday","Tuesday","Wednesday","Thursday","Friday"],"opens":"08:30","closes":"18:00"},{"@type":"OpeningHoursSpecification","dayOfWeek":["Saturday","Sunday"],"opens":"00:00","closes":"00:00"}],"email":"info@3d-edu.ch","faxNumber":"+41 44 492 11 23","vatID":"CHE-184.499.491 MWST","priceRange":"$$$","currenciesAccepted":"CHF"},{"@type":"PostalAddress","@id":"https:\/\/3d-edu.ch\/fr\/boutique\/formlabs-fuse-sift-230v-occasion\/#local-main-place-address","streetAddress":"3D-EDU GmbH, Badenerstrasse 556","addressLocality":"Z\u00fcrich","postalCode":"8048","addressRegion":"Z\u00fcrich","addressCountry":"CH"},{"@type":"ImageObject","inLanguage":"fr-FR","@id":"https:\/\/3d-edu.ch\/fr\/boutique\/formlabs-fuse-sift-230v-occasion\/#local-main-organization-logo","url":"https:\/\/3d-edu.ch\/wp-content\/uploads\/2018\/10\/3d-drucker-makerbot-formlabs-professionelle-3d-drucker-e1546527990490.png","contentUrl":"https:\/\/3d-edu.ch\/wp-content\/uploads\/2018\/10\/3d-drucker-makerbot-formlabs-professionelle-3d-drucker-e1546527990490.png","width":275,"height":80,"caption":"3D-EDU GmbH"}]},"product_brand":"Formlabs","product_price_amount":"6000.00","product_price_currency":"CHF","og_availability":"instock","product_availability":"instock","product_retailer_item_id":"FS1-SIFT-230V-OCC","product_condition":"new","geo.placename":"Z\u00fcrich","geo.position":{"lat":"47.38413","long":"8.49812"},"geo.region":"Suisse"},"_links":{"self":[{"href":"https:\/\/3d-edu.ch\/fr\/wp-json\/wp\/v2\/product\/75425","targetHints":{"allow":["GET"]}}],"collection":[{"href":"https:\/\/3d-edu.ch\/fr\/wp-json\/wp\/v2\/product"}],"about":[{"href":"https:\/\/3d-edu.ch\/fr\/wp-json\/wp\/v2\/types\/product"}],"replies":[{"embeddable":true,"href":"https:\/\/3d-edu.ch\/fr\/wp-json\/wp\/v2\/comments?post=75425"}],"wp:featuredmedia":[{"embeddable":true,"href":"https:\/\/3d-edu.ch\/fr\/wp-json\/wp\/v2\/media\/64339"}],"wp:attachment":[{"href":"https:\/\/3d-edu.ch\/fr\/wp-json\/wp\/v2\/media?parent=75425"}],"wp:term":[{"taxonomy":"product_brand","embeddable":true,"href":"https:\/\/3d-edu.ch\/fr\/wp-json\/wp\/v2\/product_brand?post=75425"},{"taxonomy":"product_cat","embeddable":true,"href":"https:\/\/3d-edu.ch\/fr\/wp-json\/wp\/v2\/product_cat?post=75425"},{"taxonomy":"product_tag","embeddable":true,"href":"https:\/\/3d-edu.ch\/fr\/wp-json\/wp\/v2\/product_tag?post=75425"}],"curies":[{"name":"wp","href":"https:\/\/api.w.org\/{rel}","templated":true}]}}