{"id":75408,"date":"2025-08-27T09:04:33","date_gmt":"2025-08-27T07:04:33","guid":{"rendered":"https:\/\/3d-edu.ch\/shop\/huile-synthetique-multi-usages-synco-lube-118-29ml-pour-pro3-plus\/"},"modified":"2026-04-14T16:54:43","modified_gmt":"2026-04-14T14:54:43","slug":"huile-synthetique-multi-usages-synco-lube-118-29ml-pour-pro3-plus","status":"publish","type":"product","link":"https:\/\/3d-edu.ch\/fr\/boutique\/huile-synthetique-multi-usages-synco-lube-118-29ml-pour-pro3-plus\/","title":{"rendered":"Huile synth\u00e9tique multi-usages SYNCO LUBE\u00ae 118.29ml pour Pro3\/Plus"},"content":{"rendered":"<div class=\"Accordion_body__Bbs1D\">\n<div class=\"ProductDetailPlugin_long-desc__5cqfb\">\n<h2>Huile synth\u00e9tique multi-usages SYNCO LUBE\u00ae 118.29ml pour Pro3\/Plus<\/h2>\n<\/div>\n<\/div>\n<div class=\"Accordion_body__Bbs1D\">\n<p><strong>Contenu de la livraison<\/strong><\/p>\n<ul>\n<li>1 bouteille d&rsquo;huile synth\u00e9tique multi-usages SYNCO LUBE\u00ae 118.29ml pour Pro3\/Plus<\/li>\n<\/ul>\n<\/div>\n","protected":false},"excerpt":{"rendered":"<h2>Huile synth\u00e9tique multi-usages SYNCO LUBE\u00ae 118.29ml pour Pro3\/Plus<\/h2>\n<p>SYNCO LUBE\u00ae HUILE SYNTH\u00c9TIQUE POLYVALENTE AVEC SYNCOLON\u00ae (PTFE) (ISO150) est une huile brevet\u00e9e haute performance et polyvalente. Elle est utilis\u00e9e, entre autres, comme lubrifiant universel pour les machines et \u00e9quipements industriels. Elle offre une protection contre le frottement, l&rsquo;usure, la rouille et la corrosion. Gr\u00e2ce \u00e0 son \u00e9norme plage de temp\u00e9ratures allant de -43 \u00b0C \u00e0 232 \u00b0C, ce lubrifiant \u00e9lectriquement isolant reste stable dans des conditions extr\u00eames.   <\/p>\n<p><strong>Caract\u00e9ristiques :<\/strong><\/p>\n<ul>\n<li>Lubrifiant NLGI de classe 2,<\/li>\n<li>Protection contre le frottement, l&rsquo;usure et la corrosion,<\/li>\n<li>large plage de temp\u00e9ratures pour les conditions extr\u00eames (de -43\u00b0C \u00e0 232\u00b0C),<\/li>\n<li>polyvalent sur le m\u00e9tal, le bois, le cuir &amp; co.,<\/li>\n<li>isolant \u00e9lectrique,<\/li>\n<li>une excellente stabilit\u00e9 m\u00e9canique,<\/li>\n<li>ne s&rsquo;\u00e9vapore pas, ne forme pas de r\u00e9sidus collants, ne fond pas et ne se s\u00e9pare pas.<\/li>\n<\/ul>\n<p>Convient entre autres pour la lubrification des axes X-&amp;Y du <a href=\"https:\/\/3d-edu.ch\/fr\/boutique\/raise3d-pro-3\/\">Raise 3D Pro3<\/a> et <a href=\"https:\/\/3d-edu.ch\/shop\/raise3d-pro-3-plus\/\">Pro3 Plus.<\/a><\/p>\n","protected":false},"featured_media":73737,"comment_status":"closed","ping_status":"closed","template":"","meta":[],"product_brand":[],"product_cat":[10375,10376,10374,10372,10377],"product_tag":[7784,8148,8146,8145,8149,8119,8144],"class_list":{"0":"post-75408","1":"product","2":"type-product","3":"status-publish","4":"has-post-thumbnail","6":"product_cat-e2","7":"product_cat-e2cf","8":"product_cat-pieces-de-rechange-et-accessoires","9":"product_cat-raise3d","10":"product_cat-serie-pro-3","11":"product_tag-formlabs-fr","12":"product_tag-graisse-lubrifiante","13":"product_tag-grease","14":"product_tag-magnalube","15":"product_tag-magnalube-g","16":"product_tag-sla","17":"product_tag-sls","18":"yith_product_brand-formlabs-fr","20":"first","21":"onbackorder","22":"taxable","23":"shipping-taxable","24":"purchasable","25":"product-type-simple"},"yoast_head":"<!-- This site is optimized with the Yoast SEO Premium plugin v27.5 (Yoast SEO v27.5) - https:\/\/yoast.com\/product\/yoast-seo-premium-wordpress\/ -->\n<title>Huile synth\u00e9tique multi-usages SYNCO LUBE\u00ae 118.29ml pour Pro3\/Plus - 3D-EDU GmbH<\/title>\n<meta name=\"description\" content=\"SYNCO LUBE\u00ae est une huile synth\u00e9tique brevet\u00e9e \u00e0 hautes performances et \u00e0 usages multiples.\" \/>\n<meta name=\"robots\" content=\"index, follow, max-snippet:-1, max-image-preview:large, max-video-preview:-1\" \/>\n<link rel=\"canonical\" href=\"https:\/\/3d-edu.ch\/fr\/boutique\/huile-synthetique-multi-usages-synco-lube-118-29ml-pour-pro3-plus\/\" \/>\n<meta property=\"og:locale\" content=\"fr_FR\" \/>\n<meta property=\"og:type\" content=\"article\" \/>\n<meta property=\"og:title\" content=\"Huile synth\u00e9tique multi-usages SYNCO LUBE\u00ae 118.29ml pour Pro3\/Plus\" \/>\n<meta property=\"og:description\" content=\"SYNCO LUBE\u00ae est une huile synth\u00e9tique brevet\u00e9e \u00e0 hautes performances et \u00e0 usages multiples.\" \/>\n<meta property=\"og:url\" content=\"https:\/\/3d-edu.ch\/fr\/boutique\/huile-synthetique-multi-usages-synco-lube-118-29ml-pour-pro3-plus\/\" \/>\n<meta property=\"og:site_name\" content=\"3D-EDU GmbH\" \/>\n<meta property=\"article:publisher\" content=\"https:\/\/www.facebook.com\/3d-educh-210277586064960\/\" \/>\n<meta property=\"article:modified_time\" content=\"2026-04-14T14:54:43+00:00\" \/>\n<meta name=\"twitter:card\" content=\"summary_large_image\" \/>\n<meta name=\"twitter:site\" content=\"@3d_edu_ch\" \/>\n<meta name=\"twitter:label1\" content=\"Prix\" \/>\n\t<meta name=\"twitter:data1\" content=\"15.53&nbsp;&#067;&#072;&#070; hors TVA\" \/>\n\t<meta name=\"twitter:label2\" content=\"Disponibilit\u00e9\" \/>\n\t<meta name=\"twitter:data2\" content=\"En r\u00e9assort\" \/>\n<script type=\"application\/ld+json\" class=\"yoast-schema-graph\">{\"@context\":\"https:\\\/\\\/schema.org\",\"@graph\":[{\"@type\":\"WebPage\",\"@id\":\"https:\\\/\\\/3d-edu.ch\\\/fr\\\/boutique\\\/huile-synthetique-multi-usages-synco-lube-118-29ml-pour-pro3-plus\\\/\",\"url\":\"https:\\\/\\\/3d-edu.ch\\\/fr\\\/boutique\\\/huile-synthetique-multi-usages-synco-lube-118-29ml-pour-pro3-plus\\\/\",\"name\":\"Huile synth\u00e9tique multi-usages SYNCO LUBE\u00ae 118.29ml pour Pro3\\\/Plus - 3D-EDU GmbH\",\"isPartOf\":{\"@id\":\"https:\\\/\\\/3d-edu.ch\\\/fr\\\/#website\"},\"primaryImageOfPage\":{\"@id\":\"https:\\\/\\\/3d-edu.ch\\\/fr\\\/boutique\\\/huile-synthetique-multi-usages-synco-lube-118-29ml-pour-pro3-plus\\\/#primaryimage\"},\"image\":{\"@id\":\"https:\\\/\\\/3d-edu.ch\\\/fr\\\/boutique\\\/huile-synthetique-multi-usages-synco-lube-118-29ml-pour-pro3-plus\\\/#primaryimage\"},\"thumbnailUrl\":\"https:\\\/\\\/3d-edu.ch\\\/wp-content\\\/uploads\\\/2025\\\/08\\\/synco-lube-multi-purpose-synthetic-oil.avif\",\"datePublished\":\"2025-08-27T07:04:33+00:00\",\"dateModified\":\"2026-04-14T14:54:43+00:00\",\"description\":\"SYNCO LUBE\u00ae est une huile synth\u00e9tique brevet\u00e9e \u00e0 hautes performances et \u00e0 usages multiples.\",\"breadcrumb\":{\"@id\":\"https:\\\/\\\/3d-edu.ch\\\/fr\\\/boutique\\\/huile-synthetique-multi-usages-synco-lube-118-29ml-pour-pro3-plus\\\/#breadcrumb\"},\"inLanguage\":\"fr-FR\",\"potentialAction\":[{\"@type\":\"ReadAction\",\"target\":[\"https:\\\/\\\/3d-edu.ch\\\/fr\\\/boutique\\\/huile-synthetique-multi-usages-synco-lube-118-29ml-pour-pro3-plus\\\/\"]}]},{\"@type\":\"ImageObject\",\"inLanguage\":\"fr-FR\",\"@id\":\"https:\\\/\\\/3d-edu.ch\\\/fr\\\/boutique\\\/huile-synthetique-multi-usages-synco-lube-118-29ml-pour-pro3-plus\\\/#primaryimage\",\"url\":\"https:\\\/\\\/3d-edu.ch\\\/wp-content\\\/uploads\\\/2025\\\/08\\\/synco-lube-multi-purpose-synthetic-oil.avif\",\"contentUrl\":\"https:\\\/\\\/3d-edu.ch\\\/wp-content\\\/uploads\\\/2025\\\/08\\\/synco-lube-multi-purpose-synthetic-oil.avif\",\"width\":512,\"height\":512,\"caption\":\"Huile polyvalente Synco Lube\"},{\"@type\":\"BreadcrumbList\",\"@id\":\"https:\\\/\\\/3d-edu.ch\\\/fr\\\/boutique\\\/huile-synthetique-multi-usages-synco-lube-118-29ml-pour-pro3-plus\\\/#breadcrumb\",\"itemListElement\":[{\"@type\":\"ListItem\",\"position\":1,\"name\":\"Accueil\",\"item\":\"https:\\\/\\\/3d-edu.ch\\\/fr\\\/\"},{\"@type\":\"ListItem\",\"position\":2,\"name\":\"Boutique\",\"item\":\"https:\\\/\\\/3d-edu.ch\\\/fr\\\/boutique\\\/\"},{\"@type\":\"ListItem\",\"position\":3,\"name\":\"Huile synth\u00e9tique multi-usages SYNCO LUBE\u00ae 118.29ml pour Pro3\\\/Plus\"}]},{\"@type\":\"WebSite\",\"@id\":\"https:\\\/\\\/3d-edu.ch\\\/fr\\\/#website\",\"url\":\"https:\\\/\\\/3d-edu.ch\\\/fr\\\/\",\"name\":\"3D-EDU GmbH\",\"description\":\"Your Formlabs, UltiMaker and Raise3D Printer Support and Education Site in Switzerland. \\\/\\\/ Ihre Formlabs, UltiMaker and Raise3D Drucker Support und Bildungs Webseite der Schweiz.\",\"publisher\":{\"@id\":\"https:\\\/\\\/3d-edu.ch\\\/fr\\\/#organization\"},\"potentialAction\":[{\"@type\":\"SearchAction\",\"target\":{\"@type\":\"EntryPoint\",\"urlTemplate\":\"https:\\\/\\\/3d-edu.ch\\\/fr\\\/?s={search_term_string}\"},\"query-input\":{\"@type\":\"PropertyValueSpecification\",\"valueRequired\":true,\"valueName\":\"search_term_string\"}}],\"inLanguage\":\"fr-FR\"},{\"@type\":[\"Organization\",\"Place\",\"ElectronicsStore\"],\"@id\":\"https:\\\/\\\/3d-edu.ch\\\/fr\\\/#organization\",\"name\":\"3D-EDU GmbH\",\"url\":\"https:\\\/\\\/3d-edu.ch\\\/fr\\\/\",\"logo\":{\"@id\":\"https:\\\/\\\/3d-edu.ch\\\/fr\\\/boutique\\\/huile-synthetique-multi-usages-synco-lube-118-29ml-pour-pro3-plus\\\/#local-main-organization-logo\"},\"image\":{\"@id\":\"https:\\\/\\\/3d-edu.ch\\\/fr\\\/boutique\\\/huile-synthetique-multi-usages-synco-lube-118-29ml-pour-pro3-plus\\\/#local-main-organization-logo\"},\"sameAs\":[\"https:\\\/\\\/www.facebook.com\\\/3d-educh-210277586064960\\\/\",\"https:\\\/\\\/x.com\\\/3d_edu_ch\"],\"address\":{\"@id\":\"https:\\\/\\\/3d-edu.ch\\\/fr\\\/boutique\\\/huile-synthetique-multi-usages-synco-lube-118-29ml-pour-pro3-plus\\\/#local-main-place-address\"},\"geo\":{\"@type\":\"GeoCoordinates\",\"latitude\":\"47.38413\",\"longitude\":\"8.49812\"},\"telephone\":[\"+41 44 492 11 22\"],\"openingHoursSpecification\":[{\"@type\":\"OpeningHoursSpecification\",\"dayOfWeek\":[\"Monday\",\"Tuesday\",\"Wednesday\",\"Thursday\",\"Friday\"],\"opens\":\"08:30\",\"closes\":\"18:00\"},{\"@type\":\"OpeningHoursSpecification\",\"dayOfWeek\":[\"Saturday\",\"Sunday\"],\"opens\":\"00:00\",\"closes\":\"00:00\"}],\"email\":\"info@3d-edu.ch\",\"faxNumber\":\"+41 44 492 11 23\",\"vatID\":\"CHE-184.499.491 MWST\",\"priceRange\":\"$$$\",\"currenciesAccepted\":\"CHF\"},{\"@type\":\"PostalAddress\",\"@id\":\"https:\\\/\\\/3d-edu.ch\\\/fr\\\/boutique\\\/huile-synthetique-multi-usages-synco-lube-118-29ml-pour-pro3-plus\\\/#local-main-place-address\",\"streetAddress\":\"3D-EDU GmbH, Badenerstrasse 556\",\"addressLocality\":\"Z\u00fcrich\",\"postalCode\":\"8048\",\"addressRegion\":\"Z\u00fcrich\",\"addressCountry\":\"CH\"},{\"@type\":\"ImageObject\",\"inLanguage\":\"fr-FR\",\"@id\":\"https:\\\/\\\/3d-edu.ch\\\/fr\\\/boutique\\\/huile-synthetique-multi-usages-synco-lube-118-29ml-pour-pro3-plus\\\/#local-main-organization-logo\",\"url\":\"https:\\\/\\\/3d-edu.ch\\\/wp-content\\\/uploads\\\/2018\\\/10\\\/3d-drucker-makerbot-formlabs-professionelle-3d-drucker-e1546527990490.png\",\"contentUrl\":\"https:\\\/\\\/3d-edu.ch\\\/wp-content\\\/uploads\\\/2018\\\/10\\\/3d-drucker-makerbot-formlabs-professionelle-3d-drucker-e1546527990490.png\",\"width\":275,\"height\":80,\"caption\":\"3D-EDU GmbH\"}]}<\/script>\n<meta property=\"product:brand\" content=\"E2\" \/>\n<meta property=\"product:price:amount\" content=\"15.53\" \/>\n<meta property=\"product:price:currency\" content=\"CHF\" \/>\n<meta property=\"og:availability\" content=\"backorder\" \/>\n<meta property=\"product:availability\" content=\"available for order\" \/>\n<meta property=\"product:retailer_item_id\" content=\"3DP-3943\" \/>\n<meta property=\"product:condition\" content=\"new\" \/>\n<meta name=\"geo.placename\" content=\"Z\u00fcrich\" \/>\n<meta name=\"geo.position\" content=\"47.38413;8.49812\" \/>\n<meta name=\"geo.region\" content=\"Suisse\" \/>\n<!-- \/ Yoast SEO Premium plugin. -->","yoast_head_json":{"title":"Huile synth\u00e9tique multi-usages SYNCO LUBE\u00ae 118.29ml pour Pro3\/Plus - 3D-EDU GmbH","description":"SYNCO LUBE\u00ae est une huile synth\u00e9tique brevet\u00e9e \u00e0 hautes performances et \u00e0 usages multiples.","robots":{"index":"index","follow":"follow","max-snippet":"max-snippet:-1","max-image-preview":"max-image-preview:large","max-video-preview":"max-video-preview:-1"},"canonical":"https:\/\/3d-edu.ch\/fr\/boutique\/huile-synthetique-multi-usages-synco-lube-118-29ml-pour-pro3-plus\/","og_locale":"fr_FR","og_type":"article","og_title":"Huile synth\u00e9tique multi-usages SYNCO LUBE\u00ae 118.29ml pour Pro3\/Plus","og_description":"SYNCO LUBE\u00ae est une huile synth\u00e9tique brevet\u00e9e \u00e0 hautes performances et \u00e0 usages multiples.","og_url":"https:\/\/3d-edu.ch\/fr\/boutique\/huile-synthetique-multi-usages-synco-lube-118-29ml-pour-pro3-plus\/","og_site_name":"3D-EDU GmbH","article_publisher":"https:\/\/www.facebook.com\/3d-educh-210277586064960\/","article_modified_time":"2026-04-14T14:54:43+00:00","twitter_card":"summary_large_image","twitter_site":"@3d_edu_ch","twitter_misc":{"Prix":"15.53&nbsp;&#67;&#72;&#70; hors TVA","Disponibilit\u00e9":"En r\u00e9assort"},"schema":{"@context":"https:\/\/schema.org","@graph":[{"@type":"WebPage","@id":"https:\/\/3d-edu.ch\/fr\/boutique\/huile-synthetique-multi-usages-synco-lube-118-29ml-pour-pro3-plus\/","url":"https:\/\/3d-edu.ch\/fr\/boutique\/huile-synthetique-multi-usages-synco-lube-118-29ml-pour-pro3-plus\/","name":"Huile synth\u00e9tique multi-usages SYNCO LUBE\u00ae 118.29ml pour Pro3\/Plus - 3D-EDU GmbH","isPartOf":{"@id":"https:\/\/3d-edu.ch\/fr\/#website"},"primaryImageOfPage":{"@id":"https:\/\/3d-edu.ch\/fr\/boutique\/huile-synthetique-multi-usages-synco-lube-118-29ml-pour-pro3-plus\/#primaryimage"},"image":{"@id":"https:\/\/3d-edu.ch\/fr\/boutique\/huile-synthetique-multi-usages-synco-lube-118-29ml-pour-pro3-plus\/#primaryimage"},"thumbnailUrl":"https:\/\/3d-edu.ch\/wp-content\/uploads\/2025\/08\/synco-lube-multi-purpose-synthetic-oil.avif","datePublished":"2025-08-27T07:04:33+00:00","dateModified":"2026-04-14T14:54:43+00:00","description":"SYNCO LUBE\u00ae est une huile synth\u00e9tique brevet\u00e9e \u00e0 hautes performances et \u00e0 usages multiples.","breadcrumb":{"@id":"https:\/\/3d-edu.ch\/fr\/boutique\/huile-synthetique-multi-usages-synco-lube-118-29ml-pour-pro3-plus\/#breadcrumb"},"inLanguage":"fr-FR","potentialAction":[{"@type":"ReadAction","target":["https:\/\/3d-edu.ch\/fr\/boutique\/huile-synthetique-multi-usages-synco-lube-118-29ml-pour-pro3-plus\/"]}]},{"@type":"ImageObject","inLanguage":"fr-FR","@id":"https:\/\/3d-edu.ch\/fr\/boutique\/huile-synthetique-multi-usages-synco-lube-118-29ml-pour-pro3-plus\/#primaryimage","url":"https:\/\/3d-edu.ch\/wp-content\/uploads\/2025\/08\/synco-lube-multi-purpose-synthetic-oil.avif","contentUrl":"https:\/\/3d-edu.ch\/wp-content\/uploads\/2025\/08\/synco-lube-multi-purpose-synthetic-oil.avif","width":512,"height":512,"caption":"Huile polyvalente Synco Lube"},{"@type":"BreadcrumbList","@id":"https:\/\/3d-edu.ch\/fr\/boutique\/huile-synthetique-multi-usages-synco-lube-118-29ml-pour-pro3-plus\/#breadcrumb","itemListElement":[{"@type":"ListItem","position":1,"name":"Accueil","item":"https:\/\/3d-edu.ch\/fr\/"},{"@type":"ListItem","position":2,"name":"Boutique","item":"https:\/\/3d-edu.ch\/fr\/boutique\/"},{"@type":"ListItem","position":3,"name":"Huile synth\u00e9tique multi-usages SYNCO LUBE\u00ae 118.29ml pour Pro3\/Plus"}]},{"@type":"WebSite","@id":"https:\/\/3d-edu.ch\/fr\/#website","url":"https:\/\/3d-edu.ch\/fr\/","name":"3D-EDU GmbH","description":"Your Formlabs, UltiMaker and Raise3D Printer Support and Education Site in Switzerland. \/\/ Ihre Formlabs, UltiMaker and Raise3D Drucker Support und Bildungs Webseite der Schweiz.","publisher":{"@id":"https:\/\/3d-edu.ch\/fr\/#organization"},"potentialAction":[{"@type":"SearchAction","target":{"@type":"EntryPoint","urlTemplate":"https:\/\/3d-edu.ch\/fr\/?s={search_term_string}"},"query-input":{"@type":"PropertyValueSpecification","valueRequired":true,"valueName":"search_term_string"}}],"inLanguage":"fr-FR"},{"@type":["Organization","Place","ElectronicsStore"],"@id":"https:\/\/3d-edu.ch\/fr\/#organization","name":"3D-EDU GmbH","url":"https:\/\/3d-edu.ch\/fr\/","logo":{"@id":"https:\/\/3d-edu.ch\/fr\/boutique\/huile-synthetique-multi-usages-synco-lube-118-29ml-pour-pro3-plus\/#local-main-organization-logo"},"image":{"@id":"https:\/\/3d-edu.ch\/fr\/boutique\/huile-synthetique-multi-usages-synco-lube-118-29ml-pour-pro3-plus\/#local-main-organization-logo"},"sameAs":["https:\/\/www.facebook.com\/3d-educh-210277586064960\/","https:\/\/x.com\/3d_edu_ch"],"address":{"@id":"https:\/\/3d-edu.ch\/fr\/boutique\/huile-synthetique-multi-usages-synco-lube-118-29ml-pour-pro3-plus\/#local-main-place-address"},"geo":{"@type":"GeoCoordinates","latitude":"47.38413","longitude":"8.49812"},"telephone":["+41 44 492 11 22"],"openingHoursSpecification":[{"@type":"OpeningHoursSpecification","dayOfWeek":["Monday","Tuesday","Wednesday","Thursday","Friday"],"opens":"08:30","closes":"18:00"},{"@type":"OpeningHoursSpecification","dayOfWeek":["Saturday","Sunday"],"opens":"00:00","closes":"00:00"}],"email":"info@3d-edu.ch","faxNumber":"+41 44 492 11 23","vatID":"CHE-184.499.491 MWST","priceRange":"$$$","currenciesAccepted":"CHF"},{"@type":"PostalAddress","@id":"https:\/\/3d-edu.ch\/fr\/boutique\/huile-synthetique-multi-usages-synco-lube-118-29ml-pour-pro3-plus\/#local-main-place-address","streetAddress":"3D-EDU GmbH, Badenerstrasse 556","addressLocality":"Z\u00fcrich","postalCode":"8048","addressRegion":"Z\u00fcrich","addressCountry":"CH"},{"@type":"ImageObject","inLanguage":"fr-FR","@id":"https:\/\/3d-edu.ch\/fr\/boutique\/huile-synthetique-multi-usages-synco-lube-118-29ml-pour-pro3-plus\/#local-main-organization-logo","url":"https:\/\/3d-edu.ch\/wp-content\/uploads\/2018\/10\/3d-drucker-makerbot-formlabs-professionelle-3d-drucker-e1546527990490.png","contentUrl":"https:\/\/3d-edu.ch\/wp-content\/uploads\/2018\/10\/3d-drucker-makerbot-formlabs-professionelle-3d-drucker-e1546527990490.png","width":275,"height":80,"caption":"3D-EDU GmbH"}]},"product_brand":"E2","product_price_amount":"15.53","product_price_currency":"CHF","og_availability":"backorder","product_availability":"available for order","product_retailer_item_id":"3DP-3943","product_condition":"new","geo.placename":"Z\u00fcrich","geo.position":{"lat":"47.38413","long":"8.49812"},"geo.region":"Suisse"},"_links":{"self":[{"href":"https:\/\/3d-edu.ch\/fr\/wp-json\/wp\/v2\/product\/75408","targetHints":{"allow":["GET"]}}],"collection":[{"href":"https:\/\/3d-edu.ch\/fr\/wp-json\/wp\/v2\/product"}],"about":[{"href":"https:\/\/3d-edu.ch\/fr\/wp-json\/wp\/v2\/types\/product"}],"replies":[{"embeddable":true,"href":"https:\/\/3d-edu.ch\/fr\/wp-json\/wp\/v2\/comments?post=75408"}],"wp:featuredmedia":[{"embeddable":true,"href":"https:\/\/3d-edu.ch\/fr\/wp-json\/wp\/v2\/media\/73737"}],"wp:attachment":[{"href":"https:\/\/3d-edu.ch\/fr\/wp-json\/wp\/v2\/media?parent=75408"}],"wp:term":[{"taxonomy":"product_brand","embeddable":true,"href":"https:\/\/3d-edu.ch\/fr\/wp-json\/wp\/v2\/product_brand?post=75408"},{"taxonomy":"product_cat","embeddable":true,"href":"https:\/\/3d-edu.ch\/fr\/wp-json\/wp\/v2\/product_cat?post=75408"},{"taxonomy":"product_tag","embeddable":true,"href":"https:\/\/3d-edu.ch\/fr\/wp-json\/wp\/v2\/product_tag?post=75408"}],"curies":[{"name":"wp","href":"https:\/\/api.w.org\/{rel}","templated":true}]}}