{"id":75383,"date":"2025-07-16T17:03:45","date_gmt":"2025-07-16T15:03:45","guid":{"rendered":"https:\/\/3d-edu.ch\/shop\/plaque-dimpression-raise3d-pro3-flex-pei\/"},"modified":"2026-04-20T13:45:58","modified_gmt":"2026-04-20T11:45:58","slug":"plaque-dimpression-raise3d-pro3-flex-pei","status":"publish","type":"product","link":"https:\/\/3d-edu.ch\/fr\/boutique\/plaque-dimpression-raise3d-pro3-flex-pei\/","title":{"rendered":"Plaque d&rsquo;impression RAISE3D Pro3 Flex PEI"},"content":{"rendered":"<h2>Plaque d&rsquo;impression RAISE3D Pro3 Flex PEI<\/h2>\n<h3>Inclus dans la livraison<\/h3>\n<ul>\n<li>1 plaque d&rsquo;impression RAISE3D Pro3 Flex PEI<\/li>\n<\/ul>\n<p><strong>Compatibilit\u00e9<\/strong><\/p>\n<p>La surface d&rsquo;impression Raise3D Flexible Plate &amp; Builtak est compatible avec la <a href=\"https:\/\/3d-edu.ch\/fr\/raise3d\/imprimante-3d-raise3d\/serie-pro3\/\">s\u00e9rie Pro3<\/a> et <a href=\"https:\/\/3d-edu.ch\/fr\/serie-raise3d-hs\/\">la s\u00e9rie Pro3 HS.<\/a><\/p>\n","protected":false},"excerpt":{"rendered":"<h2><strong>Plaque d&rsquo;impression RAISE3D Pro3 Flex PEI<\/strong><\/h2>\n<p>La plaque d&rsquo;impression PEI est constitu\u00e9e d&rsquo;une t\u00f4le d&rsquo;acier \u00e0 ressort tr\u00e8s r\u00e9sistante avec un rev\u00eatement PEI sur les deux faces, qui se caract\u00e9rise par une r\u00e9sistance aux temp\u00e9ratures \u00e9lev\u00e9es, une excellente r\u00e9sistance \u00e0 la flamme, une grande solidit\u00e9 et une grande rigidit\u00e9.<\/p>\n","protected":false},"featured_media":73519,"comment_status":"closed","ping_status":"closed","template":"","meta":[],"product_brand":[],"product_cat":[7908,8079,7909],"product_tag":[8090,8093,7789,8089,8081,8087,8084,8080,8082],"class_list":{"0":"post-75383","1":"product","2":"type-product","3":"status-publish","4":"has-post-thumbnail","6":"product_cat-pieces-de-rechange-accessoires-fr","7":"product_cat-raise3d","8":"product_cat-serie-pro-3-fr","9":"product_tag-3-01-1-024-108a01","10":"product_tag-8093","11":"product_tag-flex-fr","12":"product_tag-pei","13":"product_tag-plaque-flexible","14":"product_tag-pro3","15":"product_tag-pro3-hs","16":"product_tag-raise3d","17":"product_tag-surface-dimpression-buildtak","18":"yith_product_brand-raise3d","20":"first","21":"instock","22":"taxable","23":"shipping-taxable","24":"purchasable","25":"product-type-simple"},"yoast_head":"<!-- This site is optimized with the Yoast SEO Premium plugin v27.4 (Yoast SEO v27.4) - https:\/\/yoast.com\/product\/yoast-seo-premium-wordpress\/ -->\n<title>Plaque d&#039;impression RAISE3D Pro3 Flex PEI %%page% commander en ligne - %%nom du site<\/title>\n<meta name=\"description\" content=\"La plaque d&#039;impression PEI est constitu\u00e9e d&#039;une t\u00f4le d&#039;acier \u00e0 ressort tr\u00e8s r\u00e9sistante avec un rev\u00eatement PEI sur les deux faces, qui se caract\u00e9rise par une r\u00e9sistance aux temp\u00e9ratures \u00e9lev\u00e9es, une excellente r\u00e9sistance \u00e0 la flamme, une grande solidit\u00e9 et une grande rigidit\u00e9.\" \/>\n<meta name=\"robots\" content=\"index, follow, max-snippet:-1, max-image-preview:large, max-video-preview:-1\" \/>\n<link rel=\"canonical\" href=\"https:\/\/3d-edu.ch\/fr\/boutique\/plaque-dimpression-raise3d-pro3-flex-pei\/\" \/>\n<meta property=\"og:locale\" content=\"fr_FR\" \/>\n<meta property=\"og:type\" content=\"article\" \/>\n<meta property=\"og:title\" content=\"Plaque d&#039;impression RAISE3D Pro3 Flex PEI\" \/>\n<meta property=\"og:description\" content=\"La plaque d&#039;impression PEI est constitu\u00e9e d&#039;une t\u00f4le d&#039;acier \u00e0 ressort tr\u00e8s r\u00e9sistante avec un rev\u00eatement PEI sur les deux faces, qui se caract\u00e9rise par une r\u00e9sistance aux temp\u00e9ratures \u00e9lev\u00e9es, une excellente r\u00e9sistance \u00e0 la flamme, une grande solidit\u00e9 et une grande rigidit\u00e9.\" \/>\n<meta property=\"og:url\" content=\"https:\/\/3d-edu.ch\/fr\/boutique\/plaque-dimpression-raise3d-pro3-flex-pei\/\" \/>\n<meta property=\"og:site_name\" content=\"3D-EDU GmbH\" \/>\n<meta property=\"article:publisher\" content=\"https:\/\/www.facebook.com\/3d-educh-210277586064960\/\" \/>\n<meta property=\"article:modified_time\" content=\"2026-04-20T11:45:58+00:00\" \/>\n<meta property=\"og:image\" content=\"https:\/\/3d-edu.ch\/wp-content\/uploads\/2025\/07\/raise3d-pei-flex-build-plate.jpg\" \/>\n\t<meta property=\"og:image:width\" content=\"380\" \/>\n\t<meta property=\"og:image:height\" content=\"380\" \/>\n\t<meta property=\"og:image:type\" content=\"image\/jpeg\" \/>\n<meta name=\"twitter:card\" content=\"summary_large_image\" \/>\n<meta name=\"twitter:site\" content=\"@3d_edu_ch\" \/>\n<meta name=\"twitter:label1\" content=\"Prix\" \/>\n\t<meta name=\"twitter:data1\" content=\"43.65&nbsp;&#067;&#072;&#070; hors TVA\" \/>\n\t<meta name=\"twitter:label2\" content=\"Disponibilit\u00e9\" \/>\n\t<meta name=\"twitter:data2\" content=\"En stock\" \/>\n<script type=\"application\/ld+json\" class=\"yoast-schema-graph\">{\"@context\":\"https:\\\/\\\/schema.org\",\"@graph\":[{\"@type\":\"WebPage\",\"@id\":\"https:\\\/\\\/3d-edu.ch\\\/fr\\\/boutique\\\/plaque-dimpression-raise3d-pro3-flex-pei\\\/\",\"url\":\"https:\\\/\\\/3d-edu.ch\\\/fr\\\/boutique\\\/plaque-dimpression-raise3d-pro3-flex-pei\\\/\",\"name\":\"Plaque d'impression RAISE3D Pro3 Flex PEI %%page% commander en ligne - %%nom du site\",\"isPartOf\":{\"@id\":\"https:\\\/\\\/3d-edu.ch\\\/fr\\\/#website\"},\"primaryImageOfPage\":{\"@id\":\"https:\\\/\\\/3d-edu.ch\\\/fr\\\/boutique\\\/plaque-dimpression-raise3d-pro3-flex-pei\\\/#primaryimage\"},\"image\":{\"@id\":\"https:\\\/\\\/3d-edu.ch\\\/fr\\\/boutique\\\/plaque-dimpression-raise3d-pro3-flex-pei\\\/#primaryimage\"},\"thumbnailUrl\":\"https:\\\/\\\/3d-edu.ch\\\/wp-content\\\/uploads\\\/2025\\\/07\\\/raise3d-pei-flex-build-plate.jpg\",\"datePublished\":\"2025-07-16T15:03:45+00:00\",\"dateModified\":\"2026-04-20T11:45:58+00:00\",\"description\":\"La plaque d'impression PEI est constitu\u00e9e d'une t\u00f4le d'acier \u00e0 ressort tr\u00e8s r\u00e9sistante avec un rev\u00eatement PEI sur les deux faces, qui se caract\u00e9rise par une r\u00e9sistance aux temp\u00e9ratures \u00e9lev\u00e9es, une excellente r\u00e9sistance \u00e0 la flamme, une grande solidit\u00e9 et une grande rigidit\u00e9.\",\"breadcrumb\":{\"@id\":\"https:\\\/\\\/3d-edu.ch\\\/fr\\\/boutique\\\/plaque-dimpression-raise3d-pro3-flex-pei\\\/#breadcrumb\"},\"inLanguage\":\"fr-FR\",\"potentialAction\":[{\"@type\":\"ReadAction\",\"target\":[\"https:\\\/\\\/3d-edu.ch\\\/fr\\\/boutique\\\/plaque-dimpression-raise3d-pro3-flex-pei\\\/\"]}]},{\"@type\":\"ImageObject\",\"inLanguage\":\"fr-FR\",\"@id\":\"https:\\\/\\\/3d-edu.ch\\\/fr\\\/boutique\\\/plaque-dimpression-raise3d-pro3-flex-pei\\\/#primaryimage\",\"url\":\"https:\\\/\\\/3d-edu.ch\\\/wp-content\\\/uploads\\\/2025\\\/07\\\/raise3d-pei-flex-build-plate.jpg\",\"contentUrl\":\"https:\\\/\\\/3d-edu.ch\\\/wp-content\\\/uploads\\\/2025\\\/07\\\/raise3d-pei-flex-build-plate.jpg\",\"width\":380,\"height\":380},{\"@type\":\"BreadcrumbList\",\"@id\":\"https:\\\/\\\/3d-edu.ch\\\/fr\\\/boutique\\\/plaque-dimpression-raise3d-pro3-flex-pei\\\/#breadcrumb\",\"itemListElement\":[{\"@type\":\"ListItem\",\"position\":1,\"name\":\"Accueil\",\"item\":\"https:\\\/\\\/3d-edu.ch\\\/fr\\\/\"},{\"@type\":\"ListItem\",\"position\":2,\"name\":\"Boutique\",\"item\":\"https:\\\/\\\/3d-edu.ch\\\/fr\\\/boutique\\\/\"},{\"@type\":\"ListItem\",\"position\":3,\"name\":\"Plaque d&rsquo;impression RAISE3D Pro3 Flex PEI\"}]},{\"@type\":\"WebSite\",\"@id\":\"https:\\\/\\\/3d-edu.ch\\\/fr\\\/#website\",\"url\":\"https:\\\/\\\/3d-edu.ch\\\/fr\\\/\",\"name\":\"3D-EDU GmbH\",\"description\":\"Your Formlabs, UltiMaker and Raise3D Printer Support and Education Site in Switzerland. \\\/\\\/ Ihre Formlabs, UltiMaker and Raise3D Drucker Support und Bildungs Webseite der Schweiz.\",\"publisher\":{\"@id\":\"https:\\\/\\\/3d-edu.ch\\\/fr\\\/#organization\"},\"potentialAction\":[{\"@type\":\"SearchAction\",\"target\":{\"@type\":\"EntryPoint\",\"urlTemplate\":\"https:\\\/\\\/3d-edu.ch\\\/fr\\\/?s={search_term_string}\"},\"query-input\":{\"@type\":\"PropertyValueSpecification\",\"valueRequired\":true,\"valueName\":\"search_term_string\"}}],\"inLanguage\":\"fr-FR\"},{\"@type\":[\"Organization\",\"Place\",\"ElectronicsStore\"],\"@id\":\"https:\\\/\\\/3d-edu.ch\\\/fr\\\/#organization\",\"name\":\"3D-EDU GmbH\",\"url\":\"https:\\\/\\\/3d-edu.ch\\\/fr\\\/\",\"logo\":{\"@id\":\"https:\\\/\\\/3d-edu.ch\\\/fr\\\/boutique\\\/plaque-dimpression-raise3d-pro3-flex-pei\\\/#local-main-organization-logo\"},\"image\":{\"@id\":\"https:\\\/\\\/3d-edu.ch\\\/fr\\\/boutique\\\/plaque-dimpression-raise3d-pro3-flex-pei\\\/#local-main-organization-logo\"},\"sameAs\":[\"https:\\\/\\\/www.facebook.com\\\/3d-educh-210277586064960\\\/\",\"https:\\\/\\\/x.com\\\/3d_edu_ch\"],\"address\":{\"@id\":\"https:\\\/\\\/3d-edu.ch\\\/fr\\\/boutique\\\/plaque-dimpression-raise3d-pro3-flex-pei\\\/#local-main-place-address\"},\"geo\":{\"@type\":\"GeoCoordinates\",\"latitude\":\"47.38413\",\"longitude\":\"8.49812\"},\"telephone\":[\"+41 44 492 11 22\"],\"openingHoursSpecification\":[{\"@type\":\"OpeningHoursSpecification\",\"dayOfWeek\":[\"Monday\",\"Tuesday\",\"Wednesday\",\"Thursday\",\"Friday\"],\"opens\":\"08:30\",\"closes\":\"18:00\"},{\"@type\":\"OpeningHoursSpecification\",\"dayOfWeek\":[\"Saturday\",\"Sunday\"],\"opens\":\"00:00\",\"closes\":\"00:00\"}],\"email\":\"info@3d-edu.ch\",\"faxNumber\":\"+41 44 492 11 23\",\"vatID\":\"CHE-184.499.491 MWST\",\"priceRange\":\"$$$\",\"currenciesAccepted\":\"CHF\"},{\"@type\":\"PostalAddress\",\"@id\":\"https:\\\/\\\/3d-edu.ch\\\/fr\\\/boutique\\\/plaque-dimpression-raise3d-pro3-flex-pei\\\/#local-main-place-address\",\"streetAddress\":\"3D-EDU GmbH, Badenerstrasse 556\",\"addressLocality\":\"Z\u00fcrich\",\"postalCode\":\"8048\",\"addressRegion\":\"Z\u00fcrich\",\"addressCountry\":\"CH\"},{\"@type\":\"ImageObject\",\"inLanguage\":\"fr-FR\",\"@id\":\"https:\\\/\\\/3d-edu.ch\\\/fr\\\/boutique\\\/plaque-dimpression-raise3d-pro3-flex-pei\\\/#local-main-organization-logo\",\"url\":\"https:\\\/\\\/3d-edu.ch\\\/wp-content\\\/uploads\\\/2018\\\/10\\\/3d-drucker-makerbot-formlabs-professionelle-3d-drucker-e1546527990490.png\",\"contentUrl\":\"https:\\\/\\\/3d-edu.ch\\\/wp-content\\\/uploads\\\/2018\\\/10\\\/3d-drucker-makerbot-formlabs-professionelle-3d-drucker-e1546527990490.png\",\"width\":275,\"height\":80,\"caption\":\"3D-EDU GmbH\"}]}<\/script>\n<meta property=\"product:brand\" content=\"Pi\u00e8ces de rechange &amp; accessoires\" \/>\n<meta property=\"product:price:amount\" content=\"43.65\" \/>\n<meta property=\"product:price:currency\" content=\"CHF\" \/>\n<meta property=\"og:availability\" content=\"instock\" \/>\n<meta property=\"product:availability\" content=\"instock\" \/>\n<meta property=\"product:retailer_item_id\" content=\"3.01.1.024.108A01\" \/>\n<meta property=\"product:condition\" content=\"new\" \/>\n<meta name=\"geo.placename\" content=\"Z\u00fcrich\" \/>\n<meta name=\"geo.position\" content=\"47.38413;8.49812\" \/>\n<meta name=\"geo.region\" content=\"Suisse\" \/>\n<!-- \/ Yoast SEO Premium plugin. -->","yoast_head_json":{"title":"Plaque d'impression RAISE3D Pro3 Flex PEI %%page% commander en ligne - %%nom du site","description":"La plaque d'impression PEI est constitu\u00e9e d'une t\u00f4le d'acier \u00e0 ressort tr\u00e8s r\u00e9sistante avec un rev\u00eatement PEI sur les deux faces, qui se caract\u00e9rise par une r\u00e9sistance aux temp\u00e9ratures \u00e9lev\u00e9es, une excellente r\u00e9sistance \u00e0 la flamme, une grande solidit\u00e9 et une grande rigidit\u00e9.","robots":{"index":"index","follow":"follow","max-snippet":"max-snippet:-1","max-image-preview":"max-image-preview:large","max-video-preview":"max-video-preview:-1"},"canonical":"https:\/\/3d-edu.ch\/fr\/boutique\/plaque-dimpression-raise3d-pro3-flex-pei\/","og_locale":"fr_FR","og_type":"article","og_title":"Plaque d'impression RAISE3D Pro3 Flex PEI","og_description":"La plaque d'impression PEI est constitu\u00e9e d'une t\u00f4le d'acier \u00e0 ressort tr\u00e8s r\u00e9sistante avec un rev\u00eatement PEI sur les deux faces, qui se caract\u00e9rise par une r\u00e9sistance aux temp\u00e9ratures \u00e9lev\u00e9es, une excellente r\u00e9sistance \u00e0 la flamme, une grande solidit\u00e9 et une grande rigidit\u00e9.","og_url":"https:\/\/3d-edu.ch\/fr\/boutique\/plaque-dimpression-raise3d-pro3-flex-pei\/","og_site_name":"3D-EDU GmbH","article_publisher":"https:\/\/www.facebook.com\/3d-educh-210277586064960\/","article_modified_time":"2026-04-20T11:45:58+00:00","og_image":[{"width":380,"height":380,"url":"https:\/\/3d-edu.ch\/wp-content\/uploads\/2025\/07\/raise3d-pei-flex-build-plate.jpg","type":"image\/jpeg"}],"twitter_card":"summary_large_image","twitter_site":"@3d_edu_ch","twitter_misc":{"Prix":"43.65&nbsp;&#67;&#72;&#70; hors TVA","Disponibilit\u00e9":"En stock"},"schema":{"@context":"https:\/\/schema.org","@graph":[{"@type":"WebPage","@id":"https:\/\/3d-edu.ch\/fr\/boutique\/plaque-dimpression-raise3d-pro3-flex-pei\/","url":"https:\/\/3d-edu.ch\/fr\/boutique\/plaque-dimpression-raise3d-pro3-flex-pei\/","name":"Plaque d'impression RAISE3D Pro3 Flex PEI %%page% commander en ligne - %%nom du site","isPartOf":{"@id":"https:\/\/3d-edu.ch\/fr\/#website"},"primaryImageOfPage":{"@id":"https:\/\/3d-edu.ch\/fr\/boutique\/plaque-dimpression-raise3d-pro3-flex-pei\/#primaryimage"},"image":{"@id":"https:\/\/3d-edu.ch\/fr\/boutique\/plaque-dimpression-raise3d-pro3-flex-pei\/#primaryimage"},"thumbnailUrl":"https:\/\/3d-edu.ch\/wp-content\/uploads\/2025\/07\/raise3d-pei-flex-build-plate.jpg","datePublished":"2025-07-16T15:03:45+00:00","dateModified":"2026-04-20T11:45:58+00:00","description":"La plaque d'impression PEI est constitu\u00e9e d'une t\u00f4le d'acier \u00e0 ressort tr\u00e8s r\u00e9sistante avec un rev\u00eatement PEI sur les deux faces, qui se caract\u00e9rise par une r\u00e9sistance aux temp\u00e9ratures \u00e9lev\u00e9es, une excellente r\u00e9sistance \u00e0 la flamme, une grande solidit\u00e9 et une grande rigidit\u00e9.","breadcrumb":{"@id":"https:\/\/3d-edu.ch\/fr\/boutique\/plaque-dimpression-raise3d-pro3-flex-pei\/#breadcrumb"},"inLanguage":"fr-FR","potentialAction":[{"@type":"ReadAction","target":["https:\/\/3d-edu.ch\/fr\/boutique\/plaque-dimpression-raise3d-pro3-flex-pei\/"]}]},{"@type":"ImageObject","inLanguage":"fr-FR","@id":"https:\/\/3d-edu.ch\/fr\/boutique\/plaque-dimpression-raise3d-pro3-flex-pei\/#primaryimage","url":"https:\/\/3d-edu.ch\/wp-content\/uploads\/2025\/07\/raise3d-pei-flex-build-plate.jpg","contentUrl":"https:\/\/3d-edu.ch\/wp-content\/uploads\/2025\/07\/raise3d-pei-flex-build-plate.jpg","width":380,"height":380},{"@type":"BreadcrumbList","@id":"https:\/\/3d-edu.ch\/fr\/boutique\/plaque-dimpression-raise3d-pro3-flex-pei\/#breadcrumb","itemListElement":[{"@type":"ListItem","position":1,"name":"Accueil","item":"https:\/\/3d-edu.ch\/fr\/"},{"@type":"ListItem","position":2,"name":"Boutique","item":"https:\/\/3d-edu.ch\/fr\/boutique\/"},{"@type":"ListItem","position":3,"name":"Plaque d&rsquo;impression RAISE3D Pro3 Flex PEI"}]},{"@type":"WebSite","@id":"https:\/\/3d-edu.ch\/fr\/#website","url":"https:\/\/3d-edu.ch\/fr\/","name":"3D-EDU GmbH","description":"Your Formlabs, UltiMaker and Raise3D Printer Support and Education Site in Switzerland. \/\/ Ihre Formlabs, UltiMaker and Raise3D Drucker Support und Bildungs Webseite der Schweiz.","publisher":{"@id":"https:\/\/3d-edu.ch\/fr\/#organization"},"potentialAction":[{"@type":"SearchAction","target":{"@type":"EntryPoint","urlTemplate":"https:\/\/3d-edu.ch\/fr\/?s={search_term_string}"},"query-input":{"@type":"PropertyValueSpecification","valueRequired":true,"valueName":"search_term_string"}}],"inLanguage":"fr-FR"},{"@type":["Organization","Place","ElectronicsStore"],"@id":"https:\/\/3d-edu.ch\/fr\/#organization","name":"3D-EDU GmbH","url":"https:\/\/3d-edu.ch\/fr\/","logo":{"@id":"https:\/\/3d-edu.ch\/fr\/boutique\/plaque-dimpression-raise3d-pro3-flex-pei\/#local-main-organization-logo"},"image":{"@id":"https:\/\/3d-edu.ch\/fr\/boutique\/plaque-dimpression-raise3d-pro3-flex-pei\/#local-main-organization-logo"},"sameAs":["https:\/\/www.facebook.com\/3d-educh-210277586064960\/","https:\/\/x.com\/3d_edu_ch"],"address":{"@id":"https:\/\/3d-edu.ch\/fr\/boutique\/plaque-dimpression-raise3d-pro3-flex-pei\/#local-main-place-address"},"geo":{"@type":"GeoCoordinates","latitude":"47.38413","longitude":"8.49812"},"telephone":["+41 44 492 11 22"],"openingHoursSpecification":[{"@type":"OpeningHoursSpecification","dayOfWeek":["Monday","Tuesday","Wednesday","Thursday","Friday"],"opens":"08:30","closes":"18:00"},{"@type":"OpeningHoursSpecification","dayOfWeek":["Saturday","Sunday"],"opens":"00:00","closes":"00:00"}],"email":"info@3d-edu.ch","faxNumber":"+41 44 492 11 23","vatID":"CHE-184.499.491 MWST","priceRange":"$$$","currenciesAccepted":"CHF"},{"@type":"PostalAddress","@id":"https:\/\/3d-edu.ch\/fr\/boutique\/plaque-dimpression-raise3d-pro3-flex-pei\/#local-main-place-address","streetAddress":"3D-EDU GmbH, Badenerstrasse 556","addressLocality":"Z\u00fcrich","postalCode":"8048","addressRegion":"Z\u00fcrich","addressCountry":"CH"},{"@type":"ImageObject","inLanguage":"fr-FR","@id":"https:\/\/3d-edu.ch\/fr\/boutique\/plaque-dimpression-raise3d-pro3-flex-pei\/#local-main-organization-logo","url":"https:\/\/3d-edu.ch\/wp-content\/uploads\/2018\/10\/3d-drucker-makerbot-formlabs-professionelle-3d-drucker-e1546527990490.png","contentUrl":"https:\/\/3d-edu.ch\/wp-content\/uploads\/2018\/10\/3d-drucker-makerbot-formlabs-professionelle-3d-drucker-e1546527990490.png","width":275,"height":80,"caption":"3D-EDU GmbH"}]},"product_brand":"Pi\u00e8ces de rechange &amp; accessoires","product_price_amount":"43.65","product_price_currency":"CHF","og_availability":"instock","product_availability":"instock","product_retailer_item_id":"3.01.1.024.108A01","product_condition":"new","geo.placename":"Z\u00fcrich","geo.position":{"lat":"47.38413","long":"8.49812"},"geo.region":"Suisse"},"_links":{"self":[{"href":"https:\/\/3d-edu.ch\/fr\/wp-json\/wp\/v2\/product\/75383","targetHints":{"allow":["GET"]}}],"collection":[{"href":"https:\/\/3d-edu.ch\/fr\/wp-json\/wp\/v2\/product"}],"about":[{"href":"https:\/\/3d-edu.ch\/fr\/wp-json\/wp\/v2\/types\/product"}],"replies":[{"embeddable":true,"href":"https:\/\/3d-edu.ch\/fr\/wp-json\/wp\/v2\/comments?post=75383"}],"wp:featuredmedia":[{"embeddable":true,"href":"https:\/\/3d-edu.ch\/fr\/wp-json\/wp\/v2\/media\/73519"}],"wp:attachment":[{"href":"https:\/\/3d-edu.ch\/fr\/wp-json\/wp\/v2\/media?parent=75383"}],"wp:term":[{"taxonomy":"product_brand","embeddable":true,"href":"https:\/\/3d-edu.ch\/fr\/wp-json\/wp\/v2\/product_brand?post=75383"},{"taxonomy":"product_cat","embeddable":true,"href":"https:\/\/3d-edu.ch\/fr\/wp-json\/wp\/v2\/product_cat?post=75383"},{"taxonomy":"product_tag","embeddable":true,"href":"https:\/\/3d-edu.ch\/fr\/wp-json\/wp\/v2\/product_tag?post=75383"}],"curies":[{"name":"wp","href":"https:\/\/api.w.org\/{rel}","templated":true}]}}