{"id":82017,"date":"2019-01-04T20:14:48","date_gmt":"2019-01-04T19:14:48","guid":{"rendered":"https:\/\/3d-edu.ch\/demander-un-devis-pour-limprimante-3d-formlabs\/"},"modified":"2026-04-14T15:42:29","modified_gmt":"2026-04-14T13:42:29","slug":"demander-un-devis-pour-limprimante-3d-formlabs","status":"publish","type":"page","link":"https:\/\/3d-edu.ch\/fr\/demander-un-devis-pour-limprimante-3d-formlabs\/","title":{"rendered":"Demander un devis pour l&rsquo;imprimante 3D Formlabs"},"content":{"rendered":"\n<div class=\"row\"  id=\"row-1934601046\">\n\n\n\t<div id=\"col-436239087\" class=\"col small-12 large-12\"  >\n\t\t\t\t<div class=\"col-inner\"  >\n\t\t\t\n\t\t\t\n\n<h1>Demandez un devis gratuit pour une imprimante 3D Formlabs SLA\/LFS ou SLS !<\/h1>\n<h2>S\u00e9lectionnez les articles souhait\u00e9s et indiquez vos coordonn\u00e9es. Nous vous enverrons sous peu un devis gratuit et sans engagement pour votre pack d&rsquo;imprimantes 3D Formlabs. <\/h2>\n\t<div class=\"img has-hover x md-x lg-x y md-y lg-y\" id=\"image_1765308860\">\n\t\t\t\t\t\t\t\t<div class=\"img-inner dark\" >\n\t\t\t<img loading=\"lazy\" decoding=\"async\" width=\"1020\" height=\"346\" src=\"https:\/\/3d-edu.ch\/wp-content\/smush-avif\/2025\/11\/Formlabs-3D-Drucker-Family-Schweiz-Banner-2-1024x347.jpg.avif\" class=\"attachment-large size-large\" alt=\"\" srcset=\"https:\/\/3d-edu.ch\/wp-content\/smush-avif\/2025\/11\/Formlabs-3D-Drucker-Family-Schweiz-Banner-2-1024x347.jpg.avif 1024w, https:\/\/3d-edu.ch\/wp-content\/smush-avif\/2025\/11\/Formlabs-3D-Drucker-Family-Schweiz-Banner-2-240x81.jpg.avif 240w, https:\/\/3d-edu.ch\/wp-content\/smush-avif\/2025\/11\/Formlabs-3D-Drucker-Family-Schweiz-Banner-2-768x260.jpg.avif 768w, https:\/\/3d-edu.ch\/wp-content\/smush-avif\/2025\/11\/Formlabs-3D-Drucker-Family-Schweiz-Banner-2-1536x520.jpg.avif 1536w, https:\/\/3d-edu.ch\/wp-content\/smush-avif\/2025\/11\/Formlabs-3D-Drucker-Family-Schweiz-Banner-2-89x30.jpg.avif 89w, https:\/\/3d-edu.ch\/wp-content\/smush-avif\/2025\/11\/Formlabs-3D-Drucker-Family-Schweiz-Banner-2-380x129.jpg.avif 380w, https:\/\/3d-edu.ch\/wp-content\/uploads\/2025\/11\/Formlabs-3D-Drucker-Family-Schweiz-Banner-2.jpg 1920w\" sizes=\"auto, (max-width: 1020px) 100vw, 1020px\" \/>\t\t\t\t\t\t\n\t\t\t\t\t<\/div>\n\t\t\t\t\t\t\t\t\n<style>\n#image_1765308860 {\n  width: 100%;\n}\n<\/style>\n\t<\/div>\n\t\n\n\n\t\t<\/div>\n\t\t\t\t\t<\/div>\n\n\t\n\n\n<style>\n#row-1934601046 > .col > .col-inner {\n  padding: 30px 0px 0px 0px;\n}\n<\/style>\n<\/div>\n<div class=\"row\"  id=\"row-153795288\">\n\n\n\t<div id=\"col-362549318\" class=\"col medium-6 small-12 large-6\"  >\n\t\t\t\t<div class=\"col-inner\"  >\n\t\t\t\n\t\t\t\n\n<p>Nous nous ferons un plaisir de vous envoyer un devis pour une <a href=\"https:\/\/3d-edu.ch\/fr\/formlabs\/imprimante-3d-formlabs\/\">imprimante 3D Formlabs SLA\/LFS<\/a> avec <a href=\"https:\/\/3d-edu.ch\/fr\/formlabs\/post-traitement\/form-wash-form-cure\/\">accessoires<\/a>, ou pour une <a href=\"https:\/\/3d-edu.ch\/fr\/formlabs\/imprimante-3d-sls-de-formlabs\/\">imprimante 3D Formlabs SLS<\/a> si vous le souhaitez.<\/p>\n<p>Indiquez-nous quel <a href=\"https:\/\/3d-edu.ch\/fr\/formlabs\/resine-formlabs\/\">mat\u00e9riau d&rsquo;impression 3D (Formlabs Resin ou poudre)<\/a> vous souhaitez recevoir en m\u00eame temps que votre offre - comme position fixe dans l&rsquo;offre - ou comme position optionnelle pour l&rsquo;aper\u00e7u.<\/p>\n<p>Nous vous enverrons ensuite un devis gratuit dans les plus brefs d\u00e9lais.<\/p>\n\t<div class=\"img has-hover x md-x lg-x y md-y lg-y\" id=\"image_1890579789\">\n\t\t\t\t\t\t\t\t<div class=\"img-inner dark\" >\n\t\t\t<img loading=\"lazy\" decoding=\"async\" width=\"900\" height=\"900\" src=\"https:\/\/3d-edu.ch\/wp-content\/smush-avif\/2025\/11\/Formlabs-SLA-Angebot-anfordern.jpg.avif\" class=\"attachment-large size-large\" alt=\"\" srcset=\"https:\/\/3d-edu.ch\/wp-content\/smush-avif\/2025\/11\/Formlabs-SLA-Angebot-anfordern.jpg.avif 900w, https:\/\/3d-edu.ch\/wp-content\/smush-avif\/2025\/11\/Formlabs-SLA-Angebot-anfordern-240x240.jpg.avif 240w, https:\/\/3d-edu.ch\/wp-content\/smush-avif\/2025\/11\/Formlabs-SLA-Angebot-anfordern-150x150.jpg.avif 150w, https:\/\/3d-edu.ch\/wp-content\/smush-avif\/2025\/11\/Formlabs-SLA-Angebot-anfordern-768x768.jpg.avif 768w, https:\/\/3d-edu.ch\/wp-content\/smush-avif\/2025\/11\/Formlabs-SLA-Angebot-anfordern-30x30.jpg.avif 30w, https:\/\/3d-edu.ch\/wp-content\/smush-avif\/2025\/11\/Formlabs-SLA-Angebot-anfordern-380x380.jpg.avif 380w, https:\/\/3d-edu.ch\/wp-content\/smush-avif\/2025\/11\/Formlabs-SLA-Angebot-anfordern-100x100.jpg.avif 100w\" sizes=\"auto, (max-width: 900px) 100vw, 900px\" \/>\t\t\t\t\t\t\n\t\t\t\t\t<\/div>\n\t\t\t\t\t\t\t\t\n<style>\n#image_1890579789 {\n  width: 100%;\n}\n<\/style>\n\t<\/div>\n\t\n\n<p>Nous vous enverrons une copie de vos informations \u00e0 l&rsquo;adresse e-mail indiqu\u00e9e ci-dessus. Vos donn\u00e9es seront bien entendu trait\u00e9es de mani\u00e8re confidentielle et ne seront pas transmises \u00e0 des tiers. <\/p>\n\n\t\t<\/div>\n\t\t\t\t\t<\/div>\n\n\t\n\n\t<div id=\"col-1359472447\" class=\"col medium-6 small-12 large-6\"  >\n\t\t\t\t<div class=\"col-inner\"  >\n\t\t\t\n\t\t\t\n\n\n<div class=\"wpcf7 no-js\" id=\"wpcf7-f73352-o1\" lang=\"fr-FR\" dir=\"ltr\" data-wpcf7-id=\"73352\">\n<div class=\"screen-reader-response\"><p role=\"status\" aria-live=\"polite\" aria-atomic=\"true\"><\/p> <ul><\/ul><\/div>\n<form action=\"\/fr\/wp-json\/wp\/v2\/pages\/82017#wpcf7-f73352-o1\" method=\"post\" class=\"wpcf7-form init\" aria-label=\"Formulaire de contact\" novalidate=\"novalidate\" data-status=\"init\">\n<fieldset class=\"hidden-fields-container\"><input type=\"hidden\" name=\"_wpcf7\" value=\"73352\" \/><input type=\"hidden\" name=\"_wpcf7_version\" value=\"6.1.5\" \/><input type=\"hidden\" name=\"_wpcf7_locale\" value=\"fr_FR\" \/><input type=\"hidden\" name=\"_wpcf7_unit_tag\" value=\"wpcf7-f73352-o1\" \/><input type=\"hidden\" name=\"_wpcf7_container_post\" value=\"0\" \/><input type=\"hidden\" name=\"_wpcf7_posted_data_hash\" value=\"\" \/>\n<\/fieldset>\n<p><span class=\"wpcf7-form-control-wrap\" data-name=\"text-753\"><input size=\"40\" maxlength=\"400\" class=\"wpcf7-form-control wpcf7-text wpcf7-validates-as-required\" aria-required=\"true\" aria-invalid=\"false\" placeholder=\"Pr\u00e9nom*\" value=\"\" type=\"text\" name=\"text-753\" \/><\/span>\n<\/p>\n<p><span class=\"wpcf7-form-control-wrap\" data-name=\"text-931\"><input size=\"40\" maxlength=\"400\" class=\"wpcf7-form-control wpcf7-text wpcf7-validates-as-required\" aria-required=\"true\" aria-invalid=\"false\" placeholder=\"Nom de famille*\" value=\"\" type=\"text\" name=\"text-931\" \/><\/span>\n<\/p>\n<p><span class=\"wpcf7-form-control-wrap\" data-name=\"text-575\"><input size=\"40\" maxlength=\"400\" class=\"wpcf7-form-control wpcf7-text\" aria-invalid=\"false\" placeholder=\"Soci\u00e9t\u00e9\" value=\"\" type=\"text\" name=\"text-575\" \/><\/span>\n<\/p>\n<p><span class=\"wpcf7-form-control-wrap\" data-name=\"text-581\"><input size=\"40\" maxlength=\"400\" class=\"wpcf7-form-control wpcf7-text wpcf7-validates-as-required\" aria-required=\"true\" aria-invalid=\"false\" placeholder=\"Rue, n\u00ba*.\" value=\"\" type=\"text\" name=\"text-581\" \/><\/span>\n<\/p>\n<p><span class=\"wpcf7-form-control-wrap\" data-name=\"text-274\"><input size=\"40\" maxlength=\"400\" class=\"wpcf7-form-control wpcf7-text wpcf7-validates-as-required\" aria-required=\"true\" aria-invalid=\"false\" placeholder=\"Code postal, ville*.\" value=\"\" type=\"text\" name=\"text-274\" \/><\/span>\n<\/p>\n<p><span class=\"wpcf7-form-control-wrap\" data-name=\"select-923\"><select class=\"wpcf7-form-control wpcf7-select wpcf7-validates-as-required\" aria-required=\"true\" aria-invalid=\"false\" name=\"select-923\"><option value=\"\">Suisse<\/option><option value=\"Liechtenstein\">Liechtenstein<\/option><\/select><\/span>\n<\/p>\n<p><span class=\"wpcf7-form-control-wrap\" data-name=\"email-663\"><input size=\"40\" maxlength=\"400\" class=\"wpcf7-form-control wpcf7-email wpcf7-validates-as-required wpcf7-text wpcf7-validates-as-email\" aria-required=\"true\" aria-invalid=\"false\" placeholder=\"adresse \u00e9lectronique*.\" value=\"\" type=\"email\" name=\"email-663\" \/><\/span>\n<\/p>\n<p><span class=\"wpcf7-form-control-wrap\" data-name=\"text-856\"><input size=\"40\" maxlength=\"400\" class=\"wpcf7-form-control wpcf7-text wpcf7-validates-as-required\" aria-required=\"true\" aria-invalid=\"false\" placeholder=\"num\u00e9ro de t\u00e9l\u00e9phone*.\" value=\"\" type=\"text\" name=\"text-856\" \/><\/span>\n<\/p>\n<p>S\u00e9lectionnez l'imprimante 3D Formlabs SLA et SLS que vous souhaitez utiliser :\n<\/p>\n<p><span class=\"wpcf7-form-control-wrap\" data-name=\"checkbox-655\"><span class=\"wpcf7-form-control wpcf7-checkbox\"><span class=\"wpcf7-list-item first\"><input type=\"checkbox\" name=\"checkbox-655[]\" value=\"Formlabs Form 4\" \/><span class=\"wpcf7-list-item-label\">Formlabs Form 4<\/span><\/span><span class=\"wpcf7-list-item\"><input type=\"checkbox\" name=\"checkbox-655[]\" value=\"Formlabs Form 4B\" \/><span class=\"wpcf7-list-item-label\">Formlabs Form 4B<\/span><\/span><span class=\"wpcf7-list-item\"><input type=\"checkbox\" name=\"checkbox-655[]\" value=\"Formlabs Form 4L\" \/><span class=\"wpcf7-list-item-label\">Formlabs Form 4L<\/span><\/span><span class=\"wpcf7-list-item\"><input type=\"checkbox\" name=\"checkbox-655[]\" value=\"Formlabs Form 4BL\" \/><span class=\"wpcf7-list-item-label\">Formlabs Form 4BL<\/span><\/span><span class=\"wpcf7-list-item\"><input type=\"checkbox\" name=\"checkbox-655[]\" value=\"Formlabs Fuse 1\" \/><span class=\"wpcf7-list-item-label\">Formlabs Fuse 1<\/span><\/span><span class=\"wpcf7-list-item last\"><input type=\"checkbox\" name=\"checkbox-655[]\" value=\"Formlabs Fuse 1+ 30W\" \/><span class=\"wpcf7-list-item-label\">Formlabs Fuse 1+ 30W<\/span><\/span><\/span><\/span>\n<\/p>\n<p>S\u00e9lectionnez des accessoires s\u00e9par\u00e9s :\n<\/p>\n<p><span class=\"wpcf7-form-control-wrap\" data-name=\"checkbox-764\"><span class=\"wpcf7-form-control wpcf7-checkbox\"><span class=\"wpcf7-list-item first\"><input type=\"checkbox\" name=\"checkbox-764[]\" value=\"Form Cure V2\" \/><span class=\"wpcf7-list-item-label\">Form Cure V2<\/span><\/span><span class=\"wpcf7-list-item\"><input type=\"checkbox\" name=\"checkbox-764[]\" value=\"Form Cure L V2\" \/><span class=\"wpcf7-list-item-label\">Form Cure L V2<\/span><\/span><span class=\"wpcf7-list-item\"><input type=\"checkbox\" name=\"checkbox-764[]\" value=\"Form Wash V2\" \/><span class=\"wpcf7-list-item-label\">Form Wash V2<\/span><\/span><span class=\"wpcf7-list-item\"><input type=\"checkbox\" name=\"checkbox-764[]\" value=\"Form Wash L V2\" \/><span class=\"wpcf7-list-item-label\">Form Wash L V2<\/span><\/span><span class=\"wpcf7-list-item\"><input type=\"checkbox\" name=\"checkbox-764[]\" value=\"Fuse Sift\" \/><span class=\"wpcf7-list-item-label\">Fuse Sift<\/span><\/span><span class=\"wpcf7-list-item\"><input type=\"checkbox\" name=\"checkbox-764[]\" value=\"Fuse Blast\" \/><span class=\"wpcf7-list-item-label\">Fuse Blast<\/span><\/span><span class=\"wpcf7-list-item\"><input type=\"checkbox\" name=\"checkbox-764[]\" value=\"Resin Pumping System\" \/><span class=\"wpcf7-list-item-label\">Resin Pumping System<\/span><\/span><span class=\"wpcf7-list-item\"><input type=\"checkbox\" name=\"checkbox-764[]\" value=\"Open Material Mode (Form 3\/Form 4)\" \/><span class=\"wpcf7-list-item-label\">Open Material Mode (Form 3\/Form 4)<\/span><\/span><span class=\"wpcf7-list-item last\"><input type=\"checkbox\" name=\"checkbox-764[]\" value=\"Mat\u00e9riau SLA\/\/SLS\" \/><span class=\"wpcf7-list-item-label\">Mat\u00e9riau SLA\/\/SLS<\/span><\/span><\/span><\/span>\n<\/p>\n<p><span class=\"wpcf7-form-control-wrap\" data-name=\"checkbox-122\"><span class=\"wpcf7-form-control wpcf7-checkbox\"><span class=\"wpcf7-list-item first last\"><label><input type=\"checkbox\" name=\"checkbox-122[]\" value=\"Je souhaite que le mat\u00e9riel et les accessoires Formlabs soient list\u00e9s comme postes optionnels dans l&#039;offre.\" \/><span class=\"wpcf7-list-item-label\">Je souhaite que le mat\u00e9riel et les accessoires Formlabs soient list\u00e9s comme postes optionnels dans l&#039;offre.<\/span><\/label><\/span><\/span><\/span>\n<\/p>\n<p><span class=\"wpcf7-form-control-wrap\" data-name=\"textarea-560\"><textarea cols=\"40\" rows=\"10\" maxlength=\"2000\" class=\"wpcf7-form-control wpcf7-textarea\" aria-invalid=\"false\" placeholder=\"Message\" name=\"textarea-560\"><\/textarea><\/span>\n<\/p>\n<p>\n<div class=\"wpcf7-turnstile cf-turnstile\" data-sitekey=\"0x4AAAAAACtJw4wGRpDOj6nj\" data-response-field-name=\"_wpcf7_turnstile_response\"><\/div>\n<\/p>\n<p><input class=\"wpcf7-form-control wpcf7-submit has-spinner\" type=\"submit\" value=\"Envoyer\" \/>\n<\/p>\n<p><small>* Les champs marqu\u00e9s d'un ast\u00e9risque doivent \u00eatre obligatoirement remplis.<\/small>\n<\/p><div class=\"wpcf7-response-output\" aria-hidden=\"true\"><\/div>\n<\/form>\n<\/div>\n\n\n\n\t\t<\/div>\n\t\t\t\t\t<\/div>\n\n\t\n\n<\/div>\n\n","protected":false},"excerpt":{"rendered":"","protected":false},"author":1,"featured_media":0,"parent":0,"menu_order":0,"comment_status":"closed","ping_status":"closed","template":"","meta":{"footnotes":""},"class_list":["post-82017","page","type-page","status-publish","hentry"],"yoast_head":"<!-- This site is optimized with the Yoast SEO Premium plugin v27.4 (Yoast SEO v27.4) - https:\/\/yoast.com\/product\/yoast-seo-premium-wordpress\/ -->\n<title>Demander un devis pour l&#039;imprimante 3D Formlabs - 3D-EDU GmbH<\/title>\n<meta name=\"robots\" content=\"index, follow, max-snippet:-1, max-image-preview:large, max-video-preview:-1\" \/>\n<link rel=\"canonical\" href=\"https:\/\/3d-edu.ch\/fr\/demander-un-devis-pour-limprimante-3d-formlabs\/\" \/>\n<meta property=\"og:locale\" content=\"fr_FR\" \/>\n<meta property=\"og:type\" content=\"article\" \/>\n<meta property=\"og:title\" content=\"Demander un devis pour l&#039;imprimante 3D Formlabs\" \/>\n<meta property=\"og:url\" content=\"https:\/\/3d-edu.ch\/fr\/demander-un-devis-pour-limprimante-3d-formlabs\/\" \/>\n<meta property=\"og:site_name\" content=\"3D-EDU GmbH\" \/>\n<meta property=\"article:publisher\" content=\"https:\/\/www.facebook.com\/3d-educh-210277586064960\/\" \/>\n<meta property=\"article:modified_time\" content=\"2026-04-14T13:42:29+00:00\" \/>\n<meta name=\"twitter:card\" content=\"summary_large_image\" \/>\n<meta name=\"twitter:site\" content=\"@3d_edu_ch\" \/>\n<meta name=\"twitter:label1\" content=\"Dur\u00e9e de lecture estim\u00e9e\" \/>\n\t<meta name=\"twitter:data1\" content=\"1 minute\" \/>\n<script type=\"application\/ld+json\" class=\"yoast-schema-graph\">{\"@context\":\"https:\\\/\\\/schema.org\",\"@graph\":[{\"@type\":\"WebPage\",\"@id\":\"https:\\\/\\\/3d-edu.ch\\\/fr\\\/demander-un-devis-pour-limprimante-3d-formlabs\\\/\",\"url\":\"https:\\\/\\\/3d-edu.ch\\\/fr\\\/demander-un-devis-pour-limprimante-3d-formlabs\\\/\",\"name\":\"Demander un devis pour l'imprimante 3D Formlabs - 3D-EDU GmbH\",\"isPartOf\":{\"@id\":\"https:\\\/\\\/3d-edu.ch\\\/fr\\\/#website\"},\"datePublished\":\"2019-01-04T19:14:48+00:00\",\"dateModified\":\"2026-04-14T13:42:29+00:00\",\"breadcrumb\":{\"@id\":\"https:\\\/\\\/3d-edu.ch\\\/fr\\\/demander-un-devis-pour-limprimante-3d-formlabs\\\/#breadcrumb\"},\"inLanguage\":\"fr-FR\",\"potentialAction\":[{\"@type\":\"ReadAction\",\"target\":[\"https:\\\/\\\/3d-edu.ch\\\/fr\\\/demander-un-devis-pour-limprimante-3d-formlabs\\\/\"]}]},{\"@type\":\"BreadcrumbList\",\"@id\":\"https:\\\/\\\/3d-edu.ch\\\/fr\\\/demander-un-devis-pour-limprimante-3d-formlabs\\\/#breadcrumb\",\"itemListElement\":[{\"@type\":\"ListItem\",\"position\":1,\"name\":\"Accueil\",\"item\":\"https:\\\/\\\/3d-edu.ch\\\/fr\\\/\"},{\"@type\":\"ListItem\",\"position\":2,\"name\":\"Demander un devis pour l&rsquo;imprimante 3D Formlabs\"}]},{\"@type\":\"WebSite\",\"@id\":\"https:\\\/\\\/3d-edu.ch\\\/fr\\\/#website\",\"url\":\"https:\\\/\\\/3d-edu.ch\\\/fr\\\/\",\"name\":\"3D-EDU GmbH\",\"description\":\"Your Formlabs, UltiMaker and Raise3D Printer Support and Education Site in Switzerland. \\\/\\\/ Ihre Formlabs, UltiMaker and Raise3D Drucker Support und Bildungs Webseite der Schweiz.\",\"publisher\":{\"@id\":\"https:\\\/\\\/3d-edu.ch\\\/fr\\\/#organization\"},\"potentialAction\":[{\"@type\":\"SearchAction\",\"target\":{\"@type\":\"EntryPoint\",\"urlTemplate\":\"https:\\\/\\\/3d-edu.ch\\\/fr\\\/?s={search_term_string}\"},\"query-input\":{\"@type\":\"PropertyValueSpecification\",\"valueRequired\":true,\"valueName\":\"search_term_string\"}}],\"inLanguage\":\"fr-FR\"},{\"@type\":[\"Organization\",\"Place\",\"ElectronicsStore\"],\"@id\":\"https:\\\/\\\/3d-edu.ch\\\/fr\\\/#organization\",\"name\":\"3D-EDU GmbH\",\"url\":\"https:\\\/\\\/3d-edu.ch\\\/fr\\\/\",\"logo\":{\"@id\":\"https:\\\/\\\/3d-edu.ch\\\/fr\\\/demander-un-devis-pour-limprimante-3d-formlabs\\\/#local-main-organization-logo\"},\"image\":{\"@id\":\"https:\\\/\\\/3d-edu.ch\\\/fr\\\/demander-un-devis-pour-limprimante-3d-formlabs\\\/#local-main-organization-logo\"},\"sameAs\":[\"https:\\\/\\\/www.facebook.com\\\/3d-educh-210277586064960\\\/\",\"https:\\\/\\\/x.com\\\/3d_edu_ch\"],\"address\":{\"@id\":\"https:\\\/\\\/3d-edu.ch\\\/fr\\\/demander-un-devis-pour-limprimante-3d-formlabs\\\/#local-main-place-address\"},\"geo\":{\"@type\":\"GeoCoordinates\",\"latitude\":\"47.38413\",\"longitude\":\"8.49812\"},\"telephone\":[\"+41 44 492 11 22\"],\"openingHoursSpecification\":[{\"@type\":\"OpeningHoursSpecification\",\"dayOfWeek\":[\"Monday\",\"Tuesday\",\"Wednesday\",\"Thursday\",\"Friday\"],\"opens\":\"08:30\",\"closes\":\"18:00\"},{\"@type\":\"OpeningHoursSpecification\",\"dayOfWeek\":[\"Saturday\",\"Sunday\"],\"opens\":\"00:00\",\"closes\":\"00:00\"}],\"email\":\"info@3d-edu.ch\",\"faxNumber\":\"+41 44 492 11 23\",\"vatID\":\"CHE-184.499.491 MWST\",\"priceRange\":\"$$$\",\"currenciesAccepted\":\"CHF\"},{\"@type\":\"PostalAddress\",\"@id\":\"https:\\\/\\\/3d-edu.ch\\\/fr\\\/demander-un-devis-pour-limprimante-3d-formlabs\\\/#local-main-place-address\",\"streetAddress\":\"3D-EDU GmbH, Badenerstrasse 556\",\"addressLocality\":\"Z\u00fcrich\",\"postalCode\":\"8048\",\"addressRegion\":\"Z\u00fcrich\",\"addressCountry\":\"CH\"},{\"@type\":\"ImageObject\",\"inLanguage\":\"fr-FR\",\"@id\":\"https:\\\/\\\/3d-edu.ch\\\/fr\\\/demander-un-devis-pour-limprimante-3d-formlabs\\\/#local-main-organization-logo\",\"url\":\"https:\\\/\\\/3d-edu.ch\\\/wp-content\\\/uploads\\\/2018\\\/10\\\/3d-drucker-makerbot-formlabs-professionelle-3d-drucker-e1546527990490.png\",\"contentUrl\":\"https:\\\/\\\/3d-edu.ch\\\/wp-content\\\/uploads\\\/2018\\\/10\\\/3d-drucker-makerbot-formlabs-professionelle-3d-drucker-e1546527990490.png\",\"width\":275,\"height\":80,\"caption\":\"3D-EDU GmbH\"}]}<\/script>\n<meta name=\"geo.placename\" content=\"Z\u00fcrich\" \/>\n<meta name=\"geo.position\" content=\"47.38413;8.49812\" \/>\n<meta name=\"geo.region\" content=\"Suisse\" \/>\n<!-- \/ Yoast SEO Premium plugin. -->","yoast_head_json":{"title":"Demander un devis pour l'imprimante 3D Formlabs - 3D-EDU GmbH","robots":{"index":"index","follow":"follow","max-snippet":"max-snippet:-1","max-image-preview":"max-image-preview:large","max-video-preview":"max-video-preview:-1"},"canonical":"https:\/\/3d-edu.ch\/fr\/demander-un-devis-pour-limprimante-3d-formlabs\/","og_locale":"fr_FR","og_type":"article","og_title":"Demander un devis pour l'imprimante 3D Formlabs","og_url":"https:\/\/3d-edu.ch\/fr\/demander-un-devis-pour-limprimante-3d-formlabs\/","og_site_name":"3D-EDU GmbH","article_publisher":"https:\/\/www.facebook.com\/3d-educh-210277586064960\/","article_modified_time":"2026-04-14T13:42:29+00:00","twitter_card":"summary_large_image","twitter_site":"@3d_edu_ch","twitter_misc":{"Dur\u00e9e de lecture estim\u00e9e":"1 minute"},"schema":{"@context":"https:\/\/schema.org","@graph":[{"@type":"WebPage","@id":"https:\/\/3d-edu.ch\/fr\/demander-un-devis-pour-limprimante-3d-formlabs\/","url":"https:\/\/3d-edu.ch\/fr\/demander-un-devis-pour-limprimante-3d-formlabs\/","name":"Demander un devis pour l'imprimante 3D Formlabs - 3D-EDU GmbH","isPartOf":{"@id":"https:\/\/3d-edu.ch\/fr\/#website"},"datePublished":"2019-01-04T19:14:48+00:00","dateModified":"2026-04-14T13:42:29+00:00","breadcrumb":{"@id":"https:\/\/3d-edu.ch\/fr\/demander-un-devis-pour-limprimante-3d-formlabs\/#breadcrumb"},"inLanguage":"fr-FR","potentialAction":[{"@type":"ReadAction","target":["https:\/\/3d-edu.ch\/fr\/demander-un-devis-pour-limprimante-3d-formlabs\/"]}]},{"@type":"BreadcrumbList","@id":"https:\/\/3d-edu.ch\/fr\/demander-un-devis-pour-limprimante-3d-formlabs\/#breadcrumb","itemListElement":[{"@type":"ListItem","position":1,"name":"Accueil","item":"https:\/\/3d-edu.ch\/fr\/"},{"@type":"ListItem","position":2,"name":"Demander un devis pour l&rsquo;imprimante 3D Formlabs"}]},{"@type":"WebSite","@id":"https:\/\/3d-edu.ch\/fr\/#website","url":"https:\/\/3d-edu.ch\/fr\/","name":"3D-EDU GmbH","description":"Your Formlabs, UltiMaker and Raise3D Printer Support and Education Site in Switzerland. \/\/ Ihre Formlabs, UltiMaker and Raise3D Drucker Support und Bildungs Webseite der Schweiz.","publisher":{"@id":"https:\/\/3d-edu.ch\/fr\/#organization"},"potentialAction":[{"@type":"SearchAction","target":{"@type":"EntryPoint","urlTemplate":"https:\/\/3d-edu.ch\/fr\/?s={search_term_string}"},"query-input":{"@type":"PropertyValueSpecification","valueRequired":true,"valueName":"search_term_string"}}],"inLanguage":"fr-FR"},{"@type":["Organization","Place","ElectronicsStore"],"@id":"https:\/\/3d-edu.ch\/fr\/#organization","name":"3D-EDU GmbH","url":"https:\/\/3d-edu.ch\/fr\/","logo":{"@id":"https:\/\/3d-edu.ch\/fr\/demander-un-devis-pour-limprimante-3d-formlabs\/#local-main-organization-logo"},"image":{"@id":"https:\/\/3d-edu.ch\/fr\/demander-un-devis-pour-limprimante-3d-formlabs\/#local-main-organization-logo"},"sameAs":["https:\/\/www.facebook.com\/3d-educh-210277586064960\/","https:\/\/x.com\/3d_edu_ch"],"address":{"@id":"https:\/\/3d-edu.ch\/fr\/demander-un-devis-pour-limprimante-3d-formlabs\/#local-main-place-address"},"geo":{"@type":"GeoCoordinates","latitude":"47.38413","longitude":"8.49812"},"telephone":["+41 44 492 11 22"],"openingHoursSpecification":[{"@type":"OpeningHoursSpecification","dayOfWeek":["Monday","Tuesday","Wednesday","Thursday","Friday"],"opens":"08:30","closes":"18:00"},{"@type":"OpeningHoursSpecification","dayOfWeek":["Saturday","Sunday"],"opens":"00:00","closes":"00:00"}],"email":"info@3d-edu.ch","faxNumber":"+41 44 492 11 23","vatID":"CHE-184.499.491 MWST","priceRange":"$$$","currenciesAccepted":"CHF"},{"@type":"PostalAddress","@id":"https:\/\/3d-edu.ch\/fr\/demander-un-devis-pour-limprimante-3d-formlabs\/#local-main-place-address","streetAddress":"3D-EDU GmbH, Badenerstrasse 556","addressLocality":"Z\u00fcrich","postalCode":"8048","addressRegion":"Z\u00fcrich","addressCountry":"CH"},{"@type":"ImageObject","inLanguage":"fr-FR","@id":"https:\/\/3d-edu.ch\/fr\/demander-un-devis-pour-limprimante-3d-formlabs\/#local-main-organization-logo","url":"https:\/\/3d-edu.ch\/wp-content\/uploads\/2018\/10\/3d-drucker-makerbot-formlabs-professionelle-3d-drucker-e1546527990490.png","contentUrl":"https:\/\/3d-edu.ch\/wp-content\/uploads\/2018\/10\/3d-drucker-makerbot-formlabs-professionelle-3d-drucker-e1546527990490.png","width":275,"height":80,"caption":"3D-EDU GmbH"}]},"geo.placename":"Z\u00fcrich","geo.position":{"lat":"47.38413","long":"8.49812"},"geo.region":"Suisse"},"_links":{"self":[{"href":"https:\/\/3d-edu.ch\/fr\/wp-json\/wp\/v2\/pages\/82017","targetHints":{"allow":["GET"]}}],"collection":[{"href":"https:\/\/3d-edu.ch\/fr\/wp-json\/wp\/v2\/pages"}],"about":[{"href":"https:\/\/3d-edu.ch\/fr\/wp-json\/wp\/v2\/types\/page"}],"author":[{"embeddable":true,"href":"https:\/\/3d-edu.ch\/fr\/wp-json\/wp\/v2\/users\/1"}],"replies":[{"embeddable":true,"href":"https:\/\/3d-edu.ch\/fr\/wp-json\/wp\/v2\/comments?post=82017"}],"version-history":[{"count":2,"href":"https:\/\/3d-edu.ch\/fr\/wp-json\/wp\/v2\/pages\/82017\/revisions"}],"predecessor-version":[{"id":82023,"href":"https:\/\/3d-edu.ch\/fr\/wp-json\/wp\/v2\/pages\/82017\/revisions\/82023"}],"wp:attachment":[{"href":"https:\/\/3d-edu.ch\/fr\/wp-json\/wp\/v2\/media?parent=82017"}],"curies":[{"name":"wp","href":"https:\/\/api.w.org\/{rel}","templated":true}]}}