{"id":81998,"date":"2021-08-01T09:20:23","date_gmt":"2021-08-01T07:20:23","guid":{"rendered":"https:\/\/3d-edu.ch\/impression-3d-medicale-et-dentaire\/"},"modified":"2026-04-16T16:19:27","modified_gmt":"2026-04-16T14:19:27","slug":"impression-3d-medicale-et-dentaire","status":"publish","type":"page","link":"https:\/\/3d-edu.ch\/fr\/impression-3d-medicale-et-dentaire\/","title":{"rendered":"Impression 3D m\u00e9dicale et dentaire"},"content":{"rendered":"\n<div class=\"row align-middle\"  id=\"row-553327268\">\n\n\n\t<div id=\"col-688533447\" class=\"col small-12 large-12\"  >\n\t\t\t\t<div class=\"col-inner\"  >\n\t\t\t\n\t\t\t\n\n<h1>L&rsquo;impression 3D dans le domaine m\u00e9dical et dentaire L&rsquo;impression 3D ouvre de nouvelles perspectives<\/h1>\n<p>Avec les imprimantes 3D m\u00e9dicales et dentaires de Formlabs, nous offrons aux entreprises de technologie m\u00e9dicale, aux laboratoires, aux h\u00f4pitaux, aux proth\u00e9sistes dentaires, aux cabinets dentaires et \u00e0 de nombreux autres acteurs du syst\u00e8me de sant\u00e9 de nouvelles possibilit\u00e9s de faire progresser les normes de soins.<\/p>\n\t<div class=\"img has-hover x md-x lg-x y md-y lg-y\" id=\"image_2002079968\">\n\t\t\t\t\t\t\t\t<div class=\"img-inner dark\" >\n\t\t\t<img loading=\"lazy\" decoding=\"async\" width=\"1020\" height=\"510\" src=\"https:\/\/3d-edu.ch\/wp-content\/smush-avif\/2021\/07\/medizin-dental-3d-druck-1024x512.jpg.avif\" class=\"attachment-large size-large\" alt=\"M\u00e9decine Dentaire Impression 3D\" srcset=\"https:\/\/3d-edu.ch\/wp-content\/smush-avif\/2021\/07\/medizin-dental-3d-druck-1024x512.jpg.avif 1024w, https:\/\/3d-edu.ch\/wp-content\/smush-avif\/2021\/07\/medizin-dental-3d-druck-240x120.jpg.avif 240w, https:\/\/3d-edu.ch\/wp-content\/smush-avif\/2021\/07\/medizin-dental-3d-druck-768x384.jpg.avif 768w, https:\/\/3d-edu.ch\/wp-content\/smush-avif\/2021\/07\/medizin-dental-3d-druck-60x30.jpg.avif 60w, https:\/\/3d-edu.ch\/wp-content\/smush-avif\/2021\/07\/medizin-dental-3d-druck-380x190.jpg.avif 380w, https:\/\/3d-edu.ch\/wp-content\/smush-avif\/2021\/07\/medizin-dental-3d-druck.jpg.avif 1200w\" sizes=\"auto, (max-width: 1020px) 100vw, 1020px\" \/>\t\t\t\t\t\t\n\t\t\t\t\t<\/div>\n\t\t\t\t\t\t\t\t\n<style>\n#image_2002079968 {\n  width: 100%;\n}\n<\/style>\n\t<\/div>\n\t\n\n<p>En 2016, Formlabs a commenc\u00e9 \u00e0 investir fortement dans des solutions sp\u00e9cifiques pour le secteur m\u00e9dical et dentaire. Depuis lors, d&rsquo;innombrables dispositifs m\u00e9dicaux ont \u00e9t\u00e9 d\u00e9velopp\u00e9s avec les machines Formlabs et plus d&rsquo;un quart de million de patients ont b\u00e9n\u00e9fici\u00e9 de guides chirurgicaux et de dispositifs biocompatibles sp\u00e9cifiques au patient. L&rsquo;impression 3D dentaire propose aujourd&rsquo;hui quelque 17 mat\u00e9riaux diff\u00e9rents pour un nombre incroyable d&rsquo;applications. Il est difficile d&rsquo;estimer le nombre de solutions personnalis\u00e9es qui ont \u00e9t\u00e9 fabriqu\u00e9es pour les patients, mais il doit \u00eatre incroyablement \u00e9lev\u00e9.   <\/p>\n\n\t\t<\/div>\n\t\t\t\t\t<\/div>\n\n\t\n\n\n<style>\n#row-553327268 > .col > .col-inner {\n  padding: 30px 0px 0px 0px;\n}\n<\/style>\n<\/div>\n<div class=\"row\"  id=\"row-174005618\">\n\n\n\t<div id=\"col-985703822\" class=\"col medium-6 small-12 large-6\"  >\n\t\t\t\t<div class=\"col-inner\"  >\n\t\t\t\n\t\t\t\n\n\t<div class=\"box has-hover   has-hover box-text-bottom\" >\n\n\t\t<div class=\"box-image\" >\n\t\t\t<a href=\"https:\/\/3d-edu.ch\/fr\/impression-3d-medicale-et-dentaire\/impression-3d-dentaire\/\" >\t\t\t<div class=\"\" >\n\t\t\t\t<img loading=\"lazy\" decoding=\"async\" width=\"900\" height=\"537\" src=\"https:\/\/3d-edu.ch\/wp-content\/smush-avif\/2021\/07\/3d-drucker-dental.jpg.avif\" class=\"attachment- size-\" alt=\"Imprimante 3D dentaire\" srcset=\"https:\/\/3d-edu.ch\/wp-content\/smush-avif\/2021\/07\/3d-drucker-dental.jpg.avif 900w, https:\/\/3d-edu.ch\/wp-content\/smush-avif\/2021\/07\/3d-drucker-dental-240x143.jpg.avif 240w, https:\/\/3d-edu.ch\/wp-content\/smush-avif\/2021\/07\/3d-drucker-dental-768x458.jpg.avif 768w, https:\/\/3d-edu.ch\/wp-content\/smush-avif\/2021\/07\/3d-drucker-dental-50x30.jpg.avif 50w, https:\/\/3d-edu.ch\/wp-content\/smush-avif\/2021\/07\/3d-drucker-dental-380x227.jpg.avif 380w\" sizes=\"auto, (max-width: 900px) 100vw, 900px\" \/>\t\t\t\t\t\t\t\t\t\t\t<\/div>\n\t\t\t<\/a>\t\t<\/div>\n\n\t\t<div class=\"box-text text-left\" >\n\t\t\t<div class=\"box-text-inner\">\n\t\t\t\t\n\n<h2>Impression 3D dentaire<\/h2>\n<p>Avec pr\u00e8s de 20 mat\u00e9riaux diff\u00e9rents et deux imprimantes 3D d\u00e9di\u00e9es au dentaire, Formlab offre une tr\u00e8s large gamme pour l&rsquo;impression 3D dentaire. Ainsi, les imprimantes 3D Formlabs conviennent aussi bien aux laboratoires de proth\u00e8se dentaire, aux cabinets dentaires qu&rsquo;\u00e0 l&rsquo;orthodontie. <\/p>\n<p>Outre l&rsquo;excellent mat\u00e9riel, Formlabs propose \u00e9galement un \u00e9cosyst\u00e8me intelligent de logiciels et de post-traitements automatis\u00e9s. Le logiciel se distingue non seulement par l&rsquo;int\u00e9gration de tous les syst\u00e8mes connus, mais aussi par des fonctions sp\u00e9cifiques et un syst\u00e8me de gestion des travaux d&rsquo;impression qui permet de g\u00e9rer plusieurs imprimantes simultan\u00e9ment. <\/p>\n<a href=\"https:\/\/3d-edu.ch\/fr\/impression-3d-medicale-et-dentaire\/impression-3d-dentaire\/\" class=\"button primary\" >\n\t\t<span>D\u00e9couvrir l&#039;impression 3D dentaire maintenant<\/span>\n\t<\/a>\n\n\n\n\t\t\t<\/div>\n\t\t<\/div>\n\t<\/div>\n\t\n\n\t\t<\/div>\n\t\t\t\t\t<\/div>\n\n\t\n\n\t<div id=\"col-924141571\" class=\"col medium-6 small-12 large-6\"  >\n\t\t\t\t<div class=\"col-inner\"  >\n\t\t\t\n\t\t\t\n\n\t<div class=\"box has-hover   has-hover box-text-bottom\" >\n\n\t\t<div class=\"box-image\" >\n\t\t\t\t\t\t<div class=\"\" >\n\t\t\t\t<img loading=\"lazy\" decoding=\"async\" width=\"900\" height=\"537\" src=\"https:\/\/3d-edu.ch\/wp-content\/smush-avif\/2021\/07\/3d-druck-medizin.jpg.avif\" class=\"attachment- size-\" alt=\"Impression 3D m\u00e9dicale\" srcset=\"https:\/\/3d-edu.ch\/wp-content\/smush-avif\/2021\/07\/3d-druck-medizin.jpg.avif 900w, https:\/\/3d-edu.ch\/wp-content\/smush-avif\/2021\/07\/3d-druck-medizin-240x143.jpg.avif 240w, https:\/\/3d-edu.ch\/wp-content\/smush-avif\/2021\/07\/3d-druck-medizin-768x458.jpg.avif 768w, https:\/\/3d-edu.ch\/wp-content\/smush-avif\/2021\/07\/3d-druck-medizin-50x30.jpg.avif 50w, https:\/\/3d-edu.ch\/wp-content\/smush-avif\/2021\/07\/3d-druck-medizin-380x227.jpg.avif 380w\" sizes=\"auto, (max-width: 900px) 100vw, 900px\" \/>\t\t\t\t\t\t\t\t\t\t\t<\/div>\n\t\t\t\t\t<\/div>\n\n\t\t<div class=\"box-text text-left\" >\n\t\t\t<div class=\"box-text-inner\">\n\t\t\t\t\n\n<h2>L&rsquo;impression 3D en m\u00e9decine<\/h2>\n<p>Les imprimantes 3D m\u00e9dicales SLA de Formlab offrent la possibilit\u00e9 de traiter des mat\u00e9riaux techniques et biocompatibles sur une seule et m\u00eame machine. C&rsquo;est pourquoi cette machine est tr\u00e8s appr\u00e9ci\u00e9e par de nombreuses entreprises de technologie m\u00e9dicale. Elle permet non seulement de d\u00e9velopper des composants MedTech, mais aussi de concevoir et d&rsquo;utiliser des instruments chirurgicaux. Nous sommes fiers de pouvoir fournir depuis longtemps de nombreuses universit\u00e9s et h\u00f4pitaux en Suisse.   <\/p>\n<p>L&rsquo;imprimante 3D Formlabs Fuse 1 SLS offre \u00e9galement de nouvelles possibilit\u00e9s pour la fabrication de proth\u00e8ses personnalis\u00e9es.<\/p>\n<a class=\"button primary\" >\n\t\t<span>D\u00e9couvrir l&#039;impression 3D en m\u00e9decine d\u00e8s maintenant<\/span>\n\t<\/a>\n\n\n\n\t\t\t<\/div>\n\t\t<\/div>\n\t<\/div>\n\t\n\n\t\t<\/div>\n\t\t\t\t\t<\/div>\n\n\t\n\n<\/div>\n\n","protected":false},"excerpt":{"rendered":"","protected":false},"author":1,"featured_media":64509,"parent":0,"menu_order":0,"comment_status":"closed","ping_status":"closed","template":"page-blank.php","meta":{"footnotes":""},"class_list":["post-81998","page","type-page","status-publish","has-post-thumbnail","hentry"],"yoast_head":"<!-- This site is optimized with the Yoast SEO Premium plugin v27.5 (Yoast SEO v27.5) - https:\/\/yoast.com\/product\/yoast-seo-premium-wordpress\/ -->\n<title>Impression 3D m\u00e9dicale et dentaire pour la Suisse - 3D-EDU GmbH<\/title>\n<meta name=\"robots\" content=\"index, follow, max-snippet:-1, max-image-preview:large, max-video-preview:-1\" \/>\n<link rel=\"canonical\" href=\"https:\/\/3d-edu.ch\/fr\/impression-3d-medicale-et-dentaire\/\" \/>\n<meta property=\"og:locale\" content=\"fr_FR\" \/>\n<meta property=\"og:type\" content=\"article\" \/>\n<meta property=\"og:title\" content=\"Impression 3D m\u00e9dicale et dentaire\" \/>\n<meta property=\"og:url\" content=\"https:\/\/3d-edu.ch\/fr\/impression-3d-medicale-et-dentaire\/\" \/>\n<meta property=\"og:site_name\" content=\"3D-EDU GmbH\" \/>\n<meta property=\"article:publisher\" content=\"https:\/\/www.facebook.com\/3d-educh-210277586064960\/\" \/>\n<meta property=\"article:modified_time\" content=\"2026-04-16T14:19:27+00:00\" \/>\n<meta property=\"og:image\" content=\"https:\/\/3d-edu.ch\/wp-content\/uploads\/2021\/07\/medizin-dental-3d-druck.jpg\" \/>\n\t<meta property=\"og:image:width\" content=\"1200\" \/>\n\t<meta property=\"og:image:height\" content=\"600\" \/>\n\t<meta property=\"og:image:type\" content=\"image\/jpeg\" \/>\n<meta name=\"twitter:card\" content=\"summary_large_image\" \/>\n<meta name=\"twitter:site\" content=\"@3d_edu_ch\" \/>\n<meta name=\"twitter:label1\" content=\"Dur\u00e9e de lecture estim\u00e9e\" \/>\n\t<meta name=\"twitter:data1\" content=\"2 minute\" \/>\n<script type=\"application\/ld+json\" class=\"yoast-schema-graph\">{\"@context\":\"https:\\\/\\\/schema.org\",\"@graph\":[{\"@type\":\"WebPage\",\"@id\":\"https:\\\/\\\/3d-edu.ch\\\/fr\\\/impression-3d-medicale-et-dentaire\\\/\",\"url\":\"https:\\\/\\\/3d-edu.ch\\\/fr\\\/impression-3d-medicale-et-dentaire\\\/\",\"name\":\"Impression 3D m\u00e9dicale et dentaire pour la Suisse - 3D-EDU GmbH\",\"isPartOf\":{\"@id\":\"https:\\\/\\\/3d-edu.ch\\\/fr\\\/#website\"},\"primaryImageOfPage\":{\"@id\":\"https:\\\/\\\/3d-edu.ch\\\/fr\\\/impression-3d-medicale-et-dentaire\\\/#primaryimage\"},\"image\":{\"@id\":\"https:\\\/\\\/3d-edu.ch\\\/fr\\\/impression-3d-medicale-et-dentaire\\\/#primaryimage\"},\"thumbnailUrl\":\"https:\\\/\\\/3d-edu.ch\\\/wp-content\\\/uploads\\\/2021\\\/07\\\/medizin-dental-3d-druck.jpg\",\"datePublished\":\"2021-08-01T07:20:23+00:00\",\"dateModified\":\"2026-04-16T14:19:27+00:00\",\"breadcrumb\":{\"@id\":\"https:\\\/\\\/3d-edu.ch\\\/fr\\\/impression-3d-medicale-et-dentaire\\\/#breadcrumb\"},\"inLanguage\":\"fr-FR\",\"potentialAction\":[{\"@type\":\"ReadAction\",\"target\":[\"https:\\\/\\\/3d-edu.ch\\\/fr\\\/impression-3d-medicale-et-dentaire\\\/\"]}]},{\"@type\":\"ImageObject\",\"inLanguage\":\"fr-FR\",\"@id\":\"https:\\\/\\\/3d-edu.ch\\\/fr\\\/impression-3d-medicale-et-dentaire\\\/#primaryimage\",\"url\":\"https:\\\/\\\/3d-edu.ch\\\/wp-content\\\/uploads\\\/2021\\\/07\\\/medizin-dental-3d-druck.jpg\",\"contentUrl\":\"https:\\\/\\\/3d-edu.ch\\\/wp-content\\\/uploads\\\/2021\\\/07\\\/medizin-dental-3d-druck.jpg\",\"width\":1200,\"height\":600,\"caption\":\"M\u00e9decine Dentaire Impression 3D\"},{\"@type\":\"BreadcrumbList\",\"@id\":\"https:\\\/\\\/3d-edu.ch\\\/fr\\\/impression-3d-medicale-et-dentaire\\\/#breadcrumb\",\"itemListElement\":[{\"@type\":\"ListItem\",\"position\":1,\"name\":\"Accueil\",\"item\":\"https:\\\/\\\/3d-edu.ch\\\/fr\\\/\"},{\"@type\":\"ListItem\",\"position\":2,\"name\":\"Impression 3D m\u00e9dicale et dentaire\"}]},{\"@type\":\"WebSite\",\"@id\":\"https:\\\/\\\/3d-edu.ch\\\/fr\\\/#website\",\"url\":\"https:\\\/\\\/3d-edu.ch\\\/fr\\\/\",\"name\":\"3D-EDU GmbH\",\"description\":\"Your Formlabs, UltiMaker and Raise3D Printer Support and Education Site in Switzerland. \\\/\\\/ Ihre Formlabs, UltiMaker and Raise3D Drucker Support und Bildungs Webseite der Schweiz.\",\"publisher\":{\"@id\":\"https:\\\/\\\/3d-edu.ch\\\/fr\\\/#organization\"},\"potentialAction\":[{\"@type\":\"SearchAction\",\"target\":{\"@type\":\"EntryPoint\",\"urlTemplate\":\"https:\\\/\\\/3d-edu.ch\\\/fr\\\/?s={search_term_string}\"},\"query-input\":{\"@type\":\"PropertyValueSpecification\",\"valueRequired\":true,\"valueName\":\"search_term_string\"}}],\"inLanguage\":\"fr-FR\"},{\"@type\":[\"Organization\",\"Place\",\"ElectronicsStore\"],\"@id\":\"https:\\\/\\\/3d-edu.ch\\\/fr\\\/#organization\",\"name\":\"3D-EDU GmbH\",\"url\":\"https:\\\/\\\/3d-edu.ch\\\/fr\\\/\",\"logo\":{\"@id\":\"https:\\\/\\\/3d-edu.ch\\\/fr\\\/impression-3d-medicale-et-dentaire\\\/#local-main-organization-logo\"},\"image\":{\"@id\":\"https:\\\/\\\/3d-edu.ch\\\/fr\\\/impression-3d-medicale-et-dentaire\\\/#local-main-organization-logo\"},\"sameAs\":[\"https:\\\/\\\/www.facebook.com\\\/3d-educh-210277586064960\\\/\",\"https:\\\/\\\/x.com\\\/3d_edu_ch\"],\"address\":{\"@id\":\"https:\\\/\\\/3d-edu.ch\\\/fr\\\/impression-3d-medicale-et-dentaire\\\/#local-main-place-address\"},\"geo\":{\"@type\":\"GeoCoordinates\",\"latitude\":\"47.38413\",\"longitude\":\"8.49812\"},\"telephone\":[\"+41 44 492 11 22\"],\"openingHoursSpecification\":[{\"@type\":\"OpeningHoursSpecification\",\"dayOfWeek\":[\"Monday\",\"Tuesday\",\"Wednesday\",\"Thursday\",\"Friday\"],\"opens\":\"08:30\",\"closes\":\"18:00\"},{\"@type\":\"OpeningHoursSpecification\",\"dayOfWeek\":[\"Saturday\",\"Sunday\"],\"opens\":\"00:00\",\"closes\":\"00:00\"}],\"email\":\"info@3d-edu.ch\",\"faxNumber\":\"+41 44 492 11 23\",\"vatID\":\"CHE-184.499.491 MWST\",\"priceRange\":\"$$$\",\"currenciesAccepted\":\"CHF\"},{\"@type\":\"PostalAddress\",\"@id\":\"https:\\\/\\\/3d-edu.ch\\\/fr\\\/impression-3d-medicale-et-dentaire\\\/#local-main-place-address\",\"streetAddress\":\"3D-EDU GmbH, Badenerstrasse 556\",\"addressLocality\":\"Z\u00fcrich\",\"postalCode\":\"8048\",\"addressRegion\":\"Z\u00fcrich\",\"addressCountry\":\"CH\"},{\"@type\":\"ImageObject\",\"inLanguage\":\"fr-FR\",\"@id\":\"https:\\\/\\\/3d-edu.ch\\\/fr\\\/impression-3d-medicale-et-dentaire\\\/#local-main-organization-logo\",\"url\":\"https:\\\/\\\/3d-edu.ch\\\/wp-content\\\/uploads\\\/2018\\\/10\\\/3d-drucker-makerbot-formlabs-professionelle-3d-drucker-e1546527990490.png\",\"contentUrl\":\"https:\\\/\\\/3d-edu.ch\\\/wp-content\\\/uploads\\\/2018\\\/10\\\/3d-drucker-makerbot-formlabs-professionelle-3d-drucker-e1546527990490.png\",\"width\":275,\"height\":80,\"caption\":\"3D-EDU GmbH\"}]}<\/script>\n<meta name=\"geo.placename\" content=\"Z\u00fcrich\" \/>\n<meta name=\"geo.position\" content=\"47.38413;8.49812\" \/>\n<meta name=\"geo.region\" content=\"Suisse\" \/>\n<!-- \/ Yoast SEO Premium plugin. -->","yoast_head_json":{"title":"Impression 3D m\u00e9dicale et dentaire pour la Suisse - 3D-EDU GmbH","robots":{"index":"index","follow":"follow","max-snippet":"max-snippet:-1","max-image-preview":"max-image-preview:large","max-video-preview":"max-video-preview:-1"},"canonical":"https:\/\/3d-edu.ch\/fr\/impression-3d-medicale-et-dentaire\/","og_locale":"fr_FR","og_type":"article","og_title":"Impression 3D m\u00e9dicale et dentaire","og_url":"https:\/\/3d-edu.ch\/fr\/impression-3d-medicale-et-dentaire\/","og_site_name":"3D-EDU GmbH","article_publisher":"https:\/\/www.facebook.com\/3d-educh-210277586064960\/","article_modified_time":"2026-04-16T14:19:27+00:00","og_image":[{"width":1200,"height":600,"url":"https:\/\/3d-edu.ch\/wp-content\/uploads\/2021\/07\/medizin-dental-3d-druck.jpg","type":"image\/jpeg"}],"twitter_card":"summary_large_image","twitter_site":"@3d_edu_ch","twitter_misc":{"Dur\u00e9e de lecture estim\u00e9e":"2 minute"},"schema":{"@context":"https:\/\/schema.org","@graph":[{"@type":"WebPage","@id":"https:\/\/3d-edu.ch\/fr\/impression-3d-medicale-et-dentaire\/","url":"https:\/\/3d-edu.ch\/fr\/impression-3d-medicale-et-dentaire\/","name":"Impression 3D m\u00e9dicale et dentaire pour la Suisse - 3D-EDU GmbH","isPartOf":{"@id":"https:\/\/3d-edu.ch\/fr\/#website"},"primaryImageOfPage":{"@id":"https:\/\/3d-edu.ch\/fr\/impression-3d-medicale-et-dentaire\/#primaryimage"},"image":{"@id":"https:\/\/3d-edu.ch\/fr\/impression-3d-medicale-et-dentaire\/#primaryimage"},"thumbnailUrl":"https:\/\/3d-edu.ch\/wp-content\/uploads\/2021\/07\/medizin-dental-3d-druck.jpg","datePublished":"2021-08-01T07:20:23+00:00","dateModified":"2026-04-16T14:19:27+00:00","breadcrumb":{"@id":"https:\/\/3d-edu.ch\/fr\/impression-3d-medicale-et-dentaire\/#breadcrumb"},"inLanguage":"fr-FR","potentialAction":[{"@type":"ReadAction","target":["https:\/\/3d-edu.ch\/fr\/impression-3d-medicale-et-dentaire\/"]}]},{"@type":"ImageObject","inLanguage":"fr-FR","@id":"https:\/\/3d-edu.ch\/fr\/impression-3d-medicale-et-dentaire\/#primaryimage","url":"https:\/\/3d-edu.ch\/wp-content\/uploads\/2021\/07\/medizin-dental-3d-druck.jpg","contentUrl":"https:\/\/3d-edu.ch\/wp-content\/uploads\/2021\/07\/medizin-dental-3d-druck.jpg","width":1200,"height":600,"caption":"M\u00e9decine Dentaire Impression 3D"},{"@type":"BreadcrumbList","@id":"https:\/\/3d-edu.ch\/fr\/impression-3d-medicale-et-dentaire\/#breadcrumb","itemListElement":[{"@type":"ListItem","position":1,"name":"Accueil","item":"https:\/\/3d-edu.ch\/fr\/"},{"@type":"ListItem","position":2,"name":"Impression 3D m\u00e9dicale et dentaire"}]},{"@type":"WebSite","@id":"https:\/\/3d-edu.ch\/fr\/#website","url":"https:\/\/3d-edu.ch\/fr\/","name":"3D-EDU GmbH","description":"Your Formlabs, UltiMaker and Raise3D Printer Support and Education Site in Switzerland. \/\/ Ihre Formlabs, UltiMaker and Raise3D Drucker Support und Bildungs Webseite der Schweiz.","publisher":{"@id":"https:\/\/3d-edu.ch\/fr\/#organization"},"potentialAction":[{"@type":"SearchAction","target":{"@type":"EntryPoint","urlTemplate":"https:\/\/3d-edu.ch\/fr\/?s={search_term_string}"},"query-input":{"@type":"PropertyValueSpecification","valueRequired":true,"valueName":"search_term_string"}}],"inLanguage":"fr-FR"},{"@type":["Organization","Place","ElectronicsStore"],"@id":"https:\/\/3d-edu.ch\/fr\/#organization","name":"3D-EDU GmbH","url":"https:\/\/3d-edu.ch\/fr\/","logo":{"@id":"https:\/\/3d-edu.ch\/fr\/impression-3d-medicale-et-dentaire\/#local-main-organization-logo"},"image":{"@id":"https:\/\/3d-edu.ch\/fr\/impression-3d-medicale-et-dentaire\/#local-main-organization-logo"},"sameAs":["https:\/\/www.facebook.com\/3d-educh-210277586064960\/","https:\/\/x.com\/3d_edu_ch"],"address":{"@id":"https:\/\/3d-edu.ch\/fr\/impression-3d-medicale-et-dentaire\/#local-main-place-address"},"geo":{"@type":"GeoCoordinates","latitude":"47.38413","longitude":"8.49812"},"telephone":["+41 44 492 11 22"],"openingHoursSpecification":[{"@type":"OpeningHoursSpecification","dayOfWeek":["Monday","Tuesday","Wednesday","Thursday","Friday"],"opens":"08:30","closes":"18:00"},{"@type":"OpeningHoursSpecification","dayOfWeek":["Saturday","Sunday"],"opens":"00:00","closes":"00:00"}],"email":"info@3d-edu.ch","faxNumber":"+41 44 492 11 23","vatID":"CHE-184.499.491 MWST","priceRange":"$$$","currenciesAccepted":"CHF"},{"@type":"PostalAddress","@id":"https:\/\/3d-edu.ch\/fr\/impression-3d-medicale-et-dentaire\/#local-main-place-address","streetAddress":"3D-EDU GmbH, Badenerstrasse 556","addressLocality":"Z\u00fcrich","postalCode":"8048","addressRegion":"Z\u00fcrich","addressCountry":"CH"},{"@type":"ImageObject","inLanguage":"fr-FR","@id":"https:\/\/3d-edu.ch\/fr\/impression-3d-medicale-et-dentaire\/#local-main-organization-logo","url":"https:\/\/3d-edu.ch\/wp-content\/uploads\/2018\/10\/3d-drucker-makerbot-formlabs-professionelle-3d-drucker-e1546527990490.png","contentUrl":"https:\/\/3d-edu.ch\/wp-content\/uploads\/2018\/10\/3d-drucker-makerbot-formlabs-professionelle-3d-drucker-e1546527990490.png","width":275,"height":80,"caption":"3D-EDU GmbH"}]},"geo.placename":"Z\u00fcrich","geo.position":{"lat":"47.38413","long":"8.49812"},"geo.region":"Suisse"},"_links":{"self":[{"href":"https:\/\/3d-edu.ch\/fr\/wp-json\/wp\/v2\/pages\/81998","targetHints":{"allow":["GET"]}}],"collection":[{"href":"https:\/\/3d-edu.ch\/fr\/wp-json\/wp\/v2\/pages"}],"about":[{"href":"https:\/\/3d-edu.ch\/fr\/wp-json\/wp\/v2\/types\/page"}],"author":[{"embeddable":true,"href":"https:\/\/3d-edu.ch\/fr\/wp-json\/wp\/v2\/users\/1"}],"replies":[{"embeddable":true,"href":"https:\/\/3d-edu.ch\/fr\/wp-json\/wp\/v2\/comments?post=81998"}],"version-history":[{"count":4,"href":"https:\/\/3d-edu.ch\/fr\/wp-json\/wp\/v2\/pages\/81998\/revisions"}],"predecessor-version":[{"id":82316,"href":"https:\/\/3d-edu.ch\/fr\/wp-json\/wp\/v2\/pages\/81998\/revisions\/82316"}],"wp:featuredmedia":[{"embeddable":true,"href":"https:\/\/3d-edu.ch\/fr\/wp-json\/wp\/v2\/media\/64509"}],"wp:attachment":[{"href":"https:\/\/3d-edu.ch\/fr\/wp-json\/wp\/v2\/media?parent=81998"}],"curies":[{"name":"wp","href":"https:\/\/api.w.org\/{rel}","templated":true}]}}