{"id":79346,"date":"2014-10-23T13:19:39","date_gmt":"2014-10-23T11:19:39","guid":{"rendered":"https:\/\/3d-edu.ch\/makerbot\/imprimante-3d-makerbot\/"},"modified":"2026-03-09T14:06:01","modified_gmt":"2026-03-09T13:06:01","slug":"imprimante-3d-makerbot","status":"publish","type":"page","link":"https:\/\/3d-edu.ch\/fr\/makerbot\/imprimante-3d-makerbot\/","title":{"rendered":"Imprimante 3D MakerBot"},"content":{"rendered":"\n<div class=\"row align-middle\"  id=\"row-1022925471\">\n\n\n\t<div id=\"col-1441995320\" class=\"col medium-6 small-12 large-6\"  >\n\t\t\t\t<div class=\"col-inner\"  >\n\t\t\t\n\t\t\t\n\n\t<div class=\"img has-hover x md-x lg-x y md-y lg-y\" id=\"image_2096790205\">\n\t\t\t\t\t\t\t\t<div class=\"img-inner dark\" >\n\t\t\t<img loading=\"lazy\" decoding=\"async\" width=\"340\" height=\"340\" src=\"https:\/\/3d-edu.ch\/wp-content\/smush-avif\/2019\/01\/MakerBot-Produkte.jpg.avif\" class=\"attachment-large size-large\" alt=\"Produits MakerBot\" srcset=\"https:\/\/3d-edu.ch\/wp-content\/smush-avif\/2019\/01\/MakerBot-Produkte.jpg.avif 340w, https:\/\/3d-edu.ch\/wp-content\/smush-avif\/2019\/01\/MakerBot-Produkte-100x100.jpg.avif 100w, https:\/\/3d-edu.ch\/wp-content\/smush-avif\/2019\/01\/MakerBot-Produkte-150x150.jpg.avif 150w, https:\/\/3d-edu.ch\/wp-content\/smush-avif\/2019\/01\/MakerBot-Produkte-240x240.jpg.avif 240w\" sizes=\"auto, (max-width: 340px) 100vw, 340px\" \/>\t\t\t\t\t\t\n\t\t\t\t\t<\/div>\n\t\t\t\t\t\t\t\t\n<style>\n#image_2096790205 {\n  width: 100%;\n}\n<\/style>\n\t<\/div>\n\t\n\n\n\t\t<\/div>\n\t\t\t\t\t<\/div>\n\n\t\n\n\t<div id=\"col-1867089706\" class=\"col medium-6 small-12 large-6\"  >\n\t\t\t\t<div class=\"col-inner\"  >\n\t\t\t\n\t\t\t\n\n<h1>Imprimante 3D MakerBot<\/h1>\n<h2>Imprimantes 3D de bureau - Convaincre par la qualit\u00e9 et la facilit\u00e9 d&rsquo;utilisation<\/h2>\n<p>Vous \u00eates \u00e0 la recherche d&rsquo;une imprimante 3D ? MakerBot offre des solutions simples &amp; polyvalentes. La filiale de <a href=\"http:\/\/www.stratasys.com\/de\" target=\"_blank\" rel=\"noopener noreferrer\">Stratasys Ltd.<\/a> d\u00e9veloppe des imprimantes 3D de bureau &amp; des logiciels pour les ing\u00e9nieurs, les architectes, les designers &amp; les \u00e9coles. Les imprimantes 3D MakerBot utilisent le proc\u00e9d\u00e9 d&rsquo;impression 3D FDM. Elles se distinguent par des produits mat\u00e9riels de haute qualit\u00e9 et des logiciels et accessoires d\u00e9velopp\u00e9s en parall\u00e8le. La gamme s&rsquo;\u00e9tend des mod\u00e8les polyvalents puissants aux mod\u00e8les industriels pour les composants de grande taille, en passant par les mod\u00e8les compacts pour les bureaux et les salles de classe. Les imprimantes 3D MakerBot offrent ainsi un concept global pour les d\u00e9butants et les utilisateurs professionnels.      <\/p>\n\n\t\t<\/div>\n\t\t\t\t\t<\/div>\n\n\t\n\n<\/div>\n<div class=\"row\"  id=\"row-1940224158\">\n\n\n\t<div id=\"col-2104164895\" class=\"col medium-4 small-12 large-4\"  >\n\t\t\t\t<div class=\"col-inner\"  >\n\t\t\t\n\t\t\t\n\n<div class=\"woocommerce columns-1 \"><\/div>\n\n<a href=\"\/makerbot\/makerbot-3d-drucker\/makerbot-method-x\/\" class=\"button primary\" >\n\t\t<span>Plus d&#039;informations<\/span>\n\t<\/a>\n\n\n\n\t\t<\/div>\n\t\t\t\t\t<\/div>\n\n\t\n\n\t<div id=\"col-65969961\" class=\"col medium-4 small-12 large-4\"  >\n\t\t\t\t<div class=\"col-inner\"  >\n\t\t\t\n\t\t\t\n\n<div class=\"woocommerce columns-1 \"><\/div>\n\n<a href=\"\/makerbot\/makerbot-3d-drucker\/makerbot-method\/\" class=\"button primary\" >\n\t\t<span>Plus d&#039;informations<\/span>\n\t<\/a>\n\n\n\n\t\t<\/div>\n\t\t\t\t\t<\/div>\n\n\t\n\n\t<div id=\"col-976898342\" class=\"col medium-4 small-12 large-4\"  >\n\t\t\t\t<div class=\"col-inner\"  >\n\t\t\t\n\t\t\t\n\n<div class=\"woocommerce columns-1 \"><\/div>\n\n<a href=\"https:\/\/3d-edu.ch\/fr\/makerbot\/imprimante-3d-makerbot\/makerbot-replicator\/\" class=\"button primary\" >\n\t\t<span>Plus d&#039;informations<\/span>\n\t<\/a>\n\n\n\n\t\t<\/div>\n\t\t\t\t\t<\/div>\n\n\t\n\n<\/div>\n<div class=\"row\"  id=\"row-1840194828\">\n\n\n\t<div id=\"col-161379089\" class=\"col small-12 large-12\"  >\n\t\t\t\t<div class=\"col-inner\"  >\n\t\t\t\n\t\t\t\n\n<h2>Imprimantes 3D MakerBot - Imprimantes 3D FDM professionnelles pour votre bureau<\/h2>\n<p>Les imprimantes 3D MakerBot sont con\u00e7ues pour un prototypage rapide fiable, rapide et abordable. L&rsquo;\u00e9cosyst\u00e8me MakerBot comprend, outre les imprimantes 3D MakerBot, le logiciel <a href=\"\/makerbot\/makerbot-apps\/makerbot-print\/\">MakerBot Print<\/a> et le <a href=\"https:\/\/3d-edu.ch\/fr\/makerbot\/filament-makerbot\/\">filament MakerBot<\/a> correspondant. De nombreuses fonctionnalit\u00e9s rendent les imprimantes 3D MakerBot extr\u00eamement faciles \u00e0 utiliser et garantissent un flux de travail rapide et transparent. Les imprimantes 3D MakerBot peuvent \u00eatre contr\u00f4l\u00e9es sur place via un \u00e9cran LCD \/ Tough-Screen, pilot\u00e9es par logiciel via LAN ou WLAN et surveill\u00e9es via logiciel \/ application mobile via une cam\u00e9ra int\u00e9gr\u00e9e. Le logiciel MakerBot Print prend \u00e9galement en charge une vingtaine de fichiers CAO natifs, ce qui permet d&rsquo;importer des assemblages entiers en un clic de souris et de les pr\u00e9parer pour la production sur les imprimantes 3D MakerBot. Cela permet un flux de travail extr\u00eamement rapide pour les utilisateurs professionnels.     <\/p>\n<a href=\"https:\/\/3d-edu.ch\/fr\/makerbot\/imprimante-3d-makerbot\/comparaison-des-imprimantes-3d-makerbot\/\" class=\"button primary is-large\" >\n\t\t<span>Comparer les imprimantes 3D MakerBot<\/span>\n\t<\/a>\n\n\n\n\t\t<\/div>\n\t\t\t\t\t<\/div>\n\n\t\n\n<\/div>\n<div class=\"row align-middle\"  id=\"row-411998935\">\n\n\n\t<div id=\"col-1045706367\" class=\"col medium-6 small-12 large-6\"  >\n\t\t\t\t<div class=\"col-inner\"  >\n\t\t\t\n\t\t\t\n\n\t<div class=\"img has-hover x md-x lg-x y md-y lg-y\" id=\"image_1124376880\">\n\t\t\t\t\t\t\t\t<div class=\"img-inner dark\" >\n\t\t\t<img loading=\"lazy\" decoding=\"async\" width=\"900\" height=\"502\" src=\"https:\/\/3d-edu.ch\/wp-content\/smush-avif\/2019\/01\/MakerBot-PLA-Filament.jpg.avif\" class=\"attachment-large size-large\" alt=\"Filament PLA MakerBot\" srcset=\"https:\/\/3d-edu.ch\/wp-content\/smush-avif\/2019\/01\/MakerBot-PLA-Filament.jpg.avif 900w, https:\/\/3d-edu.ch\/wp-content\/smush-avif\/2019\/01\/MakerBot-PLA-Filament-380x212.jpg.avif 380w, https:\/\/3d-edu.ch\/wp-content\/smush-avif\/2019\/01\/MakerBot-PLA-Filament-240x134.jpg.avif 240w, https:\/\/3d-edu.ch\/wp-content\/smush-avif\/2019\/01\/MakerBot-PLA-Filament-768x428.jpg.avif 768w\" sizes=\"auto, (max-width: 900px) 100vw, 900px\" \/>\t\t\t\t\t\t\n\t\t\t\t\t<\/div>\n\t\t\t\t\t\t\t\t\n<style>\n#image_1124376880 {\n  width: 100%;\n}\n<\/style>\n\t<\/div>\n\t\n\n\n\t\t<\/div>\n\t\t\t\t\t<\/div>\n\n\t\n\n\t<div id=\"col-1339493597\" class=\"col medium-6 small-12 large-6\"  >\n\t\t\t\t<div class=\"col-inner\"  >\n\t\t\t\n\t\t\t\n\n<h2>Filament MakerBot pour l&rsquo;impression 3D<\/h2>\n<p>Les filaments Makerbot sont optimis\u00e9s pour l&rsquo;utilisation des imprimantes 3D Makerbot.<\/p>\n<a href=\"https:\/\/3d-edu.ch\/fr\/makerbot\/filament-makerbot\/\" class=\"button primary is-large\" >\n\t\t<span>Plus d&#039;informations<\/span>\n\t<\/a>\n\n\n\n\t\t<\/div>\n\t\t\t\t\t<\/div>\n\n\t\n\n<\/div>\n<div class=\"row align-middle\"  id=\"row-1249711153\">\n\n\n\t<div id=\"col-572845086\" class=\"col medium-6 small-12 large-6\"  >\n\t\t\t\t<div class=\"col-inner\"  >\n\t\t\t\n\t\t\t\n\n<h2>Logiciels et applications MakerBot<\/h2>\n<p>Les logiciels et applications Makerbot optimisent le flux de travail pour l&rsquo;utilisation des imprimantes 3D Makerbot.<\/p>\n<a href=\"\/makerbot\/makerbot-apps\/\" class=\"button primary is-large\" >\n\t\t<span>Plus d&#039;informations<\/span>\n\t<\/a>\n\n\n\n\t\t<\/div>\n\t\t\t\t\t<\/div>\n\n\t\n\n\t<div id=\"col-1623101989\" class=\"col medium-6 small-12 large-6\"  >\n\t\t\t\t<div class=\"col-inner\"  >\n\t\t\t\n\t\t\t\n\n\t<div class=\"img has-hover x md-x lg-x y md-y lg-y\" id=\"image_954713795\">\n\t\t\t\t\t\t\t\t<div class=\"img-inner dark\" >\n\t\t\t<img loading=\"lazy\" decoding=\"async\" width=\"900\" height=\"438\" src=\"https:\/\/3d-edu.ch\/wp-content\/smush-avif\/2019\/01\/MakerBot-Software.jpg.avif\" class=\"attachment-large size-large\" alt=\"Logiciel MakerBot\" srcset=\"https:\/\/3d-edu.ch\/wp-content\/smush-avif\/2019\/01\/MakerBot-Software.jpg.avif 900w, https:\/\/3d-edu.ch\/wp-content\/smush-avif\/2019\/01\/MakerBot-Software-380x185.jpg.avif 380w, https:\/\/3d-edu.ch\/wp-content\/smush-avif\/2019\/01\/MakerBot-Software-240x117.jpg.avif 240w, https:\/\/3d-edu.ch\/wp-content\/smush-avif\/2019\/01\/MakerBot-Software-768x374.jpg.avif 768w\" sizes=\"auto, (max-width: 900px) 100vw, 900px\" \/>\t\t\t\t\t\t\n\t\t\t\t\t<\/div>\n\t\t\t\t\t\t\t\t\n<style>\n#image_954713795 {\n  width: 100%;\n}\n<\/style>\n\t<\/div>\n\t\n\n\n\t\t<\/div>\n\t\t\t\t\t<\/div>\n\n\t\n\n<\/div>\n<div class=\"is-divider divider clearfix\" style=\"max-width:1280px;height:1px;\"><\/div>\n\n<div class=\"row\"  id=\"row-751513540\">\n\n\n\t<div id=\"col-1808998346\" class=\"col medium-4 small-12 large-4\"  >\n\t\t\t\t<div class=\"col-inner\"  >\n\t\t\t\n\t\t\t\n\n\t<div class=\"box has-hover   has-hover box-text-bottom\" >\n\n\t\t<div class=\"box-image\" style=\"width:50%;\">\n\t\t\t<a href=\"https:\/\/3d-edu.ch\/fr\/makerbot\/imprimante-3d-makerbot\/\" >\t\t\t<div class=\"\" >\n\t\t\t\t<img loading=\"lazy\" decoding=\"async\" width=\"150\" height=\"150\" src=\"https:\/\/3d-edu.ch\/wp-content\/smush-avif\/2019\/08\/makerbot-3d-printers.jpg.avif\" class=\"attachment- size-\" alt=\"MakerBot 3D-Drucker\" srcset=\"https:\/\/3d-edu.ch\/wp-content\/smush-avif\/2019\/08\/makerbot-3d-printers.jpg.avif 150w, https:\/\/3d-edu.ch\/wp-content\/smush-avif\/2019\/08\/makerbot-3d-printers-100x100.jpg.avif 100w\" sizes=\"auto, (max-width: 150px) 100vw, 150px\" \/>\t\t\t\t\t\t\t\t\t\t\t<\/div>\n\t\t\t<\/a>\t\t<\/div>\n\n\t\t<div class=\"box-text text-left\" >\n\t\t\t<div class=\"box-text-inner\">\n\t\t\t\t\n\n<h4>Imprimante 3D MakerBot<\/h4>\n<p> <a href=\"\/?page_id=38\"> Informations<\/a><br \/><a href=\"https:\/\/3d-edu.ch\/fr\/produkt-kategorie\/imprimantes-3d-fr-2\/\">Commander<\/a><\/p>\n\n\t\t\t<\/div>\n\t\t<\/div>\n\t<\/div>\n\t\n\n\t\t<\/div>\n\t\t\t\t\t<\/div>\n\n\t\n\n\t<div id=\"col-134732412\" class=\"col medium-4 small-12 large-4\"  >\n\t\t\t\t<div class=\"col-inner\"  >\n\t\t\t\n\t\t\t\n\n\t<div class=\"box has-hover   has-hover box-text-bottom\" >\n\n\t\t<div class=\"box-image\" style=\"width:50%;\">\n\t\t\t<a href=\"\/makerbot\/makerbot-apps\/\" >\t\t\t<div class=\"\" >\n\t\t\t\t<img loading=\"lazy\" decoding=\"async\" width=\"150\" height=\"150\" src=\"https:\/\/3d-edu.ch\/wp-content\/smush-avif\/2019\/01\/makerbot-software-icon-pic.jpg.avif\" class=\"attachment- size-\" alt=\"makerbot-software-icon-pic\" srcset=\"https:\/\/3d-edu.ch\/wp-content\/smush-avif\/2019\/01\/makerbot-software-icon-pic.jpg.avif 150w, https:\/\/3d-edu.ch\/wp-content\/smush-avif\/2019\/01\/makerbot-software-icon-pic-100x100.jpg.avif 100w\" sizes=\"auto, (max-width: 150px) 100vw, 150px\" \/>\t\t\t\t\t\t\t\t\t\t\t<\/div>\n\t\t\t<\/a>\t\t<\/div>\n\n\t\t<div class=\"box-text text-left\" >\n\t\t\t<div class=\"box-text-inner\">\n\t\t\t\t\n\n<h4>Logiciels et applications MakerBot<\/h4>\n<p><a href=\"\/makerbot\/makerbot-apps\/\">  Informations<\/a>\n\n\t\t\t<\/div>\n\t\t<\/div>\n\t<\/div>\n\t\n\n\t\t<\/div>\n\t\t\t\t\t<\/div>\n\n\t\n\n\t<div id=\"col-1171232779\" class=\"col medium-4 small-12 large-4\"  >\n\t\t\t\t<div class=\"col-inner\"  >\n\t\t\t\n\t\t\t\n\n\t<div class=\"box has-hover   has-hover box-text-bottom\" >\n\n\t\t<div class=\"box-image\" style=\"width:50%;\">\n\t\t\t<a href=\"https:\/\/3d-edu.ch\/fr\/makerbot\/filament-makerbot\/\" >\t\t\t<div class=\"\" >\n\t\t\t\t<img loading=\"lazy\" decoding=\"async\" width=\"150\" height=\"150\" src=\"https:\/\/3d-edu.ch\/wp-content\/smush-avif\/2019\/01\/makerbot-filament-icon-pic.jpg.avif\" class=\"attachment- size-\" alt=\"makerbot-filament-icon-pic\" srcset=\"https:\/\/3d-edu.ch\/wp-content\/smush-avif\/2019\/01\/makerbot-filament-icon-pic.jpg.avif 150w, https:\/\/3d-edu.ch\/wp-content\/smush-avif\/2019\/01\/makerbot-filament-icon-pic-100x100.jpg.avif 100w\" sizes=\"auto, (max-width: 150px) 100vw, 150px\" \/>\t\t\t\t\t\t\t\t\t\t\t<\/div>\n\t\t\t<\/a>\t\t<\/div>\n\n\t\t<div class=\"box-text text-left\" >\n\t\t\t<div class=\"box-text-inner\">\n\t\t\t\t\n\n<h4>Mat\u00e9riaux MakerBot<\/h4>\n<\/p><p> <a href=\"\/?page_id=616\"> Informations<\/a><br \/><a href=\"https:\/\/3d-edu.ch\/fr\/produkt-kategorie\/filaments-makerbot-fr\/\">Commander<\/a><\/p>\n\n\t\t\t<\/div>\n\t\t<\/div>\n\t<\/div>\n\t\n\n\t\t<\/div>\n\t\t\t\t\t<\/div>\n\n\t\n\n<\/div>\n\n\n","protected":false},"excerpt":{"rendered":"","protected":false},"author":1,"featured_media":0,"parent":79304,"menu_order":0,"comment_status":"closed","ping_status":"closed","template":"","meta":{"footnotes":""},"class_list":["post-79346","page","type-page","status-publish","hentry"],"yoast_head":"<!-- This site is optimized with the Yoast SEO Premium plugin v27.4 (Yoast SEO v27.4) - https:\/\/yoast.com\/product\/yoast-seo-premium-wordpress\/ -->\n<title>Imprimantes 3D MakerBot | Imprimantes 3D FDM professionnelles | 3D-EDU GmbH<\/title>\n<meta name=\"description\" content=\"MAKERBOT 3D-DRUCKER Imprimante 3D de bureau - Haute qualit\u00e9 &amp; facile \u00e0 utiliser. Imprimantes 3D MakerBot &amp; accessoires de MakerBot Authorized Partner Professional Suisse\" \/>\n<meta name=\"robots\" content=\"index, follow, max-snippet:-1, max-image-preview:large, max-video-preview:-1\" \/>\n<link rel=\"canonical\" href=\"https:\/\/3d-edu.ch\/fr\/makerbot\/imprimante-3d-makerbot\/\" \/>\n<meta property=\"og:locale\" content=\"fr_FR\" \/>\n<meta property=\"og:type\" content=\"article\" \/>\n<meta property=\"og:title\" content=\"Imprimante 3D MakerBot\" \/>\n<meta property=\"og:description\" content=\"MAKERBOT 3D-DRUCKER Imprimante 3D de bureau - Haute qualit\u00e9 &amp; facile \u00e0 utiliser. Imprimantes 3D MakerBot &amp; accessoires de MakerBot Authorized Partner Professional Suisse\" \/>\n<meta property=\"og:url\" content=\"https:\/\/3d-edu.ch\/fr\/makerbot\/imprimante-3d-makerbot\/\" \/>\n<meta property=\"og:site_name\" content=\"3D-EDU GmbH\" \/>\n<meta property=\"article:publisher\" content=\"https:\/\/www.facebook.com\/3d-educh-210277586064960\/\" \/>\n<meta property=\"article:modified_time\" content=\"2026-03-09T13:06:01+00:00\" \/>\n<meta name=\"twitter:card\" content=\"summary_large_image\" \/>\n<meta name=\"twitter:site\" content=\"@3d_edu_ch\" \/>\n<meta name=\"twitter:label1\" content=\"Dur\u00e9e de lecture estim\u00e9e\" \/>\n\t<meta name=\"twitter:data1\" content=\"3 minute\" \/>\n<script type=\"application\/ld+json\" class=\"yoast-schema-graph\">{\"@context\":\"https:\\\/\\\/schema.org\",\"@graph\":[{\"@type\":\"WebPage\",\"@id\":\"https:\\\/\\\/3d-edu.ch\\\/fr\\\/makerbot\\\/imprimante-3d-makerbot\\\/\",\"url\":\"https:\\\/\\\/3d-edu.ch\\\/fr\\\/makerbot\\\/imprimante-3d-makerbot\\\/\",\"name\":\"Imprimantes 3D MakerBot | Imprimantes 3D FDM professionnelles | 3D-EDU GmbH\",\"isPartOf\":{\"@id\":\"https:\\\/\\\/3d-edu.ch\\\/fr\\\/#website\"},\"datePublished\":\"2014-10-23T11:19:39+00:00\",\"dateModified\":\"2026-03-09T13:06:01+00:00\",\"description\":\"MAKERBOT 3D-DRUCKER Imprimante 3D de bureau - Haute qualit\u00e9 & facile \u00e0 utiliser. Imprimantes 3D MakerBot & accessoires de MakerBot Authorized Partner Professional Suisse\",\"breadcrumb\":{\"@id\":\"https:\\\/\\\/3d-edu.ch\\\/fr\\\/makerbot\\\/imprimante-3d-makerbot\\\/#breadcrumb\"},\"inLanguage\":\"fr-FR\",\"potentialAction\":[{\"@type\":\"ReadAction\",\"target\":[\"https:\\\/\\\/3d-edu.ch\\\/fr\\\/makerbot\\\/imprimante-3d-makerbot\\\/\"]}]},{\"@type\":\"BreadcrumbList\",\"@id\":\"https:\\\/\\\/3d-edu.ch\\\/fr\\\/makerbot\\\/imprimante-3d-makerbot\\\/#breadcrumb\",\"itemListElement\":[{\"@type\":\"ListItem\",\"position\":1,\"name\":\"Accueil\",\"item\":\"https:\\\/\\\/3d-edu.ch\\\/fr\\\/\"},{\"@type\":\"ListItem\",\"position\":2,\"name\":\"MakerBot\",\"item\":\"https:\\\/\\\/3d-edu.ch\\\/fr\\\/makerbot\\\/\"},{\"@type\":\"ListItem\",\"position\":3,\"name\":\"Imprimante 3D MakerBot\"}]},{\"@type\":\"WebSite\",\"@id\":\"https:\\\/\\\/3d-edu.ch\\\/fr\\\/#website\",\"url\":\"https:\\\/\\\/3d-edu.ch\\\/fr\\\/\",\"name\":\"3D-EDU GmbH\",\"description\":\"Your Formlabs, UltiMaker and Raise3D Printer Support and Education Site in Switzerland. \\\/\\\/ Ihre Formlabs, UltiMaker and Raise3D Drucker Support und Bildungs Webseite der Schweiz.\",\"publisher\":{\"@id\":\"https:\\\/\\\/3d-edu.ch\\\/fr\\\/#organization\"},\"potentialAction\":[{\"@type\":\"SearchAction\",\"target\":{\"@type\":\"EntryPoint\",\"urlTemplate\":\"https:\\\/\\\/3d-edu.ch\\\/fr\\\/?s={search_term_string}\"},\"query-input\":{\"@type\":\"PropertyValueSpecification\",\"valueRequired\":true,\"valueName\":\"search_term_string\"}}],\"inLanguage\":\"fr-FR\"},{\"@type\":[\"Organization\",\"Place\",\"ElectronicsStore\"],\"@id\":\"https:\\\/\\\/3d-edu.ch\\\/fr\\\/#organization\",\"name\":\"3D-EDU GmbH\",\"url\":\"https:\\\/\\\/3d-edu.ch\\\/fr\\\/\",\"logo\":{\"@id\":\"https:\\\/\\\/3d-edu.ch\\\/fr\\\/makerbot\\\/imprimante-3d-makerbot\\\/#local-main-organization-logo\"},\"image\":{\"@id\":\"https:\\\/\\\/3d-edu.ch\\\/fr\\\/makerbot\\\/imprimante-3d-makerbot\\\/#local-main-organization-logo\"},\"sameAs\":[\"https:\\\/\\\/www.facebook.com\\\/3d-educh-210277586064960\\\/\",\"https:\\\/\\\/x.com\\\/3d_edu_ch\"],\"address\":{\"@id\":\"https:\\\/\\\/3d-edu.ch\\\/fr\\\/makerbot\\\/imprimante-3d-makerbot\\\/#local-main-place-address\"},\"geo\":{\"@type\":\"GeoCoordinates\",\"latitude\":\"47.38413\",\"longitude\":\"8.49812\"},\"telephone\":[\"+41 44 492 11 22\"],\"openingHoursSpecification\":[{\"@type\":\"OpeningHoursSpecification\",\"dayOfWeek\":[\"Monday\",\"Tuesday\",\"Wednesday\",\"Thursday\",\"Friday\"],\"opens\":\"08:30\",\"closes\":\"18:00\"},{\"@type\":\"OpeningHoursSpecification\",\"dayOfWeek\":[\"Saturday\",\"Sunday\"],\"opens\":\"00:00\",\"closes\":\"00:00\"}],\"email\":\"info@3d-edu.ch\",\"faxNumber\":\"+41 44 492 11 23\",\"vatID\":\"CHE-184.499.491 MWST\",\"priceRange\":\"$$$\",\"currenciesAccepted\":\"CHF\"},{\"@type\":\"PostalAddress\",\"@id\":\"https:\\\/\\\/3d-edu.ch\\\/fr\\\/makerbot\\\/imprimante-3d-makerbot\\\/#local-main-place-address\",\"streetAddress\":\"3D-EDU GmbH, Badenerstrasse 556\",\"addressLocality\":\"Z\u00fcrich\",\"postalCode\":\"8048\",\"addressRegion\":\"Z\u00fcrich\",\"addressCountry\":\"CH\"},{\"@type\":\"ImageObject\",\"inLanguage\":\"fr-FR\",\"@id\":\"https:\\\/\\\/3d-edu.ch\\\/fr\\\/makerbot\\\/imprimante-3d-makerbot\\\/#local-main-organization-logo\",\"url\":\"https:\\\/\\\/3d-edu.ch\\\/wp-content\\\/uploads\\\/2018\\\/10\\\/3d-drucker-makerbot-formlabs-professionelle-3d-drucker-e1546527990490.png\",\"contentUrl\":\"https:\\\/\\\/3d-edu.ch\\\/wp-content\\\/uploads\\\/2018\\\/10\\\/3d-drucker-makerbot-formlabs-professionelle-3d-drucker-e1546527990490.png\",\"width\":275,\"height\":80,\"caption\":\"3D-EDU GmbH\"}]}<\/script>\n<meta name=\"geo.placename\" content=\"Z\u00fcrich\" \/>\n<meta name=\"geo.position\" content=\"47.38413;8.49812\" \/>\n<meta name=\"geo.region\" content=\"Suisse\" \/>\n<!-- \/ Yoast SEO Premium plugin. -->","yoast_head_json":{"title":"Imprimantes 3D MakerBot | Imprimantes 3D FDM professionnelles | 3D-EDU GmbH","description":"MAKERBOT 3D-DRUCKER Imprimante 3D de bureau - Haute qualit\u00e9 & facile \u00e0 utiliser. Imprimantes 3D MakerBot & accessoires de MakerBot Authorized Partner Professional Suisse","robots":{"index":"index","follow":"follow","max-snippet":"max-snippet:-1","max-image-preview":"max-image-preview:large","max-video-preview":"max-video-preview:-1"},"canonical":"https:\/\/3d-edu.ch\/fr\/makerbot\/imprimante-3d-makerbot\/","og_locale":"fr_FR","og_type":"article","og_title":"Imprimante 3D MakerBot","og_description":"MAKERBOT 3D-DRUCKER Imprimante 3D de bureau - Haute qualit\u00e9 & facile \u00e0 utiliser. Imprimantes 3D MakerBot & accessoires de MakerBot Authorized Partner Professional Suisse","og_url":"https:\/\/3d-edu.ch\/fr\/makerbot\/imprimante-3d-makerbot\/","og_site_name":"3D-EDU GmbH","article_publisher":"https:\/\/www.facebook.com\/3d-educh-210277586064960\/","article_modified_time":"2026-03-09T13:06:01+00:00","twitter_card":"summary_large_image","twitter_site":"@3d_edu_ch","twitter_misc":{"Dur\u00e9e de lecture estim\u00e9e":"3 minute"},"schema":{"@context":"https:\/\/schema.org","@graph":[{"@type":"WebPage","@id":"https:\/\/3d-edu.ch\/fr\/makerbot\/imprimante-3d-makerbot\/","url":"https:\/\/3d-edu.ch\/fr\/makerbot\/imprimante-3d-makerbot\/","name":"Imprimantes 3D MakerBot | Imprimantes 3D FDM professionnelles | 3D-EDU GmbH","isPartOf":{"@id":"https:\/\/3d-edu.ch\/fr\/#website"},"datePublished":"2014-10-23T11:19:39+00:00","dateModified":"2026-03-09T13:06:01+00:00","description":"MAKERBOT 3D-DRUCKER Imprimante 3D de bureau - Haute qualit\u00e9 & facile \u00e0 utiliser. Imprimantes 3D MakerBot & accessoires de MakerBot Authorized Partner Professional Suisse","breadcrumb":{"@id":"https:\/\/3d-edu.ch\/fr\/makerbot\/imprimante-3d-makerbot\/#breadcrumb"},"inLanguage":"fr-FR","potentialAction":[{"@type":"ReadAction","target":["https:\/\/3d-edu.ch\/fr\/makerbot\/imprimante-3d-makerbot\/"]}]},{"@type":"BreadcrumbList","@id":"https:\/\/3d-edu.ch\/fr\/makerbot\/imprimante-3d-makerbot\/#breadcrumb","itemListElement":[{"@type":"ListItem","position":1,"name":"Accueil","item":"https:\/\/3d-edu.ch\/fr\/"},{"@type":"ListItem","position":2,"name":"MakerBot","item":"https:\/\/3d-edu.ch\/fr\/makerbot\/"},{"@type":"ListItem","position":3,"name":"Imprimante 3D MakerBot"}]},{"@type":"WebSite","@id":"https:\/\/3d-edu.ch\/fr\/#website","url":"https:\/\/3d-edu.ch\/fr\/","name":"3D-EDU GmbH","description":"Your Formlabs, UltiMaker and Raise3D Printer Support and Education Site in Switzerland. \/\/ Ihre Formlabs, UltiMaker and Raise3D Drucker Support und Bildungs Webseite der Schweiz.","publisher":{"@id":"https:\/\/3d-edu.ch\/fr\/#organization"},"potentialAction":[{"@type":"SearchAction","target":{"@type":"EntryPoint","urlTemplate":"https:\/\/3d-edu.ch\/fr\/?s={search_term_string}"},"query-input":{"@type":"PropertyValueSpecification","valueRequired":true,"valueName":"search_term_string"}}],"inLanguage":"fr-FR"},{"@type":["Organization","Place","ElectronicsStore"],"@id":"https:\/\/3d-edu.ch\/fr\/#organization","name":"3D-EDU GmbH","url":"https:\/\/3d-edu.ch\/fr\/","logo":{"@id":"https:\/\/3d-edu.ch\/fr\/makerbot\/imprimante-3d-makerbot\/#local-main-organization-logo"},"image":{"@id":"https:\/\/3d-edu.ch\/fr\/makerbot\/imprimante-3d-makerbot\/#local-main-organization-logo"},"sameAs":["https:\/\/www.facebook.com\/3d-educh-210277586064960\/","https:\/\/x.com\/3d_edu_ch"],"address":{"@id":"https:\/\/3d-edu.ch\/fr\/makerbot\/imprimante-3d-makerbot\/#local-main-place-address"},"geo":{"@type":"GeoCoordinates","latitude":"47.38413","longitude":"8.49812"},"telephone":["+41 44 492 11 22"],"openingHoursSpecification":[{"@type":"OpeningHoursSpecification","dayOfWeek":["Monday","Tuesday","Wednesday","Thursday","Friday"],"opens":"08:30","closes":"18:00"},{"@type":"OpeningHoursSpecification","dayOfWeek":["Saturday","Sunday"],"opens":"00:00","closes":"00:00"}],"email":"info@3d-edu.ch","faxNumber":"+41 44 492 11 23","vatID":"CHE-184.499.491 MWST","priceRange":"$$$","currenciesAccepted":"CHF"},{"@type":"PostalAddress","@id":"https:\/\/3d-edu.ch\/fr\/makerbot\/imprimante-3d-makerbot\/#local-main-place-address","streetAddress":"3D-EDU GmbH, Badenerstrasse 556","addressLocality":"Z\u00fcrich","postalCode":"8048","addressRegion":"Z\u00fcrich","addressCountry":"CH"},{"@type":"ImageObject","inLanguage":"fr-FR","@id":"https:\/\/3d-edu.ch\/fr\/makerbot\/imprimante-3d-makerbot\/#local-main-organization-logo","url":"https:\/\/3d-edu.ch\/wp-content\/uploads\/2018\/10\/3d-drucker-makerbot-formlabs-professionelle-3d-drucker-e1546527990490.png","contentUrl":"https:\/\/3d-edu.ch\/wp-content\/uploads\/2018\/10\/3d-drucker-makerbot-formlabs-professionelle-3d-drucker-e1546527990490.png","width":275,"height":80,"caption":"3D-EDU GmbH"}]},"geo.placename":"Z\u00fcrich","geo.position":{"lat":"47.38413","long":"8.49812"},"geo.region":"Suisse"},"_links":{"self":[{"href":"https:\/\/3d-edu.ch\/fr\/wp-json\/wp\/v2\/pages\/79346","targetHints":{"allow":["GET"]}}],"collection":[{"href":"https:\/\/3d-edu.ch\/fr\/wp-json\/wp\/v2\/pages"}],"about":[{"href":"https:\/\/3d-edu.ch\/fr\/wp-json\/wp\/v2\/types\/page"}],"author":[{"embeddable":true,"href":"https:\/\/3d-edu.ch\/fr\/wp-json\/wp\/v2\/users\/1"}],"replies":[{"embeddable":true,"href":"https:\/\/3d-edu.ch\/fr\/wp-json\/wp\/v2\/comments?post=79346"}],"version-history":[{"count":2,"href":"https:\/\/3d-edu.ch\/fr\/wp-json\/wp\/v2\/pages\/79346\/revisions"}],"predecessor-version":[{"id":81036,"href":"https:\/\/3d-edu.ch\/fr\/wp-json\/wp\/v2\/pages\/79346\/revisions\/81036"}],"up":[{"embeddable":true,"href":"https:\/\/3d-edu.ch\/fr\/wp-json\/wp\/v2\/pages\/79304"}],"wp:attachment":[{"href":"https:\/\/3d-edu.ch\/fr\/wp-json\/wp\/v2\/media?parent=79346"}],"curies":[{"name":"wp","href":"https:\/\/api.w.org\/{rel}","templated":true}]}}