{"id":79198,"date":"2014-11-19T15:26:44","date_gmt":"2014-11-19T14:26:44","guid":{"rendered":"https:\/\/3d-edu.ch\/comparaison-des-imprimantes-3d-makerbot\/"},"modified":"2026-02-19T10:36:42","modified_gmt":"2026-02-19T09:36:42","slug":"comparaison-des-imprimantes-3d-makerbot","status":"publish","type":"page","link":"https:\/\/3d-edu.ch\/fr\/makerbot\/imprimante-3d-makerbot\/comparaison-des-imprimantes-3d-makerbot\/","title":{"rendered":"Comparaison des imprimantes 3D MakerBot"},"content":{"rendered":"\n<h1>Comparaison des imprimantes 3D - Imprimante 3D MakerBot<\/h1>\n<p>Ce comparateur d&rsquo;imprimantes 3D vous permet de comparer toutes les caract\u00e9ristiques importantes telles que le volume de construction, la hauteur minimale de couche, les plateformes de construction, les mat\u00e9riaux utilisables et les prix des imprimantes 3D MakerBot. D\u00e9couvrez facilement et rapidement l&rsquo;imprimante 3D qui vous convient le mieux et qui r\u00e9pond \u00e0 vos besoins. <\/p>\n<h2>Comparaison d&rsquo;imprimantes 3D - nous offrons un soutien<\/h2>\n<p>Nous vous <a href=\"https:\/\/dedune53.myhostpoint.ch\/kontakt-2\/\">conseillons<\/a> volontiers dans le choix d&rsquo;une imprimante 3D ou vous pouvez commander un <a href=\"https:\/\/dedune53.myhostpoint.ch\/services\/musterdruck\/\">\u00e9chantillon d&rsquo;impression<\/a> chez nous. Vous \u00eates \u00e9galement invit\u00e9 \u00e0 visiter notre <a href=\"https:\/\/dedune53.myhostpoint.ch\/services\/3d-drucker-showroom\/\">showroom<\/a> pour vous faire votre propre id\u00e9e des machines. Vous pourrez ainsi comparer directement les imprimantes 3D sur place.  \n<\/p><div style=\"overflow-x:auto;\">\n<table id=\"comparison\" width=\"100%\" cellspacing=\"0\" cellpadding=\"0\">\n<tbody>\n<tr>\n<th width=\"40%\"><strong>Propri\u00e9t\u00e9<\/strong><\/th>\n<th width=\"20%\"><a href=\"https:\/\/dedune53.myhostpoint.ch\/makerbot\/3d-drucker\/makerbot-method\/\"><span><strong>M\u00e9thode<\/strong><\/span><\/a><\/th>\n<th width=\"20%\"><a href=\"https:\/\/dedune53.myhostpoint.ch\/makerbot\/3d-drucker\/makerbot-replicator-plus\/\"><span><strong>R\u00e9plicateur +<\/strong><\/span><\/a><\/th>\n<th width=\"20%\"><a href=\"https:\/\/dedune53.myhostpoint.ch\/makerbot\/3d-drucker\/makerbot-replicator-z18\/\"><span><strong>R\u00e9plicateur Z18<\/strong><\/span><\/a><\/th>\n<\/tr>\n<tr>\n<td width=\"40%\"><strong>Cat\u00e9gorie<\/strong><\/td>\n<td width=\"20%\">Industriel<\/td>\n<td width=\"20%\">Bureau<\/td>\n<td width=\"20%\">Bureau grand volume<\/td>\n<\/tr>\n<tr>\n<td width=\"40%\"><strong>\u00c9paisseur de la couche<\/strong><\/td>\n<td width=\"20%\">20-400 \u00b5m<\/td>\n<td width=\"20%\">100-400 \u00b5m<\/td>\n<td width=\"20%\">100-400 \u00b5m<\/td>\n<\/tr>\n<tr>\n<td width=\"40%\"><strong>Extrudeuses compatibles<\/strong><\/td>\n<td width=\"20%\">Mod\u00e8le 1 Extrudeuse de performance<br \/>Mod\u00e8le 2 Extrudeuse de performance<\/td>\n<td width=\"20%\">Smart Extruder+<br \/>Tough Smart Extruder+<br \/>Extrudeuse exp\u00e9rimentale<\/td>\n<td width=\"20%\">Smart Extruder+<br \/>Tough Smart Extruder+<br \/>Extrudeuse exp\u00e9rimentale<\/td>\n<\/tr>\n<tr>\n<td width=\"40%\"><strong>Vitesse d&rsquo;impression<\/strong><\/td>\n<td width=\"20%\">Max. D\u00e9bit de mat\u00e9riau : <br \/>~50 <sup>mm3<\/sup><br \/>Vitesse de la t\u00eate d&rsquo;impression : 500 mm\/s <\/td>\n<td width=\"20%\">Max. D\u00e9bit de mat\u00e9riau : <br \/>~15 <sup>mm3<\/sup><br \/>Vitesse de la t\u00eate d&rsquo;impression : 175 mm\/s <\/td>\n<td width=\"20%\">Max. D\u00e9bit de mat\u00e9riau : <br \/>~15 <sup>mm3<\/sup><br \/>Vitesse de la t\u00eate d&rsquo;impression : 175 mm\/s <\/td>\n<\/tr>\n<tr>\n<td width=\"40%\"><strong>Construction du cadre<\/strong><\/td>\n<td width=\"20%\">Cadre m\u00e9tallique extr\u00eamement rigide<\/td>\n<td width=\"20%\">ABS moul\u00e9 par injection avec renfort en aluminium<\/td>\n<td width=\"20%\">ABS moul\u00e9 par injection avec renfort en aluminium<\/td>\n<\/tr>\n<tr>\n<td width=\"40%\"><strong>Volume de construction<\/strong><\/td>\n<td width=\"20%\">190 x 190 x 196 mm (simple extrusion)<br \/>152 x 190 x 196 mm (double extrusion)<\/td>\n<td width=\"20%\">295 x 195 x 160 mm<\/td>\n<td width=\"20%\">300 x 305 x 457 mm<\/td>\n<\/tr>\n<tr>\n<td width=\"40%\"><strong>Puits de mat\u00e9riel<\/strong><\/td>\n<td width=\"20%\">Scell\u00e9 \u00e0 sec \/ en bas<\/td>\n<td width=\"20%\">Ouvert \/ arri\u00e8re<\/td>\n<td width=\"20%\">Ouvert \/ en bas<\/td>\n<\/tr>\n<tr>\n<td width=\"40%\"><strong>Mat\u00e9riaux compatibles<\/strong><\/td>\n<td width=\"20%\">MakerBot Precision PLA<br \/>MakerBot Precision Tough<br \/>MakerBot Precision PVA<br \/>MakerBot Specialty PETG<\/td>\n<td width=\"20%\">MakerBot PLA<br \/>MakerBot Tough<br \/>Mat\u00e9riaux suppl\u00e9mentaires<\/td>\n<td width=\"20%\">MakerBot PLA<br \/>MakerBot Tough<br \/>mat\u00e9riaux suppl\u00e9mentaires<\/td>\n<\/tr>\n<tr>\n<td width=\"40%\"><strong>Plateforme de construction<\/strong><\/td>\n<td width=\"20%\">Acier \u00e0 ressort avec surface de pr\u00e9hension r\u00e9utilisable<\/td>\n<td width=\"20%\">Plaque de construction Flex avec surface de pr\u00e9hension r\u00e9utilisable<\/td>\n<td width=\"20%\">Plaque de construction ABS avec surface de pr\u00e9hension r\u00e9utilisable<\/td>\n<\/tr>\n<tr>\n<td width=\"40%\"><strong>Respect des dimensions<\/strong><\/td>\n<td width=\"20%\"><i class=\"fas fa-check\"><\/i><\/td>\n<td width=\"20%\"><i class=\"fas fa-times\"><\/i><\/td>\n<td width=\"20%\"><i class=\"fas fa-times\"><\/i><\/td>\n<\/tr>\n<tr>\n<td width=\"40%\"><strong>Double extrusion<\/strong><\/td>\n<td width=\"20%\"><i class=\"fas fa-check\"><\/i><\/td>\n<td width=\"20%\"><i class=\"fas fa-times\"><\/i><\/td>\n<td width=\"20%\"><i class=\"fas fa-times\"><\/i><\/td>\n<\/tr>\n<tr>\n<td width=\"40%\"><strong>Espace de construction chauff\u00e9<\/strong><\/td>\n<td width=\"20%\"><i class=\"fas fa-check\"><\/i><\/td>\n<td width=\"20%\"><i class=\"fas fa-times\"><\/i><\/td>\n<td width=\"20%\"><i class=\"fas fa-check\"><\/i><br \/>(limit\u00e9)<\/td>\n<\/tr>\n<tr>\n<td width=\"40%\"><strong>Chargement automatique des mat\u00e9riaux<\/strong><\/td>\n<td width=\"20%\"><i class=\"fas fa-check\"><\/i><\/td>\n<td width=\"20%\"><i class=\"fas fa-times\"><\/i><\/td>\n<td width=\"20%\"><i class=\"fas fa-times\"><\/i><\/td>\n<\/tr>\n<tr>\n<td width=\"40%\"><strong>\u00ab\u00a0Compatibilit\u00e9 \u00ab\u00a0Smart Spool<\/strong><\/td>\n<td width=\"20%\"><i class=\"fas fa-check\"><\/i><\/td>\n<td width=\"20%\"><i class=\"fas fa-times\"><\/i><\/td>\n<td width=\"20%\"><i class=\"fas fa-times\"><\/i><\/td>\n<\/tr>\n<tr>\n<td width=\"40%\"><strong>Cam\u00e9ra<\/strong><\/td>\n<td width=\"20%\"><i class=\"fas fa-check\"><\/i><\/td>\n<td width=\"20%\"><i class=\"fas fa-check\"><\/i><\/td>\n<td width=\"20%\"><i class=\"fas fa-check\"><\/i><\/td>\n<\/tr>\n<tr>\n<td width=\"40%\"><strong>\u00c9cran<\/strong><\/td>\n<td width=\"20%\">\u00c9cran tactile capacitif de 5 pouces<\/td>\n<td width=\"20%\">\u00c9cran LCD de 3,5 pouces<\/td>\n<td width=\"20%\">\u00c9cran LCD de 3,5 pouces<\/td>\n<\/tr>\n<tr>\n<td width=\"40%\"><strong>Options de connexion<\/strong><\/td>\n<td width=\"20%\">WI-FI<br \/>Ethernet<br \/>Cl\u00e9 USB<br \/>C\u00e2ble USB<\/td>\n<td width=\"20%\">WI-FI<br \/>Ethernet<br \/>Cl\u00e9 USB<br \/>C\u00e2ble USB<\/td>\n<td width=\"20%\">WI-FI<br \/>Ethernet<br \/>Cl\u00e9 USB<br \/>C\u00e2ble USB<\/td>\n<\/tr>\n<tr>\n<td width=\"40%\"><\/td>\n<th width=\"20%\"><a href=\"https:\/\/dedune53.myhostpoint.ch\/shop\/makerbot-method\/\"><span><strong>Acheter maintenant<\/strong><\/span><\/a><\/th>\n<th width=\"20%\"><a href=\"https:\/\/dedune53.myhostpoint.ch\/shop\/makerbot-replicator-plus\/\"><span><strong>Acheter maintenant<\/strong><\/span><\/a><\/th>\n<th width=\"20%\"><a href=\"https:\/\/dedune53.myhostpoint.ch\/shop\/makerbot-replicator-z18\/\"><span><strong>Acheter maintenant<\/strong><\/span><\/a><\/th>\n<\/tr>\n<\/tbody>\n<\/table>\n<\/div>\n<div class=\"is-divider divider clearfix\" style=\"max-width:1280px;height:1px;\"><\/div>\n\n<div class=\"row\"  id=\"row-1375367979\">\n\n\n\t<div id=\"col-1670119224\" class=\"col medium-4 small-12 large-4\"  >\n\t\t\t\t<div class=\"col-inner\"  >\n\t\t\t\n\t\t\t\n\n\t<div class=\"box has-hover   has-hover box-text-bottom\" >\n\n\t\t<div class=\"box-image\" style=\"width:50%;\">\n\t\t\t<a href=\"https:\/\/3d-edu.ch\/fr\/makerbot\/imprimante-3d-makerbot\/\" >\t\t\t<div class=\"\" >\n\t\t\t\t<img loading=\"lazy\" decoding=\"async\" width=\"150\" height=\"150\" src=\"https:\/\/3d-edu.ch\/wp-content\/smush-avif\/2019\/08\/makerbot-3d-printers.jpg.avif\" class=\"attachment- size-\" alt=\"MakerBot 3D-Drucker\" srcset=\"https:\/\/3d-edu.ch\/wp-content\/smush-avif\/2019\/08\/makerbot-3d-printers.jpg.avif 150w, https:\/\/3d-edu.ch\/wp-content\/smush-avif\/2019\/08\/makerbot-3d-printers-100x100.jpg.avif 100w\" sizes=\"auto, (max-width: 150px) 100vw, 150px\" \/>\t\t\t\t\t\t\t\t\t\t\t<\/div>\n\t\t\t<\/a>\t\t<\/div>\n\n\t\t<div class=\"box-text text-left\" >\n\t\t\t<div class=\"box-text-inner\">\n\t\t\t\t\n\n<h4>Imprimante 3D MakerBot<\/h4>\n<p> <a href=\"\/?page_id=38\"> Informations<\/a><br \/><a href=\"https:\/\/3d-edu.ch\/fr\/produkt-kategorie\/imprimantes-3d-fr-2\/\">Commander<\/a><\/p>\n\n\t\t\t<\/div>\n\t\t<\/div>\n\t<\/div>\n\t\n\n\t\t<\/div>\n\t\t\t\t\t<\/div>\n\n\t\n\n\t<div id=\"col-1138766019\" class=\"col medium-4 small-12 large-4\"  >\n\t\t\t\t<div class=\"col-inner\"  >\n\t\t\t\n\t\t\t\n\n\t<div class=\"box has-hover   has-hover box-text-bottom\" >\n\n\t\t<div class=\"box-image\" style=\"width:50%;\">\n\t\t\t<a href=\"\/makerbot\/makerbot-apps\/\" >\t\t\t<div class=\"\" >\n\t\t\t\t<img loading=\"lazy\" decoding=\"async\" width=\"150\" height=\"150\" src=\"https:\/\/3d-edu.ch\/wp-content\/smush-avif\/2019\/01\/makerbot-software-icon-pic.jpg.avif\" class=\"attachment- size-\" alt=\"makerbot-software-icon-pic\" srcset=\"https:\/\/3d-edu.ch\/wp-content\/smush-avif\/2019\/01\/makerbot-software-icon-pic.jpg.avif 150w, https:\/\/3d-edu.ch\/wp-content\/smush-avif\/2019\/01\/makerbot-software-icon-pic-100x100.jpg.avif 100w\" sizes=\"auto, (max-width: 150px) 100vw, 150px\" \/>\t\t\t\t\t\t\t\t\t\t\t<\/div>\n\t\t\t<\/a>\t\t<\/div>\n\n\t\t<div class=\"box-text text-left\" >\n\t\t\t<div class=\"box-text-inner\">\n\t\t\t\t\n\n<h4>Logiciels et applications MakerBot<\/h4>\n<p><a href=\"\/makerbot\/makerbot-apps\/\">  Informations<\/a>\n\n\t\t\t<\/div>\n\t\t<\/div>\n\t<\/div>\n\t\n\n\t\t<\/div>\n\t\t\t\t\t<\/div>\n\n\t\n\n\t<div id=\"col-187730976\" class=\"col medium-4 small-12 large-4\"  >\n\t\t\t\t<div class=\"col-inner\"  >\n\t\t\t\n\t\t\t\n\n\t<div class=\"box has-hover   has-hover box-text-bottom\" >\n\n\t\t<div class=\"box-image\" style=\"width:50%;\">\n\t\t\t<a href=\"https:\/\/3d-edu.ch\/fr\/makerbot\/filament-makerbot\/\" >\t\t\t<div class=\"\" >\n\t\t\t\t<img loading=\"lazy\" decoding=\"async\" width=\"150\" height=\"150\" src=\"https:\/\/3d-edu.ch\/wp-content\/smush-avif\/2019\/01\/makerbot-filament-icon-pic.jpg.avif\" class=\"attachment- size-\" alt=\"makerbot-filament-icon-pic\" srcset=\"https:\/\/3d-edu.ch\/wp-content\/smush-avif\/2019\/01\/makerbot-filament-icon-pic.jpg.avif 150w, https:\/\/3d-edu.ch\/wp-content\/smush-avif\/2019\/01\/makerbot-filament-icon-pic-100x100.jpg.avif 100w\" sizes=\"auto, (max-width: 150px) 100vw, 150px\" \/>\t\t\t\t\t\t\t\t\t\t\t<\/div>\n\t\t\t<\/a>\t\t<\/div>\n\n\t\t<div class=\"box-text text-left\" >\n\t\t\t<div class=\"box-text-inner\">\n\t\t\t\t\n\n<h4>Mat\u00e9riaux MakerBot<\/h4>\n<\/p><p> <a href=\"\/?page_id=616\"> Informations<\/a><br \/><a href=\"https:\/\/3d-edu.ch\/fr\/produkt-kategorie\/filaments-makerbot-fr\/\">Commander<\/a><\/p>\n\n\t\t\t<\/div>\n\t\t<\/div>\n\t<\/div>\n\t\n\n\t\t<\/div>\n\t\t\t\t\t<\/div>\n\n\t\n\n<\/div>\n\n\n\n","protected":false},"excerpt":{"rendered":"<p>Comparaison des imprimantes 3D - Imprimante 3D MakerBot Ce comparateur d&rsquo;imprimantes 3D vous permet de comparer toutes les caract\u00e9ristiques importantes telles que le volume de construction, la hauteur minimale de couche, les plateformes de construction, les mat\u00e9riaux utilisables et les prix des imprimantes 3D MakerBot. D\u00e9couvrez facilement et rapidement l&rsquo;imprimante 3D qui vous convient le [&#8230;]\n","protected":false},"author":1,"featured_media":0,"parent":79346,"menu_order":0,"comment_status":"closed","ping_status":"closed","template":"","meta":{"footnotes":""},"class_list":["post-79198","page","type-page","status-publish","hentry"],"yoast_head":"<!-- This site is optimized with the Yoast SEO Premium plugin v27.4 (Yoast SEO v27.4) - https:\/\/yoast.com\/product\/yoast-seo-premium-wordpress\/ -->\n<title>Comparaison des imprimantes 3D | MakerBot | MakerBot Authorized Partner Pro<\/title>\n<meta name=\"description\" content=\"Comparaison des imprimantes 3D - Comparez les imprimantes 3D MakerBot - comparez le volume de construction, la hauteur de couche minimale, etc. de toutes les imprimantes 3D MakerBot.\" \/>\n<meta name=\"robots\" content=\"index, follow, max-snippet:-1, max-image-preview:large, max-video-preview:-1\" \/>\n<link rel=\"canonical\" href=\"https:\/\/3d-edu.ch\/fr\/makerbot\/imprimante-3d-makerbot\/comparaison-des-imprimantes-3d-makerbot\/\" \/>\n<meta property=\"og:locale\" content=\"fr_FR\" \/>\n<meta property=\"og:type\" content=\"article\" \/>\n<meta property=\"og:title\" content=\"Comparaison des imprimantes 3D MakerBot\" \/>\n<meta property=\"og:description\" content=\"Comparaison des imprimantes 3D - Comparez les imprimantes 3D MakerBot - comparez le volume de construction, la hauteur de couche minimale, etc. de toutes les imprimantes 3D MakerBot.\" \/>\n<meta property=\"og:url\" content=\"https:\/\/3d-edu.ch\/fr\/makerbot\/imprimante-3d-makerbot\/comparaison-des-imprimantes-3d-makerbot\/\" \/>\n<meta property=\"og:site_name\" content=\"3D-EDU GmbH\" \/>\n<meta property=\"article:publisher\" content=\"https:\/\/www.facebook.com\/3d-educh-210277586064960\/\" \/>\n<meta property=\"article:modified_time\" content=\"2026-02-19T09:36:42+00:00\" \/>\n<meta name=\"twitter:card\" content=\"summary_large_image\" \/>\n<meta name=\"twitter:site\" content=\"@3d_edu_ch\" \/>\n<meta name=\"twitter:label1\" content=\"Dur\u00e9e de lecture estim\u00e9e\" \/>\n\t<meta name=\"twitter:data1\" content=\"2 minute\" \/>\n<script type=\"application\/ld+json\" class=\"yoast-schema-graph\">{\"@context\":\"https:\\\/\\\/schema.org\",\"@graph\":[{\"@type\":\"WebPage\",\"@id\":\"https:\\\/\\\/3d-edu.ch\\\/fr\\\/makerbot\\\/imprimante-3d-makerbot\\\/comparaison-des-imprimantes-3d-makerbot\\\/\",\"url\":\"https:\\\/\\\/3d-edu.ch\\\/fr\\\/makerbot\\\/imprimante-3d-makerbot\\\/comparaison-des-imprimantes-3d-makerbot\\\/\",\"name\":\"Comparaison des imprimantes 3D | MakerBot | MakerBot Authorized Partner Pro\",\"isPartOf\":{\"@id\":\"https:\\\/\\\/3d-edu.ch\\\/fr\\\/#website\"},\"datePublished\":\"2014-11-19T14:26:44+00:00\",\"dateModified\":\"2026-02-19T09:36:42+00:00\",\"description\":\"Comparaison des imprimantes 3D - Comparez les imprimantes 3D MakerBot - comparez le volume de construction, la hauteur de couche minimale, etc. de toutes les imprimantes 3D MakerBot.\",\"breadcrumb\":{\"@id\":\"https:\\\/\\\/3d-edu.ch\\\/fr\\\/makerbot\\\/imprimante-3d-makerbot\\\/comparaison-des-imprimantes-3d-makerbot\\\/#breadcrumb\"},\"inLanguage\":\"fr-FR\",\"potentialAction\":[{\"@type\":\"ReadAction\",\"target\":[\"https:\\\/\\\/3d-edu.ch\\\/fr\\\/makerbot\\\/imprimante-3d-makerbot\\\/comparaison-des-imprimantes-3d-makerbot\\\/\"]}]},{\"@type\":\"BreadcrumbList\",\"@id\":\"https:\\\/\\\/3d-edu.ch\\\/fr\\\/makerbot\\\/imprimante-3d-makerbot\\\/comparaison-des-imprimantes-3d-makerbot\\\/#breadcrumb\",\"itemListElement\":[{\"@type\":\"ListItem\",\"position\":1,\"name\":\"Accueil\",\"item\":\"https:\\\/\\\/3d-edu.ch\\\/fr\\\/\"},{\"@type\":\"ListItem\",\"position\":2,\"name\":\"MakerBot\",\"item\":\"https:\\\/\\\/3d-edu.ch\\\/fr\\\/makerbot\\\/\"},{\"@type\":\"ListItem\",\"position\":3,\"name\":\"Imprimante 3D MakerBot\",\"item\":\"https:\\\/\\\/3d-edu.ch\\\/fr\\\/makerbot\\\/imprimante-3d-makerbot\\\/\"},{\"@type\":\"ListItem\",\"position\":4,\"name\":\"Comparaison des imprimantes 3D MakerBot\"}]},{\"@type\":\"WebSite\",\"@id\":\"https:\\\/\\\/3d-edu.ch\\\/fr\\\/#website\",\"url\":\"https:\\\/\\\/3d-edu.ch\\\/fr\\\/\",\"name\":\"3D-EDU GmbH\",\"description\":\"Your Formlabs, UltiMaker and Raise3D Printer Support and Education Site in Switzerland. \\\/\\\/ Ihre Formlabs, UltiMaker and Raise3D Drucker Support und Bildungs Webseite der Schweiz.\",\"publisher\":{\"@id\":\"https:\\\/\\\/3d-edu.ch\\\/fr\\\/#organization\"},\"potentialAction\":[{\"@type\":\"SearchAction\",\"target\":{\"@type\":\"EntryPoint\",\"urlTemplate\":\"https:\\\/\\\/3d-edu.ch\\\/fr\\\/?s={search_term_string}\"},\"query-input\":{\"@type\":\"PropertyValueSpecification\",\"valueRequired\":true,\"valueName\":\"search_term_string\"}}],\"inLanguage\":\"fr-FR\"},{\"@type\":[\"Organization\",\"Place\",\"ElectronicsStore\"],\"@id\":\"https:\\\/\\\/3d-edu.ch\\\/fr\\\/#organization\",\"name\":\"3D-EDU GmbH\",\"url\":\"https:\\\/\\\/3d-edu.ch\\\/fr\\\/\",\"logo\":{\"@id\":\"https:\\\/\\\/3d-edu.ch\\\/fr\\\/makerbot\\\/imprimante-3d-makerbot\\\/comparaison-des-imprimantes-3d-makerbot\\\/#local-main-organization-logo\"},\"image\":{\"@id\":\"https:\\\/\\\/3d-edu.ch\\\/fr\\\/makerbot\\\/imprimante-3d-makerbot\\\/comparaison-des-imprimantes-3d-makerbot\\\/#local-main-organization-logo\"},\"sameAs\":[\"https:\\\/\\\/www.facebook.com\\\/3d-educh-210277586064960\\\/\",\"https:\\\/\\\/x.com\\\/3d_edu_ch\"],\"address\":{\"@id\":\"https:\\\/\\\/3d-edu.ch\\\/fr\\\/makerbot\\\/imprimante-3d-makerbot\\\/comparaison-des-imprimantes-3d-makerbot\\\/#local-main-place-address\"},\"geo\":{\"@type\":\"GeoCoordinates\",\"latitude\":\"47.38413\",\"longitude\":\"8.49812\"},\"telephone\":[\"+41 44 492 11 22\"],\"openingHoursSpecification\":[{\"@type\":\"OpeningHoursSpecification\",\"dayOfWeek\":[\"Monday\",\"Tuesday\",\"Wednesday\",\"Thursday\",\"Friday\"],\"opens\":\"08:30\",\"closes\":\"18:00\"},{\"@type\":\"OpeningHoursSpecification\",\"dayOfWeek\":[\"Saturday\",\"Sunday\"],\"opens\":\"00:00\",\"closes\":\"00:00\"}],\"email\":\"info@3d-edu.ch\",\"faxNumber\":\"+41 44 492 11 23\",\"vatID\":\"CHE-184.499.491 MWST\",\"priceRange\":\"$$$\",\"currenciesAccepted\":\"CHF\"},{\"@type\":\"PostalAddress\",\"@id\":\"https:\\\/\\\/3d-edu.ch\\\/fr\\\/makerbot\\\/imprimante-3d-makerbot\\\/comparaison-des-imprimantes-3d-makerbot\\\/#local-main-place-address\",\"streetAddress\":\"3D-EDU GmbH, Badenerstrasse 556\",\"addressLocality\":\"Z\u00fcrich\",\"postalCode\":\"8048\",\"addressRegion\":\"Z\u00fcrich\",\"addressCountry\":\"CH\"},{\"@type\":\"ImageObject\",\"inLanguage\":\"fr-FR\",\"@id\":\"https:\\\/\\\/3d-edu.ch\\\/fr\\\/makerbot\\\/imprimante-3d-makerbot\\\/comparaison-des-imprimantes-3d-makerbot\\\/#local-main-organization-logo\",\"url\":\"https:\\\/\\\/3d-edu.ch\\\/wp-content\\\/uploads\\\/2018\\\/10\\\/3d-drucker-makerbot-formlabs-professionelle-3d-drucker-e1546527990490.png\",\"contentUrl\":\"https:\\\/\\\/3d-edu.ch\\\/wp-content\\\/uploads\\\/2018\\\/10\\\/3d-drucker-makerbot-formlabs-professionelle-3d-drucker-e1546527990490.png\",\"width\":275,\"height\":80,\"caption\":\"3D-EDU GmbH\"}]}<\/script>\n<meta name=\"geo.placename\" content=\"Z\u00fcrich\" \/>\n<meta name=\"geo.position\" content=\"47.38413;8.49812\" \/>\n<meta name=\"geo.region\" content=\"Suisse\" \/>\n<!-- \/ Yoast SEO Premium plugin. -->","yoast_head_json":{"title":"Comparaison des imprimantes 3D | MakerBot | MakerBot Authorized Partner Pro","description":"Comparaison des imprimantes 3D - Comparez les imprimantes 3D MakerBot - comparez le volume de construction, la hauteur de couche minimale, etc. de toutes les imprimantes 3D MakerBot.","robots":{"index":"index","follow":"follow","max-snippet":"max-snippet:-1","max-image-preview":"max-image-preview:large","max-video-preview":"max-video-preview:-1"},"canonical":"https:\/\/3d-edu.ch\/fr\/makerbot\/imprimante-3d-makerbot\/comparaison-des-imprimantes-3d-makerbot\/","og_locale":"fr_FR","og_type":"article","og_title":"Comparaison des imprimantes 3D MakerBot","og_description":"Comparaison des imprimantes 3D - Comparez les imprimantes 3D MakerBot - comparez le volume de construction, la hauteur de couche minimale, etc. de toutes les imprimantes 3D MakerBot.","og_url":"https:\/\/3d-edu.ch\/fr\/makerbot\/imprimante-3d-makerbot\/comparaison-des-imprimantes-3d-makerbot\/","og_site_name":"3D-EDU GmbH","article_publisher":"https:\/\/www.facebook.com\/3d-educh-210277586064960\/","article_modified_time":"2026-02-19T09:36:42+00:00","twitter_card":"summary_large_image","twitter_site":"@3d_edu_ch","twitter_misc":{"Dur\u00e9e de lecture estim\u00e9e":"2 minute"},"schema":{"@context":"https:\/\/schema.org","@graph":[{"@type":"WebPage","@id":"https:\/\/3d-edu.ch\/fr\/makerbot\/imprimante-3d-makerbot\/comparaison-des-imprimantes-3d-makerbot\/","url":"https:\/\/3d-edu.ch\/fr\/makerbot\/imprimante-3d-makerbot\/comparaison-des-imprimantes-3d-makerbot\/","name":"Comparaison des imprimantes 3D | MakerBot | MakerBot Authorized Partner Pro","isPartOf":{"@id":"https:\/\/3d-edu.ch\/fr\/#website"},"datePublished":"2014-11-19T14:26:44+00:00","dateModified":"2026-02-19T09:36:42+00:00","description":"Comparaison des imprimantes 3D - Comparez les imprimantes 3D MakerBot - comparez le volume de construction, la hauteur de couche minimale, etc. de toutes les imprimantes 3D MakerBot.","breadcrumb":{"@id":"https:\/\/3d-edu.ch\/fr\/makerbot\/imprimante-3d-makerbot\/comparaison-des-imprimantes-3d-makerbot\/#breadcrumb"},"inLanguage":"fr-FR","potentialAction":[{"@type":"ReadAction","target":["https:\/\/3d-edu.ch\/fr\/makerbot\/imprimante-3d-makerbot\/comparaison-des-imprimantes-3d-makerbot\/"]}]},{"@type":"BreadcrumbList","@id":"https:\/\/3d-edu.ch\/fr\/makerbot\/imprimante-3d-makerbot\/comparaison-des-imprimantes-3d-makerbot\/#breadcrumb","itemListElement":[{"@type":"ListItem","position":1,"name":"Accueil","item":"https:\/\/3d-edu.ch\/fr\/"},{"@type":"ListItem","position":2,"name":"MakerBot","item":"https:\/\/3d-edu.ch\/fr\/makerbot\/"},{"@type":"ListItem","position":3,"name":"Imprimante 3D MakerBot","item":"https:\/\/3d-edu.ch\/fr\/makerbot\/imprimante-3d-makerbot\/"},{"@type":"ListItem","position":4,"name":"Comparaison des imprimantes 3D MakerBot"}]},{"@type":"WebSite","@id":"https:\/\/3d-edu.ch\/fr\/#website","url":"https:\/\/3d-edu.ch\/fr\/","name":"3D-EDU GmbH","description":"Your Formlabs, UltiMaker and Raise3D Printer Support and Education Site in Switzerland. \/\/ Ihre Formlabs, UltiMaker and Raise3D Drucker Support und Bildungs Webseite der Schweiz.","publisher":{"@id":"https:\/\/3d-edu.ch\/fr\/#organization"},"potentialAction":[{"@type":"SearchAction","target":{"@type":"EntryPoint","urlTemplate":"https:\/\/3d-edu.ch\/fr\/?s={search_term_string}"},"query-input":{"@type":"PropertyValueSpecification","valueRequired":true,"valueName":"search_term_string"}}],"inLanguage":"fr-FR"},{"@type":["Organization","Place","ElectronicsStore"],"@id":"https:\/\/3d-edu.ch\/fr\/#organization","name":"3D-EDU GmbH","url":"https:\/\/3d-edu.ch\/fr\/","logo":{"@id":"https:\/\/3d-edu.ch\/fr\/makerbot\/imprimante-3d-makerbot\/comparaison-des-imprimantes-3d-makerbot\/#local-main-organization-logo"},"image":{"@id":"https:\/\/3d-edu.ch\/fr\/makerbot\/imprimante-3d-makerbot\/comparaison-des-imprimantes-3d-makerbot\/#local-main-organization-logo"},"sameAs":["https:\/\/www.facebook.com\/3d-educh-210277586064960\/","https:\/\/x.com\/3d_edu_ch"],"address":{"@id":"https:\/\/3d-edu.ch\/fr\/makerbot\/imprimante-3d-makerbot\/comparaison-des-imprimantes-3d-makerbot\/#local-main-place-address"},"geo":{"@type":"GeoCoordinates","latitude":"47.38413","longitude":"8.49812"},"telephone":["+41 44 492 11 22"],"openingHoursSpecification":[{"@type":"OpeningHoursSpecification","dayOfWeek":["Monday","Tuesday","Wednesday","Thursday","Friday"],"opens":"08:30","closes":"18:00"},{"@type":"OpeningHoursSpecification","dayOfWeek":["Saturday","Sunday"],"opens":"00:00","closes":"00:00"}],"email":"info@3d-edu.ch","faxNumber":"+41 44 492 11 23","vatID":"CHE-184.499.491 MWST","priceRange":"$$$","currenciesAccepted":"CHF"},{"@type":"PostalAddress","@id":"https:\/\/3d-edu.ch\/fr\/makerbot\/imprimante-3d-makerbot\/comparaison-des-imprimantes-3d-makerbot\/#local-main-place-address","streetAddress":"3D-EDU GmbH, Badenerstrasse 556","addressLocality":"Z\u00fcrich","postalCode":"8048","addressRegion":"Z\u00fcrich","addressCountry":"CH"},{"@type":"ImageObject","inLanguage":"fr-FR","@id":"https:\/\/3d-edu.ch\/fr\/makerbot\/imprimante-3d-makerbot\/comparaison-des-imprimantes-3d-makerbot\/#local-main-organization-logo","url":"https:\/\/3d-edu.ch\/wp-content\/uploads\/2018\/10\/3d-drucker-makerbot-formlabs-professionelle-3d-drucker-e1546527990490.png","contentUrl":"https:\/\/3d-edu.ch\/wp-content\/uploads\/2018\/10\/3d-drucker-makerbot-formlabs-professionelle-3d-drucker-e1546527990490.png","width":275,"height":80,"caption":"3D-EDU GmbH"}]},"geo.placename":"Z\u00fcrich","geo.position":{"lat":"47.38413","long":"8.49812"},"geo.region":"Suisse"},"_links":{"self":[{"href":"https:\/\/3d-edu.ch\/fr\/wp-json\/wp\/v2\/pages\/79198","targetHints":{"allow":["GET"]}}],"collection":[{"href":"https:\/\/3d-edu.ch\/fr\/wp-json\/wp\/v2\/pages"}],"about":[{"href":"https:\/\/3d-edu.ch\/fr\/wp-json\/wp\/v2\/types\/page"}],"author":[{"embeddable":true,"href":"https:\/\/3d-edu.ch\/fr\/wp-json\/wp\/v2\/users\/1"}],"replies":[{"embeddable":true,"href":"https:\/\/3d-edu.ch\/fr\/wp-json\/wp\/v2\/comments?post=79198"}],"version-history":[{"count":1,"href":"https:\/\/3d-edu.ch\/fr\/wp-json\/wp\/v2\/pages\/79198\/revisions"}],"predecessor-version":[{"id":79199,"href":"https:\/\/3d-edu.ch\/fr\/wp-json\/wp\/v2\/pages\/79198\/revisions\/79199"}],"up":[{"embeddable":true,"href":"https:\/\/3d-edu.ch\/fr\/wp-json\/wp\/v2\/pages\/79346"}],"wp:attachment":[{"href":"https:\/\/3d-edu.ch\/fr\/wp-json\/wp\/v2\/media?parent=79198"}],"curies":[{"name":"wp","href":"https:\/\/api.w.org\/{rel}","templated":true}]}}