{"id":79174,"date":"2015-03-10T16:26:54","date_gmt":"2015-03-10T15:26:54","guid":{"rendered":"https:\/\/3d-edu.ch\/a-propos-de-nous\/"},"modified":"2026-02-19T10:29:36","modified_gmt":"2026-02-19T09:29:36","slug":"a-propos-de-nous","status":"publish","type":"page","link":"https:\/\/3d-edu.ch\/fr\/contact\/a-propos-de-nous\/","title":{"rendered":"\u00c0 propos de nous"},"content":{"rendered":"\n<div class=\"row\"  id=\"row-239541697\">\n\n\n\t<div id=\"col-538169441\" class=\"col medium-4 small-12 large-4\"  >\n\t\t\t\t<div class=\"col-inner\"  >\n\t\t\t\n\t\t\t\n\n\t<div class=\"box has-hover   has-hover box-text-bottom\" >\n\n\t\t<div class=\"box-image\" >\n\t\t\t\t\t\t<div class=\"\" >\n\t\t\t\t<img loading=\"lazy\" decoding=\"async\" width=\"420\" height=\"400\" src=\"https:\/\/3d-edu.ch\/wp-content\/smush-avif\/2022\/12\/gygax-claudio.jpg.avif\" class=\"attachment- size-\" alt=\"\" srcset=\"https:\/\/3d-edu.ch\/wp-content\/smush-avif\/2022\/12\/gygax-claudio.jpg.avif 420w, https:\/\/3d-edu.ch\/wp-content\/smush-avif\/2022\/12\/gygax-claudio-240x229.jpg.avif 240w, https:\/\/3d-edu.ch\/wp-content\/smush-avif\/2022\/12\/gygax-claudio-32x30.jpg.avif 32w, https:\/\/3d-edu.ch\/wp-content\/smush-avif\/2022\/12\/gygax-claudio-380x362.jpg.avif 380w\" sizes=\"auto, (max-width: 420px) 100vw, 420px\" \/>\t\t\t\t\t\t\t\t\t\t\t<\/div>\n\t\t\t\t\t<\/div>\n\n\t\t<div class=\"box-text text-left\" >\n\t\t\t<div class=\"box-text-inner\">\n\t\t\t\t\n\n<p><\/p>\n<h4>Directeur g\u00e9n\u00e9ral<\/h4>\n<p>Claudio Gygax<\/p>\n\n\t\t\t<\/div>\n\t\t<\/div>\n\t<\/div>\n\t\n\n\t\t<\/div>\n\t\t\t\t\t<\/div>\n\n\t\n\n\t<div id=\"col-203868891\" class=\"col medium-8 small-12 large-8\"  >\n\t\t\t\t<div class=\"col-inner\"  >\n\t\t\t\n\t\t\t\n\n<h1>\u00c0 propos de nous<\/h1>\n<h2>Portrait de 3D-EDU GmbH<\/h2>\n<p>3D-EDU GmbH est un partenaire commercial et de service dynamique et personnalis\u00e9 pour les imprimantes 3D et la fabrication g\u00e9n\u00e9rative. Nous travaillons avec succ\u00e8s avec de grandes entreprises, des PME et des \u00e9tablissements d&rsquo;enseignement en Suisse et dans le sud de l&rsquo;Allemagne. <\/p>\n<p>Depuis 2014, 3d-edu.ch accompagne les grandes entreprises, les PME et les institutions de formation dans le domaine de l&rsquo;impression 3D. L&rsquo;expertise, l&rsquo;engagement et la qualit\u00e9 nous caract\u00e9risent, nous et notre travail. C&rsquo;est ainsi que nous avons r\u00e9ussi \u00e0 enthousiasmer clients et collaborateurs pour l&rsquo;entreprise sur le long terme.  <\/p>\n<p>La fabrication additive est un domaine en constante \u00e9volution, qui change et se d\u00e9veloppe rapidement. C&rsquo;est pourquoi nous nous concentrons sur les produits et les technologies des principaux fabricants et que nous nous sommes sp\u00e9cialis\u00e9s dans ce domaine. Afin d&rsquo;\u00eatre un partenaire vraiment comp\u00e9tent pour nos clients, nous nous int\u00e9ressons en permanence aux nouvelles technologies. Parfaitement form\u00e9s, certifi\u00e9s et engag\u00e9s, nous proposons une offre de services adapt\u00e9e : du conseil, de l&rsquo;\u00e9tude de projet et de l&rsquo;approvisionnement \u00e0 l&rsquo;installation, la formation et l&rsquo;assistance. En tant que revendeur officiel des produits <a href=\"https:\/\/3d-edu.ch\/fr\/formlabs\/\">Formlabs<\/a>, <a href=\"https:\/\/3d-edu.ch\/fr\/makerbot\/\">MakerBot<\/a> et <a href=\"https:\/\/3d-edu.ch\/fr\/raise3d\/\">Raise3D<\/a>, nous vous proposons, en plus de la garantie et des contrats de maintenance, un service complet pour les appareils.    <\/p>\n<p>3d-edu.ch a \u00e9t\u00e9 le premier revendeur autoris\u00e9 d&rsquo;imprimantes 3D MakerBot en Suisse \u00e0 partir de 2013 environ - \u00e0 l&rsquo;\u00e9poque sous le nom de Scheuss &amp; Partner AG. Aujourd&rsquo;hui, 3D-EDU GmbH est ind\u00e9pendante et r\u00e9pond aux crit\u00e8res professionnels les plus \u00e9lev\u00e9s et au meilleur service client en tant que seul \u00ab\u00a0MakerBot Authorized Partner Professional\u00a0\u00bb et \u00ab\u00a0MakerBot Authorized Service Partner\u00a0\u00bb en Suisse. De plus, 3D-EDU GmbH est le seul revendeur \u00e0 avoir le statut de \u00ab\u00a0Makerbot Certified Operator and Curriculum Creator\u00a0\u00bb, ce qui confirme notre savoir-faire dans le domaine de l&rsquo;\u00e9ducation.  <\/p>\n<p>Depuis 2016, 3d-edu.ch est un revendeur agr\u00e9\u00e9 de Formlabs en Suisse. C&rsquo;est pourquoi nous poss\u00e9dons l&rsquo;exp\u00e9rience, le savoir-faire et les tr\u00e8s bonnes relations avec les fabricants qui nous permettent de conseiller nos clients de mani\u00e8re comp\u00e9tente, de les livrer de pr\u00e9f\u00e9rence et de leur fournir un soutien de qualit\u00e9. <\/p>\n<p>Depuis fin 2022, nous sommes revendeur d&rsquo;imprimantes 3D Raise3D en Suisse. Gr\u00e2ce \u00e0 un personnel form\u00e9 et \u00e0 une infrastructure adapt\u00e9e, nous pouvons \u00e9galement vous fournir le meilleur service et le meilleur support pour cette marque. Nous avons ainsi \u00e9largi notre offre dans le domaine des installations professionnelles et industrielles.    <\/p>\n<p>Sur notre site <a title=\"3d-edu.ch\" href=\"https:\/\/dedune53.myhostpoint.ch\/\">3d-edu.ch<\/a>, nous nous effor\u00e7ons de vous pr\u00e9senter notre offre le plus simplement possible. Vous trouverez ainsi <a title=\"Actualit\u00e9s\" href=\"https:\/\/3d-edu.ch\/fr\/blog\/\">les nouveaut\u00e9s<\/a> MakerBot, Formlabs et Sinterit, des informations sur les produits, le <a title=\"Support\" href=\"https:\/\/3d-edu.ch\/fr\/makerbot-support-suisse\/\">support<\/a> et <a title=\"Boutique\" href=\"https:\/\/dedune53.myhostpoint.ch\/shop\/\">la boutique<\/a> - en un clin d&rsquo;\u0153il ! <\/p>\n\n\t\t<\/div>\n\t\t\t\t\t<\/div>\n\n\t\n\n<\/div>\n\n","protected":false},"excerpt":{"rendered":"","protected":false},"author":1,"featured_media":0,"parent":79216,"menu_order":0,"comment_status":"closed","ping_status":"closed","template":"","meta":{"footnotes":""},"class_list":["post-79174","page","type-page","status-publish","hentry"],"yoast_head":"<!-- This site is optimized with the Yoast SEO Premium plugin v27.4 (Yoast SEO v27.4) - https:\/\/yoast.com\/product\/yoast-seo-premium-wordpress\/ -->\n<title>\u00c0 propos de nous - 3D-EDU GmbH<\/title>\n<meta name=\"robots\" content=\"index, follow, max-snippet:-1, max-image-preview:large, max-video-preview:-1\" \/>\n<link rel=\"canonical\" href=\"https:\/\/3d-edu.ch\/fr\/contact\/a-propos-de-nous\/\" \/>\n<meta property=\"og:locale\" content=\"fr_FR\" \/>\n<meta property=\"og:type\" content=\"article\" \/>\n<meta property=\"og:title\" content=\"\u00c0 propos de nous\" \/>\n<meta property=\"og:url\" content=\"https:\/\/3d-edu.ch\/fr\/contact\/a-propos-de-nous\/\" \/>\n<meta property=\"og:site_name\" content=\"3D-EDU GmbH\" \/>\n<meta property=\"article:publisher\" content=\"https:\/\/www.facebook.com\/3d-educh-210277586064960\/\" \/>\n<meta property=\"article:modified_time\" content=\"2026-02-19T09:29:36+00:00\" \/>\n<meta name=\"twitter:card\" content=\"summary_large_image\" \/>\n<meta name=\"twitter:site\" content=\"@3d_edu_ch\" \/>\n<meta name=\"twitter:label1\" content=\"Dur\u00e9e de lecture estim\u00e9e\" \/>\n\t<meta name=\"twitter:data1\" content=\"2 minute\" \/>\n<script type=\"application\/ld+json\" class=\"yoast-schema-graph\">{\"@context\":\"https:\\\/\\\/schema.org\",\"@graph\":[{\"@type\":\"WebPage\",\"@id\":\"https:\\\/\\\/3d-edu.ch\\\/fr\\\/contact\\\/a-propos-de-nous\\\/\",\"url\":\"https:\\\/\\\/3d-edu.ch\\\/fr\\\/contact\\\/a-propos-de-nous\\\/\",\"name\":\"\u00c0 propos de nous - 3D-EDU GmbH\",\"isPartOf\":{\"@id\":\"https:\\\/\\\/3d-edu.ch\\\/fr\\\/#website\"},\"datePublished\":\"2015-03-10T15:26:54+00:00\",\"dateModified\":\"2026-02-19T09:29:36+00:00\",\"breadcrumb\":{\"@id\":\"https:\\\/\\\/3d-edu.ch\\\/fr\\\/contact\\\/a-propos-de-nous\\\/#breadcrumb\"},\"inLanguage\":\"fr-FR\",\"potentialAction\":[{\"@type\":\"ReadAction\",\"target\":[\"https:\\\/\\\/3d-edu.ch\\\/fr\\\/contact\\\/a-propos-de-nous\\\/\"]}]},{\"@type\":\"BreadcrumbList\",\"@id\":\"https:\\\/\\\/3d-edu.ch\\\/fr\\\/contact\\\/a-propos-de-nous\\\/#breadcrumb\",\"itemListElement\":[{\"@type\":\"ListItem\",\"position\":1,\"name\":\"Accueil\",\"item\":\"https:\\\/\\\/3d-edu.ch\\\/fr\\\/\"},{\"@type\":\"ListItem\",\"position\":2,\"name\":\"Contact\",\"item\":\"https:\\\/\\\/3d-edu.ch\\\/fr\\\/contact\\\/\"},{\"@type\":\"ListItem\",\"position\":3,\"name\":\"\u00c0 propos de nous\"}]},{\"@type\":\"WebSite\",\"@id\":\"https:\\\/\\\/3d-edu.ch\\\/fr\\\/#website\",\"url\":\"https:\\\/\\\/3d-edu.ch\\\/fr\\\/\",\"name\":\"3D-EDU GmbH\",\"description\":\"Your Formlabs, UltiMaker and Raise3D Printer Support and Education Site in Switzerland. \\\/\\\/ Ihre Formlabs, UltiMaker and Raise3D Drucker Support und Bildungs Webseite der Schweiz.\",\"publisher\":{\"@id\":\"https:\\\/\\\/3d-edu.ch\\\/fr\\\/#organization\"},\"potentialAction\":[{\"@type\":\"SearchAction\",\"target\":{\"@type\":\"EntryPoint\",\"urlTemplate\":\"https:\\\/\\\/3d-edu.ch\\\/fr\\\/?s={search_term_string}\"},\"query-input\":{\"@type\":\"PropertyValueSpecification\",\"valueRequired\":true,\"valueName\":\"search_term_string\"}}],\"inLanguage\":\"fr-FR\"},{\"@type\":[\"Organization\",\"Place\",\"ElectronicsStore\"],\"@id\":\"https:\\\/\\\/3d-edu.ch\\\/fr\\\/#organization\",\"name\":\"3D-EDU GmbH\",\"url\":\"https:\\\/\\\/3d-edu.ch\\\/fr\\\/\",\"logo\":{\"@id\":\"https:\\\/\\\/3d-edu.ch\\\/fr\\\/contact\\\/a-propos-de-nous\\\/#local-main-organization-logo\"},\"image\":{\"@id\":\"https:\\\/\\\/3d-edu.ch\\\/fr\\\/contact\\\/a-propos-de-nous\\\/#local-main-organization-logo\"},\"sameAs\":[\"https:\\\/\\\/www.facebook.com\\\/3d-educh-210277586064960\\\/\",\"https:\\\/\\\/x.com\\\/3d_edu_ch\"],\"address\":{\"@id\":\"https:\\\/\\\/3d-edu.ch\\\/fr\\\/contact\\\/a-propos-de-nous\\\/#local-main-place-address\"},\"geo\":{\"@type\":\"GeoCoordinates\",\"latitude\":\"47.38413\",\"longitude\":\"8.49812\"},\"telephone\":[\"+41 44 492 11 22\"],\"openingHoursSpecification\":[{\"@type\":\"OpeningHoursSpecification\",\"dayOfWeek\":[\"Monday\",\"Tuesday\",\"Wednesday\",\"Thursday\",\"Friday\"],\"opens\":\"08:30\",\"closes\":\"18:00\"},{\"@type\":\"OpeningHoursSpecification\",\"dayOfWeek\":[\"Saturday\",\"Sunday\"],\"opens\":\"00:00\",\"closes\":\"00:00\"}],\"email\":\"info@3d-edu.ch\",\"faxNumber\":\"+41 44 492 11 23\",\"vatID\":\"CHE-184.499.491 MWST\",\"priceRange\":\"$$$\",\"currenciesAccepted\":\"CHF\"},{\"@type\":\"PostalAddress\",\"@id\":\"https:\\\/\\\/3d-edu.ch\\\/fr\\\/contact\\\/a-propos-de-nous\\\/#local-main-place-address\",\"streetAddress\":\"3D-EDU GmbH, Badenerstrasse 556\",\"addressLocality\":\"Z\u00fcrich\",\"postalCode\":\"8048\",\"addressRegion\":\"Z\u00fcrich\",\"addressCountry\":\"CH\"},{\"@type\":\"ImageObject\",\"inLanguage\":\"fr-FR\",\"@id\":\"https:\\\/\\\/3d-edu.ch\\\/fr\\\/contact\\\/a-propos-de-nous\\\/#local-main-organization-logo\",\"url\":\"https:\\\/\\\/3d-edu.ch\\\/wp-content\\\/uploads\\\/2018\\\/10\\\/3d-drucker-makerbot-formlabs-professionelle-3d-drucker-e1546527990490.png\",\"contentUrl\":\"https:\\\/\\\/3d-edu.ch\\\/wp-content\\\/uploads\\\/2018\\\/10\\\/3d-drucker-makerbot-formlabs-professionelle-3d-drucker-e1546527990490.png\",\"width\":275,\"height\":80,\"caption\":\"3D-EDU GmbH\"}]}<\/script>\n<meta name=\"geo.placename\" content=\"Z\u00fcrich\" \/>\n<meta name=\"geo.position\" content=\"47.38413;8.49812\" \/>\n<meta name=\"geo.region\" content=\"Suisse\" \/>\n<!-- \/ Yoast SEO Premium plugin. -->","yoast_head_json":{"title":"\u00c0 propos de nous - 3D-EDU GmbH","robots":{"index":"index","follow":"follow","max-snippet":"max-snippet:-1","max-image-preview":"max-image-preview:large","max-video-preview":"max-video-preview:-1"},"canonical":"https:\/\/3d-edu.ch\/fr\/contact\/a-propos-de-nous\/","og_locale":"fr_FR","og_type":"article","og_title":"\u00c0 propos de nous","og_url":"https:\/\/3d-edu.ch\/fr\/contact\/a-propos-de-nous\/","og_site_name":"3D-EDU GmbH","article_publisher":"https:\/\/www.facebook.com\/3d-educh-210277586064960\/","article_modified_time":"2026-02-19T09:29:36+00:00","twitter_card":"summary_large_image","twitter_site":"@3d_edu_ch","twitter_misc":{"Dur\u00e9e de lecture estim\u00e9e":"2 minute"},"schema":{"@context":"https:\/\/schema.org","@graph":[{"@type":"WebPage","@id":"https:\/\/3d-edu.ch\/fr\/contact\/a-propos-de-nous\/","url":"https:\/\/3d-edu.ch\/fr\/contact\/a-propos-de-nous\/","name":"\u00c0 propos de nous - 3D-EDU GmbH","isPartOf":{"@id":"https:\/\/3d-edu.ch\/fr\/#website"},"datePublished":"2015-03-10T15:26:54+00:00","dateModified":"2026-02-19T09:29:36+00:00","breadcrumb":{"@id":"https:\/\/3d-edu.ch\/fr\/contact\/a-propos-de-nous\/#breadcrumb"},"inLanguage":"fr-FR","potentialAction":[{"@type":"ReadAction","target":["https:\/\/3d-edu.ch\/fr\/contact\/a-propos-de-nous\/"]}]},{"@type":"BreadcrumbList","@id":"https:\/\/3d-edu.ch\/fr\/contact\/a-propos-de-nous\/#breadcrumb","itemListElement":[{"@type":"ListItem","position":1,"name":"Accueil","item":"https:\/\/3d-edu.ch\/fr\/"},{"@type":"ListItem","position":2,"name":"Contact","item":"https:\/\/3d-edu.ch\/fr\/contact\/"},{"@type":"ListItem","position":3,"name":"\u00c0 propos de nous"}]},{"@type":"WebSite","@id":"https:\/\/3d-edu.ch\/fr\/#website","url":"https:\/\/3d-edu.ch\/fr\/","name":"3D-EDU GmbH","description":"Your Formlabs, UltiMaker and Raise3D Printer Support and Education Site in Switzerland. \/\/ Ihre Formlabs, UltiMaker and Raise3D Drucker Support und Bildungs Webseite der Schweiz.","publisher":{"@id":"https:\/\/3d-edu.ch\/fr\/#organization"},"potentialAction":[{"@type":"SearchAction","target":{"@type":"EntryPoint","urlTemplate":"https:\/\/3d-edu.ch\/fr\/?s={search_term_string}"},"query-input":{"@type":"PropertyValueSpecification","valueRequired":true,"valueName":"search_term_string"}}],"inLanguage":"fr-FR"},{"@type":["Organization","Place","ElectronicsStore"],"@id":"https:\/\/3d-edu.ch\/fr\/#organization","name":"3D-EDU GmbH","url":"https:\/\/3d-edu.ch\/fr\/","logo":{"@id":"https:\/\/3d-edu.ch\/fr\/contact\/a-propos-de-nous\/#local-main-organization-logo"},"image":{"@id":"https:\/\/3d-edu.ch\/fr\/contact\/a-propos-de-nous\/#local-main-organization-logo"},"sameAs":["https:\/\/www.facebook.com\/3d-educh-210277586064960\/","https:\/\/x.com\/3d_edu_ch"],"address":{"@id":"https:\/\/3d-edu.ch\/fr\/contact\/a-propos-de-nous\/#local-main-place-address"},"geo":{"@type":"GeoCoordinates","latitude":"47.38413","longitude":"8.49812"},"telephone":["+41 44 492 11 22"],"openingHoursSpecification":[{"@type":"OpeningHoursSpecification","dayOfWeek":["Monday","Tuesday","Wednesday","Thursday","Friday"],"opens":"08:30","closes":"18:00"},{"@type":"OpeningHoursSpecification","dayOfWeek":["Saturday","Sunday"],"opens":"00:00","closes":"00:00"}],"email":"info@3d-edu.ch","faxNumber":"+41 44 492 11 23","vatID":"CHE-184.499.491 MWST","priceRange":"$$$","currenciesAccepted":"CHF"},{"@type":"PostalAddress","@id":"https:\/\/3d-edu.ch\/fr\/contact\/a-propos-de-nous\/#local-main-place-address","streetAddress":"3D-EDU GmbH, Badenerstrasse 556","addressLocality":"Z\u00fcrich","postalCode":"8048","addressRegion":"Z\u00fcrich","addressCountry":"CH"},{"@type":"ImageObject","inLanguage":"fr-FR","@id":"https:\/\/3d-edu.ch\/fr\/contact\/a-propos-de-nous\/#local-main-organization-logo","url":"https:\/\/3d-edu.ch\/wp-content\/uploads\/2018\/10\/3d-drucker-makerbot-formlabs-professionelle-3d-drucker-e1546527990490.png","contentUrl":"https:\/\/3d-edu.ch\/wp-content\/uploads\/2018\/10\/3d-drucker-makerbot-formlabs-professionelle-3d-drucker-e1546527990490.png","width":275,"height":80,"caption":"3D-EDU GmbH"}]},"geo.placename":"Z\u00fcrich","geo.position":{"lat":"47.38413","long":"8.49812"},"geo.region":"Suisse"},"_links":{"self":[{"href":"https:\/\/3d-edu.ch\/fr\/wp-json\/wp\/v2\/pages\/79174","targetHints":{"allow":["GET"]}}],"collection":[{"href":"https:\/\/3d-edu.ch\/fr\/wp-json\/wp\/v2\/pages"}],"about":[{"href":"https:\/\/3d-edu.ch\/fr\/wp-json\/wp\/v2\/types\/page"}],"author":[{"embeddable":true,"href":"https:\/\/3d-edu.ch\/fr\/wp-json\/wp\/v2\/users\/1"}],"replies":[{"embeddable":true,"href":"https:\/\/3d-edu.ch\/fr\/wp-json\/wp\/v2\/comments?post=79174"}],"version-history":[{"count":2,"href":"https:\/\/3d-edu.ch\/fr\/wp-json\/wp\/v2\/pages\/79174\/revisions"}],"predecessor-version":[{"id":79183,"href":"https:\/\/3d-edu.ch\/fr\/wp-json\/wp\/v2\/pages\/79174\/revisions\/79183"}],"up":[{"embeddable":true,"href":"https:\/\/3d-edu.ch\/fr\/wp-json\/wp\/v2\/pages\/79216"}],"wp:attachment":[{"href":"https:\/\/3d-edu.ch\/fr\/wp-json\/wp\/v2\/media?parent=79174"}],"curies":[{"name":"wp","href":"https:\/\/api.w.org\/{rel}","templated":true}]}}