{"id":79106,"date":"2015-01-31T12:04:55","date_gmt":"2015-01-31T11:04:55","guid":{"rendered":"https:\/\/3d-edu.ch\/makerbot-support-suisse\/"},"modified":"2026-03-09T14:05:41","modified_gmt":"2026-03-09T13:05:41","slug":"makerbot-support-suisse","status":"publish","type":"page","link":"https:\/\/3d-edu.ch\/fr\/makerbot-support-suisse\/","title":{"rendered":"MakerBot Support Suisse"},"content":{"rendered":"\n<div class=\"row align-middle\"  id=\"row-43823467\">\n\n\n\t<div id=\"col-717395165\" class=\"col medium-6 small-12 large-6\"  >\n\t\t\t\t<div class=\"col-inner\"  >\n\t\t\t\n\t\t\t\n\n<h1>Assistance MakerBot<\/h1><h2>Support complet pour tous les produits MakerBot<\/h2><p>MakerBot Support Suisse offre un support complet pour tous les produits MakerBot. Vous trouverez \u00e9galement une s\u00e9rie de documents officiels \u00e0 t\u00e9l\u00e9charger.<\/p>\n\n\t\t<\/div>\n\t\t\t\t\t<\/div>\n\n\t\n\n\t<div id=\"col-1709885861\" class=\"col medium-6 small-12 large-6\"  >\n\t\t\t\t<div class=\"col-inner\"  >\n\t\t\t\n\t\t\t\n\n\t<div class=\"img has-hover x md-x lg-x y md-y lg-y\" id=\"image_506726369\">\n\t\t\t\t\t\t\t\t<div class=\"img-inner dark\" >\n\t\t\t<img loading=\"lazy\" decoding=\"async\" width=\"250\" height=\"250\" src=\"https:\/\/3d-edu.ch\/wp-content\/smush-avif\/2015\/01\/MakerBot-Support-Schweiz-Logo.png.avif\" class=\"attachment-large size-large\" alt=\"MakerBot Conseil Support Suisse\" srcset=\"https:\/\/3d-edu.ch\/wp-content\/smush-avif\/2015\/01\/MakerBot-Support-Schweiz-Logo.png.avif 250w, https:\/\/3d-edu.ch\/wp-content\/smush-avif\/2015\/01\/MakerBot-Support-Schweiz-Logo-100x100.png.avif 100w, https:\/\/3d-edu.ch\/wp-content\/smush-avif\/2015\/01\/MakerBot-Support-Schweiz-Logo-150x150.png.avif 150w, https:\/\/3d-edu.ch\/wp-content\/smush-avif\/2015\/01\/MakerBot-Support-Schweiz-Logo-240x240.png.avif 240w\" sizes=\"auto, (max-width: 250px) 100vw, 250px\" \/>\t\t\t\t\t\t\n\t\t\t\t\t<\/div>\n\t\t\t\t\t\t\t\t\n<style>\n#image_506726369 {\n  width: 60%;\n}\n<\/style>\n\t<\/div>\n\t\n\n\n\t\t<\/div>\n\t\t\t\t\t<\/div>\n\n\t\n\n\n<style>\n#row-43823467 > .col > .col-inner {\n  padding: 30px 0px 0px 0px;\n}\n<\/style>\n<\/div>\n<div class=\"row\"  id=\"row-1325807700\">\n\n\n\t<div id=\"col-1871868987\" class=\"col small-12 large-12\"  >\n\t\t\t\t<div class=\"col-inner\"  >\n\t\t\t\n\t\t\t\n\n<p>Vous avez besoin d&rsquo;aide pour choisir ou configurer votre imprimante 3D MakerBot Replicator ? Nous sommes l\u00e0 pour vous aider ! <\/p>\n<p>Les petits probl\u00e8mes de d\u00e9marrage se r\u00e9solvent souvent d&rsquo;eux-m\u00eames en quelques \u00e9tapes. Contactez notre <a href=\"https:\/\/3d-edu.ch\/makerbot-support\/beratung-technischer-support\/\">support technique<\/a>! Nous vous aiderons \u00e0 d\u00e9marrer rapidement votre imprimante MakerBot Replicator 3D. Nous r\u00e9pondons \u00e0 vos mailings dans les 24h (jours ouvrables). Vous trouverez \u00e9galement une aide en ligne en anglais dans le <a href=\"https:\/\/support.makerbot.com\/troubleshooting\" target=\"_blank\" rel=\"noopener noreferrer\">Guide de d\u00e9pannage MakerBot<\/a>.   <\/p>\n<p>Vous souhaitez conna\u00eetre les bases ? O\u00f9 trouver des mod\u00e8les d&rsquo;impression 3D ? Comment mettre \u00e0 niveau la plaque de construction ? Qu&rsquo;est-ce que MakerBot Print ? et plus encore ! Dans le <a href=\"https:\/\/3d-edu.ch\/education\/makerbot-educators-guidebook\/\">guide Educators<\/a>, vous trouverez un ensemble de sujets d\u00e9taill\u00e9s qui vous permettront d&rsquo;apprendre les bases de l&rsquo;impression 3D. Vous trouverez des articles similaires dans <a href=\"https:\/\/www.makerbot.com\/learn\/\" target=\"_blank\" rel=\"noopener noreferrer\">MakerBot Learn<\/a> - mais ils ne sont disponibles qu&rsquo;en anglais.      <\/p>\n\n\t\t<\/div>\n\t\t\t\t\t<\/div>\n\n\t\n\n<\/div>\n<div class=\"is-divider divider clearfix\" style=\"max-width:1280px;height:1px;\"><\/div>\n\n<div class=\"row align-middle\"  id=\"row-731642020\">\n\n\n\t<div id=\"col-1560141637\" class=\"col medium-6 small-12 large-6\"  >\n\t\t\t\t<div class=\"col-inner\"  >\n\t\t\t\n\t\t\t\n\n<h2>Conseil \/ Support technique<\/h2><p>Vous trouverez ici les coordonn\u00e9es des services de conseil et d&rsquo;assistance technique pour les produits MakerBot. Le Service Desk vous permet d&rsquo;obtenir une assistance professionnelle dans un d\u00e9lai maximum de 24 heures les jours ouvrables.  <\/p>\n\n\t\t<\/div>\n\t\t\t\t\t<\/div>\n\n\t\n\n\t<div id=\"col-1210761672\" class=\"col medium-6 small-12 large-6\"  >\n\t\t\t\t<div class=\"col-inner\"  >\n\t\t\t\n\t\t\t\n\n<a href=\"https:\/\/3d-edu.ch\/fr\/makerbot-support-suisse\/conseil-support-technique\/\" class=\"button primary\" >\n\t\t<span>Support<\/span>\n\t<\/a>\n\n\n\n\t\t<\/div>\n\t\t\t\t\t<\/div>\n\n\t\n\n<\/div>\n<div class=\"is-divider divider clearfix\" style=\"max-width:1280px;height:1px;\"><\/div>\n\n<div class=\"row align-middle\"  id=\"row-1001601648\">\n\n\n\t<div id=\"col-541844436\" class=\"col medium-6 small-12 large-6\"  >\n\t\t\t\t<div class=\"col-inner\"  >\n\t\t\t\n\t\t\t\n\n<h2>Modes d&rsquo;emploi MakerBot<\/h2><p>Tous les guides officiels d&rsquo;utilisation &#038; de d\u00e9marrage rapide des imprimantes 3D &#038; scanners 3D MakerBot sont disponibles ici en t\u00e9l\u00e9chargement PDF.<\/p>\n\n\t\t<\/div>\n\t\t\t\t\t<\/div>\n\n\t\n\n\t<div id=\"col-576793432\" class=\"col medium-6 small-12 large-6\"  >\n\t\t\t\t<div class=\"col-inner\"  >\n\t\t\t\n\t\t\t\n\n<a href=\"https:\/\/3d-edu.ch\/fr\/makerbot-support-suisse\/modes-demploi-makerbot\/\" class=\"button primary\" >\n\t\t<span>T\u00e9l\u00e9charger<\/span>\n\t<\/a>\n\n\n\n\t\t<\/div>\n\t\t\t\t\t<\/div>\n\n\t\n\n<\/div>\n<div class=\"is-divider divider clearfix\" style=\"max-width:1280px;height:1px;\"><\/div>\n\n<div class=\"row align-middle\"  id=\"row-663293525\">\n\n\n\t<div id=\"col-238496544\" class=\"col medium-6 small-12 large-6\"  >\n\t\t\t\t<div class=\"col-inner\"  >\n\t\t\t\n\t\t\t\n\n<h2>Instructions d&rsquo;emballage<\/h2><p>En cas de retour ou d&rsquo;envoi pour entretien ou r\u00e9paration \u00e0 MakerBot Support Suisse, vous devez suivre les instructions d&rsquo;emballage que vous trouverez ici.<\/p>\n\n\t\t<\/div>\n\t\t\t\t\t<\/div>\n\n\t\n\n\t<div id=\"col-353451309\" class=\"col medium-6 small-12 large-6\"  >\n\t\t\t\t<div class=\"col-inner\"  >\n\t\t\t\n\t\t\t\n\n<a href=\"https:\/\/3d-edu.ch\/fr\/makerbot-support-suisse\/instructions-demballage\/\" class=\"button primary\" >\n\t\t<span>T\u00e9l\u00e9charger<\/span>\n\t<\/a>\n\n\n\n\t\t<\/div>\n\t\t\t\t\t<\/div>\n\n\t\n\n<\/div>\n<div class=\"is-divider divider clearfix\" style=\"max-width:1280px;height:1px;\"><\/div>\n\n<div class=\"row align-middle\"  id=\"row-859767840\">\n\n\n\t<div id=\"col-1706372085\" class=\"col medium-6 small-12 large-6\"  >\n\t\t\t\t<div class=\"col-inner\"  >\n\t\t\t\n\t\t\t\n\n<h2>FAQ<\/h2><p>Vous trouverez ici les r\u00e9ponses aux questions les plus fr\u00e9quemment pos\u00e9es \u00e0 MakerBot Support Suisse.<\/p>\n\n\t\t<\/div>\n\t\t\t\t\t<\/div>\n\n\t\n\n\t<div id=\"col-1429871572\" class=\"col medium-6 small-12 large-6\"  >\n\t\t\t\t<div class=\"col-inner\"  >\n\t\t\t\n\t\t\t\n\n<a href=\"https:\/\/3d-edu.ch\/fr\/makerbot-support-suisse\/faqs\/\" class=\"button primary\" >\n\t\t<span>FAQ's<\/span>\n\t<\/a>\n\n\n\n\t\t<\/div>\n\t\t\t\t\t<\/div>\n\n\t\n\n<\/div>\n<div class=\"is-divider divider clearfix\" style=\"max-width:1280px;height:1px;\"><\/div>\n\n<div class=\"row\"  id=\"row-219128933\">\n\n\n\t<div id=\"col-1878052120\" class=\"col medium-4 small-12 large-4\"  >\n\t\t\t\t<div class=\"col-inner\"  >\n\t\t\t\n\t\t\t\n\n\t<div class=\"box has-hover   has-hover box-text-bottom\" >\n\n\t\t<div class=\"box-image\" style=\"width:50%;\">\n\t\t\t<a href=\"https:\/\/3d-edu.ch\/fr\/makerbot\/imprimante-3d-makerbot\/\" >\t\t\t<div class=\"\" >\n\t\t\t\t<img loading=\"lazy\" decoding=\"async\" width=\"150\" height=\"150\" src=\"https:\/\/3d-edu.ch\/wp-content\/smush-avif\/2019\/08\/makerbot-3d-printers.jpg.avif\" class=\"attachment- size-\" alt=\"MakerBot 3D-Drucker\" srcset=\"https:\/\/3d-edu.ch\/wp-content\/smush-avif\/2019\/08\/makerbot-3d-printers.jpg.avif 150w, https:\/\/3d-edu.ch\/wp-content\/smush-avif\/2019\/08\/makerbot-3d-printers-100x100.jpg.avif 100w\" sizes=\"auto, (max-width: 150px) 100vw, 150px\" \/>\t\t\t\t\t\t\t\t\t\t\t<\/div>\n\t\t\t<\/a>\t\t<\/div>\n\n\t\t<div class=\"box-text text-left\" >\n\t\t\t<div class=\"box-text-inner\">\n\t\t\t\t\n\n<h4>Imprimante 3D MakerBot<\/h4>\n<p> <a href=\"\/?page_id=38\"> Informations<\/a><br \/><a href=\"https:\/\/3d-edu.ch\/fr\/produkt-kategorie\/imprimantes-3d-fr-2\/\">Commander<\/a><\/p>\n\n\t\t\t<\/div>\n\t\t<\/div>\n\t<\/div>\n\t\n\n\t\t<\/div>\n\t\t\t\t\t<\/div>\n\n\t\n\n\t<div id=\"col-27815250\" class=\"col medium-4 small-12 large-4\"  >\n\t\t\t\t<div class=\"col-inner\"  >\n\t\t\t\n\t\t\t\n\n\t<div class=\"box has-hover   has-hover box-text-bottom\" >\n\n\t\t<div class=\"box-image\" style=\"width:50%;\">\n\t\t\t<a href=\"\/makerbot\/makerbot-apps\/\" >\t\t\t<div class=\"\" >\n\t\t\t\t<img loading=\"lazy\" decoding=\"async\" width=\"150\" height=\"150\" src=\"https:\/\/3d-edu.ch\/wp-content\/smush-avif\/2019\/01\/makerbot-software-icon-pic.jpg.avif\" class=\"attachment- size-\" alt=\"makerbot-software-icon-pic\" srcset=\"https:\/\/3d-edu.ch\/wp-content\/smush-avif\/2019\/01\/makerbot-software-icon-pic.jpg.avif 150w, https:\/\/3d-edu.ch\/wp-content\/smush-avif\/2019\/01\/makerbot-software-icon-pic-100x100.jpg.avif 100w\" sizes=\"auto, (max-width: 150px) 100vw, 150px\" \/>\t\t\t\t\t\t\t\t\t\t\t<\/div>\n\t\t\t<\/a>\t\t<\/div>\n\n\t\t<div class=\"box-text text-left\" >\n\t\t\t<div class=\"box-text-inner\">\n\t\t\t\t\n\n<h4>Logiciels et applications MakerBot<\/h4>\n<p><a href=\"\/makerbot\/makerbot-apps\/\">  Informations<\/a>\n\n\t\t\t<\/div>\n\t\t<\/div>\n\t<\/div>\n\t\n\n\t\t<\/div>\n\t\t\t\t\t<\/div>\n\n\t\n\n\t<div id=\"col-1233137275\" class=\"col medium-4 small-12 large-4\"  >\n\t\t\t\t<div class=\"col-inner\"  >\n\t\t\t\n\t\t\t\n\n\t<div class=\"box has-hover   has-hover box-text-bottom\" >\n\n\t\t<div class=\"box-image\" style=\"width:50%;\">\n\t\t\t<a href=\"https:\/\/3d-edu.ch\/fr\/makerbot\/filament-makerbot\/\" >\t\t\t<div class=\"\" >\n\t\t\t\t<img loading=\"lazy\" decoding=\"async\" width=\"150\" height=\"150\" src=\"https:\/\/3d-edu.ch\/wp-content\/smush-avif\/2019\/01\/makerbot-filament-icon-pic.jpg.avif\" class=\"attachment- size-\" alt=\"makerbot-filament-icon-pic\" srcset=\"https:\/\/3d-edu.ch\/wp-content\/smush-avif\/2019\/01\/makerbot-filament-icon-pic.jpg.avif 150w, https:\/\/3d-edu.ch\/wp-content\/smush-avif\/2019\/01\/makerbot-filament-icon-pic-100x100.jpg.avif 100w\" sizes=\"auto, (max-width: 150px) 100vw, 150px\" \/>\t\t\t\t\t\t\t\t\t\t\t<\/div>\n\t\t\t<\/a>\t\t<\/div>\n\n\t\t<div class=\"box-text text-left\" >\n\t\t\t<div class=\"box-text-inner\">\n\t\t\t\t\n\n<h4>Mat\u00e9riaux MakerBot<\/h4>\n<\/p><p> <a href=\"\/?page_id=616\"> Informations<\/a><br \/><a href=\"https:\/\/3d-edu.ch\/fr\/produkt-kategorie\/filaments-makerbot-fr\/\">Commander<\/a><\/p>\n\n\t\t\t<\/div>\n\t\t<\/div>\n\t<\/div>\n\t\n\n\t\t<\/div>\n\t\t\t\t\t<\/div>\n\n\t\n\n<\/div>\n\n\n","protected":false},"excerpt":{"rendered":"","protected":false},"author":1,"featured_media":0,"parent":0,"menu_order":0,"comment_status":"closed","ping_status":"closed","template":"page-blank.php","meta":{"footnotes":""},"class_list":["post-79106","page","type-page","status-publish","hentry"],"yoast_head":"<!-- This site is optimized with the Yoast SEO Premium plugin v27.4 (Yoast SEO v27.4) - https:\/\/yoast.com\/product\/yoast-seo-premium-wordpress\/ -->\n<title>MakerBot Support Suisse | R\u00e9paration, service, support - 3D-EDU<\/title>\n<meta name=\"description\" content=\"MakerBot Support Suisse : Support complet pour tous les produits MakerBot + r\u00e9paration &amp; service + documents officiels \u00e0 t\u00e9l\u00e9charger (fiches techniques, etc.).\" \/>\n<meta name=\"robots\" content=\"index, follow, max-snippet:-1, max-image-preview:large, max-video-preview:-1\" \/>\n<link rel=\"canonical\" href=\"https:\/\/3d-edu.ch\/fr\/makerbot-support-suisse\/\" \/>\n<meta property=\"og:locale\" content=\"fr_FR\" \/>\n<meta property=\"og:type\" content=\"article\" \/>\n<meta property=\"og:title\" content=\"MakerBot Support Suisse\" \/>\n<meta property=\"og:description\" content=\"MakerBot Support Suisse : Support complet pour tous les produits MakerBot + r\u00e9paration &amp; service + documents officiels \u00e0 t\u00e9l\u00e9charger (fiches techniques, etc.).\" \/>\n<meta property=\"og:url\" content=\"https:\/\/3d-edu.ch\/fr\/makerbot-support-suisse\/\" \/>\n<meta property=\"og:site_name\" content=\"3D-EDU GmbH\" \/>\n<meta property=\"article:publisher\" content=\"https:\/\/www.facebook.com\/3d-educh-210277586064960\/\" \/>\n<meta property=\"article:modified_time\" content=\"2026-03-09T13:05:41+00:00\" \/>\n<meta name=\"twitter:card\" content=\"summary_large_image\" \/>\n<meta name=\"twitter:site\" content=\"@3d_edu_ch\" \/>\n<meta name=\"twitter:label1\" content=\"Dur\u00e9e de lecture estim\u00e9e\" \/>\n\t<meta name=\"twitter:data1\" content=\"2 minute\" \/>\n<script type=\"application\/ld+json\" class=\"yoast-schema-graph\">{\"@context\":\"https:\\\/\\\/schema.org\",\"@graph\":[{\"@type\":\"WebPage\",\"@id\":\"https:\\\/\\\/3d-edu.ch\\\/fr\\\/makerbot-support-suisse\\\/\",\"url\":\"https:\\\/\\\/3d-edu.ch\\\/fr\\\/makerbot-support-suisse\\\/\",\"name\":\"MakerBot Support Suisse | R\u00e9paration, service, support - 3D-EDU\",\"isPartOf\":{\"@id\":\"https:\\\/\\\/3d-edu.ch\\\/fr\\\/#website\"},\"datePublished\":\"2015-01-31T11:04:55+00:00\",\"dateModified\":\"2026-03-09T13:05:41+00:00\",\"description\":\"MakerBot Support Suisse : Support complet pour tous les produits MakerBot + r\u00e9paration & service + documents officiels \u00e0 t\u00e9l\u00e9charger (fiches techniques, etc.).\",\"breadcrumb\":{\"@id\":\"https:\\\/\\\/3d-edu.ch\\\/fr\\\/makerbot-support-suisse\\\/#breadcrumb\"},\"inLanguage\":\"fr-FR\",\"potentialAction\":[{\"@type\":\"ReadAction\",\"target\":[\"https:\\\/\\\/3d-edu.ch\\\/fr\\\/makerbot-support-suisse\\\/\"]}]},{\"@type\":\"BreadcrumbList\",\"@id\":\"https:\\\/\\\/3d-edu.ch\\\/fr\\\/makerbot-support-suisse\\\/#breadcrumb\",\"itemListElement\":[{\"@type\":\"ListItem\",\"position\":1,\"name\":\"Accueil\",\"item\":\"https:\\\/\\\/3d-edu.ch\\\/fr\\\/\"},{\"@type\":\"ListItem\",\"position\":2,\"name\":\"MakerBot Support Suisse\"}]},{\"@type\":\"WebSite\",\"@id\":\"https:\\\/\\\/3d-edu.ch\\\/fr\\\/#website\",\"url\":\"https:\\\/\\\/3d-edu.ch\\\/fr\\\/\",\"name\":\"3D-EDU GmbH\",\"description\":\"Your Formlabs, UltiMaker and Raise3D Printer Support and Education Site in Switzerland. \\\/\\\/ Ihre Formlabs, UltiMaker and Raise3D Drucker Support und Bildungs Webseite der Schweiz.\",\"publisher\":{\"@id\":\"https:\\\/\\\/3d-edu.ch\\\/fr\\\/#organization\"},\"potentialAction\":[{\"@type\":\"SearchAction\",\"target\":{\"@type\":\"EntryPoint\",\"urlTemplate\":\"https:\\\/\\\/3d-edu.ch\\\/fr\\\/?s={search_term_string}\"},\"query-input\":{\"@type\":\"PropertyValueSpecification\",\"valueRequired\":true,\"valueName\":\"search_term_string\"}}],\"inLanguage\":\"fr-FR\"},{\"@type\":[\"Organization\",\"Place\",\"ElectronicsStore\"],\"@id\":\"https:\\\/\\\/3d-edu.ch\\\/fr\\\/#organization\",\"name\":\"3D-EDU GmbH\",\"url\":\"https:\\\/\\\/3d-edu.ch\\\/fr\\\/\",\"logo\":{\"@id\":\"https:\\\/\\\/3d-edu.ch\\\/fr\\\/makerbot-support-suisse\\\/#local-main-organization-logo\"},\"image\":{\"@id\":\"https:\\\/\\\/3d-edu.ch\\\/fr\\\/makerbot-support-suisse\\\/#local-main-organization-logo\"},\"sameAs\":[\"https:\\\/\\\/www.facebook.com\\\/3d-educh-210277586064960\\\/\",\"https:\\\/\\\/x.com\\\/3d_edu_ch\"],\"address\":{\"@id\":\"https:\\\/\\\/3d-edu.ch\\\/fr\\\/makerbot-support-suisse\\\/#local-main-place-address\"},\"geo\":{\"@type\":\"GeoCoordinates\",\"latitude\":\"47.38413\",\"longitude\":\"8.49812\"},\"telephone\":[\"+41 44 492 11 22\"],\"openingHoursSpecification\":[{\"@type\":\"OpeningHoursSpecification\",\"dayOfWeek\":[\"Monday\",\"Tuesday\",\"Wednesday\",\"Thursday\",\"Friday\"],\"opens\":\"08:30\",\"closes\":\"18:00\"},{\"@type\":\"OpeningHoursSpecification\",\"dayOfWeek\":[\"Saturday\",\"Sunday\"],\"opens\":\"00:00\",\"closes\":\"00:00\"}],\"email\":\"info@3d-edu.ch\",\"faxNumber\":\"+41 44 492 11 23\",\"vatID\":\"CHE-184.499.491 MWST\",\"priceRange\":\"$$$\",\"currenciesAccepted\":\"CHF\"},{\"@type\":\"PostalAddress\",\"@id\":\"https:\\\/\\\/3d-edu.ch\\\/fr\\\/makerbot-support-suisse\\\/#local-main-place-address\",\"streetAddress\":\"3D-EDU GmbH, Badenerstrasse 556\",\"addressLocality\":\"Z\u00fcrich\",\"postalCode\":\"8048\",\"addressRegion\":\"Z\u00fcrich\",\"addressCountry\":\"CH\"},{\"@type\":\"ImageObject\",\"inLanguage\":\"fr-FR\",\"@id\":\"https:\\\/\\\/3d-edu.ch\\\/fr\\\/makerbot-support-suisse\\\/#local-main-organization-logo\",\"url\":\"https:\\\/\\\/3d-edu.ch\\\/wp-content\\\/uploads\\\/2018\\\/10\\\/3d-drucker-makerbot-formlabs-professionelle-3d-drucker-e1546527990490.png\",\"contentUrl\":\"https:\\\/\\\/3d-edu.ch\\\/wp-content\\\/uploads\\\/2018\\\/10\\\/3d-drucker-makerbot-formlabs-professionelle-3d-drucker-e1546527990490.png\",\"width\":275,\"height\":80,\"caption\":\"3D-EDU GmbH\"}]}<\/script>\n<meta name=\"geo.placename\" content=\"Z\u00fcrich\" \/>\n<meta name=\"geo.position\" content=\"47.38413;8.49812\" \/>\n<meta name=\"geo.region\" content=\"Suisse\" \/>\n<!-- \/ Yoast SEO Premium plugin. -->","yoast_head_json":{"title":"MakerBot Support Suisse | R\u00e9paration, service, support - 3D-EDU","description":"MakerBot Support Suisse : Support complet pour tous les produits MakerBot + r\u00e9paration & service + documents officiels \u00e0 t\u00e9l\u00e9charger (fiches techniques, etc.).","robots":{"index":"index","follow":"follow","max-snippet":"max-snippet:-1","max-image-preview":"max-image-preview:large","max-video-preview":"max-video-preview:-1"},"canonical":"https:\/\/3d-edu.ch\/fr\/makerbot-support-suisse\/","og_locale":"fr_FR","og_type":"article","og_title":"MakerBot Support Suisse","og_description":"MakerBot Support Suisse : Support complet pour tous les produits MakerBot + r\u00e9paration & service + documents officiels \u00e0 t\u00e9l\u00e9charger (fiches techniques, etc.).","og_url":"https:\/\/3d-edu.ch\/fr\/makerbot-support-suisse\/","og_site_name":"3D-EDU GmbH","article_publisher":"https:\/\/www.facebook.com\/3d-educh-210277586064960\/","article_modified_time":"2026-03-09T13:05:41+00:00","twitter_card":"summary_large_image","twitter_site":"@3d_edu_ch","twitter_misc":{"Dur\u00e9e de lecture estim\u00e9e":"2 minute"},"schema":{"@context":"https:\/\/schema.org","@graph":[{"@type":"WebPage","@id":"https:\/\/3d-edu.ch\/fr\/makerbot-support-suisse\/","url":"https:\/\/3d-edu.ch\/fr\/makerbot-support-suisse\/","name":"MakerBot Support Suisse | R\u00e9paration, service, support - 3D-EDU","isPartOf":{"@id":"https:\/\/3d-edu.ch\/fr\/#website"},"datePublished":"2015-01-31T11:04:55+00:00","dateModified":"2026-03-09T13:05:41+00:00","description":"MakerBot Support Suisse : Support complet pour tous les produits MakerBot + r\u00e9paration & service + documents officiels \u00e0 t\u00e9l\u00e9charger (fiches techniques, etc.).","breadcrumb":{"@id":"https:\/\/3d-edu.ch\/fr\/makerbot-support-suisse\/#breadcrumb"},"inLanguage":"fr-FR","potentialAction":[{"@type":"ReadAction","target":["https:\/\/3d-edu.ch\/fr\/makerbot-support-suisse\/"]}]},{"@type":"BreadcrumbList","@id":"https:\/\/3d-edu.ch\/fr\/makerbot-support-suisse\/#breadcrumb","itemListElement":[{"@type":"ListItem","position":1,"name":"Accueil","item":"https:\/\/3d-edu.ch\/fr\/"},{"@type":"ListItem","position":2,"name":"MakerBot Support Suisse"}]},{"@type":"WebSite","@id":"https:\/\/3d-edu.ch\/fr\/#website","url":"https:\/\/3d-edu.ch\/fr\/","name":"3D-EDU GmbH","description":"Your Formlabs, UltiMaker and Raise3D Printer Support and Education Site in Switzerland. \/\/ Ihre Formlabs, UltiMaker and Raise3D Drucker Support und Bildungs Webseite der Schweiz.","publisher":{"@id":"https:\/\/3d-edu.ch\/fr\/#organization"},"potentialAction":[{"@type":"SearchAction","target":{"@type":"EntryPoint","urlTemplate":"https:\/\/3d-edu.ch\/fr\/?s={search_term_string}"},"query-input":{"@type":"PropertyValueSpecification","valueRequired":true,"valueName":"search_term_string"}}],"inLanguage":"fr-FR"},{"@type":["Organization","Place","ElectronicsStore"],"@id":"https:\/\/3d-edu.ch\/fr\/#organization","name":"3D-EDU GmbH","url":"https:\/\/3d-edu.ch\/fr\/","logo":{"@id":"https:\/\/3d-edu.ch\/fr\/makerbot-support-suisse\/#local-main-organization-logo"},"image":{"@id":"https:\/\/3d-edu.ch\/fr\/makerbot-support-suisse\/#local-main-organization-logo"},"sameAs":["https:\/\/www.facebook.com\/3d-educh-210277586064960\/","https:\/\/x.com\/3d_edu_ch"],"address":{"@id":"https:\/\/3d-edu.ch\/fr\/makerbot-support-suisse\/#local-main-place-address"},"geo":{"@type":"GeoCoordinates","latitude":"47.38413","longitude":"8.49812"},"telephone":["+41 44 492 11 22"],"openingHoursSpecification":[{"@type":"OpeningHoursSpecification","dayOfWeek":["Monday","Tuesday","Wednesday","Thursday","Friday"],"opens":"08:30","closes":"18:00"},{"@type":"OpeningHoursSpecification","dayOfWeek":["Saturday","Sunday"],"opens":"00:00","closes":"00:00"}],"email":"info@3d-edu.ch","faxNumber":"+41 44 492 11 23","vatID":"CHE-184.499.491 MWST","priceRange":"$$$","currenciesAccepted":"CHF"},{"@type":"PostalAddress","@id":"https:\/\/3d-edu.ch\/fr\/makerbot-support-suisse\/#local-main-place-address","streetAddress":"3D-EDU GmbH, Badenerstrasse 556","addressLocality":"Z\u00fcrich","postalCode":"8048","addressRegion":"Z\u00fcrich","addressCountry":"CH"},{"@type":"ImageObject","inLanguage":"fr-FR","@id":"https:\/\/3d-edu.ch\/fr\/makerbot-support-suisse\/#local-main-organization-logo","url":"https:\/\/3d-edu.ch\/wp-content\/uploads\/2018\/10\/3d-drucker-makerbot-formlabs-professionelle-3d-drucker-e1546527990490.png","contentUrl":"https:\/\/3d-edu.ch\/wp-content\/uploads\/2018\/10\/3d-drucker-makerbot-formlabs-professionelle-3d-drucker-e1546527990490.png","width":275,"height":80,"caption":"3D-EDU GmbH"}]},"geo.placename":"Z\u00fcrich","geo.position":{"lat":"47.38413","long":"8.49812"},"geo.region":"Suisse"},"_links":{"self":[{"href":"https:\/\/3d-edu.ch\/fr\/wp-json\/wp\/v2\/pages\/79106","targetHints":{"allow":["GET"]}}],"collection":[{"href":"https:\/\/3d-edu.ch\/fr\/wp-json\/wp\/v2\/pages"}],"about":[{"href":"https:\/\/3d-edu.ch\/fr\/wp-json\/wp\/v2\/types\/page"}],"author":[{"embeddable":true,"href":"https:\/\/3d-edu.ch\/fr\/wp-json\/wp\/v2\/users\/1"}],"replies":[{"embeddable":true,"href":"https:\/\/3d-edu.ch\/fr\/wp-json\/wp\/v2\/comments?post=79106"}],"version-history":[{"count":2,"href":"https:\/\/3d-edu.ch\/fr\/wp-json\/wp\/v2\/pages\/79106\/revisions"}],"predecessor-version":[{"id":81026,"href":"https:\/\/3d-edu.ch\/fr\/wp-json\/wp\/v2\/pages\/79106\/revisions\/81026"}],"wp:attachment":[{"href":"https:\/\/3d-edu.ch\/fr\/wp-json\/wp\/v2\/media?parent=79106"}],"curies":[{"name":"wp","href":"https:\/\/api.w.org\/{rel}","templated":true}]}}