{"id":75831,"date":"2018-11-08T09:14:05","date_gmt":"2018-11-08T08:14:05","guid":{"rendered":"https:\/\/3d-edu.ch\/reserver-des-billets-gratuits-industrialis\/"},"modified":"2026-01-27T15:30:20","modified_gmt":"2026-01-27T14:30:20","slug":"reserver-des-billets-gratuits-industrialis","status":"publish","type":"page","link":"https:\/\/3d-edu.ch\/fr\/reserver-des-billets-gratuits-industrialis\/","title":{"rendered":"R\u00e9server des billets gratuits INDUSTRIALIS"},"content":{"rendered":"\n<h1>INDUSTRIALIS - R\u00e9servez vos billets gratuits ! !!<\/h1>\n\t<div class=\"img has-hover x md-x lg-x y md-y lg-y\" id=\"image_532209566\">\n\t\t\t\t\t\t\t\t<div class=\"img-inner dark\" >\n\t\t\t<img loading=\"lazy\" decoding=\"async\" width=\"1020\" height=\"340\" src=\"https:\/\/3d-edu.ch\/wp-content\/smush-avif\/2018\/11\/industrialis-hero-web-1024x341.jpg.avif\" class=\"attachment-large size-large\" alt=\"industrialis-gratis-coupon-code\" srcset=\"https:\/\/3d-edu.ch\/wp-content\/smush-avif\/2018\/11\/industrialis-hero-web-1024x341.jpg.avif 1024w, https:\/\/3d-edu.ch\/wp-content\/smush-avif\/2018\/11\/industrialis-hero-web-380x127.jpg.avif 380w, https:\/\/3d-edu.ch\/wp-content\/smush-avif\/2018\/11\/industrialis-hero-web-240x80.jpg.avif 240w, https:\/\/3d-edu.ch\/wp-content\/smush-avif\/2018\/11\/industrialis-hero-web-768x256.jpg.avif 768w, https:\/\/3d-edu.ch\/wp-content\/smush-avif\/2018\/11\/industrialis-hero-web.jpg.avif 1500w\" sizes=\"auto, (max-width: 1020px) 100vw, 1020px\" \/>\t\t\t\t\t\t\n\t\t\t\t\t<\/div>\n\t\t\t\t\t\t\t\t\n<style>\n#image_532209566 {\n  width: 100%;\n}\n<\/style>\n\t<\/div>\n\t\n\n<h2>Saisissez d\u00e8s maintenant vos coordonn\u00e9es. Nous vous enverrons sous peu un code de bon pour une entr\u00e9e gratuite \u00e0 INDUSTRIALIS 2018 \u00e0 Berne. <\/h2>\n<h2>Saisissez l&rsquo;occasion d\u00e8s maintenant - nous n&rsquo;avons qu&rsquo;un nombre limit\u00e9 de billets d&rsquo;invit\u00e9s disponibles.<\/h2>\n<h2>Ensuite, vous pouvez utiliser le code du bon sur le site web d&rsquo;Industialis.<\/h2>\n<a href=\"https:\/\/online.bernexpo.ch\/webshop\/107\/tickets\" target=\"_blank\" class=\"button primary is-large\" rel=\"noopener\" >\n\t\t<span>Vers la r\u00e9servation de billets Industrialis<\/span>\n\t<\/a>\n\n\n\n<div class=\"wpcf7 no-js\" id=\"wpcf7-f75337-o1\" lang=\"fr-FR\" dir=\"ltr\" data-wpcf7-id=\"75337\">\n<div class=\"screen-reader-response\"><p role=\"status\" aria-live=\"polite\" aria-atomic=\"true\"><\/p> <ul><\/ul><\/div>\n<form action=\"\/fr\/wp-json\/wp\/v2\/pages\/75831#wpcf7-f75337-o1\" method=\"post\" class=\"wpcf7-form init\" aria-label=\"Formulaire de contact\" novalidate=\"novalidate\" data-status=\"init\">\n<fieldset class=\"hidden-fields-container\"><input type=\"hidden\" name=\"_wpcf7\" value=\"75337\" \/><input type=\"hidden\" name=\"_wpcf7_version\" value=\"6.1.5\" \/><input type=\"hidden\" name=\"_wpcf7_locale\" value=\"fr_FR\" \/><input type=\"hidden\" name=\"_wpcf7_unit_tag\" value=\"wpcf7-f75337-o1\" \/><input type=\"hidden\" name=\"_wpcf7_container_post\" value=\"0\" \/><input type=\"hidden\" name=\"_wpcf7_posted_data_hash\" value=\"\" \/>\n<\/fieldset>\n<div class=\"wpcf7-turnstile cf-turnstile\" data-sitekey=\"0x4AAAAAACtJw4wGRpDOj6nj\" data-response-field-name=\"_wpcf7_turnstile_response\"><\/div>\n\n<p><span class=\"wpcf7-form-control-wrap\" data-name=\"text-575\"><input size=\"40\" maxlength=\"400\" class=\"wpcf7-form-control wpcf7-text wpcf7-validates-as-required\" aria-required=\"true\" aria-invalid=\"false\" placeholder=\"Entreprise\/nom*\" value=\"\" type=\"text\" name=\"text-575\" \/><\/span>\n<\/p>\n<p><span class=\"wpcf7-form-control-wrap\" data-name=\"email-663\"><input size=\"40\" maxlength=\"400\" class=\"wpcf7-form-control wpcf7-email wpcf7-validates-as-required wpcf7-text wpcf7-validates-as-email\" aria-required=\"true\" aria-invalid=\"false\" placeholder=\"adresse \u00e9lectronique*.\" value=\"\" type=\"email\" name=\"email-663\" \/><\/span>\n<\/p>\n<p><span class=\"wpcf7-form-control-wrap\" data-name=\"text-856\"><input size=\"40\" maxlength=\"400\" class=\"wpcf7-form-control wpcf7-text wpcf7-validates-as-required\" aria-required=\"true\" aria-invalid=\"false\" placeholder=\"num\u00e9ro de t\u00e9l\u00e9phone*.\" value=\"\" type=\"text\" name=\"text-856\" \/><\/span>\n<\/p>\n<p>Nombre de codes promotionnels souhait\u00e9s\n<\/p>\n<p><span class=\"wpcf7-form-control-wrap\" data-name=\"number-741\"><input class=\"wpcf7-form-control wpcf7-number wpcf7-validates-as-required wpcf7-validates-as-number\" min=\"1\" max=\"10\" aria-required=\"true\" aria-invalid=\"false\" placeholder=\"0\" value=\"\" type=\"number\" name=\"number-741\" \/><\/span>\n<\/p>\n<p><span class=\"wpcf7-form-control-wrap\" data-name=\"acceptance-897\"><span class=\"wpcf7-form-control wpcf7-acceptance optional\"><span class=\"wpcf7-list-item\"><label><input type=\"checkbox\" name=\"acceptance-897\" value=\"1\" aria-invalid=\"false\" \/><span class=\"wpcf7-list-item-label\">S'abonner \u00e0 la newsletter**<\/span><\/label><\/span><\/span><\/span>\n<\/p>\n<p><input class=\"wpcf7-form-control wpcf7-submit has-spinner\" type=\"submit\" value=\"Envoyer\" \/>\n<\/p><div class=\"wpcf7-response-output\" aria-hidden=\"true\"><\/div>\n<\/form>\n<\/div>\n\n\n\n<p>*Ces informations sont obligatoires.<\/p>\n<p><small>**En cliquant sur le bouton \u00ab\u00a0S&rsquo;abonner \u00e0 la newsletter\u00a0\u00bb, j&rsquo;accepte que 3D-EDU GmbH m&rsquo;envoie r\u00e9guli\u00e8rement (environ une fois par mois) des informations par e-mail sur la gamme de produits suivante : Imprimantes 3D &#038; Accessoires. Je peux r\u00e9voquer mon consentement \u00e0 tout moment. <\/small><\/p>\n<p><small>Les donn\u00e9es collect\u00e9es pour la communication par e-mail\/t\u00e9l\u00e9phone sont utilis\u00e9es exclusivement par 3D-EDU GmbH. Elles ne sont pas transmises \u00e0 des tiers. Je peux \u00e0 tout moment r\u00e9voquer mon consentement \u00e0 recevoir d&rsquo;autres informations par e-mail ainsi qu&rsquo;\u00e0 la collecte, au traitement et \u00e0 l&rsquo;analyse de mes donn\u00e9es personnelles et d&rsquo;utilisation.  <\/small><\/p>\n\n","protected":false},"excerpt":{"rendered":"<p>INDUSTRIALIS - R\u00e9servez vos billets gratuits ! !! Saisissez d\u00e8s maintenant vos coordonn\u00e9es. Nous vous enverrons sous peu un code de bon pour une entr\u00e9e gratuite \u00e0 INDUSTRIALIS 2018 \u00e0 Berne. Saisissez l&rsquo;occasion d\u00e8s maintenant - nous n&rsquo;avons qu&rsquo;un nombre limit\u00e9 de billets d&rsquo;invit\u00e9s disponibles. Ensuite, vous pouvez utiliser le code du bon sur le [&#8230;]\n","protected":false},"author":1,"featured_media":0,"parent":0,"menu_order":0,"comment_status":"closed","ping_status":"closed","template":"","meta":{"footnotes":""},"class_list":["post-75831","page","type-page","status-publish","hentry"],"yoast_head":"<!-- This site is optimized with the Yoast SEO Premium plugin v27.4 (Yoast SEO v27.4) - https:\/\/yoast.com\/product\/yoast-seo-premium-wordpress\/ -->\n<title>R\u00e9server des billets gratuits INDUSTRIALIS - 3D-EDU GmbH<\/title>\n<meta name=\"robots\" content=\"index, follow, max-snippet:-1, max-image-preview:large, max-video-preview:-1\" \/>\n<link rel=\"canonical\" href=\"https:\/\/3d-edu.ch\/fr\/reserver-des-billets-gratuits-industrialis\/\" \/>\n<meta property=\"og:locale\" content=\"fr_FR\" \/>\n<meta property=\"og:type\" content=\"article\" \/>\n<meta property=\"og:title\" content=\"R\u00e9server des billets gratuits INDUSTRIALIS\" \/>\n<meta property=\"og:description\" content=\"INDUSTRIALIS - R\u00e9servez vos billets gratuits ! !! Saisissez d\u00e8s maintenant vos coordonn\u00e9es. Nous vous enverrons sous peu un code de bon pour une entr\u00e9e gratuite \u00e0 INDUSTRIALIS 2018 \u00e0 Berne. Saisissez l&rsquo;occasion d\u00e8s maintenant - nous n&rsquo;avons qu&rsquo;un nombre limit\u00e9 de billets d&rsquo;invit\u00e9s disponibles. Ensuite, vous pouvez utiliser le code du bon sur le [...]\" \/>\n<meta property=\"og:url\" content=\"https:\/\/3d-edu.ch\/fr\/reserver-des-billets-gratuits-industrialis\/\" \/>\n<meta property=\"og:site_name\" content=\"3D-EDU GmbH\" \/>\n<meta property=\"article:publisher\" content=\"https:\/\/www.facebook.com\/3d-educh-210277586064960\/\" \/>\n<meta property=\"article:modified_time\" content=\"2026-01-27T14:30:20+00:00\" \/>\n<meta name=\"twitter:card\" content=\"summary_large_image\" \/>\n<meta name=\"twitter:site\" content=\"@3d_edu_ch\" \/>\n<meta name=\"twitter:label1\" content=\"Dur\u00e9e de lecture estim\u00e9e\" \/>\n\t<meta name=\"twitter:data1\" content=\"1 minute\" \/>\n<script type=\"application\/ld+json\" class=\"yoast-schema-graph\">{\"@context\":\"https:\\\/\\\/schema.org\",\"@graph\":[{\"@type\":\"WebPage\",\"@id\":\"https:\\\/\\\/3d-edu.ch\\\/fr\\\/reserver-des-billets-gratuits-industrialis\\\/\",\"url\":\"https:\\\/\\\/3d-edu.ch\\\/fr\\\/reserver-des-billets-gratuits-industrialis\\\/\",\"name\":\"R\u00e9server des billets gratuits INDUSTRIALIS - 3D-EDU GmbH\",\"isPartOf\":{\"@id\":\"https:\\\/\\\/3d-edu.ch\\\/fr\\\/#website\"},\"datePublished\":\"2018-11-08T08:14:05+00:00\",\"dateModified\":\"2026-01-27T14:30:20+00:00\",\"breadcrumb\":{\"@id\":\"https:\\\/\\\/3d-edu.ch\\\/fr\\\/reserver-des-billets-gratuits-industrialis\\\/#breadcrumb\"},\"inLanguage\":\"fr-FR\",\"potentialAction\":[{\"@type\":\"ReadAction\",\"target\":[\"https:\\\/\\\/3d-edu.ch\\\/fr\\\/reserver-des-billets-gratuits-industrialis\\\/\"]}]},{\"@type\":\"BreadcrumbList\",\"@id\":\"https:\\\/\\\/3d-edu.ch\\\/fr\\\/reserver-des-billets-gratuits-industrialis\\\/#breadcrumb\",\"itemListElement\":[{\"@type\":\"ListItem\",\"position\":1,\"name\":\"Accueil\",\"item\":\"https:\\\/\\\/3d-edu.ch\\\/fr\\\/\"},{\"@type\":\"ListItem\",\"position\":2,\"name\":\"R\u00e9server des billets gratuits INDUSTRIALIS\"}]},{\"@type\":\"WebSite\",\"@id\":\"https:\\\/\\\/3d-edu.ch\\\/fr\\\/#website\",\"url\":\"https:\\\/\\\/3d-edu.ch\\\/fr\\\/\",\"name\":\"3D-EDU GmbH\",\"description\":\"Your Formlabs, UltiMaker and Raise3D Printer Support and Education Site in Switzerland. \\\/\\\/ Ihre Formlabs, UltiMaker and Raise3D Drucker Support und Bildungs Webseite der Schweiz.\",\"publisher\":{\"@id\":\"https:\\\/\\\/3d-edu.ch\\\/fr\\\/#organization\"},\"potentialAction\":[{\"@type\":\"SearchAction\",\"target\":{\"@type\":\"EntryPoint\",\"urlTemplate\":\"https:\\\/\\\/3d-edu.ch\\\/fr\\\/?s={search_term_string}\"},\"query-input\":{\"@type\":\"PropertyValueSpecification\",\"valueRequired\":true,\"valueName\":\"search_term_string\"}}],\"inLanguage\":\"fr-FR\"},{\"@type\":[\"Organization\",\"Place\",\"ElectronicsStore\"],\"@id\":\"https:\\\/\\\/3d-edu.ch\\\/fr\\\/#organization\",\"name\":\"3D-EDU GmbH\",\"url\":\"https:\\\/\\\/3d-edu.ch\\\/fr\\\/\",\"logo\":{\"@id\":\"https:\\\/\\\/3d-edu.ch\\\/fr\\\/reserver-des-billets-gratuits-industrialis\\\/#local-main-organization-logo\"},\"image\":{\"@id\":\"https:\\\/\\\/3d-edu.ch\\\/fr\\\/reserver-des-billets-gratuits-industrialis\\\/#local-main-organization-logo\"},\"sameAs\":[\"https:\\\/\\\/www.facebook.com\\\/3d-educh-210277586064960\\\/\",\"https:\\\/\\\/x.com\\\/3d_edu_ch\"],\"address\":{\"@id\":\"https:\\\/\\\/3d-edu.ch\\\/fr\\\/reserver-des-billets-gratuits-industrialis\\\/#local-main-place-address\"},\"geo\":{\"@type\":\"GeoCoordinates\",\"latitude\":\"47.38413\",\"longitude\":\"8.49812\"},\"telephone\":[\"+41 44 492 11 22\"],\"openingHoursSpecification\":[{\"@type\":\"OpeningHoursSpecification\",\"dayOfWeek\":[\"Monday\",\"Tuesday\",\"Wednesday\",\"Thursday\",\"Friday\"],\"opens\":\"08:30\",\"closes\":\"18:00\"},{\"@type\":\"OpeningHoursSpecification\",\"dayOfWeek\":[\"Saturday\",\"Sunday\"],\"opens\":\"00:00\",\"closes\":\"00:00\"}],\"email\":\"info@3d-edu.ch\",\"faxNumber\":\"+41 44 492 11 23\",\"vatID\":\"CHE-184.499.491 MWST\",\"priceRange\":\"$$$\",\"currenciesAccepted\":\"CHF\"},{\"@type\":\"PostalAddress\",\"@id\":\"https:\\\/\\\/3d-edu.ch\\\/fr\\\/reserver-des-billets-gratuits-industrialis\\\/#local-main-place-address\",\"streetAddress\":\"3D-EDU GmbH, Badenerstrasse 556\",\"addressLocality\":\"Z\u00fcrich\",\"postalCode\":\"8048\",\"addressRegion\":\"Z\u00fcrich\",\"addressCountry\":\"CH\"},{\"@type\":\"ImageObject\",\"inLanguage\":\"fr-FR\",\"@id\":\"https:\\\/\\\/3d-edu.ch\\\/fr\\\/reserver-des-billets-gratuits-industrialis\\\/#local-main-organization-logo\",\"url\":\"https:\\\/\\\/3d-edu.ch\\\/wp-content\\\/uploads\\\/2018\\\/10\\\/3d-drucker-makerbot-formlabs-professionelle-3d-drucker-e1546527990490.png\",\"contentUrl\":\"https:\\\/\\\/3d-edu.ch\\\/wp-content\\\/uploads\\\/2018\\\/10\\\/3d-drucker-makerbot-formlabs-professionelle-3d-drucker-e1546527990490.png\",\"width\":275,\"height\":80,\"caption\":\"3D-EDU GmbH\"}]}<\/script>\n<meta name=\"geo.placename\" content=\"Z\u00fcrich\" \/>\n<meta name=\"geo.position\" content=\"47.38413;8.49812\" \/>\n<meta name=\"geo.region\" content=\"Suisse\" \/>\n<!-- \/ Yoast SEO Premium plugin. -->","yoast_head_json":{"title":"R\u00e9server des billets gratuits INDUSTRIALIS - 3D-EDU GmbH","robots":{"index":"index","follow":"follow","max-snippet":"max-snippet:-1","max-image-preview":"max-image-preview:large","max-video-preview":"max-video-preview:-1"},"canonical":"https:\/\/3d-edu.ch\/fr\/reserver-des-billets-gratuits-industrialis\/","og_locale":"fr_FR","og_type":"article","og_title":"R\u00e9server des billets gratuits INDUSTRIALIS","og_description":"INDUSTRIALIS - R\u00e9servez vos billets gratuits ! !! Saisissez d\u00e8s maintenant vos coordonn\u00e9es. Nous vous enverrons sous peu un code de bon pour une entr\u00e9e gratuite \u00e0 INDUSTRIALIS 2018 \u00e0 Berne. Saisissez l&rsquo;occasion d\u00e8s maintenant - nous n&rsquo;avons qu&rsquo;un nombre limit\u00e9 de billets d&rsquo;invit\u00e9s disponibles. Ensuite, vous pouvez utiliser le code du bon sur le [...]","og_url":"https:\/\/3d-edu.ch\/fr\/reserver-des-billets-gratuits-industrialis\/","og_site_name":"3D-EDU GmbH","article_publisher":"https:\/\/www.facebook.com\/3d-educh-210277586064960\/","article_modified_time":"2026-01-27T14:30:20+00:00","twitter_card":"summary_large_image","twitter_site":"@3d_edu_ch","twitter_misc":{"Dur\u00e9e de lecture estim\u00e9e":"1 minute"},"schema":{"@context":"https:\/\/schema.org","@graph":[{"@type":"WebPage","@id":"https:\/\/3d-edu.ch\/fr\/reserver-des-billets-gratuits-industrialis\/","url":"https:\/\/3d-edu.ch\/fr\/reserver-des-billets-gratuits-industrialis\/","name":"R\u00e9server des billets gratuits INDUSTRIALIS - 3D-EDU GmbH","isPartOf":{"@id":"https:\/\/3d-edu.ch\/fr\/#website"},"datePublished":"2018-11-08T08:14:05+00:00","dateModified":"2026-01-27T14:30:20+00:00","breadcrumb":{"@id":"https:\/\/3d-edu.ch\/fr\/reserver-des-billets-gratuits-industrialis\/#breadcrumb"},"inLanguage":"fr-FR","potentialAction":[{"@type":"ReadAction","target":["https:\/\/3d-edu.ch\/fr\/reserver-des-billets-gratuits-industrialis\/"]}]},{"@type":"BreadcrumbList","@id":"https:\/\/3d-edu.ch\/fr\/reserver-des-billets-gratuits-industrialis\/#breadcrumb","itemListElement":[{"@type":"ListItem","position":1,"name":"Accueil","item":"https:\/\/3d-edu.ch\/fr\/"},{"@type":"ListItem","position":2,"name":"R\u00e9server des billets gratuits INDUSTRIALIS"}]},{"@type":"WebSite","@id":"https:\/\/3d-edu.ch\/fr\/#website","url":"https:\/\/3d-edu.ch\/fr\/","name":"3D-EDU GmbH","description":"Your Formlabs, UltiMaker and Raise3D Printer Support and Education Site in Switzerland. \/\/ Ihre Formlabs, UltiMaker and Raise3D Drucker Support und Bildungs Webseite der Schweiz.","publisher":{"@id":"https:\/\/3d-edu.ch\/fr\/#organization"},"potentialAction":[{"@type":"SearchAction","target":{"@type":"EntryPoint","urlTemplate":"https:\/\/3d-edu.ch\/fr\/?s={search_term_string}"},"query-input":{"@type":"PropertyValueSpecification","valueRequired":true,"valueName":"search_term_string"}}],"inLanguage":"fr-FR"},{"@type":["Organization","Place","ElectronicsStore"],"@id":"https:\/\/3d-edu.ch\/fr\/#organization","name":"3D-EDU GmbH","url":"https:\/\/3d-edu.ch\/fr\/","logo":{"@id":"https:\/\/3d-edu.ch\/fr\/reserver-des-billets-gratuits-industrialis\/#local-main-organization-logo"},"image":{"@id":"https:\/\/3d-edu.ch\/fr\/reserver-des-billets-gratuits-industrialis\/#local-main-organization-logo"},"sameAs":["https:\/\/www.facebook.com\/3d-educh-210277586064960\/","https:\/\/x.com\/3d_edu_ch"],"address":{"@id":"https:\/\/3d-edu.ch\/fr\/reserver-des-billets-gratuits-industrialis\/#local-main-place-address"},"geo":{"@type":"GeoCoordinates","latitude":"47.38413","longitude":"8.49812"},"telephone":["+41 44 492 11 22"],"openingHoursSpecification":[{"@type":"OpeningHoursSpecification","dayOfWeek":["Monday","Tuesday","Wednesday","Thursday","Friday"],"opens":"08:30","closes":"18:00"},{"@type":"OpeningHoursSpecification","dayOfWeek":["Saturday","Sunday"],"opens":"00:00","closes":"00:00"}],"email":"info@3d-edu.ch","faxNumber":"+41 44 492 11 23","vatID":"CHE-184.499.491 MWST","priceRange":"$$$","currenciesAccepted":"CHF"},{"@type":"PostalAddress","@id":"https:\/\/3d-edu.ch\/fr\/reserver-des-billets-gratuits-industrialis\/#local-main-place-address","streetAddress":"3D-EDU GmbH, Badenerstrasse 556","addressLocality":"Z\u00fcrich","postalCode":"8048","addressRegion":"Z\u00fcrich","addressCountry":"CH"},{"@type":"ImageObject","inLanguage":"fr-FR","@id":"https:\/\/3d-edu.ch\/fr\/reserver-des-billets-gratuits-industrialis\/#local-main-organization-logo","url":"https:\/\/3d-edu.ch\/wp-content\/uploads\/2018\/10\/3d-drucker-makerbot-formlabs-professionelle-3d-drucker-e1546527990490.png","contentUrl":"https:\/\/3d-edu.ch\/wp-content\/uploads\/2018\/10\/3d-drucker-makerbot-formlabs-professionelle-3d-drucker-e1546527990490.png","width":275,"height":80,"caption":"3D-EDU GmbH"}]},"geo.placename":"Z\u00fcrich","geo.position":{"lat":"47.38413","long":"8.49812"},"geo.region":"Suisse"},"_links":{"self":[{"href":"https:\/\/3d-edu.ch\/fr\/wp-json\/wp\/v2\/pages\/75831","targetHints":{"allow":["GET"]}}],"collection":[{"href":"https:\/\/3d-edu.ch\/fr\/wp-json\/wp\/v2\/pages"}],"about":[{"href":"https:\/\/3d-edu.ch\/fr\/wp-json\/wp\/v2\/types\/page"}],"author":[{"embeddable":true,"href":"https:\/\/3d-edu.ch\/fr\/wp-json\/wp\/v2\/users\/1"}],"replies":[{"embeddable":true,"href":"https:\/\/3d-edu.ch\/fr\/wp-json\/wp\/v2\/comments?post=75831"}],"version-history":[{"count":2,"href":"https:\/\/3d-edu.ch\/fr\/wp-json\/wp\/v2\/pages\/75831\/revisions"}],"predecessor-version":[{"id":75842,"href":"https:\/\/3d-edu.ch\/fr\/wp-json\/wp\/v2\/pages\/75831\/revisions\/75842"}],"wp:attachment":[{"href":"https:\/\/3d-edu.ch\/fr\/wp-json\/wp\/v2\/media?parent=75831"}],"curies":[{"name":"wp","href":"https:\/\/api.w.org\/{rel}","templated":true}]}}