{"id":73159,"date":"2016-04-27T08:31:10","date_gmt":"2016-04-27T06:31:10","guid":{"rendered":"https:\/\/3d-edu.ch\/clients-de-reference\/"},"modified":"2026-03-11T14:13:38","modified_gmt":"2026-03-11T13:13:38","slug":"clients-de-reference","status":"publish","type":"page","link":"https:\/\/3d-edu.ch\/fr\/contact\/clients-de-reference\/","title":{"rendered":"Clients de r\u00e9f\u00e9rence"},"content":{"rendered":"\n\n\t<section class=\"section dark\" id=\"section_1027251601\">\n\t\t<div class=\"section-bg fill\" >\n\t\t\t<img loading=\"lazy\" decoding=\"async\" width=\"1886\" height=\"650\" src=\"https:\/\/3d-edu.ch\/wp-content\/smush-avif\/2016\/04\/Referenzen.jpg.avif\" class=\"bg attachment- size-\" alt=\"Referenzen\" \/>\t\t\t\t\t\t<div class=\"section-bg-overlay absolute fill\"><\/div>\n\t\t\t\n\n\t\t<\/div>\n\n\t\t\n\n\t\t<div class=\"section-content relative\">\n\t\t\t\n\n<div class=\"row\"  id=\"row-88290838\">\n\n\n\t<div id=\"col-1840197461\" class=\"col medium-8 small-12 large-8\"  >\n\t\t\t\t<div class=\"col-inner text-left\"  >\n\t\t\t\n\t\t\t\n\n<h1>R\u00e9f\u00e9rences<\/h1><h2>3D-EDU GmbH s&rsquo;est fait un nom comme LA soci\u00e9t\u00e9 d&rsquo;impression 3D personnelle - ce qui ravit nos clients.<\/h2>\n\n\t\t<\/div>\n\t\t\t\t\t<\/div>\n\n\t\n\n<\/div>\n\n\t\t<\/div>\n\n\t\t\n<style>\n#section_1027251601 {\n  padding-top: 60px;\n  padding-bottom: 60px;\n  min-height: 450px;\n  background-color: rgb(0,0,0);\n}\n#section_1027251601 .section-bg-overlay {\n  background-color: rgba(0,0,0,.5);\n}\n<\/style>\n\t<\/section>\n\t\n<div class=\"row\"  id=\"row-275550189\">\n\n\n\t<div id=\"col-1574024108\" class=\"col small-12 large-12\"  >\n\t\t\t\t<div class=\"col-inner\"  >\n\t\t\t\n\t\t\t\n\n<h2>Nos clients de r\u00e9f\u00e9rence<\/h2>\n<h4>Ces entreprises utilisent des imprimantes 3D de 3D-EDU GmbH<\/h4>\n<div class=\"row row-divided\"  id=\"row-326652736\">\n\n\n\t<div id=\"col-271538539\" class=\"col medium-4 small-12 large-4\"  >\n\t\t\t\t<div class=\"col-inner\"  >\n\t\t\t\n\t\t\t\n\n\t<div class=\"box has-hover   has-hover box-text-bottom\" >\n\n\t\t<div class=\"box-image\" style=\"width:45%;\">\n\t\t\t<a href=\"https:\/\/www.zhaw.ch\/de\/engineering\/institute-zentren\/zpp\/\" target=\"_blank\" rel=\"noopener\" >\t\t\t<div class=\"\" >\n\t\t\t\t<img loading=\"lazy\" decoding=\"async\" width=\"150\" height=\"150\" src=\"https:\/\/3d-edu.ch\/wp-content\/smush-avif\/2016\/04\/ZHAW_Logo_150x150.jpg.avif\" class=\"attachment- size-\" alt=\"\" srcset=\"https:\/\/3d-edu.ch\/wp-content\/smush-avif\/2016\/04\/ZHAW_Logo_150x150.jpg.avif 150w, https:\/\/3d-edu.ch\/wp-content\/smush-avif\/2016\/04\/ZHAW_Logo_150x150-100x100.jpg.avif 100w\" sizes=\"auto, (max-width: 150px) 100vw, 150px\" \/>\t\t\t\t\t\t\t\t\t\t\t<\/div>\n\t\t\t<\/a>\t\t<\/div>\n\n\t\t<div class=\"box-text text-left\" >\n\t\t\t<div class=\"box-text-inner\">\n\t\t\t\t\n\n\n<h4>ZHAW<\/h4>\n<p>ZPP Centre de d\u00e9veloppement de produits et de processus<\/p>\n\n<p><a href=\"https:\/\/www.zhaw.ch\/de\/engineering\/institute-zentren\/zpp\/\" target=\"_blank\" rel=\"noopener noreferrer\">https:\/\/www.zhaw.ch\/de\/engineering\/institute-zentren\/zpp\/\n <\/a><\/p>\n\n<p>Contact : G. Schneider \/ scng@zhaw.ch<\/p>\n\n\t\t\t<\/div>\n\t\t<\/div>\n\t<\/div>\n\t\n\n\t\t<\/div>\n\t\t\t\t\t<\/div>\n\n\t\n\n\t<div id=\"col-753162710\" class=\"col medium-4 small-12 large-4\"  >\n\t\t\t\t<div class=\"col-inner\"  >\n\t\t\t\n\t\t\t\n\n\t<div class=\"box has-hover   has-hover box-text-bottom\" >\n\n\t\t<div class=\"box-image\" style=\"width:45%;\">\n\t\t\t<a href=\"http:\/\/www.swiss-mam.ch\/\" target=\"_blank\" rel=\"noopener\" >\t\t\t<div class=\"\" >\n\t\t\t\t<img loading=\"lazy\" decoding=\"async\" width=\"150\" height=\"150\" src=\"https:\/\/3d-edu.ch\/wp-content\/smush-avif\/2016\/04\/MAM_HFZ_Logo_150x150.jpg.avif\" class=\"attachment- size-\" alt=\"\" srcset=\"https:\/\/3d-edu.ch\/wp-content\/smush-avif\/2016\/04\/MAM_HFZ_Logo_150x150.jpg.avif 150w, https:\/\/3d-edu.ch\/wp-content\/smush-avif\/2016\/04\/MAM_HFZ_Logo_150x150-100x100.jpg.avif 100w\" sizes=\"auto, (max-width: 150px) 100vw, 150px\" \/>\t\t\t\t\t\t\t\t\t\t\t<\/div>\n\t\t\t<\/a>\t\t<\/div>\n\n\t\t<div class=\"box-text text-left\" >\n\t\t\t<div class=\"box-text-inner\">\n\t\t\t\t\n\n\n<h4>ZHAW<\/h4>\n<p>ZPP Centre de d\u00e9veloppement de produits et de processus<\/p>\n\n<p><a href=\"http:\/\/www.swiss-mam.ch\" target=\"_blank\" rel=\"noopener noreferrer\">www.swiss-mam.ch<\/a><\/p>\n\n<p>\nCentre de recherche sur les hautes technologies (HFZ) de B\u00e2le, Universit\u00e9 de B\u00e2le<br \/>Contact : H\u00f4pital universitaire de B\u00e2le, Ph. Brantner*.<\/p>\n\n\t\t\t<\/div>\n\t\t<\/div>\n\t<\/div>\n\t\n\n\t\t<\/div>\n\t\t\t\t\t<\/div>\n\n\t\n\n\t<div id=\"col-78187072\" class=\"col medium-4 small-12 large-4\"  >\n\t\t\t\t<div class=\"col-inner\"  >\n\t\t\t\n\t\t\t\n\n\t<div class=\"box has-hover   has-hover box-text-bottom\" >\n\n\t\t<div class=\"box-image\" style=\"width:45%;\">\n\t\t\t<a href=\"http:\/\/www.innocampus.ch\/\" target=\"_blank\" rel=\"noopener\" >\t\t\t<div class=\"\" >\n\t\t\t\t<img loading=\"lazy\" decoding=\"async\" width=\"150\" height=\"150\" src=\"https:\/\/3d-edu.ch\/wp-content\/smush-avif\/2016\/04\/InnoCampus_Logo.jpg.avif\" class=\"attachment- size-\" alt=\"innocampus\" srcset=\"https:\/\/3d-edu.ch\/wp-content\/smush-avif\/2016\/04\/InnoCampus_Logo.jpg.avif 150w, https:\/\/3d-edu.ch\/wp-content\/smush-avif\/2016\/04\/InnoCampus_Logo-100x100.jpg.avif 100w\" sizes=\"auto, (max-width: 150px) 100vw, 150px\" \/>\t\t\t\t\t\t\t\t\t\t\t<\/div>\n\t\t\t<\/a>\t\t<\/div>\n\n\t\t<div class=\"box-text text-left\" >\n\t\t\t<div class=\"box-text-inner\">\n\t\t\t\t\n\n\n<h4>InnoCampus<\/h4>\n<p>InnoCampus AG Nidau-Biel\/Bienne<\/p>\n\n<p><a href=\"http:\/\/www.innocampus.ch\/\">www.innocampus.ch<\/a><\/p>\n\n<p>\nParc d&rsquo;innovation &#038; FabLab<br \/>Contact : P. Schnell*<\/p>\n\n\t\t\t<\/div>\n\t\t<\/div>\n\t<\/div>\n\t\n\n\t\t<\/div>\n\t\t\t\t\t<\/div>\n\n\t\n\n<\/div>\n<div class=\"row row-divided\"  id=\"row-1603333933\">\n\n\n\t<div id=\"col-1494844906\" class=\"col medium-4 small-12 large-4\"  >\n\t\t\t\t<div class=\"col-inner\"  >\n\t\t\t\n\t\t\t\n\n\t<div class=\"box has-hover   has-hover box-text-bottom\" >\n\n\t\t<div class=\"box-image\" style=\"width:45%;\">\n\t\t\t<a href=\"http:\/\/www.bfsu.ch\/\" target=\"_blank\" rel=\"noopener\" >\t\t\t<div class=\"\" >\n\t\t\t\t<img loading=\"lazy\" decoding=\"async\" width=\"150\" height=\"150\" src=\"https:\/\/3d-edu.ch\/wp-content\/smush-avif\/2016\/04\/BFU_Logo.jpg.avif\" class=\"attachment- size-\" alt=\"berufsfachschule-uster\" srcset=\"https:\/\/3d-edu.ch\/wp-content\/smush-avif\/2016\/04\/BFU_Logo.jpg.avif 150w, https:\/\/3d-edu.ch\/wp-content\/smush-avif\/2016\/04\/BFU_Logo-100x100.jpg.avif 100w\" sizes=\"auto, (max-width: 150px) 100vw, 150px\" \/>\t\t\t\t\t\t\t\t\t\t\t<\/div>\n\t\t\t<\/a>\t\t<\/div>\n\n\t\t<div class=\"box-text text-left\" >\n\t\t\t<div class=\"box-text-inner\">\n\t\t\t\t\n\n\n<h4>Centre de formation d&rsquo;Uster<\/h4>\n<p>\u00c9cole professionnelle d&rsquo;Uster<\/p>\n\n<p><a href=\"http:\/\/www.bfsu.ch\/\">www.bfsu.ch<\/a><\/p>\n\n<p>Contact : K. Liang*<\/p>\n\n\t\t\t<\/div>\n\t\t<\/div>\n\t<\/div>\n\t\n\n\t\t<\/div>\n\t\t\t\t\t<\/div>\n\n\t\n\n\t<div id=\"col-2107634999\" class=\"col medium-4 small-12 large-4\"  >\n\t\t\t\t<div class=\"col-inner\"  >\n\t\t\t\n\t\t\t\n\n\t<div class=\"box has-hover   has-hover box-text-bottom\" >\n\n\t\t<div class=\"box-image\" style=\"width:45%;\">\n\t\t\t<a href=\"http:\/\/eduzis.ch\/\" target=\"_blank\" rel=\"noopener\" >\t\t\t<div class=\"\" >\n\t\t\t\t<img loading=\"lazy\" decoding=\"async\" width=\"150\" height=\"150\" src=\"https:\/\/3d-edu.ch\/wp-content\/smush-avif\/2017\/05\/eduzis_small.jpg.avif\" class=\"attachment- size-\" alt=\"3d-drucker-schule-bildung-unterricht\" srcset=\"https:\/\/3d-edu.ch\/wp-content\/smush-avif\/2017\/05\/eduzis_small.jpg.avif 150w, https:\/\/3d-edu.ch\/wp-content\/smush-avif\/2017\/05\/eduzis_small-100x100.jpg.avif 100w\" sizes=\"auto, (max-width: 150px) 100vw, 150px\" \/>\t\t\t\t\t\t\t\t\t\t\t<\/div>\n\t\t\t<\/a>\t\t<\/div>\n\n\t\t<div class=\"box-text text-left\" >\n\t\t\t<div class=\"box-text-inner\">\n\t\t\t\t\n\n\n<h4>Eduzis<\/h4>\n<p>Commune de l&rsquo;\u00e9cole secondaire Niederhasli Niederglatt Hofstetten<\/p>\n\n<p><a href=\"http:\/\/eduzis.ch\/\">www.eduzis.ch<\/a><\/p>\n\n<p>Contact : A. Degonda*<\/p>\n\n\t\t\t<\/div>\n\t\t<\/div>\n\t<\/div>\n\t\n\n\t\t<\/div>\n\t\t\t\t\t<\/div>\n\n\t\n\n\t<div id=\"col-856838321\" class=\"col medium-4 small-12 large-4\"  >\n\t\t\t\t<div class=\"col-inner\"  >\n\t\t\t\n\t\t\t\n\n\t<div class=\"box has-hover   has-hover box-text-bottom\" >\n\n\t\t<div class=\"box-image\" style=\"width:45%;\">\n\t\t\t<a href=\"https:\/\/www.tpcag.ch\/\" target=\"_blank\" rel=\"noopener\" >\t\t\t<div class=\"\" >\n\t\t\t\t<img loading=\"lazy\" decoding=\"async\" width=\"150\" height=\"150\" src=\"https:\/\/3d-edu.ch\/wp-content\/smush-avif\/2017\/05\/tpc_srf.jpg.avif\" class=\"attachment- size-\" alt=\"\" srcset=\"https:\/\/3d-edu.ch\/wp-content\/smush-avif\/2017\/05\/tpc_srf.jpg.avif 150w, https:\/\/3d-edu.ch\/wp-content\/smush-avif\/2017\/05\/tpc_srf-100x100.jpg.avif 100w\" sizes=\"auto, (max-width: 150px) 100vw, 150px\" \/>\t\t\t\t\t\t\t\t\t\t\t<\/div>\n\t\t\t<\/a>\t\t<\/div>\n\n\t\t<div class=\"box-text text-left\" >\n\t\t\t<div class=\"box-text-inner\">\n\t\t\t\t\n\n\n<h4>tpc switzerland ag<\/h4>\n<p>Technique et production de la Radio T\u00e9l\u00e9vision Suisse SRF<\/p>\n\n<p><a href=\"https:\/\/www.tpcag.ch\/\">www.tpcag.ch<\/a><\/p>\n\n<p>Contact : D. Sch\u00e4ffler*<\/p>\n\n\t\t\t<\/div>\n\t\t<\/div>\n\t<\/div>\n\t\n\n\t\t<\/div>\n\t\t\t\t\t<\/div>\n\n\t\n\n<\/div>\n<div class=\"row row-divided\"  id=\"row-1192331753\">\n\n\n\t<div id=\"col-744960942\" class=\"col medium-4 small-12 large-4\"  >\n\t\t\t\t<div class=\"col-inner\"  >\n\t\t\t\n\t\t\t\n\n\t<div class=\"box has-hover   has-hover box-text-bottom\" >\n\n\t\t<div class=\"box-image\" style=\"width:45%;\">\n\t\t\t<a href=\"http:\/\/www.swisswuff.ch\/\" target=\"_blank\" rel=\"noopener\" >\t\t\t<div class=\"\" >\n\t\t\t\t<img loading=\"lazy\" decoding=\"async\" width=\"150\" height=\"150\" src=\"https:\/\/3d-edu.ch\/wp-content\/smush-avif\/2016\/04\/dr-med-wolf-schweitzer-1.jpg.avif\" class=\"attachment- size-\" alt=\"dr-med-wolf-schweitzer-1\" srcset=\"https:\/\/3d-edu.ch\/wp-content\/smush-avif\/2016\/04\/dr-med-wolf-schweitzer-1.jpg.avif 150w, https:\/\/3d-edu.ch\/wp-content\/smush-avif\/2016\/04\/dr-med-wolf-schweitzer-1-100x100.jpg.avif 100w\" sizes=\"auto, (max-width: 150px) 100vw, 150px\" \/>\t\t\t\t\t\t\t\t\t\t\t<\/div>\n\t\t\t<\/a>\t\t<\/div>\n\n\t\t<div class=\"box-text text-left\" >\n\t\t\t<div class=\"box-text-inner\">\n\t\t\t\t\n\n\n<h4>Wolf Schweitzer<\/h4>\n<p>Dr. med. Wolf Schweitzer \/ M\u00e9decin l\u00e9giste<\/p>\n\n<p><a href=\"http:\/\/www.swisswuff.ch\/\">www.swisswuff.ch<\/a><\/p>\n\n<p>Contact : W. Schweitzer*<\/p>\n\n\t\t\t<\/div>\n\t\t<\/div>\n\t<\/div>\n\t\n\n\t\t<\/div>\n\t\t\t\t\t<\/div>\n\n\t\n\n<\/div>\n<div class=\"row\"  id=\"row-2121710178\">\n\n\n\t<div id=\"col-1776245877\" class=\"col small-12 large-12\"  >\n\t\t\t\t<div class=\"col-inner\"  >\n\t\t\t\n\t\t\t\n\n<p><small>* Par respect pour nos clients travaillant dans des environnements sensibles ou \u00e0 forte intensit\u00e9 de main-d&rsquo;\u0153uvre, nous ne communiquons vos coordonn\u00e9es que sur <a href=\"https:\/\/3d-edu.ch\/kontakt-2\/\">demande<\/a>.<\/small><\/p>\n\t<div id=\"gap-1780488551\" class=\"gap-element clearfix\" style=\"display:block; height:auto;\">\n\t\t\n<style>\n#gap-1780488551 {\n  padding-top: 30px;\n}\n<\/style>\n\t<\/div>\n\t\n\n<h2>T\u00e9moignages et mises en \u0153uvre<\/h2>\n<h4>Vous trouverez ici les applications d&rsquo;impression 3D de nos clients industriels et scientifiques.<\/h4>\n<a href=\"https:\/\/3d-edu.ch\/fr\/contact\/applications-dimpression-3d\/\" class=\"button primary is-large\" >\n\t\t<span>Cliquez ici pour voir les applications d'impression 3D<\/span>\n\t<\/a>\n\n\n\n\t\t<\/div>\n\t\t\t\t\t<\/div>\n\n\t\n\n<\/div>\n\n\t\t<\/div>\n\t\t\t\t\t<\/div>\n\n\t\n\n<\/div>\n\n","protected":false},"excerpt":{"rendered":"","protected":false},"author":1,"featured_media":0,"parent":79216,"menu_order":0,"comment_status":"closed","ping_status":"closed","template":"page-blank.php","meta":{"footnotes":""},"class_list":["post-73159","page","type-page","status-publish","hentry"],"yoast_head":"<!-- This site is optimized with the Yoast SEO Premium plugin v27.4 (Yoast SEO v27.4) - https:\/\/yoast.com\/product\/yoast-seo-premium-wordpress\/ -->\n<title>Clients de r\u00e9f\u00e9rence - 3D-EDU GmbH<\/title>\n<meta name=\"robots\" content=\"index, follow, max-snippet:-1, max-image-preview:large, max-video-preview:-1\" \/>\n<link rel=\"canonical\" href=\"https:\/\/3d-edu.ch\/fr\/contact\/clients-de-reference\/\" \/>\n<meta property=\"og:locale\" content=\"fr_FR\" \/>\n<meta property=\"og:type\" content=\"article\" \/>\n<meta property=\"og:title\" content=\"Clients de r\u00e9f\u00e9rence\" \/>\n<meta property=\"og:url\" content=\"https:\/\/3d-edu.ch\/fr\/contact\/clients-de-reference\/\" \/>\n<meta property=\"og:site_name\" content=\"3D-EDU GmbH\" \/>\n<meta property=\"article:publisher\" content=\"https:\/\/www.facebook.com\/3d-educh-210277586064960\/\" \/>\n<meta property=\"article:modified_time\" content=\"2026-03-11T13:13:38+00:00\" \/>\n<meta name=\"twitter:card\" content=\"summary_large_image\" \/>\n<meta name=\"twitter:site\" content=\"@3d_edu_ch\" \/>\n<meta name=\"twitter:label1\" content=\"Dur\u00e9e de lecture estim\u00e9e\" \/>\n\t<meta name=\"twitter:data1\" content=\"2 minute\" \/>\n<script type=\"application\/ld+json\" class=\"yoast-schema-graph\">{\"@context\":\"https:\\\/\\\/schema.org\",\"@graph\":[{\"@type\":\"WebPage\",\"@id\":\"https:\\\/\\\/3d-edu.ch\\\/fr\\\/contact\\\/clients-de-reference\\\/\",\"url\":\"https:\\\/\\\/3d-edu.ch\\\/fr\\\/contact\\\/clients-de-reference\\\/\",\"name\":\"Clients de r\u00e9f\u00e9rence - 3D-EDU GmbH\",\"isPartOf\":{\"@id\":\"https:\\\/\\\/3d-edu.ch\\\/fr\\\/#website\"},\"datePublished\":\"2016-04-27T06:31:10+00:00\",\"dateModified\":\"2026-03-11T13:13:38+00:00\",\"breadcrumb\":{\"@id\":\"https:\\\/\\\/3d-edu.ch\\\/fr\\\/contact\\\/clients-de-reference\\\/#breadcrumb\"},\"inLanguage\":\"fr-FR\",\"potentialAction\":[{\"@type\":\"ReadAction\",\"target\":[\"https:\\\/\\\/3d-edu.ch\\\/fr\\\/contact\\\/clients-de-reference\\\/\"]}]},{\"@type\":\"BreadcrumbList\",\"@id\":\"https:\\\/\\\/3d-edu.ch\\\/fr\\\/contact\\\/clients-de-reference\\\/#breadcrumb\",\"itemListElement\":[{\"@type\":\"ListItem\",\"position\":1,\"name\":\"Accueil\",\"item\":\"https:\\\/\\\/3d-edu.ch\\\/fr\\\/\"},{\"@type\":\"ListItem\",\"position\":2,\"name\":\"Contact\",\"item\":\"https:\\\/\\\/3d-edu.ch\\\/fr\\\/contact\\\/\"},{\"@type\":\"ListItem\",\"position\":3,\"name\":\"Clients de r\u00e9f\u00e9rence\"}]},{\"@type\":\"WebSite\",\"@id\":\"https:\\\/\\\/3d-edu.ch\\\/fr\\\/#website\",\"url\":\"https:\\\/\\\/3d-edu.ch\\\/fr\\\/\",\"name\":\"3D-EDU GmbH\",\"description\":\"Your Formlabs, UltiMaker and Raise3D Printer Support and Education Site in Switzerland. \\\/\\\/ Ihre Formlabs, UltiMaker and Raise3D Drucker Support und Bildungs Webseite der Schweiz.\",\"publisher\":{\"@id\":\"https:\\\/\\\/3d-edu.ch\\\/fr\\\/#organization\"},\"potentialAction\":[{\"@type\":\"SearchAction\",\"target\":{\"@type\":\"EntryPoint\",\"urlTemplate\":\"https:\\\/\\\/3d-edu.ch\\\/fr\\\/?s={search_term_string}\"},\"query-input\":{\"@type\":\"PropertyValueSpecification\",\"valueRequired\":true,\"valueName\":\"search_term_string\"}}],\"inLanguage\":\"fr-FR\"},{\"@type\":[\"Organization\",\"Place\",\"ElectronicsStore\"],\"@id\":\"https:\\\/\\\/3d-edu.ch\\\/fr\\\/#organization\",\"name\":\"3D-EDU GmbH\",\"url\":\"https:\\\/\\\/3d-edu.ch\\\/fr\\\/\",\"logo\":{\"@id\":\"https:\\\/\\\/3d-edu.ch\\\/fr\\\/contact\\\/clients-de-reference\\\/#local-main-organization-logo\"},\"image\":{\"@id\":\"https:\\\/\\\/3d-edu.ch\\\/fr\\\/contact\\\/clients-de-reference\\\/#local-main-organization-logo\"},\"sameAs\":[\"https:\\\/\\\/www.facebook.com\\\/3d-educh-210277586064960\\\/\",\"https:\\\/\\\/x.com\\\/3d_edu_ch\"],\"address\":{\"@id\":\"https:\\\/\\\/3d-edu.ch\\\/fr\\\/contact\\\/clients-de-reference\\\/#local-main-place-address\"},\"geo\":{\"@type\":\"GeoCoordinates\",\"latitude\":\"47.38413\",\"longitude\":\"8.49812\"},\"telephone\":[\"+41 44 492 11 22\"],\"openingHoursSpecification\":[{\"@type\":\"OpeningHoursSpecification\",\"dayOfWeek\":[\"Monday\",\"Tuesday\",\"Wednesday\",\"Thursday\",\"Friday\"],\"opens\":\"08:30\",\"closes\":\"18:00\"},{\"@type\":\"OpeningHoursSpecification\",\"dayOfWeek\":[\"Saturday\",\"Sunday\"],\"opens\":\"00:00\",\"closes\":\"00:00\"}],\"email\":\"info@3d-edu.ch\",\"faxNumber\":\"+41 44 492 11 23\",\"vatID\":\"CHE-184.499.491 MWST\",\"priceRange\":\"$$$\",\"currenciesAccepted\":\"CHF\"},{\"@type\":\"PostalAddress\",\"@id\":\"https:\\\/\\\/3d-edu.ch\\\/fr\\\/contact\\\/clients-de-reference\\\/#local-main-place-address\",\"streetAddress\":\"3D-EDU GmbH, Badenerstrasse 556\",\"addressLocality\":\"Z\u00fcrich\",\"postalCode\":\"8048\",\"addressRegion\":\"Z\u00fcrich\",\"addressCountry\":\"CH\"},{\"@type\":\"ImageObject\",\"inLanguage\":\"fr-FR\",\"@id\":\"https:\\\/\\\/3d-edu.ch\\\/fr\\\/contact\\\/clients-de-reference\\\/#local-main-organization-logo\",\"url\":\"https:\\\/\\\/3d-edu.ch\\\/wp-content\\\/uploads\\\/2018\\\/10\\\/3d-drucker-makerbot-formlabs-professionelle-3d-drucker-e1546527990490.png\",\"contentUrl\":\"https:\\\/\\\/3d-edu.ch\\\/wp-content\\\/uploads\\\/2018\\\/10\\\/3d-drucker-makerbot-formlabs-professionelle-3d-drucker-e1546527990490.png\",\"width\":275,\"height\":80,\"caption\":\"3D-EDU GmbH\"}]}<\/script>\n<meta name=\"geo.placename\" content=\"Z\u00fcrich\" \/>\n<meta name=\"geo.position\" content=\"47.38413;8.49812\" \/>\n<meta name=\"geo.region\" content=\"Suisse\" \/>\n<!-- \/ Yoast SEO Premium plugin. -->","yoast_head_json":{"title":"Clients de r\u00e9f\u00e9rence - 3D-EDU GmbH","robots":{"index":"index","follow":"follow","max-snippet":"max-snippet:-1","max-image-preview":"max-image-preview:large","max-video-preview":"max-video-preview:-1"},"canonical":"https:\/\/3d-edu.ch\/fr\/contact\/clients-de-reference\/","og_locale":"fr_FR","og_type":"article","og_title":"Clients de r\u00e9f\u00e9rence","og_url":"https:\/\/3d-edu.ch\/fr\/contact\/clients-de-reference\/","og_site_name":"3D-EDU GmbH","article_publisher":"https:\/\/www.facebook.com\/3d-educh-210277586064960\/","article_modified_time":"2026-03-11T13:13:38+00:00","twitter_card":"summary_large_image","twitter_site":"@3d_edu_ch","twitter_misc":{"Dur\u00e9e de lecture estim\u00e9e":"2 minute"},"schema":{"@context":"https:\/\/schema.org","@graph":[{"@type":"WebPage","@id":"https:\/\/3d-edu.ch\/fr\/contact\/clients-de-reference\/","url":"https:\/\/3d-edu.ch\/fr\/contact\/clients-de-reference\/","name":"Clients de r\u00e9f\u00e9rence - 3D-EDU GmbH","isPartOf":{"@id":"https:\/\/3d-edu.ch\/fr\/#website"},"datePublished":"2016-04-27T06:31:10+00:00","dateModified":"2026-03-11T13:13:38+00:00","breadcrumb":{"@id":"https:\/\/3d-edu.ch\/fr\/contact\/clients-de-reference\/#breadcrumb"},"inLanguage":"fr-FR","potentialAction":[{"@type":"ReadAction","target":["https:\/\/3d-edu.ch\/fr\/contact\/clients-de-reference\/"]}]},{"@type":"BreadcrumbList","@id":"https:\/\/3d-edu.ch\/fr\/contact\/clients-de-reference\/#breadcrumb","itemListElement":[{"@type":"ListItem","position":1,"name":"Accueil","item":"https:\/\/3d-edu.ch\/fr\/"},{"@type":"ListItem","position":2,"name":"Contact","item":"https:\/\/3d-edu.ch\/fr\/contact\/"},{"@type":"ListItem","position":3,"name":"Clients de r\u00e9f\u00e9rence"}]},{"@type":"WebSite","@id":"https:\/\/3d-edu.ch\/fr\/#website","url":"https:\/\/3d-edu.ch\/fr\/","name":"3D-EDU GmbH","description":"Your Formlabs, UltiMaker and Raise3D Printer Support and Education Site in Switzerland. \/\/ Ihre Formlabs, UltiMaker and Raise3D Drucker Support und Bildungs Webseite der Schweiz.","publisher":{"@id":"https:\/\/3d-edu.ch\/fr\/#organization"},"potentialAction":[{"@type":"SearchAction","target":{"@type":"EntryPoint","urlTemplate":"https:\/\/3d-edu.ch\/fr\/?s={search_term_string}"},"query-input":{"@type":"PropertyValueSpecification","valueRequired":true,"valueName":"search_term_string"}}],"inLanguage":"fr-FR"},{"@type":["Organization","Place","ElectronicsStore"],"@id":"https:\/\/3d-edu.ch\/fr\/#organization","name":"3D-EDU GmbH","url":"https:\/\/3d-edu.ch\/fr\/","logo":{"@id":"https:\/\/3d-edu.ch\/fr\/contact\/clients-de-reference\/#local-main-organization-logo"},"image":{"@id":"https:\/\/3d-edu.ch\/fr\/contact\/clients-de-reference\/#local-main-organization-logo"},"sameAs":["https:\/\/www.facebook.com\/3d-educh-210277586064960\/","https:\/\/x.com\/3d_edu_ch"],"address":{"@id":"https:\/\/3d-edu.ch\/fr\/contact\/clients-de-reference\/#local-main-place-address"},"geo":{"@type":"GeoCoordinates","latitude":"47.38413","longitude":"8.49812"},"telephone":["+41 44 492 11 22"],"openingHoursSpecification":[{"@type":"OpeningHoursSpecification","dayOfWeek":["Monday","Tuesday","Wednesday","Thursday","Friday"],"opens":"08:30","closes":"18:00"},{"@type":"OpeningHoursSpecification","dayOfWeek":["Saturday","Sunday"],"opens":"00:00","closes":"00:00"}],"email":"info@3d-edu.ch","faxNumber":"+41 44 492 11 23","vatID":"CHE-184.499.491 MWST","priceRange":"$$$","currenciesAccepted":"CHF"},{"@type":"PostalAddress","@id":"https:\/\/3d-edu.ch\/fr\/contact\/clients-de-reference\/#local-main-place-address","streetAddress":"3D-EDU GmbH, Badenerstrasse 556","addressLocality":"Z\u00fcrich","postalCode":"8048","addressRegion":"Z\u00fcrich","addressCountry":"CH"},{"@type":"ImageObject","inLanguage":"fr-FR","@id":"https:\/\/3d-edu.ch\/fr\/contact\/clients-de-reference\/#local-main-organization-logo","url":"https:\/\/3d-edu.ch\/wp-content\/uploads\/2018\/10\/3d-drucker-makerbot-formlabs-professionelle-3d-drucker-e1546527990490.png","contentUrl":"https:\/\/3d-edu.ch\/wp-content\/uploads\/2018\/10\/3d-drucker-makerbot-formlabs-professionelle-3d-drucker-e1546527990490.png","width":275,"height":80,"caption":"3D-EDU GmbH"}]},"geo.placename":"Z\u00fcrich","geo.position":{"lat":"47.38413","long":"8.49812"},"geo.region":"Suisse"},"_links":{"self":[{"href":"https:\/\/3d-edu.ch\/fr\/wp-json\/wp\/v2\/pages\/73159","targetHints":{"allow":["GET"]}}],"collection":[{"href":"https:\/\/3d-edu.ch\/fr\/wp-json\/wp\/v2\/pages"}],"about":[{"href":"https:\/\/3d-edu.ch\/fr\/wp-json\/wp\/v2\/types\/page"}],"author":[{"embeddable":true,"href":"https:\/\/3d-edu.ch\/fr\/wp-json\/wp\/v2\/users\/1"}],"replies":[{"embeddable":true,"href":"https:\/\/3d-edu.ch\/fr\/wp-json\/wp\/v2\/comments?post=73159"}],"version-history":[{"count":3,"href":"https:\/\/3d-edu.ch\/fr\/wp-json\/wp\/v2\/pages\/73159\/revisions"}],"predecessor-version":[{"id":81397,"href":"https:\/\/3d-edu.ch\/fr\/wp-json\/wp\/v2\/pages\/73159\/revisions\/81397"}],"up":[{"embeddable":true,"href":"https:\/\/3d-edu.ch\/fr\/wp-json\/wp\/v2\/pages\/79216"}],"wp:attachment":[{"href":"https:\/\/3d-edu.ch\/fr\/wp-json\/wp\/v2\/media?parent=73159"}],"curies":[{"name":"wp","href":"https:\/\/api.w.org\/{rel}","templated":true}]}}