{"id":73152,"date":"2016-04-11T12:58:34","date_gmt":"2016-04-11T10:58:34","guid":{"rendered":"https:\/\/3d-edu.ch\/applications-dimpression-3d\/"},"modified":"2026-02-19T10:29:37","modified_gmt":"2026-02-19T09:29:37","slug":"applications-dimpression-3d","status":"publish","type":"page","link":"https:\/\/3d-edu.ch\/fr\/contact\/applications-dimpression-3d\/","title":{"rendered":"Applications d&rsquo;impression 3D"},"content":{"rendered":"\n\n\t<section class=\"section dark\" id=\"section_1464034117\">\n\t\t<div class=\"section-bg fill\" >\n\t\t\t<img loading=\"lazy\" decoding=\"async\" width=\"1890\" height=\"653\" src=\"https:\/\/3d-edu.ch\/wp-content\/smush-avif\/2016\/04\/3d-drucker-anwendungen.jpg.avif\" class=\"bg attachment- size-\" alt=\"3d drucker anwendungen\" \/>\t\t\t\t\t\t<div class=\"section-bg-overlay absolute fill\"><\/div>\n\t\t\t\n\n\t\t<\/div>\n\n\t\t\n\n\t\t<div class=\"section-content relative\">\n\t\t\t\n\n<div class=\"row\"  id=\"row-478330710\">\n\n\n\t<div id=\"col-1906811206\" class=\"col medium-8 small-12 large-8\"  >\n\t\t\t\t<div class=\"col-inner text-left\"  >\n\t\t\t\n\t\t\t\n\n<h1>Applications d&rsquo;impression 3D<\/h1><h2>R\u00e9alisations par des entreprises industrielles, de recherche\n&#038; scientifiques de soci\u00e9t\u00e9s suisses\/allemandes renomm\u00e9es\n\n et des \u00e9coles sup\u00e9rieures.<\/h2>\n\n\t\t<\/div>\n\t\t\t\t\t<\/div>\n\n\t\n\n<\/div>\n\n\t\t<\/div>\n\n\t\t\n<style>\n#section_1464034117 {\n  padding-top: 60px;\n  padding-bottom: 60px;\n  min-height: 450px;\n  background-color: rgb(0,0,0);\n}\n#section_1464034117 .section-bg-overlay {\n  background-color: rgba(0,0,0,.5);\n}\n<\/style>\n\t<\/section>\n\t\n<div class=\"row\"  id=\"row-683699276\">\n\n\n\t<div id=\"col-1543653926\" class=\"col small-12 large-12\"  >\n\t\t\t\t<div class=\"col-inner\"  >\n\t\t\t\n\t\t\t\n\n<h2>T\u00e9moignages et mises en \u0153uvre  <\/h2>\n<h4>de nos clients industriels et scientifiques<\/h4>\n\n\t\t<\/div>\n\t\t\t\t\t<\/div>\n\n\t\n\n\t<div id=\"col-1399995290\" class=\"col medium-4 small-12 large-4 col-divided\"  >\n\t\t\t\t<div class=\"col-inner\"  >\n\t\t\t\n\t\t\t\n\n\t<div class=\"box has-hover   has-hover box-text-bottom\" >\n\n\t\t<div class=\"box-image\" style=\"width:45%;\">\n\t\t\t<a href=\"https:\/\/3d-edu.ch\/wp-content\/uploads\/2018\/11\/Makerbot_Story_ZHAW_3D-EDU.pdf\" target=\"_blank\" rel=\"noopener\" >\t\t\t<div class=\"\" >\n\t\t\t\t<img loading=\"lazy\" decoding=\"async\" width=\"150\" height=\"150\" src=\"https:\/\/3d-edu.ch\/wp-content\/smush-avif\/2016\/04\/ZHAW_Logo_150x150.jpg.avif\" class=\"attachment- size-\" alt=\"\" srcset=\"https:\/\/3d-edu.ch\/wp-content\/smush-avif\/2016\/04\/ZHAW_Logo_150x150.jpg.avif 150w, https:\/\/3d-edu.ch\/wp-content\/smush-avif\/2016\/04\/ZHAW_Logo_150x150-100x100.jpg.avif 100w\" sizes=\"auto, (max-width: 150px) 100vw, 150px\" \/>\t\t\t\t\t\t\t\t\t\t\t<\/div>\n\t\t\t<\/a>\t\t<\/div>\n\n\t\t<div class=\"box-text text-left\" >\n\t\t\t<div class=\"box-text-inner\">\n\t\t\t\t\n\n<h4><a href=\"https:\/\/3d-edu.ch\/wp-content\/uploads\/2018\/11\/Makerbot_Story_ZHAW_3D-EDU.pdf\" target=\"_blank\" rel=\"noopener noreferrer\">ZHAW Universit\u00e9 des Sciences Appliqu\u00e9es de Zurich<\/a><\/h4>\n<p>Le Centre de d\u00e9veloppement de produits et de processus (ZPP) de la ZHAW Winterthur a ajout\u00e9 un laboratoire de prototypage rapide avec sept imprimantes 3D MakerBot Replicator. Celles-ci sont utilis\u00e9es d&rsquo;une part pour l&rsquo;enseignement et d&rsquo;autre part pour le prototypage classique ou la v\u00e9rification de composants. <\/p>\n<p> <\/p>\n<p><a href=\"https:\/\/3d-edu.ch\/wp-content\/uploads\/2018\/11\/Makerbot_Story_ZHAW_3D-EDU.pdf\" target=\"_blank\" rel=\"noopener noreferrer\">Plus d&rsquo;informations<\/a><\/p>\n\n\t\t\t<\/div>\n\t\t<\/div>\n\t<\/div>\n\t\n\n\t\t<\/div>\n\t\t\t\t\t<\/div>\n\n\t\n\n\t<div id=\"col-1512216555\" class=\"col medium-4 small-12 large-4 col-divided\"  >\n\t\t\t\t<div class=\"col-inner\"  >\n\t\t\t\n\t\t\t\n\n\t<div class=\"box has-hover   has-hover box-text-bottom\" >\n\n\t\t<div class=\"box-image\" style=\"width:45%;\">\n\t\t\t<a href=\"https:\/\/3d-edu.ch\/wp-content\/uploads\/2016\/04\/150811_Reference_Story_Uniklinik_Basel_DE.pdf\" target=\"_blank\" rel=\"noopener\" >\t\t\t<div class=\"\" >\n\t\t\t\t<img loading=\"lazy\" decoding=\"async\" width=\"150\" height=\"150\" src=\"https:\/\/3d-edu.ch\/wp-content\/smush-avif\/2016\/04\/MAM_HFZ_Logo_150x150.jpg.avif\" class=\"attachment- size-\" alt=\"\" srcset=\"https:\/\/3d-edu.ch\/wp-content\/smush-avif\/2016\/04\/MAM_HFZ_Logo_150x150.jpg.avif 150w, https:\/\/3d-edu.ch\/wp-content\/smush-avif\/2016\/04\/MAM_HFZ_Logo_150x150-100x100.jpg.avif 100w\" sizes=\"auto, (max-width: 150px) 100vw, 150px\" \/>\t\t\t\t\t\t\t\t\t\t\t<\/div>\n\t\t\t<\/a>\t\t<\/div>\n\n\t\t<div class=\"box-text text-left\" >\n\t\t\t<div class=\"box-text-inner\">\n\t\t\t\t\n\n<h4><a href=\"https:\/\/3d-edu.ch\/wp-content\/uploads\/2016\/04\/150811_Reference_Story_Uniklinik_Basel_DE.pdf\" target=\"_blank\" rel=\"noopener noreferrer\">H\u00f4pital universitaire de B\u00e2le<\/a><\/h4>\n<p>Auparavant, les chirurgiens de l&rsquo;H\u00f4pital universitaire de B\u00e2le d\u00e9pendaient de proc\u00e9d\u00e9s d&rsquo;impression 3D longs et co\u00fbteux pour produire des mod\u00e8les anatomiques afin de planifier des interventions chirurgicales complexes. Depuis plus d&rsquo;un an, les m\u00e9decins Philipp Honigmann et Florian Thieringer utilisent notamment une imprimante 3D de bureau MakerBot Replicator pour produire des mod\u00e8les 3D. <\/p>\n<p> <\/p>\n<p><a href=\"https:\/\/3d-edu.ch\/wp-content\/uploads\/2016\/04\/150811_Reference_Story_Uniklinik_Basel_DE.pdf\" target=\"_blank\" rel=\"noopener noreferrer\">Plus d&rsquo;informations<\/a><\/p>\n\n\t\t\t<\/div>\n\t\t<\/div>\n\t<\/div>\n\t\n\n\t\t<\/div>\n\t\t\t\t\t<\/div>\n\n\t\n\n\t<div id=\"col-1898897379\" class=\"col medium-4 small-12 large-4 col-divided\"  >\n\t\t\t\t<div class=\"col-inner\"  >\n\t\t\t\n\t\t\t\n\n\t<div class=\"box has-hover   has-hover box-text-bottom\" >\n\n\t\t<div class=\"box-image\" style=\"width:45%;\">\n\t\t\t<a href=\"https:\/\/3d-edu.ch\/wp-content\/uploads\/2016\/10\/160930_Story_Innocampus_DE.pdf\" target=\"_blank\" rel=\"noopener\" >\t\t\t<div class=\"\" >\n\t\t\t\t<img loading=\"lazy\" decoding=\"async\" width=\"150\" height=\"150\" src=\"https:\/\/3d-edu.ch\/wp-content\/smush-avif\/2016\/04\/InnoCampus_Logo.jpg.avif\" class=\"attachment- size-\" alt=\"innocampus\" srcset=\"https:\/\/3d-edu.ch\/wp-content\/smush-avif\/2016\/04\/InnoCampus_Logo.jpg.avif 150w, https:\/\/3d-edu.ch\/wp-content\/smush-avif\/2016\/04\/InnoCampus_Logo-100x100.jpg.avif 100w\" sizes=\"auto, (max-width: 150px) 100vw, 150px\" \/>\t\t\t\t\t\t\t\t\t\t\t<\/div>\n\t\t\t<\/a>\t\t<\/div>\n\n\t\t<div class=\"box-text text-left\" >\n\t\t\t<div class=\"box-text-inner\">\n\t\t\t\t\n\n<h4><a href=\"https:\/\/3d-edu.ch\/wp-content\/uploads\/2016\/10\/160930_Story_Innocampus_DE.pdf\" target=\"_blank\" rel=\"noopener noreferrer\">INNOCAMPUS Biel\/Bienne<\/a><\/h4>\n<p>INNOCAMPUS AG exploite \u00e0 Biel\/Bienne, en Suisse, une plateforme de recherche et de d\u00e9veloppement orient\u00e9e vers les applications dans le domaine de la technologie industrielle. La soci\u00e9t\u00e9 exploite entre autres un Fabrication Laboratory (FabLab), un atelier ouvert qui permet aux clients et aux \u00e9tudiants d&rsquo;acc\u00e9der aux moyens de production et aux processus de production industrielle modernes. <\/p>\n<p> <\/p>\n<p><a href=\"https:\/\/3d-edu.ch\/wp-content\/uploads\/2016\/10\/160930_Story_Innocampus_DE.pdf\" target=\"_blank\" rel=\"noopener noreferrer\">Plus d&rsquo;informations<\/a><\/p>\n\n\t\t\t<\/div>\n\t\t<\/div>\n\t<\/div>\n\t\n\n\t\t<\/div>\n\t\t\t\t\t<\/div>\n\n\t\n\n\t<div id=\"col-470558151\" class=\"col medium-4 small-12 large-4 col-divided\"  >\n\t\t\t\t<div class=\"col-inner\"  >\n\t\t\t\n\t\t\t\n\n\t<div class=\"box has-hover   has-hover box-text-bottom\" >\n\n\t\t<div class=\"box-image\" style=\"width:45%;\">\n\t\t\t<a href=\"https:\/\/3d-edu.ch\/wp-content\/uploads\/2018\/11\/Makerbot_Story_tpc_DE.pdf\" target=\"_blank\" rel=\"noopener\" >\t\t\t<div class=\"\" >\n\t\t\t\t<img loading=\"lazy\" decoding=\"async\" width=\"150\" height=\"150\" src=\"https:\/\/3d-edu.ch\/wp-content\/smush-avif\/2017\/05\/tpc_srf.jpg.avif\" class=\"attachment- size-\" alt=\"\" srcset=\"https:\/\/3d-edu.ch\/wp-content\/smush-avif\/2017\/05\/tpc_srf.jpg.avif 150w, https:\/\/3d-edu.ch\/wp-content\/smush-avif\/2017\/05\/tpc_srf-100x100.jpg.avif 100w\" sizes=\"auto, (max-width: 150px) 100vw, 150px\" \/>\t\t\t\t\t\t\t\t\t\t\t<\/div>\n\t\t\t<\/a>\t\t<\/div>\n\n\t\t<div class=\"box-text text-left\" >\n\t\t\t<div class=\"box-text-inner\">\n\t\t\t\t\n\n<h4><a href=\"https:\/\/3d-edu.ch\/wp-content\/uploads\/2018\/11\/Makerbot_Story_tpc_DE.pdf\" target=\"_blank\" rel=\"noopener noreferrer\">tpc - Technique et production de la Radio T\u00e9l\u00e9vision Suisse SRF<\/a><\/h4>\n<p>En tant que filiale de SRG SSR, tpc ag est responsable de l&rsquo;ensemble de la technique et de la production des \u00e9missions de t\u00e9l\u00e9vision, de radio et de multim\u00e9dia de Schweizer Radio und Fernsehen SRF. Les imprimantes 3D sont utilis\u00e9es pour des prototypes m\u00e9caniques servant de mod\u00e8les de d\u00e9monstration ou d&rsquo;essai, pour des \u00e9l\u00e9ments de d\u00e9cor ou dans la conception de costumes. <\/p>\n<p> <\/p>\n<p><a href=\"https:\/\/3d-edu.ch\/wp-content\/uploads\/2018\/11\/Makerbot_Story_tpc_DE.pdf\" target=\"_blank\" rel=\"noopener noreferrer\">Plus d&rsquo;informations<\/a><\/p>\n\n\t\t\t<\/div>\n\t\t<\/div>\n\t<\/div>\n\t\n\n\t\t<\/div>\n\t\t\t\t\t<\/div>\n\n\t\n\n\t<div id=\"col-1282887225\" class=\"col medium-4 small-12 large-4 col-divided\"  >\n\t\t\t\t<div class=\"col-inner\"  >\n\t\t\t\n\t\t\t\n\n\t<div class=\"box has-hover   has-hover box-text-bottom\" >\n\n\t\t<div class=\"box-image\" style=\"width:45%;\">\n\t\t\t<a href=\"https:\/\/3d-edu.ch\/wp-content\/uploads\/2016\/10\/Makerbot_Story_BZU_BFSU_DE.pdf\" target=\"_blank\" rel=\"noopener\" >\t\t\t<div class=\"\" >\n\t\t\t\t<img loading=\"lazy\" decoding=\"async\" width=\"150\" height=\"150\" src=\"https:\/\/3d-edu.ch\/wp-content\/smush-avif\/2016\/04\/BFU_Logo.jpg.avif\" class=\"attachment- size-\" alt=\"berufsfachschule-uster\" srcset=\"https:\/\/3d-edu.ch\/wp-content\/smush-avif\/2016\/04\/BFU_Logo.jpg.avif 150w, https:\/\/3d-edu.ch\/wp-content\/smush-avif\/2016\/04\/BFU_Logo-100x100.jpg.avif 100w\" sizes=\"auto, (max-width: 150px) 100vw, 150px\" \/>\t\t\t\t\t\t\t\t\t\t\t<\/div>\n\t\t\t<\/a>\t\t<\/div>\n\n\t\t<div class=\"box-text text-left\" >\n\t\t\t<div class=\"box-text-inner\">\n\t\t\t\t\n\n<h4><a href=\"https:\/\/3d-edu.ch\/wp-content\/uploads\/2016\/10\/Makerbot_Story_BZU_BFSU_DE.pdf\" target=\"_blank\" rel=\"noopener noreferrer\">\u00c9cole professionnelle d&rsquo;Uster (BFSU)<\/a><\/h4>\n<p>Le centre de formation d&rsquo;Uster (BZU) \u00e0 Uster, en Suisse, r\u00e9unit sur un m\u00eame site des offres de formation sp\u00e9cifiques \u00e0 des groupes cibles de l&rsquo;\u00e9cole cantonale, de l&rsquo;\u00e9cole professionnelle et de l&rsquo;\u00e9cole technique sup\u00e9rieure. Par le biais de projets et de groupes de travail communs, les \u00e9coles du BZU mettent \u00e9galement en r\u00e9seau l&rsquo;enseignement gymnasial et professionnel avec l&rsquo;\u00e9conomie et la technique et favorisent l&rsquo;\u00e9mergence de projets innovants et durables. <\/p>\n<p> <\/p>\n<p><a href=\"https:\/\/3d-edu.ch\/wp-content\/uploads\/2016\/10\/Makerbot_Story_BZU_BFSU_DE.pdf\" target=\"_blank\" rel=\"noopener noreferrer\">Plus d&rsquo;informations<\/a><\/p>\n\n\t\t\t<\/div>\n\t\t<\/div>\n\t<\/div>\n\t\n\n\t\t<\/div>\n\t\t\t\t\t<\/div>\n\n\t\n\n\t<div id=\"col-1900527660\" class=\"col medium-4 small-12 large-4 col-divided\"  >\n\t\t\t\t<div class=\"col-inner\"  >\n\t\t\t\n\t\t\t\n\n\t<div class=\"box has-hover   has-hover box-text-bottom\" >\n\n\t\t<div class=\"box-image\" style=\"width:45%;\">\n\t\t\t<a href=\"https:\/\/3d-edu.ch\/wp-content\/uploads\/2017\/05\/3d-drucker-schule-unterricht-bildung-sekundarschule.pdf\" target=\"_blank\" rel=\"noopener\" >\t\t\t<div class=\"\" >\n\t\t\t\t<img loading=\"lazy\" decoding=\"async\" width=\"150\" height=\"150\" src=\"https:\/\/3d-edu.ch\/wp-content\/smush-avif\/2017\/05\/eduzis_small.jpg.avif\" class=\"attachment- size-\" alt=\"3d-drucker-schule-bildung-unterricht\" srcset=\"https:\/\/3d-edu.ch\/wp-content\/smush-avif\/2017\/05\/eduzis_small.jpg.avif 150w, https:\/\/3d-edu.ch\/wp-content\/smush-avif\/2017\/05\/eduzis_small-100x100.jpg.avif 100w\" sizes=\"auto, (max-width: 150px) 100vw, 150px\" \/>\t\t\t\t\t\t\t\t\t\t\t<\/div>\n\t\t\t<\/a>\t\t<\/div>\n\n\t\t<div class=\"box-text text-left\" >\n\t\t\t<div class=\"box-text-inner\">\n\t\t\t\t\n\n<h4><a href=\"https:\/\/3d-edu.ch\/wp-content\/uploads\/2017\/05\/3d-drucker-schule-unterricht-bildung-sekundarschule.pdf\" target=\"_blank\" rel=\"noopener noreferrer\">Commune de l&rsquo;\u00e9cole secondaire Niederhasli Niederglatt Hofstetten (Eduzis)<\/a><\/h4>\n<p>Eduzis accueille environ 470 \u00e9l\u00e8ves r\u00e9partis entre les deux \u00e9coles Eichi et Seehalde. L&rsquo;\u00e9cole Eichi accueille des classes annuelles et l&rsquo;\u00e9cole Seehalde des classes mixtes. Depuis trois quarts d&rsquo;ann\u00e9e, des imprimantes 3D sont int\u00e9gr\u00e9es au plan d&rsquo;apprentissage et utilis\u00e9es quotidiennement pour favoriser le processus d&rsquo;apprentissage individuel des \u00e9l\u00e8ves.  <\/p>\n<p> <\/p>\n<p><a href=\"https:\/\/3d-edu.ch\/wp-content\/uploads\/2017\/05\/3d-drucker-schule-unterricht-bildung-sekundarschule.pdf\" target=\"_blank\" rel=\"noopener noreferrer\">Plus d&rsquo;informations<\/a><\/p>\n\n\t\t\t<\/div>\n\t\t<\/div>\n\t<\/div>\n\t\n\n\t\t<\/div>\n\t\t\t\t\t<\/div>\n\n\t\n\n\t<div id=\"col-2053532307\" class=\"col medium-4 small-12 large-4 col-divided\"  >\n\t\t\t\t<div class=\"col-inner\"  >\n\t\t\t\n\t\t\t\n\n\t<div class=\"box has-hover   has-hover box-text-bottom\" >\n\n\t\t<div class=\"box-image\" style=\"width:45%;\">\n\t\t\t<a href=\"https:\/\/3d-edu.ch\/wp-content\/uploads\/2017\/06\/Success_Story_Wolf_Schweitzer.pdf\" target=\"_blank\" rel=\"noopener\" >\t\t\t<div class=\"\" >\n\t\t\t\t<img loading=\"lazy\" decoding=\"async\" width=\"150\" height=\"150\" src=\"https:\/\/3d-edu.ch\/wp-content\/smush-avif\/2016\/04\/dr-med-wolf-schweitzer-1.jpg.avif\" class=\"attachment- size-\" alt=\"dr-med-wolf-schweitzer-1\" srcset=\"https:\/\/3d-edu.ch\/wp-content\/smush-avif\/2016\/04\/dr-med-wolf-schweitzer-1.jpg.avif 150w, https:\/\/3d-edu.ch\/wp-content\/smush-avif\/2016\/04\/dr-med-wolf-schweitzer-1-100x100.jpg.avif 100w\" sizes=\"auto, (max-width: 150px) 100vw, 150px\" \/>\t\t\t\t\t\t\t\t\t\t\t<\/div>\n\t\t\t<\/a>\t\t<\/div>\n\n\t\t<div class=\"box-text text-left\" >\n\t\t\t<div class=\"box-text-inner\">\n\t\t\t\t\n\n<h4><a href=\"https:\/\/3d-edu.ch\/wp-content\/uploads\/2017\/06\/Success_Story_Wolf_Schweitzer.pdf\" target=\"_blank\" rel=\"noopener noreferrer\">Dr. med. Wolf Schweitzer<\/a><\/h4>\n<p>La force d&rsquo;innovation de l&rsquo;impression 3D ne permet pas seulement au m\u00e9decin l\u00e9giste Wolf Schweitzer de fabriquer des pi\u00e8ces de proth\u00e8se \u00e0 titre priv\u00e9. R\u00e9guli\u00e8rement, il fabrique des pi\u00e8ces de forme qui ne sont pas disponibles dans le commerce. L&rsquo;imprimante 3D est \u00e9galement utilis\u00e9e dans le cadre de son travail professionnel en m\u00e9decine l\u00e9gale.  <\/p>\n<p> <\/p>\n<p><a href=\"https:\/\/3d-edu.ch\/wp-content\/uploads\/2017\/06\/Success_Story_Wolf_Schweitzer.pdf\" target=\"_blank\" rel=\"noopener noreferrer\">Plus d&rsquo;informations<\/a><\/p>\n\n\t\t\t<\/div>\n\t\t<\/div>\n\t<\/div>\n\t\n\n\t\t<\/div>\n\t\t\t\t\t<\/div>\n\n\t\n\n\t<div id=\"col-1973714782\" class=\"col small-12 large-12\"  >\n\t\t\t\t<div class=\"col-inner\"  >\n\t\t\t\n\t\t\t\n\n<h2>Nos clients de r\u00e9f\u00e9rence<\/h2>\n<h4>Vous trouverez ici les entreprises qui travaillent avec les imprimantes 3D de 3D-EDU GmbH.<\/h4>\n<a href=\"https:\/\/3d-edu.ch\/fr\/clients-de-reference\/\" class=\"button primary is-large\" >\n\t\t<span>Cliquez ici pour voir nos clients de r\u00e9f\u00e9rence<\/span>\n\t<\/a>\n\n\n\n\t\t<\/div>\n\t\t\t\t\t<\/div>\n\n\t\n\n<\/div>\n\n","protected":false},"excerpt":{"rendered":"","protected":false},"author":1,"featured_media":0,"parent":79216,"menu_order":0,"comment_status":"closed","ping_status":"closed","template":"page-blank.php","meta":{"footnotes":""},"class_list":["post-73152","page","type-page","status-publish","hentry"],"yoast_head":"<!-- This site is optimized with the Yoast SEO Premium plugin v27.4 (Yoast SEO v27.4) - https:\/\/yoast.com\/product\/yoast-seo-premium-wordpress\/ -->\n<title>Applications d&#039;impression 3D - 3D-EDU GmbH<\/title>\n<meta name=\"robots\" content=\"index, follow, max-snippet:-1, max-image-preview:large, max-video-preview:-1\" \/>\n<link rel=\"canonical\" href=\"https:\/\/3d-edu.ch\/fr\/contact\/applications-dimpression-3d\/\" \/>\n<meta property=\"og:locale\" content=\"fr_FR\" \/>\n<meta property=\"og:type\" content=\"article\" \/>\n<meta property=\"og:title\" content=\"Applications d&#039;impression 3D\" \/>\n<meta property=\"og:url\" content=\"https:\/\/3d-edu.ch\/fr\/contact\/applications-dimpression-3d\/\" \/>\n<meta property=\"og:site_name\" content=\"3D-EDU GmbH\" \/>\n<meta property=\"article:publisher\" content=\"https:\/\/www.facebook.com\/3d-educh-210277586064960\/\" \/>\n<meta property=\"article:modified_time\" content=\"2026-02-19T09:29:37+00:00\" \/>\n<meta name=\"twitter:card\" content=\"summary_large_image\" \/>\n<meta name=\"twitter:site\" content=\"@3d_edu_ch\" \/>\n<meta name=\"twitter:label1\" content=\"Dur\u00e9e de lecture estim\u00e9e\" \/>\n\t<meta name=\"twitter:data1\" content=\"4 minute\" \/>\n<script type=\"application\/ld+json\" class=\"yoast-schema-graph\">{\"@context\":\"https:\\\/\\\/schema.org\",\"@graph\":[{\"@type\":\"WebPage\",\"@id\":\"https:\\\/\\\/3d-edu.ch\\\/fr\\\/contact\\\/applications-dimpression-3d\\\/\",\"url\":\"https:\\\/\\\/3d-edu.ch\\\/fr\\\/contact\\\/applications-dimpression-3d\\\/\",\"name\":\"Applications d'impression 3D - 3D-EDU GmbH\",\"isPartOf\":{\"@id\":\"https:\\\/\\\/3d-edu.ch\\\/fr\\\/#website\"},\"datePublished\":\"2016-04-11T10:58:34+00:00\",\"dateModified\":\"2026-02-19T09:29:37+00:00\",\"breadcrumb\":{\"@id\":\"https:\\\/\\\/3d-edu.ch\\\/fr\\\/contact\\\/applications-dimpression-3d\\\/#breadcrumb\"},\"inLanguage\":\"fr-FR\",\"potentialAction\":[{\"@type\":\"ReadAction\",\"target\":[\"https:\\\/\\\/3d-edu.ch\\\/fr\\\/contact\\\/applications-dimpression-3d\\\/\"]}]},{\"@type\":\"BreadcrumbList\",\"@id\":\"https:\\\/\\\/3d-edu.ch\\\/fr\\\/contact\\\/applications-dimpression-3d\\\/#breadcrumb\",\"itemListElement\":[{\"@type\":\"ListItem\",\"position\":1,\"name\":\"Accueil\",\"item\":\"https:\\\/\\\/3d-edu.ch\\\/fr\\\/\"},{\"@type\":\"ListItem\",\"position\":2,\"name\":\"Contact\",\"item\":\"https:\\\/\\\/3d-edu.ch\\\/fr\\\/contact\\\/\"},{\"@type\":\"ListItem\",\"position\":3,\"name\":\"Applications d&#8217;impression 3D\"}]},{\"@type\":\"WebSite\",\"@id\":\"https:\\\/\\\/3d-edu.ch\\\/fr\\\/#website\",\"url\":\"https:\\\/\\\/3d-edu.ch\\\/fr\\\/\",\"name\":\"3D-EDU GmbH\",\"description\":\"Your Formlabs, UltiMaker and Raise3D Printer Support and Education Site in Switzerland. \\\/\\\/ Ihre Formlabs, UltiMaker and Raise3D Drucker Support und Bildungs Webseite der Schweiz.\",\"publisher\":{\"@id\":\"https:\\\/\\\/3d-edu.ch\\\/fr\\\/#organization\"},\"potentialAction\":[{\"@type\":\"SearchAction\",\"target\":{\"@type\":\"EntryPoint\",\"urlTemplate\":\"https:\\\/\\\/3d-edu.ch\\\/fr\\\/?s={search_term_string}\"},\"query-input\":{\"@type\":\"PropertyValueSpecification\",\"valueRequired\":true,\"valueName\":\"search_term_string\"}}],\"inLanguage\":\"fr-FR\"},{\"@type\":[\"Organization\",\"Place\",\"ElectronicsStore\"],\"@id\":\"https:\\\/\\\/3d-edu.ch\\\/fr\\\/#organization\",\"name\":\"3D-EDU GmbH\",\"url\":\"https:\\\/\\\/3d-edu.ch\\\/fr\\\/\",\"logo\":{\"@id\":\"https:\\\/\\\/3d-edu.ch\\\/fr\\\/contact\\\/applications-dimpression-3d\\\/#local-main-organization-logo\"},\"image\":{\"@id\":\"https:\\\/\\\/3d-edu.ch\\\/fr\\\/contact\\\/applications-dimpression-3d\\\/#local-main-organization-logo\"},\"sameAs\":[\"https:\\\/\\\/www.facebook.com\\\/3d-educh-210277586064960\\\/\",\"https:\\\/\\\/x.com\\\/3d_edu_ch\"],\"address\":{\"@id\":\"https:\\\/\\\/3d-edu.ch\\\/fr\\\/contact\\\/applications-dimpression-3d\\\/#local-main-place-address\"},\"geo\":{\"@type\":\"GeoCoordinates\",\"latitude\":\"47.38413\",\"longitude\":\"8.49812\"},\"telephone\":[\"+41 44 492 11 22\"],\"openingHoursSpecification\":[{\"@type\":\"OpeningHoursSpecification\",\"dayOfWeek\":[\"Monday\",\"Tuesday\",\"Wednesday\",\"Thursday\",\"Friday\"],\"opens\":\"08:30\",\"closes\":\"18:00\"},{\"@type\":\"OpeningHoursSpecification\",\"dayOfWeek\":[\"Saturday\",\"Sunday\"],\"opens\":\"00:00\",\"closes\":\"00:00\"}],\"email\":\"info@3d-edu.ch\",\"faxNumber\":\"+41 44 492 11 23\",\"vatID\":\"CHE-184.499.491 MWST\",\"priceRange\":\"$$$\",\"currenciesAccepted\":\"CHF\"},{\"@type\":\"PostalAddress\",\"@id\":\"https:\\\/\\\/3d-edu.ch\\\/fr\\\/contact\\\/applications-dimpression-3d\\\/#local-main-place-address\",\"streetAddress\":\"3D-EDU GmbH, Badenerstrasse 556\",\"addressLocality\":\"Z\u00fcrich\",\"postalCode\":\"8048\",\"addressRegion\":\"Z\u00fcrich\",\"addressCountry\":\"CH\"},{\"@type\":\"ImageObject\",\"inLanguage\":\"fr-FR\",\"@id\":\"https:\\\/\\\/3d-edu.ch\\\/fr\\\/contact\\\/applications-dimpression-3d\\\/#local-main-organization-logo\",\"url\":\"https:\\\/\\\/3d-edu.ch\\\/wp-content\\\/uploads\\\/2018\\\/10\\\/3d-drucker-makerbot-formlabs-professionelle-3d-drucker-e1546527990490.png\",\"contentUrl\":\"https:\\\/\\\/3d-edu.ch\\\/wp-content\\\/uploads\\\/2018\\\/10\\\/3d-drucker-makerbot-formlabs-professionelle-3d-drucker-e1546527990490.png\",\"width\":275,\"height\":80,\"caption\":\"3D-EDU GmbH\"}]}<\/script>\n<meta name=\"geo.placename\" content=\"Z\u00fcrich\" \/>\n<meta name=\"geo.position\" content=\"47.38413;8.49812\" \/>\n<meta name=\"geo.region\" content=\"Suisse\" \/>\n<!-- \/ Yoast SEO Premium plugin. -->","yoast_head_json":{"title":"Applications d'impression 3D - 3D-EDU GmbH","robots":{"index":"index","follow":"follow","max-snippet":"max-snippet:-1","max-image-preview":"max-image-preview:large","max-video-preview":"max-video-preview:-1"},"canonical":"https:\/\/3d-edu.ch\/fr\/contact\/applications-dimpression-3d\/","og_locale":"fr_FR","og_type":"article","og_title":"Applications d'impression 3D","og_url":"https:\/\/3d-edu.ch\/fr\/contact\/applications-dimpression-3d\/","og_site_name":"3D-EDU GmbH","article_publisher":"https:\/\/www.facebook.com\/3d-educh-210277586064960\/","article_modified_time":"2026-02-19T09:29:37+00:00","twitter_card":"summary_large_image","twitter_site":"@3d_edu_ch","twitter_misc":{"Dur\u00e9e de lecture estim\u00e9e":"4 minute"},"schema":{"@context":"https:\/\/schema.org","@graph":[{"@type":"WebPage","@id":"https:\/\/3d-edu.ch\/fr\/contact\/applications-dimpression-3d\/","url":"https:\/\/3d-edu.ch\/fr\/contact\/applications-dimpression-3d\/","name":"Applications d'impression 3D - 3D-EDU GmbH","isPartOf":{"@id":"https:\/\/3d-edu.ch\/fr\/#website"},"datePublished":"2016-04-11T10:58:34+00:00","dateModified":"2026-02-19T09:29:37+00:00","breadcrumb":{"@id":"https:\/\/3d-edu.ch\/fr\/contact\/applications-dimpression-3d\/#breadcrumb"},"inLanguage":"fr-FR","potentialAction":[{"@type":"ReadAction","target":["https:\/\/3d-edu.ch\/fr\/contact\/applications-dimpression-3d\/"]}]},{"@type":"BreadcrumbList","@id":"https:\/\/3d-edu.ch\/fr\/contact\/applications-dimpression-3d\/#breadcrumb","itemListElement":[{"@type":"ListItem","position":1,"name":"Accueil","item":"https:\/\/3d-edu.ch\/fr\/"},{"@type":"ListItem","position":2,"name":"Contact","item":"https:\/\/3d-edu.ch\/fr\/contact\/"},{"@type":"ListItem","position":3,"name":"Applications d&#8217;impression 3D"}]},{"@type":"WebSite","@id":"https:\/\/3d-edu.ch\/fr\/#website","url":"https:\/\/3d-edu.ch\/fr\/","name":"3D-EDU GmbH","description":"Your Formlabs, UltiMaker and Raise3D Printer Support and Education Site in Switzerland. \/\/ Ihre Formlabs, UltiMaker and Raise3D Drucker Support und Bildungs Webseite der Schweiz.","publisher":{"@id":"https:\/\/3d-edu.ch\/fr\/#organization"},"potentialAction":[{"@type":"SearchAction","target":{"@type":"EntryPoint","urlTemplate":"https:\/\/3d-edu.ch\/fr\/?s={search_term_string}"},"query-input":{"@type":"PropertyValueSpecification","valueRequired":true,"valueName":"search_term_string"}}],"inLanguage":"fr-FR"},{"@type":["Organization","Place","ElectronicsStore"],"@id":"https:\/\/3d-edu.ch\/fr\/#organization","name":"3D-EDU GmbH","url":"https:\/\/3d-edu.ch\/fr\/","logo":{"@id":"https:\/\/3d-edu.ch\/fr\/contact\/applications-dimpression-3d\/#local-main-organization-logo"},"image":{"@id":"https:\/\/3d-edu.ch\/fr\/contact\/applications-dimpression-3d\/#local-main-organization-logo"},"sameAs":["https:\/\/www.facebook.com\/3d-educh-210277586064960\/","https:\/\/x.com\/3d_edu_ch"],"address":{"@id":"https:\/\/3d-edu.ch\/fr\/contact\/applications-dimpression-3d\/#local-main-place-address"},"geo":{"@type":"GeoCoordinates","latitude":"47.38413","longitude":"8.49812"},"telephone":["+41 44 492 11 22"],"openingHoursSpecification":[{"@type":"OpeningHoursSpecification","dayOfWeek":["Monday","Tuesday","Wednesday","Thursday","Friday"],"opens":"08:30","closes":"18:00"},{"@type":"OpeningHoursSpecification","dayOfWeek":["Saturday","Sunday"],"opens":"00:00","closes":"00:00"}],"email":"info@3d-edu.ch","faxNumber":"+41 44 492 11 23","vatID":"CHE-184.499.491 MWST","priceRange":"$$$","currenciesAccepted":"CHF"},{"@type":"PostalAddress","@id":"https:\/\/3d-edu.ch\/fr\/contact\/applications-dimpression-3d\/#local-main-place-address","streetAddress":"3D-EDU GmbH, Badenerstrasse 556","addressLocality":"Z\u00fcrich","postalCode":"8048","addressRegion":"Z\u00fcrich","addressCountry":"CH"},{"@type":"ImageObject","inLanguage":"fr-FR","@id":"https:\/\/3d-edu.ch\/fr\/contact\/applications-dimpression-3d\/#local-main-organization-logo","url":"https:\/\/3d-edu.ch\/wp-content\/uploads\/2018\/10\/3d-drucker-makerbot-formlabs-professionelle-3d-drucker-e1546527990490.png","contentUrl":"https:\/\/3d-edu.ch\/wp-content\/uploads\/2018\/10\/3d-drucker-makerbot-formlabs-professionelle-3d-drucker-e1546527990490.png","width":275,"height":80,"caption":"3D-EDU GmbH"}]},"geo.placename":"Z\u00fcrich","geo.position":{"lat":"47.38413","long":"8.49812"},"geo.region":"Suisse"},"_links":{"self":[{"href":"https:\/\/3d-edu.ch\/fr\/wp-json\/wp\/v2\/pages\/73152","targetHints":{"allow":["GET"]}}],"collection":[{"href":"https:\/\/3d-edu.ch\/fr\/wp-json\/wp\/v2\/pages"}],"about":[{"href":"https:\/\/3d-edu.ch\/fr\/wp-json\/wp\/v2\/types\/page"}],"author":[{"embeddable":true,"href":"https:\/\/3d-edu.ch\/fr\/wp-json\/wp\/v2\/users\/1"}],"replies":[{"embeddable":true,"href":"https:\/\/3d-edu.ch\/fr\/wp-json\/wp\/v2\/comments?post=73152"}],"version-history":[{"count":3,"href":"https:\/\/3d-edu.ch\/fr\/wp-json\/wp\/v2\/pages\/73152\/revisions"}],"predecessor-version":[{"id":79226,"href":"https:\/\/3d-edu.ch\/fr\/wp-json\/wp\/v2\/pages\/73152\/revisions\/79226"}],"up":[{"embeddable":true,"href":"https:\/\/3d-edu.ch\/fr\/wp-json\/wp\/v2\/pages\/79216"}],"wp:attachment":[{"href":"https:\/\/3d-edu.ch\/fr\/wp-json\/wp\/v2\/media?parent=73152"}],"curies":[{"name":"wp","href":"https:\/\/api.w.org\/{rel}","templated":true}]}}