{"id":73121,"date":"2015-06-30T12:00:00","date_gmt":"2015-06-30T10:00:00","guid":{"rendered":"https:\/\/3d-edu.ch\/makerbot-dans-la-salle-de-classe\/"},"modified":"2025-07-01T17:19:33","modified_gmt":"2025-07-01T15:19:33","slug":"makerbot-dans-la-salle-de-classe","status":"publish","type":"page","link":"https:\/\/3d-edu.ch\/fr\/education\/makerbot-dans-la-salle-de-classe\/","title":{"rendered":"MakerBot dans la salle de classe"},"content":{"rendered":"<div id=\"pl-4026\" class=\"panel-layout\">\n<div id=\"pg-4026-0\" class=\"panel-grid panel-has-style\" data-style=\"{\"row_stretch\":\"full\"}\">\n<div class=\"siteorigin-panels-stretch panel-row-style-full-width panel-row-style panel-row-style-for-4026-0\" data-stretch-type=\"full\">\n<div id=\"pgc-4026-0-0\" class=\"panel-grid-cell\" data-weight=\"1\">\n<div id=\"panel-4026-0-0-0\" class=\"so-panel widget widget_sow-editor panel-first-child panel-last-child\" data-index=\"0\" data-style=\"{\"background_image_attachment\":false,\"background_display\":\"tile\"}\">\n<div class=\"so-widget-sow-editor so-widget-sow-editor-base\">\n<div class=\"siteorigin-widget-tinymce textwidget\">\n<h1>MAKERBOT EDUCATORS GUIDE \/ GUIDE DE L&rsquo;ENSEIGNANT MAKERBOT<\/h1>\n<h2>Le guide MakerBot Educators Guidebook est une introduction \u00e0 la mise en \u0153uvre de l&rsquo;impression et de la conception 3D dans les \u00e9coles et les classes. Il propose une compilation de projets, d&rsquo;id\u00e9es et d&rsquo;activit\u00e9s qui vous permettront d&rsquo;int\u00e9grer au mieux l&rsquo;impression 3D dans votre programme scolaire et vos cours. <\/h2>\n<\/div>\n<\/div>\n<\/div>\n<\/div>\n<\/div>\n<\/div>\n<div id=\"pg-4026-1\" class=\"panel-grid panel-has-style\" data-style=\"{\"background_image_attachment\":false,\"background_display\":\"tile\",\"row_stretch\":\"full\",\"cell_alignment\":\"flex-start\"}\">\n<div class=\"siteorigin-panels-stretch panel-row-style-full-width panel-row-style panel-row-style-for-4026-1\" data-stretch-type=\"full\">\n<div id=\"pgc-4026-1-0\" class=\"panel-grid-cell\" data-weight=\"1\">\n<div id=\"panel-4026-1-0-0\" class=\"so-panel widget widget_black-studio-tinymce widget_black_studio_tinymce panel-first-child panel-last-child\" data-index=\"1\" data-style=\"{\"background_image_attachment\":false,\"background_display\":\"tile\"}\">\n<div class=\"textwidget\">\n<ul>\n<li>MakerBot in the Classroom propose une introduction \u00e0 l&rsquo;impression et \u00e0 la conception 3D<\/li>\n<li>Con\u00e7u pour les d\u00e9butants de niveau inf\u00e9rieur et interm\u00e9diaire<\/li>\n<li>Pour une utilisation avec les imprimantes 3D MakerBot et les logiciels de CAO gratuits<\/li>\n<li>Introduction \u00e0 la mod\u00e9lisation CAO de base, param\u00e9trique, de mod\u00e9lisation et de construction<\/li>\n<li>Projets de : connaissances de base, objectifs d&rsquo;apprentissage, mat\u00e9riel, glossaire | t\u00e2ches et id\u00e9es d&rsquo;introduction, de recherche, d&rsquo;application et d&rsquo;approfondissement<\/li>\n<\/ul>\n<\/div>\n<\/div>\n<\/div>\n<\/div>\n<\/div>\n<div id=\"pg-4026-2\" class=\"panel-grid panel-has-style\" data-style=\"{\"background\":\"#f4f4f4\",\"background_image_attachment\":false,\"background_display\":\"tile\",\"row_stretch\":\"full\",\"cell_alignment\":\"flex-start\"}\">\n<div class=\"siteorigin-panels-stretch panel-row-style-full-width panel-row-style panel-row-style-for-4026-2\" style=\"background-color: #f4f4f4;  \" data-stretch-type=\"full\">\n<div id=\"pgc-4026-2-0\" class=\"panel-grid-cell\" data-weight=\"1\">\n<div id=\"panel-4026-2-0-0\" class=\"so-panel widget widget_black-studio-tinymce widget_black_studio_tinymce panel-first-child panel-last-child\" data-index=\"2\" data-style=\"{\"background_display\":\"tile\"}\">\n<div class=\"textwidget\">\n<style>.embed-container { position: relative; padding-bottom: 56.25%; height: 0; overflow: hidden; max-width: 100%; } .embed-container iframe, .embed-container object, .embed-container embed { position: absolute; top: 0; left: 0; width: 100%; height: 100%; }<\/style>\n<div class=\"embed-container\"><iframe src=\"https:\/\/www.yumpu.com\/de\/embed\/view\/Vnlx3Ry5FXtTTLFR\" frameborder=\"0\" allowfullscreen=\"true\" allowtransparency=\"true\"><\/iframe><\/div>\n<\/div>\n<\/div>\n<\/div>\n<\/div>\n<\/div>\n<div id=\"pg-4026-3\" class=\"panel-grid panel-has-style\" data-style=\"{\"background_image_attachment\":false,\"background_display\":\"tile\",\"bottom_margin\":\"0px\",\"gutter\":\"80px\",\"row_stretch\":\"full\",\"cell_alignment\":\"flex-start\"}\">\n<div class=\"siteorigin-panels-stretch panel-row-style-full-width panel-row-style panel-row-style-for-4026-3\" data-stretch-type=\"full\">\n<div id=\"pgc-4026-3-0\" class=\"panel-grid-cell\" data-weight=\"0.5\">\n<div id=\"panel-4026-3-0-0\" class=\"so-panel widget widget_black-studio-tinymce widget_black_studio_tinymce panel-first-child panel-last-child\" data-index=\"3\" data-style=\"{\"background_image_attachment\":false,\"background_display\":\"tile\"}\">\n<div class=\"textwidget\">\n<h4>DEMANDER MAKERBOT IN THE CLASSROOM EN FRAN\u00c7AIS<\/h4>\n<p>Remplissez les champs pour recevoir le manuel \u00ab\u00a0MakerBot in the Classroom\u00a0\u00bb en fran\u00e7ais ou en allemand au format PDF.<\/p>\n<p>Si vous le souhaitez, nous pouvons \u00e9galement vous faire parvenir le nouveau<a href=\"https:\/\/dedune53.myhostpoint.ch\/education\/makerbot-educators-guidebook\/\">\u00ab\u00a0MakerBot Educators Guidebook<\/a>\u00a0\u00bb en fran\u00e7ais.<\/p>\n<p>Ces outils p\u00e9dagogiques se <a href=\"https:\/\/dedune53.myhostpoint.ch\/education\/3d-drucker-schulpakete\/\">combinentparfaitement avec nos packs scolaires<\/a>. Le pack <a href=\"https:\/\/dedune53.myhostpoint.ch\/education\/digitalgenial3d-schulpaket\/\">DigitalGenial3D<\/a> contient \u00e9galement les deux outils p\u00e9dagogiques sous forme reli\u00e9e. <\/p>\n<p><small>*En cliquant sur le bouton \u00ab\u00a0S&rsquo;abonner \u00e0 la newsletter\u00a0\u00bb, j&rsquo;accepte que 3D-MODEL AG m&rsquo;envoie r\u00e9guli\u00e8rement (environ une fois par mois) des informations par e-mail sur la gamme de produits suivante : Imprimantes 3D\/Scanners &amp; Accessoires. Je peux r\u00e9voquer mon consentement \u00e0 tout moment. <\/small><\/div>\n<\/div>\n<\/div>\n<div id=\"pgc-4026-3-1\" class=\"panel-grid-cell\" data-weight=\"0.5\">\n<div id=\"panel-4026-3-1-0\" class=\"so-panel widget widget_text panel-first-child panel-last-child\" data-index=\"4\" data-style=\"{\"background_display\":\"tile\"}\">\n<div class=\"textwidget\">\n<div role=\"form\" class=\"wpcf7\" id=\"wpcf7-f4042-o2\" lang=\"de-DE\" dir=\"ltr\">\n<div class=\"screen-reader-response\"><\/div>\n<form action=\"\/wp-admin\/post.php#wpcf7-f4042-o2\" method=\"post\" class=\"wpcf7-form\" novalidate=\"novalidate\">\n<div style=\"display: none;\">\n<input type=\"hidden\" name=\"_wpcf7\" value=\"4042\"\/><br \/>\n<input type=\"hidden\" name=\"_wpcf7_version\" value=\"5.1.1\"\/><br \/>\n<input type=\"hidden\" name=\"_wpcf7_locale\" value=\"de_DE\"\/><br \/>\n<input type=\"hidden\" name=\"_wpcf7_unit_tag\" value=\"wpcf7-f4042-o2\"\/><br \/>\n<input type=\"hidden\" name=\"_wpcf7_container_post\" value=\"0\"\/><br \/>\n<input type=\"hidden\" name=\"g-recaptcha-response\" value=\"\"\/>\n<\/div>\n<p><span class=\"wpcf7-form-control-wrap text-753\"><input type=\"text\" name=\"text-753\" value=\"\" size=\"40\" class=\"wpcf7-form-control wpcf7-text wpcf7-validates-as-required\" aria-required=\"true\" aria-invalid=\"false\" placeholder=\"Pr\u00e9nom*\"\/><\/span> <\/p>\n<p><span class=\"wpcf7-form-control-wrap text-931\"><input type=\"text\" name=\"text-931\" value=\"\" size=\"40\" class=\"wpcf7-form-control wpcf7-text wpcf7-validates-as-required\" aria-required=\"true\" aria-invalid=\"false\" placeholder=\"Nom de famille*\"\/><\/span> <\/p>\n<p><span class=\"wpcf7-form-control-wrap text-575\"><input type=\"text\" name=\"text-575\" value=\"\" size=\"40\" class=\"wpcf7-form-control wpcf7-text\" aria-invalid=\"false\" placeholder=\"Soci\u00e9t\u00e9\"\/><\/span> <\/p>\n<p><span class=\"wpcf7-form-control-wrap text-581\"><input type=\"text\" name=\"text-581\" value=\"\" size=\"40\" class=\"wpcf7-form-control wpcf7-text wpcf7-validates-as-required\" aria-required=\"true\" aria-invalid=\"false\" placeholder=\"Rue, n\u00b0*\"\/><\/span> <\/p>\n<p><span class=\"wpcf7-form-control-wrap text-274\"><input type=\"text\" name=\"text-274\" value=\"\" size=\"40\" class=\"wpcf7-form-control wpcf7-text wpcf7-validates-as-required\" aria-required=\"true\" aria-invalid=\"false\" placeholder=\"Code postal, ville\"\/><\/span> <\/p>\n<p><span class=\"wpcf7-form-control-wrap email-663\"><input type=\"email\" name=\"email-663\" value=\"\" size=\"40\" class=\"wpcf7-form-control wpcf7-text wpcf7-email wpcf7-validates-as-required wpcf7-validates-as-email\" aria-required=\"true\" aria-invalid=\"false\" placeholder=\"Adresse \u00e9lectronique*\"\/><\/span> <\/p>\n<p><span class=\"wpcf7-form-control-wrap text-856\"><input type=\"text\" name=\"text-856\" value=\"\" size=\"40\" class=\"wpcf7-form-control wpcf7-text\" aria-invalid=\"false\" placeholder=\"Num\u00e9ro de t\u00e9l\u00e9phone*\"\/><\/span> <\/p>\n<p><span class=\"wpcf7-form-control-wrap checkbox-284\"><span class=\"wpcf7-form-control wpcf7-checkbox wpcf7-validates-as-required\"><span class=\"wpcf7-list-item first\"><label><input type=\"checkbox\" name=\"checkbox-284[]\" value=\"MB Educators Guidebook DE\"\/><span class=\"wpcf7-list-item-label\">MB Educators Guidebook FR<\/span><\/label><\/span><span class=\"wpcf7-list-item\"><label><input type=\"checkbox\" name=\"checkbox-284[]\" value=\"MB in the Classroom DE\"\/><span class=\"wpcf7-list-item-label\">MB in the Classroom FR<\/span><\/label><\/span><span class=\"wpcf7-list-item last\"><label><input type=\"checkbox\" name=\"checkbox-284[]\" value=\"MB in the Classroom FR\"\/><span class=\"wpcf7-list-item-label\">MB in the Classroom FR<\/span><\/label><\/span><\/span><\/span><\/p>\n<p><span class=\"wpcf7-form-control-wrap acceptance-664\"><span class=\"wpcf7-form-control wpcf7-acceptance optional\"><span class=\"wpcf7-list-item\"><label><input type=\"checkbox\" name=\"acceptance-664\" value=\"1\" aria-invalid=\"false\"\/><span class=\"wpcf7-list-item-label\">S&rsquo;abonner \u00e0 la newsletter**<\/span><\/label><\/span><\/span><\/span><\/p>\n<p><input type=\"submit\" value=\"Envoyer\" class=\"wpcf7-form-control wpcf7-submit\"\/><\/p>\n<div class=\"wpcf7-response-output wpcf7-display-none\"><\/div>\n<\/form>\n<\/div>\n<p>* Ces informations sont obligatoires.<\/p>\n<\/div><\/div>\n<\/div>\n<\/div>\n<\/div>\n<\/div>\n","protected":false},"excerpt":{"rendered":"<p>MAKERBOT EDUCATORS GUIDE \/ GUIDE DE L&rsquo;ENSEIGNANT MAKERBOT Le guide MakerBot Educators Guidebook est une introduction \u00e0 la mise en \u0153uvre de l&rsquo;impression et de la conception 3D dans les \u00e9coles et les classes. Il propose une compilation de projets, d&rsquo;id\u00e9es et d&rsquo;activit\u00e9s qui vous permettront d&rsquo;int\u00e9grer au mieux l&rsquo;impression 3D dans votre programme scolaire [&#8230;]\n","protected":false},"author":1,"featured_media":0,"parent":73127,"menu_order":0,"comment_status":"closed","ping_status":"closed","template":"","meta":{"footnotes":""},"class_list":["post-73121","page","type-page","status-publish","hentry"],"yoast_head":"<!-- This site is optimized with the Yoast SEO Premium plugin v27.4 (Yoast SEO v27.4) - https:\/\/yoast.com\/product\/yoast-seo-premium-wordpress\/ -->\n<title>MakerBot dans la salle de classe - 3D-EDU GmbH<\/title>\n<meta name=\"robots\" content=\"index, follow, max-snippet:-1, max-image-preview:large, max-video-preview:-1\" \/>\n<link rel=\"canonical\" href=\"https:\/\/3d-edu.ch\/fr\/education\/makerbot-dans-la-salle-de-classe\/\" \/>\n<meta property=\"og:locale\" content=\"fr_FR\" \/>\n<meta property=\"og:type\" content=\"article\" \/>\n<meta property=\"og:title\" content=\"MakerBot dans la salle de classe\" \/>\n<meta property=\"og:description\" content=\"MAKERBOT EDUCATORS GUIDE \/ GUIDE DE L&rsquo;ENSEIGNANT MAKERBOT Le guide MakerBot Educators Guidebook est une introduction \u00e0 la mise en \u0153uvre de l&rsquo;impression et de la conception 3D dans les \u00e9coles et les classes. Il propose une compilation de projets, d&rsquo;id\u00e9es et d&rsquo;activit\u00e9s qui vous permettront d&rsquo;int\u00e9grer au mieux l&rsquo;impression 3D dans votre programme scolaire [...]\" \/>\n<meta property=\"og:url\" content=\"https:\/\/3d-edu.ch\/fr\/education\/makerbot-dans-la-salle-de-classe\/\" \/>\n<meta property=\"og:site_name\" content=\"3D-EDU GmbH\" \/>\n<meta property=\"article:publisher\" content=\"https:\/\/www.facebook.com\/3d-educh-210277586064960\/\" \/>\n<meta property=\"article:modified_time\" content=\"2025-07-01T15:19:33+00:00\" \/>\n<meta name=\"twitter:card\" content=\"summary_large_image\" \/>\n<meta name=\"twitter:site\" content=\"@3d_edu_ch\" \/>\n<meta name=\"twitter:label1\" content=\"Dur\u00e9e de lecture estim\u00e9e\" \/>\n\t<meta name=\"twitter:data1\" content=\"1 minute\" \/>\n<script type=\"application\/ld+json\" class=\"yoast-schema-graph\">{\"@context\":\"https:\\\/\\\/schema.org\",\"@graph\":[{\"@type\":\"WebPage\",\"@id\":\"https:\\\/\\\/3d-edu.ch\\\/fr\\\/education\\\/makerbot-dans-la-salle-de-classe\\\/\",\"url\":\"https:\\\/\\\/3d-edu.ch\\\/fr\\\/education\\\/makerbot-dans-la-salle-de-classe\\\/\",\"name\":\"MakerBot dans la salle de classe - 3D-EDU GmbH\",\"isPartOf\":{\"@id\":\"https:\\\/\\\/3d-edu.ch\\\/fr\\\/#website\"},\"datePublished\":\"2015-06-30T10:00:00+00:00\",\"dateModified\":\"2025-07-01T15:19:33+00:00\",\"breadcrumb\":{\"@id\":\"https:\\\/\\\/3d-edu.ch\\\/fr\\\/education\\\/makerbot-dans-la-salle-de-classe\\\/#breadcrumb\"},\"inLanguage\":\"fr-FR\",\"potentialAction\":[{\"@type\":\"ReadAction\",\"target\":[\"https:\\\/\\\/3d-edu.ch\\\/fr\\\/education\\\/makerbot-dans-la-salle-de-classe\\\/\"]}]},{\"@type\":\"BreadcrumbList\",\"@id\":\"https:\\\/\\\/3d-edu.ch\\\/fr\\\/education\\\/makerbot-dans-la-salle-de-classe\\\/#breadcrumb\",\"itemListElement\":[{\"@type\":\"ListItem\",\"position\":1,\"name\":\"Accueil\",\"item\":\"https:\\\/\\\/3d-edu.ch\\\/fr\\\/\"},{\"@type\":\"ListItem\",\"position\":2,\"name\":\"\u00c9ducation\",\"item\":\"https:\\\/\\\/3d-edu.ch\\\/fr\\\/education\\\/\"},{\"@type\":\"ListItem\",\"position\":3,\"name\":\"MakerBot dans la salle de classe\"}]},{\"@type\":\"WebSite\",\"@id\":\"https:\\\/\\\/3d-edu.ch\\\/fr\\\/#website\",\"url\":\"https:\\\/\\\/3d-edu.ch\\\/fr\\\/\",\"name\":\"3D-EDU GmbH\",\"description\":\"Your Formlabs, UltiMaker and Raise3D Printer Support and Education Site in Switzerland. \\\/\\\/ Ihre Formlabs, UltiMaker and Raise3D Drucker Support und Bildungs Webseite der Schweiz.\",\"publisher\":{\"@id\":\"https:\\\/\\\/3d-edu.ch\\\/fr\\\/#organization\"},\"potentialAction\":[{\"@type\":\"SearchAction\",\"target\":{\"@type\":\"EntryPoint\",\"urlTemplate\":\"https:\\\/\\\/3d-edu.ch\\\/fr\\\/?s={search_term_string}\"},\"query-input\":{\"@type\":\"PropertyValueSpecification\",\"valueRequired\":true,\"valueName\":\"search_term_string\"}}],\"inLanguage\":\"fr-FR\"},{\"@type\":[\"Organization\",\"Place\",\"ElectronicsStore\"],\"@id\":\"https:\\\/\\\/3d-edu.ch\\\/fr\\\/#organization\",\"name\":\"3D-EDU GmbH\",\"url\":\"https:\\\/\\\/3d-edu.ch\\\/fr\\\/\",\"logo\":{\"@id\":\"https:\\\/\\\/3d-edu.ch\\\/fr\\\/education\\\/makerbot-dans-la-salle-de-classe\\\/#local-main-organization-logo\"},\"image\":{\"@id\":\"https:\\\/\\\/3d-edu.ch\\\/fr\\\/education\\\/makerbot-dans-la-salle-de-classe\\\/#local-main-organization-logo\"},\"sameAs\":[\"https:\\\/\\\/www.facebook.com\\\/3d-educh-210277586064960\\\/\",\"https:\\\/\\\/x.com\\\/3d_edu_ch\"],\"address\":{\"@id\":\"https:\\\/\\\/3d-edu.ch\\\/fr\\\/education\\\/makerbot-dans-la-salle-de-classe\\\/#local-main-place-address\"},\"geo\":{\"@type\":\"GeoCoordinates\",\"latitude\":\"47.38413\",\"longitude\":\"8.49812\"},\"telephone\":[\"+41 44 492 11 22\"],\"openingHoursSpecification\":[{\"@type\":\"OpeningHoursSpecification\",\"dayOfWeek\":[\"Monday\",\"Tuesday\",\"Wednesday\",\"Thursday\",\"Friday\"],\"opens\":\"08:30\",\"closes\":\"18:00\"},{\"@type\":\"OpeningHoursSpecification\",\"dayOfWeek\":[\"Saturday\",\"Sunday\"],\"opens\":\"00:00\",\"closes\":\"00:00\"}],\"email\":\"info@3d-edu.ch\",\"faxNumber\":\"+41 44 492 11 23\",\"vatID\":\"CHE-184.499.491 MWST\",\"priceRange\":\"$$$\",\"currenciesAccepted\":\"CHF\"},{\"@type\":\"PostalAddress\",\"@id\":\"https:\\\/\\\/3d-edu.ch\\\/fr\\\/education\\\/makerbot-dans-la-salle-de-classe\\\/#local-main-place-address\",\"streetAddress\":\"3D-EDU GmbH, Badenerstrasse 556\",\"addressLocality\":\"Z\u00fcrich\",\"postalCode\":\"8048\",\"addressRegion\":\"Z\u00fcrich\",\"addressCountry\":\"CH\"},{\"@type\":\"ImageObject\",\"inLanguage\":\"fr-FR\",\"@id\":\"https:\\\/\\\/3d-edu.ch\\\/fr\\\/education\\\/makerbot-dans-la-salle-de-classe\\\/#local-main-organization-logo\",\"url\":\"https:\\\/\\\/3d-edu.ch\\\/wp-content\\\/uploads\\\/2018\\\/10\\\/3d-drucker-makerbot-formlabs-professionelle-3d-drucker-e1546527990490.png\",\"contentUrl\":\"https:\\\/\\\/3d-edu.ch\\\/wp-content\\\/uploads\\\/2018\\\/10\\\/3d-drucker-makerbot-formlabs-professionelle-3d-drucker-e1546527990490.png\",\"width\":275,\"height\":80,\"caption\":\"3D-EDU GmbH\"}]}<\/script>\n<meta name=\"geo.placename\" content=\"Z\u00fcrich\" \/>\n<meta name=\"geo.position\" content=\"47.38413;8.49812\" \/>\n<meta name=\"geo.region\" content=\"Suisse\" \/>\n<!-- \/ Yoast SEO Premium plugin. -->","yoast_head_json":{"title":"MakerBot dans la salle de classe - 3D-EDU GmbH","robots":{"index":"index","follow":"follow","max-snippet":"max-snippet:-1","max-image-preview":"max-image-preview:large","max-video-preview":"max-video-preview:-1"},"canonical":"https:\/\/3d-edu.ch\/fr\/education\/makerbot-dans-la-salle-de-classe\/","og_locale":"fr_FR","og_type":"article","og_title":"MakerBot dans la salle de classe","og_description":"MAKERBOT EDUCATORS GUIDE \/ GUIDE DE L&rsquo;ENSEIGNANT MAKERBOT Le guide MakerBot Educators Guidebook est une introduction \u00e0 la mise en \u0153uvre de l&rsquo;impression et de la conception 3D dans les \u00e9coles et les classes. Il propose une compilation de projets, d&rsquo;id\u00e9es et d&rsquo;activit\u00e9s qui vous permettront d&rsquo;int\u00e9grer au mieux l&rsquo;impression 3D dans votre programme scolaire [...]","og_url":"https:\/\/3d-edu.ch\/fr\/education\/makerbot-dans-la-salle-de-classe\/","og_site_name":"3D-EDU GmbH","article_publisher":"https:\/\/www.facebook.com\/3d-educh-210277586064960\/","article_modified_time":"2025-07-01T15:19:33+00:00","twitter_card":"summary_large_image","twitter_site":"@3d_edu_ch","twitter_misc":{"Dur\u00e9e de lecture estim\u00e9e":"1 minute"},"schema":{"@context":"https:\/\/schema.org","@graph":[{"@type":"WebPage","@id":"https:\/\/3d-edu.ch\/fr\/education\/makerbot-dans-la-salle-de-classe\/","url":"https:\/\/3d-edu.ch\/fr\/education\/makerbot-dans-la-salle-de-classe\/","name":"MakerBot dans la salle de classe - 3D-EDU GmbH","isPartOf":{"@id":"https:\/\/3d-edu.ch\/fr\/#website"},"datePublished":"2015-06-30T10:00:00+00:00","dateModified":"2025-07-01T15:19:33+00:00","breadcrumb":{"@id":"https:\/\/3d-edu.ch\/fr\/education\/makerbot-dans-la-salle-de-classe\/#breadcrumb"},"inLanguage":"fr-FR","potentialAction":[{"@type":"ReadAction","target":["https:\/\/3d-edu.ch\/fr\/education\/makerbot-dans-la-salle-de-classe\/"]}]},{"@type":"BreadcrumbList","@id":"https:\/\/3d-edu.ch\/fr\/education\/makerbot-dans-la-salle-de-classe\/#breadcrumb","itemListElement":[{"@type":"ListItem","position":1,"name":"Accueil","item":"https:\/\/3d-edu.ch\/fr\/"},{"@type":"ListItem","position":2,"name":"\u00c9ducation","item":"https:\/\/3d-edu.ch\/fr\/education\/"},{"@type":"ListItem","position":3,"name":"MakerBot dans la salle de classe"}]},{"@type":"WebSite","@id":"https:\/\/3d-edu.ch\/fr\/#website","url":"https:\/\/3d-edu.ch\/fr\/","name":"3D-EDU GmbH","description":"Your Formlabs, UltiMaker and Raise3D Printer Support and Education Site in Switzerland. \/\/ Ihre Formlabs, UltiMaker and Raise3D Drucker Support und Bildungs Webseite der Schweiz.","publisher":{"@id":"https:\/\/3d-edu.ch\/fr\/#organization"},"potentialAction":[{"@type":"SearchAction","target":{"@type":"EntryPoint","urlTemplate":"https:\/\/3d-edu.ch\/fr\/?s={search_term_string}"},"query-input":{"@type":"PropertyValueSpecification","valueRequired":true,"valueName":"search_term_string"}}],"inLanguage":"fr-FR"},{"@type":["Organization","Place","ElectronicsStore"],"@id":"https:\/\/3d-edu.ch\/fr\/#organization","name":"3D-EDU GmbH","url":"https:\/\/3d-edu.ch\/fr\/","logo":{"@id":"https:\/\/3d-edu.ch\/fr\/education\/makerbot-dans-la-salle-de-classe\/#local-main-organization-logo"},"image":{"@id":"https:\/\/3d-edu.ch\/fr\/education\/makerbot-dans-la-salle-de-classe\/#local-main-organization-logo"},"sameAs":["https:\/\/www.facebook.com\/3d-educh-210277586064960\/","https:\/\/x.com\/3d_edu_ch"],"address":{"@id":"https:\/\/3d-edu.ch\/fr\/education\/makerbot-dans-la-salle-de-classe\/#local-main-place-address"},"geo":{"@type":"GeoCoordinates","latitude":"47.38413","longitude":"8.49812"},"telephone":["+41 44 492 11 22"],"openingHoursSpecification":[{"@type":"OpeningHoursSpecification","dayOfWeek":["Monday","Tuesday","Wednesday","Thursday","Friday"],"opens":"08:30","closes":"18:00"},{"@type":"OpeningHoursSpecification","dayOfWeek":["Saturday","Sunday"],"opens":"00:00","closes":"00:00"}],"email":"info@3d-edu.ch","faxNumber":"+41 44 492 11 23","vatID":"CHE-184.499.491 MWST","priceRange":"$$$","currenciesAccepted":"CHF"},{"@type":"PostalAddress","@id":"https:\/\/3d-edu.ch\/fr\/education\/makerbot-dans-la-salle-de-classe\/#local-main-place-address","streetAddress":"3D-EDU GmbH, Badenerstrasse 556","addressLocality":"Z\u00fcrich","postalCode":"8048","addressRegion":"Z\u00fcrich","addressCountry":"CH"},{"@type":"ImageObject","inLanguage":"fr-FR","@id":"https:\/\/3d-edu.ch\/fr\/education\/makerbot-dans-la-salle-de-classe\/#local-main-organization-logo","url":"https:\/\/3d-edu.ch\/wp-content\/uploads\/2018\/10\/3d-drucker-makerbot-formlabs-professionelle-3d-drucker-e1546527990490.png","contentUrl":"https:\/\/3d-edu.ch\/wp-content\/uploads\/2018\/10\/3d-drucker-makerbot-formlabs-professionelle-3d-drucker-e1546527990490.png","width":275,"height":80,"caption":"3D-EDU GmbH"}]},"geo.placename":"Z\u00fcrich","geo.position":{"lat":"47.38413","long":"8.49812"},"geo.region":"Suisse"},"_links":{"self":[{"href":"https:\/\/3d-edu.ch\/fr\/wp-json\/wp\/v2\/pages\/73121","targetHints":{"allow":["GET"]}}],"collection":[{"href":"https:\/\/3d-edu.ch\/fr\/wp-json\/wp\/v2\/pages"}],"about":[{"href":"https:\/\/3d-edu.ch\/fr\/wp-json\/wp\/v2\/types\/page"}],"author":[{"embeddable":true,"href":"https:\/\/3d-edu.ch\/fr\/wp-json\/wp\/v2\/users\/1"}],"replies":[{"embeddable":true,"href":"https:\/\/3d-edu.ch\/fr\/wp-json\/wp\/v2\/comments?post=73121"}],"version-history":[{"count":1,"href":"https:\/\/3d-edu.ch\/fr\/wp-json\/wp\/v2\/pages\/73121\/revisions"}],"predecessor-version":[{"id":73129,"href":"https:\/\/3d-edu.ch\/fr\/wp-json\/wp\/v2\/pages\/73121\/revisions\/73129"}],"up":[{"embeddable":true,"href":"https:\/\/3d-edu.ch\/fr\/wp-json\/wp\/v2\/pages\/73127"}],"wp:attachment":[{"href":"https:\/\/3d-edu.ch\/fr\/wp-json\/wp\/v2\/media?parent=73121"}],"curies":[{"name":"wp","href":"https:\/\/api.w.org\/{rel}","templated":true}]}}