{"id":73089,"date":"2016-09-21T09:44:37","date_gmt":"2016-09-21T07:44:37","guid":{"rendered":"https:\/\/3d-edu.ch\/makerbot-print\/"},"modified":"2026-02-19T10:37:00","modified_gmt":"2026-02-19T09:37:00","slug":"makerbot-print","status":"publish","type":"page","link":"https:\/\/3d-edu.ch\/fr\/makerbot\/makerbot-print\/","title":{"rendered":"MakerBot Print"},"content":{"rendered":"\n<div class=\"row\"  id=\"row-2071538813\">\n\n\n\t<div id=\"col-1535744528\" class=\"col small-12 large-12\"  >\n\t\t\t\t<div class=\"col-inner\"  >\n\t\t\t\n\t\t\t\n\n<h1>MakerBot Print<\/h1>\n<p>MakerBot Print est le logiciel MakerBot pour toutes les <a href=\"https:\/\/3d-edu.ch\/makerbot\/makerbot-3d-drucker\/\">imprimantes 3D MakerBot<\/a>. C&rsquo;est un logiciel gratuit qui optimise le flux de travail de l&rsquo;impression 3D. Il permet de pr\u00e9parer, de g\u00e9rer et de partager de mani\u00e8re transparente les impressions 3D \u00e0 partir de la CAO.  <\/p>\n<a href=\"https:\/\/www.makerbot.com\/makerbot-print\/\" target=\"_blank\" class=\"button white is-outline\" rel=\"noopener\" >\n\t\t<span>T\u00e9l\u00e9charger<\/span>\n\t<\/a>\n\n\n\t<div class=\"img has-hover x md-x lg-x y md-y lg-y\" id=\"image_300043321\">\n\t\t\t\t\t\t\t\t<div class=\"img-inner dark\" >\n\t\t\t<img loading=\"lazy\" decoding=\"async\" width=\"1020\" height=\"287\" src=\"https:\/\/3d-edu.ch\/wp-content\/smush-avif\/2019\/01\/makerbot-print-1024x288.jpg.avif\" class=\"attachment-large size-large\" alt=\"Logiciel MakerBot Print\" srcset=\"https:\/\/3d-edu.ch\/wp-content\/smush-avif\/2019\/01\/makerbot-print-1024x288.jpg.avif 1024w, https:\/\/3d-edu.ch\/wp-content\/smush-avif\/2019\/01\/makerbot-print-380x107.jpg.avif 380w, https:\/\/3d-edu.ch\/wp-content\/smush-avif\/2019\/01\/makerbot-print-240x67.jpg.avif 240w, https:\/\/3d-edu.ch\/wp-content\/smush-avif\/2019\/01\/makerbot-print-768x216.jpg.avif 768w, https:\/\/3d-edu.ch\/wp-content\/smush-avif\/2019\/01\/makerbot-print.jpg.avif 1060w\" sizes=\"auto, (max-width: 1020px) 100vw, 1020px\" \/>\t\t\t\t\t\t\n\t\t\t\t\t<\/div>\n\t\t\t\t\t\t\t\t\n<style>\n#image_300043321 {\n  width: 100%;\n}\n<\/style>\n\t<\/div>\n\t\n\n<h2>MakerBot Print au c\u0153ur<\/h2>\n<div class=\"row\"  id=\"row-857707289\">\n\n\n\t<div id=\"col-900522967\" class=\"col medium-6 small-12 large-6\"  >\n\t\t\t\t<div class=\"col-inner\"  >\n\t\t\t\n\t\t\t\n\n\t<div class=\"img has-hover x md-x lg-x y md-y lg-y\" id=\"image_1259125972\">\n\t\t\t\t\t\t\t\t<div class=\"img-inner dark\" >\n\t\t\t<img loading=\"lazy\" decoding=\"async\" width=\"520\" height=\"293\" src=\"https:\/\/3d-edu.ch\/wp-content\/smush-avif\/2019\/01\/makerbot-print-app.jpg.avif\" class=\"attachment-large size-large\" alt=\"Application MakerBot Print\" srcset=\"https:\/\/3d-edu.ch\/wp-content\/smush-avif\/2019\/01\/makerbot-print-app.jpg.avif 520w, https:\/\/3d-edu.ch\/wp-content\/smush-avif\/2019\/01\/makerbot-print-app-380x214.jpg.avif 380w, https:\/\/3d-edu.ch\/wp-content\/smush-avif\/2019\/01\/makerbot-print-app-240x135.jpg.avif 240w\" sizes=\"auto, (max-width: 520px) 100vw, 520px\" \/>\t\t\t\t\t\t\n\t\t\t\t\t<\/div>\n\t\t\t\t\t\t\t\t\n<style>\n#image_1259125972 {\n  width: 100%;\n}\n<\/style>\n\t<\/div>\n\t\n\n<h4>Pr\u00e9paration<\/h4>\n<p>Importez des fichiers dans MakerBot Print et r\u00e9glez leurs param\u00e8tres - pour des r\u00e9sultats d&rsquo;impression 3D optimaux.<\/p>\n\n\t\t<\/div>\n\t\t\t\t\t<\/div>\n\n\t\n\n\t<div id=\"col-1827402730\" class=\"col medium-6 small-12 large-6\"  >\n\t\t\t\t<div class=\"col-inner\"  >\n\t\t\t\n\t\t\t\n\n\t<div class=\"img has-hover x md-x lg-x y md-y lg-y\" id=\"image_1109445336\">\n\t\t\t\t\t\t\t\t<div class=\"img-inner dark\" >\n\t\t\t<img loading=\"lazy\" decoding=\"async\" width=\"520\" height=\"293\" src=\"https:\/\/3d-edu.ch\/wp-content\/smush-avif\/2019\/01\/makerbot-software.jpg.avif\" class=\"attachment-large size-large\" alt=\"Logiciel MakerBot\" srcset=\"https:\/\/3d-edu.ch\/wp-content\/smush-avif\/2019\/01\/makerbot-software.jpg.avif 520w, https:\/\/3d-edu.ch\/wp-content\/smush-avif\/2019\/01\/makerbot-software-380x214.jpg.avif 380w, https:\/\/3d-edu.ch\/wp-content\/smush-avif\/2019\/01\/makerbot-software-240x135.jpg.avif 240w\" sizes=\"auto, (max-width: 520px) 100vw, 520px\" \/>\t\t\t\t\t\t\n\t\t\t\t\t<\/div>\n\t\t\t\t\t\t\t\t\n<style>\n#image_1109445336 {\n  width: 100%;\n}\n<\/style>\n\t<\/div>\n\t\n\n<h4>Partager<\/h4>\n<p>Partagez vos projets dans MakerBot Print, t\u00e9l\u00e9chargez-les et partagez-les pour une collaboration simplifi\u00e9e.<\/p>\n\n\t\t<\/div>\n\t\t\t\t\t<\/div>\n\n\t\n\n<\/div>\n<div class=\"row align-middle\"  id=\"row-369078863\">\n\n\n\t<div id=\"col-73953401\" class=\"col medium-6 small-12 large-6\"  >\n\t\t\t\t<div class=\"col-inner\"  >\n\t\t\t\n\t\t\t\n\n\t<div class=\"img has-hover x md-x lg-x y md-y lg-y\" id=\"image_1994899199\">\n\t\t\t\t\t\t\t\t<div class=\"img-inner dark\" >\n\t\t\t<img loading=\"lazy\" decoding=\"async\" width=\"520\" height=\"520\" src=\"https:\/\/3d-edu.ch\/wp-content\/smush-avif\/2019\/01\/software-makerbot-print.jpg.avif\" class=\"attachment-large size-large\" alt=\"Logiciel MakerBot Print\" srcset=\"https:\/\/3d-edu.ch\/wp-content\/smush-avif\/2019\/01\/software-makerbot-print.jpg.avif 520w, https:\/\/3d-edu.ch\/wp-content\/smush-avif\/2019\/01\/software-makerbot-print-380x380.jpg.avif 380w, https:\/\/3d-edu.ch\/wp-content\/smush-avif\/2019\/01\/software-makerbot-print-100x100.jpg.avif 100w, https:\/\/3d-edu.ch\/wp-content\/smush-avif\/2019\/01\/software-makerbot-print-150x150.jpg.avif 150w, https:\/\/3d-edu.ch\/wp-content\/smush-avif\/2019\/01\/software-makerbot-print-240x240.jpg.avif 240w\" sizes=\"auto, (max-width: 520px) 100vw, 520px\" \/>\t\t\t\t\t\t\n\t\t\t\t\t<\/div>\n\t\t\t\t\t\t\t\t\n<style>\n#image_1994899199 {\n  width: 100%;\n}\n<\/style>\n\t<\/div>\n\t\n\n\n\t\t<\/div>\n\t\t\t\t\t<\/div>\n\n\t\n\n\t<div id=\"col-5053489\" class=\"col medium-6 small-12 large-6\"  >\n\t\t\t\t<div class=\"col-inner\"  >\n\t\t\t\n\t\t\t\n\n<h4>Importez directement des fichiers CAO et des assemblages courants<\/h4>\n<p>Rationalisez la pr\u00e9paration de l&rsquo;impression et la gestion des fichiers gr\u00e2ce \u00e0 l&rsquo;importation directe de fichiers et d&rsquo;assemblages CAO courants. Les utilisateurs Windows peuvent importer directement des fichiers CAO, tandis que les utilisateurs Mac peuvent importer des assemblages STL. <\/p>\n\n\t\t<\/div>\n\t\t\t\t\t<\/div>\n\n\t\n\n<\/div>\n<div class=\"row align-middle\"  id=\"row-1835486013\">\n\n\n\t<div id=\"col-1090532546\" class=\"col medium-6 small-12 large-6\"  >\n\t\t\t\t<div class=\"col-inner\"  >\n\t\t\t\n\t\t\t\n\n<h4>Placement automatique<\/h4>\n<p>MakerBot Print place des objets directement sur un ou plusieurs panneaux de construction. Vous pouvez ainsi les imprimer simultan\u00e9ment ou successivement sur une ou plusieurs imprimantes 3D. <\/p>\n\n\t\t<\/div>\n\t\t\t\t\t<\/div>\n\n\t\n\n\t<div id=\"col-106260227\" class=\"col medium-6 small-12 large-6\"  >\n\t\t\t\t<div class=\"col-inner\"  >\n\t\t\t\n\t\t\t\n\n\t<div class=\"img has-hover x md-x lg-x y md-y lg-y\" id=\"image_577736125\">\n\t\t\t\t\t\t\t\t<div class=\"img-inner dark\" >\n\t\t\t<img loading=\"lazy\" decoding=\"async\" width=\"520\" height=\"471\" src=\"https:\/\/3d-edu.ch\/wp-content\/smush-avif\/2019\/01\/makerbot-print-software.jpg.avif\" class=\"attachment-large size-large\" alt=\"Logiciel MakerBot Print\" srcset=\"https:\/\/3d-edu.ch\/wp-content\/smush-avif\/2019\/01\/makerbot-print-software.jpg.avif 520w, https:\/\/3d-edu.ch\/wp-content\/smush-avif\/2019\/01\/makerbot-print-software-380x344.jpg.avif 380w, https:\/\/3d-edu.ch\/wp-content\/smush-avif\/2019\/01\/makerbot-print-software-240x217.jpg.avif 240w\" sizes=\"auto, (max-width: 520px) 100vw, 520px\" \/>\t\t\t\t\t\t\n\t\t\t\t\t<\/div>\n\t\t\t\t\t\t\t\t\n<style>\n#image_577736125 {\n  width: 100%;\n}\n<\/style>\n\t<\/div>\n\t\n\n\n\t\t<\/div>\n\t\t\t\t\t<\/div>\n\n\t\n\n<\/div>\n<div class=\"row\"  id=\"row-182724801\">\n\n\n\t<div id=\"col-1683963155\" class=\"col small-12 large-12\"  >\n\t\t\t\t<div class=\"col-inner\"  >\n\t\t\t\n\t\t\t\n\n<h4>Gestion bas\u00e9e sur le cloud<\/h4>\n<p>Contr\u00f4lez et surveillez plusieurs imprimantes 3D simultan\u00e9ment via des images de cam\u00e9ra en direct et des notifications d&rsquo;\u00e9tat d&rsquo;impression. Vous restez connect\u00e9 \u00e0 vos imprimantes 3D, o\u00f9 que vous soyez. Pour faciliter la collaboration, vous pouvez \u00e9galement enregistrer vos fichiers 3D en tant que projets et les partager avec vos coll\u00e8gues.  <\/p>\n\t<div class=\"img has-hover x md-x lg-x y md-y lg-y\" id=\"image_482178142\">\n\t\t\t\t\t\t\t\t<div class=\"img-inner dark\" >\n\t\t\t<img loading=\"lazy\" decoding=\"async\" width=\"1020\" height=\"383\" src=\"https:\/\/3d-edu.ch\/wp-content\/smush-avif\/2019\/01\/software-for-makerbot-1024x384.jpg.avif\" class=\"attachment-large size-large\" alt=\"Logiciel pour MakerBot\" srcset=\"https:\/\/3d-edu.ch\/wp-content\/smush-avif\/2019\/01\/software-for-makerbot-1024x384.jpg.avif 1024w, https:\/\/3d-edu.ch\/wp-content\/smush-avif\/2019\/01\/software-for-makerbot-380x142.jpg.avif 380w, https:\/\/3d-edu.ch\/wp-content\/smush-avif\/2019\/01\/software-for-makerbot-240x90.jpg.avif 240w, https:\/\/3d-edu.ch\/wp-content\/smush-avif\/2019\/01\/software-for-makerbot-768x288.jpg.avif 768w, https:\/\/3d-edu.ch\/wp-content\/smush-avif\/2019\/01\/software-for-makerbot.jpg.avif 1060w\" sizes=\"auto, (max-width: 1020px) 100vw, 1020px\" \/>\t\t\t\t\t\t\n\t\t\t\t\t<\/div>\n\t\t\t\t\t\t\t\t\n<style>\n#image_482178142 {\n  width: 100%;\n}\n<\/style>\n\t<\/div>\n\t\n\n<div class=\"row align-middle\"  id=\"row-1206665239\">\n\n\n\t<div id=\"col-600751404\" class=\"col medium-6 small-12 large-6\"  >\n\t\t\t\t<div class=\"col-inner\"  >\n\t\t\t\n\t\t\t\n\n\t<div class=\"img has-hover x md-x lg-x y md-y lg-y\" id=\"image_269845345\">\n\t\t\t\t\t\t\t\t<div class=\"img-inner dark\" >\n\t\t\t<img loading=\"lazy\" decoding=\"async\" width=\"520\" height=\"293\" src=\"https:\/\/3d-edu.ch\/wp-content\/smush-avif\/2019\/01\/makerbot-software-print.jpg.avif\" class=\"attachment-large size-large\" alt=\"Impression du logiciel MakerBot\" srcset=\"https:\/\/3d-edu.ch\/wp-content\/smush-avif\/2019\/01\/makerbot-software-print.jpg.avif 520w, https:\/\/3d-edu.ch\/wp-content\/smush-avif\/2019\/01\/makerbot-software-print-380x214.jpg.avif 380w, https:\/\/3d-edu.ch\/wp-content\/smush-avif\/2019\/01\/makerbot-software-print-240x135.jpg.avif 240w\" sizes=\"auto, (max-width: 520px) 100vw, 520px\" \/>\t\t\t\t\t\t\n\t\t\t\t\t<\/div>\n\t\t\t\t\t\t\t\t\n<style>\n#image_269845345 {\n  width: 100%;\n}\n<\/style>\n\t<\/div>\n\t\n\n\n\t\t<\/div>\n\t\t\t\t\t<\/div>\n\n\t\n\n\t<div id=\"col-80205940\" class=\"col medium-6 small-12 large-6\"  >\n\t\t\t\t<div class=\"col-inner\"  >\n\t\t\t\n\t\t\t\n\n<h4>Impression 3D optimis\u00e9e<\/h4>\n<p>Les nouveaux algorithmes de d\u00e9coupage ajustent automatiquement les param\u00e8tres en fonction de votre mod\u00e8le d&rsquo;imprimante 3D, de la version du logiciel et du type de SmarExtruder utilis\u00e9. La nouvelle fonction de pr\u00e9visualisation permet \u00e9galement de v\u00e9rifier les d\u00e9tails avant le processus d&rsquo;impression. De plus, les nouvelles structures de base et de support (raft et support) sont plus faciles \u00e0 d\u00e9tacher de l&rsquo;objet - pour une surface plus fine sur l&rsquo;objet.  <\/p>\n\n\t\t<\/div>\n\t\t\t\t\t<\/div>\n\n\t\n\n<\/div>\n\n\t\t<\/div>\n\t\t\t\t\t<\/div>\n\n\t\n\n<\/div>\n\n\t\t<\/div>\n\t\t\t\t\t<\/div>\n\n\t\n\n\n<style>\n#row-2071538813 > .col > .col-inner {\n  padding: 30px 0px 0px 0px;\n}\n<\/style>\n<\/div>\n<div class=\"is-divider divider clearfix\" style=\"max-width:1280px;height:1px;\"><\/div>\n\n<div class=\"row\"  id=\"row-770274891\">\n\n\n\t<div id=\"col-1233077714\" class=\"col medium-4 small-12 large-4\"  >\n\t\t\t\t<div class=\"col-inner\"  >\n\t\t\t\n\t\t\t\n\n\t<div class=\"box has-hover   has-hover box-text-bottom\" >\n\n\t\t<div class=\"box-image\" style=\"width:50%;\">\n\t\t\t<a href=\"https:\/\/3d-edu.ch\/fr\/makerbot\/imprimante-3d-makerbot\/\" >\t\t\t<div class=\"\" >\n\t\t\t\t<img loading=\"lazy\" decoding=\"async\" width=\"150\" height=\"150\" src=\"https:\/\/3d-edu.ch\/wp-content\/smush-avif\/2019\/08\/makerbot-3d-printers.jpg.avif\" class=\"attachment- size-\" alt=\"MakerBot 3D-Drucker\" srcset=\"https:\/\/3d-edu.ch\/wp-content\/smush-avif\/2019\/08\/makerbot-3d-printers.jpg.avif 150w, https:\/\/3d-edu.ch\/wp-content\/smush-avif\/2019\/08\/makerbot-3d-printers-100x100.jpg.avif 100w\" sizes=\"auto, (max-width: 150px) 100vw, 150px\" \/>\t\t\t\t\t\t\t\t\t\t\t<\/div>\n\t\t\t<\/a>\t\t<\/div>\n\n\t\t<div class=\"box-text text-left\" >\n\t\t\t<div class=\"box-text-inner\">\n\t\t\t\t\n\n<h4>Imprimante 3D MakerBot<\/h4>\n<p> <a href=\"\/?page_id=38\"> Informations<\/a><br \/><a href=\"https:\/\/3d-edu.ch\/fr\/produkt-kategorie\/imprimantes-3d-fr-2\/\">Commander<\/a><\/p>\n\n\t\t\t<\/div>\n\t\t<\/div>\n\t<\/div>\n\t\n\n\t\t<\/div>\n\t\t\t\t\t<\/div>\n\n\t\n\n\t<div id=\"col-435974636\" class=\"col medium-4 small-12 large-4\"  >\n\t\t\t\t<div class=\"col-inner\"  >\n\t\t\t\n\t\t\t\n\n\t<div class=\"box has-hover   has-hover box-text-bottom\" >\n\n\t\t<div class=\"box-image\" style=\"width:50%;\">\n\t\t\t<a href=\"\/makerbot\/makerbot-apps\/\" >\t\t\t<div class=\"\" >\n\t\t\t\t<img loading=\"lazy\" decoding=\"async\" width=\"150\" height=\"150\" src=\"https:\/\/3d-edu.ch\/wp-content\/smush-avif\/2019\/01\/makerbot-software-icon-pic.jpg.avif\" class=\"attachment- size-\" alt=\"makerbot-software-icon-pic\" srcset=\"https:\/\/3d-edu.ch\/wp-content\/smush-avif\/2019\/01\/makerbot-software-icon-pic.jpg.avif 150w, https:\/\/3d-edu.ch\/wp-content\/smush-avif\/2019\/01\/makerbot-software-icon-pic-100x100.jpg.avif 100w\" sizes=\"auto, (max-width: 150px) 100vw, 150px\" \/>\t\t\t\t\t\t\t\t\t\t\t<\/div>\n\t\t\t<\/a>\t\t<\/div>\n\n\t\t<div class=\"box-text text-left\" >\n\t\t\t<div class=\"box-text-inner\">\n\t\t\t\t\n\n<h4>Logiciels et applications MakerBot<\/h4>\n<p><a href=\"\/makerbot\/makerbot-apps\/\">  Informations<\/a>\n\n\t\t\t<\/div>\n\t\t<\/div>\n\t<\/div>\n\t\n\n\t\t<\/div>\n\t\t\t\t\t<\/div>\n\n\t\n\n\t<div id=\"col-1511536708\" class=\"col medium-4 small-12 large-4\"  >\n\t\t\t\t<div class=\"col-inner\"  >\n\t\t\t\n\t\t\t\n\n\t<div class=\"box has-hover   has-hover box-text-bottom\" >\n\n\t\t<div class=\"box-image\" style=\"width:50%;\">\n\t\t\t<a href=\"https:\/\/3d-edu.ch\/fr\/makerbot\/filament-makerbot\/\" >\t\t\t<div class=\"\" >\n\t\t\t\t<img loading=\"lazy\" decoding=\"async\" width=\"150\" height=\"150\" src=\"https:\/\/3d-edu.ch\/wp-content\/smush-avif\/2019\/01\/makerbot-filament-icon-pic.jpg.avif\" class=\"attachment- size-\" alt=\"makerbot-filament-icon-pic\" srcset=\"https:\/\/3d-edu.ch\/wp-content\/smush-avif\/2019\/01\/makerbot-filament-icon-pic.jpg.avif 150w, https:\/\/3d-edu.ch\/wp-content\/smush-avif\/2019\/01\/makerbot-filament-icon-pic-100x100.jpg.avif 100w\" sizes=\"auto, (max-width: 150px) 100vw, 150px\" \/>\t\t\t\t\t\t\t\t\t\t\t<\/div>\n\t\t\t<\/a>\t\t<\/div>\n\n\t\t<div class=\"box-text text-left\" >\n\t\t\t<div class=\"box-text-inner\">\n\t\t\t\t\n\n<h4>Mat\u00e9riaux MakerBot<\/h4>\n<\/p><p> <a href=\"\/?page_id=616\"> Informations<\/a><br \/><a href=\"https:\/\/3d-edu.ch\/fr\/produkt-kategorie\/filaments-makerbot-fr\/\">Commander<\/a><\/p>\n\n\t\t\t<\/div>\n\t\t<\/div>\n\t<\/div>\n\t\n\n\t\t<\/div>\n\t\t\t\t\t<\/div>\n\n\t\n\n<\/div>\n\n\n","protected":false},"excerpt":{"rendered":"","protected":false},"author":1,"featured_media":0,"parent":79304,"menu_order":0,"comment_status":"closed","ping_status":"closed","template":"page-blank.php","meta":{"footnotes":""},"class_list":["post-73089","page","type-page","status-publish","hentry"],"yoast_head":"<!-- This site is optimized with the Yoast SEO Premium plugin v27.4 (Yoast SEO v27.4) - https:\/\/yoast.com\/product\/yoast-seo-premium-wordpress\/ -->\n<title>MakerBot Print - Logiciel MakerBot pour l&#039;imprimante 3D MakerBot - 3D-EDU<\/title>\n<meta name=\"robots\" content=\"index, follow, max-snippet:-1, max-image-preview:large, max-video-preview:-1\" \/>\n<link rel=\"canonical\" href=\"https:\/\/3d-edu.ch\/fr\/makerbot\/makerbot-print\/\" \/>\n<meta property=\"og:locale\" content=\"fr_FR\" \/>\n<meta property=\"og:type\" content=\"article\" \/>\n<meta property=\"og:title\" content=\"MakerBot Print\" \/>\n<meta property=\"og:url\" content=\"https:\/\/3d-edu.ch\/fr\/makerbot\/makerbot-print\/\" \/>\n<meta property=\"og:site_name\" content=\"3D-EDU GmbH\" \/>\n<meta property=\"article:publisher\" content=\"https:\/\/www.facebook.com\/3d-educh-210277586064960\/\" \/>\n<meta property=\"article:modified_time\" content=\"2026-02-19T09:37:00+00:00\" \/>\n<meta property=\"og:image\" content=\"https:\/\/dedune53.myhostpoint.ch\/wp-content\/uploads\/2019\/01\/Makerbot-Software-MakerBot-Apps.jpg\" \/>\n<meta name=\"twitter:card\" content=\"summary_large_image\" \/>\n<meta name=\"twitter:site\" content=\"@3d_edu_ch\" \/>\n<meta name=\"twitter:label1\" content=\"Dur\u00e9e de lecture estim\u00e9e\" \/>\n\t<meta name=\"twitter:data1\" content=\"2 minute\" \/>\n<script type=\"application\/ld+json\" class=\"yoast-schema-graph\">{\"@context\":\"https:\\\/\\\/schema.org\",\"@graph\":[{\"@type\":\"WebPage\",\"@id\":\"https:\\\/\\\/3d-edu.ch\\\/fr\\\/makerbot\\\/makerbot-print\\\/\",\"url\":\"https:\\\/\\\/3d-edu.ch\\\/fr\\\/makerbot\\\/makerbot-print\\\/\",\"name\":\"MakerBot Print - Logiciel MakerBot pour l'imprimante 3D MakerBot - 3D-EDU\",\"isPartOf\":{\"@id\":\"https:\\\/\\\/3d-edu.ch\\\/fr\\\/#website\"},\"datePublished\":\"2016-09-21T07:44:37+00:00\",\"dateModified\":\"2026-02-19T09:37:00+00:00\",\"breadcrumb\":{\"@id\":\"https:\\\/\\\/3d-edu.ch\\\/fr\\\/makerbot\\\/makerbot-print\\\/#breadcrumb\"},\"inLanguage\":\"fr-FR\",\"potentialAction\":[{\"@type\":\"ReadAction\",\"target\":[\"https:\\\/\\\/3d-edu.ch\\\/fr\\\/makerbot\\\/makerbot-print\\\/\"]}]},{\"@type\":\"BreadcrumbList\",\"@id\":\"https:\\\/\\\/3d-edu.ch\\\/fr\\\/makerbot\\\/makerbot-print\\\/#breadcrumb\",\"itemListElement\":[{\"@type\":\"ListItem\",\"position\":1,\"name\":\"Accueil\",\"item\":\"https:\\\/\\\/3d-edu.ch\\\/fr\\\/\"},{\"@type\":\"ListItem\",\"position\":2,\"name\":\"MakerBot\",\"item\":\"https:\\\/\\\/3d-edu.ch\\\/fr\\\/makerbot\\\/\"},{\"@type\":\"ListItem\",\"position\":3,\"name\":\"MakerBot Print\"}]},{\"@type\":\"WebSite\",\"@id\":\"https:\\\/\\\/3d-edu.ch\\\/fr\\\/#website\",\"url\":\"https:\\\/\\\/3d-edu.ch\\\/fr\\\/\",\"name\":\"3D-EDU GmbH\",\"description\":\"Your Formlabs, UltiMaker and Raise3D Printer Support and Education Site in Switzerland. \\\/\\\/ Ihre Formlabs, UltiMaker and Raise3D Drucker Support und Bildungs Webseite der Schweiz.\",\"publisher\":{\"@id\":\"https:\\\/\\\/3d-edu.ch\\\/fr\\\/#organization\"},\"potentialAction\":[{\"@type\":\"SearchAction\",\"target\":{\"@type\":\"EntryPoint\",\"urlTemplate\":\"https:\\\/\\\/3d-edu.ch\\\/fr\\\/?s={search_term_string}\"},\"query-input\":{\"@type\":\"PropertyValueSpecification\",\"valueRequired\":true,\"valueName\":\"search_term_string\"}}],\"inLanguage\":\"fr-FR\"},{\"@type\":[\"Organization\",\"Place\",\"ElectronicsStore\"],\"@id\":\"https:\\\/\\\/3d-edu.ch\\\/fr\\\/#organization\",\"name\":\"3D-EDU GmbH\",\"url\":\"https:\\\/\\\/3d-edu.ch\\\/fr\\\/\",\"logo\":{\"@id\":\"https:\\\/\\\/3d-edu.ch\\\/fr\\\/makerbot\\\/makerbot-print\\\/#local-main-organization-logo\"},\"image\":{\"@id\":\"https:\\\/\\\/3d-edu.ch\\\/fr\\\/makerbot\\\/makerbot-print\\\/#local-main-organization-logo\"},\"sameAs\":[\"https:\\\/\\\/www.facebook.com\\\/3d-educh-210277586064960\\\/\",\"https:\\\/\\\/x.com\\\/3d_edu_ch\"],\"address\":{\"@id\":\"https:\\\/\\\/3d-edu.ch\\\/fr\\\/makerbot\\\/makerbot-print\\\/#local-main-place-address\"},\"geo\":{\"@type\":\"GeoCoordinates\",\"latitude\":\"47.38413\",\"longitude\":\"8.49812\"},\"telephone\":[\"+41 44 492 11 22\"],\"openingHoursSpecification\":[{\"@type\":\"OpeningHoursSpecification\",\"dayOfWeek\":[\"Monday\",\"Tuesday\",\"Wednesday\",\"Thursday\",\"Friday\"],\"opens\":\"08:30\",\"closes\":\"18:00\"},{\"@type\":\"OpeningHoursSpecification\",\"dayOfWeek\":[\"Saturday\",\"Sunday\"],\"opens\":\"00:00\",\"closes\":\"00:00\"}],\"email\":\"info@3d-edu.ch\",\"faxNumber\":\"+41 44 492 11 23\",\"vatID\":\"CHE-184.499.491 MWST\",\"priceRange\":\"$$$\",\"currenciesAccepted\":\"CHF\"},{\"@type\":\"PostalAddress\",\"@id\":\"https:\\\/\\\/3d-edu.ch\\\/fr\\\/makerbot\\\/makerbot-print\\\/#local-main-place-address\",\"streetAddress\":\"3D-EDU GmbH, Badenerstrasse 556\",\"addressLocality\":\"Z\u00fcrich\",\"postalCode\":\"8048\",\"addressRegion\":\"Z\u00fcrich\",\"addressCountry\":\"CH\"},{\"@type\":\"ImageObject\",\"inLanguage\":\"fr-FR\",\"@id\":\"https:\\\/\\\/3d-edu.ch\\\/fr\\\/makerbot\\\/makerbot-print\\\/#local-main-organization-logo\",\"url\":\"https:\\\/\\\/3d-edu.ch\\\/wp-content\\\/uploads\\\/2018\\\/10\\\/3d-drucker-makerbot-formlabs-professionelle-3d-drucker-e1546527990490.png\",\"contentUrl\":\"https:\\\/\\\/3d-edu.ch\\\/wp-content\\\/uploads\\\/2018\\\/10\\\/3d-drucker-makerbot-formlabs-professionelle-3d-drucker-e1546527990490.png\",\"width\":275,\"height\":80,\"caption\":\"3D-EDU GmbH\"}]}<\/script>\n<meta name=\"geo.placename\" content=\"Z\u00fcrich\" \/>\n<meta name=\"geo.position\" content=\"47.38413;8.49812\" \/>\n<meta name=\"geo.region\" content=\"Suisse\" \/>\n<!-- \/ Yoast SEO Premium plugin. -->","yoast_head_json":{"title":"MakerBot Print - Logiciel MakerBot pour l'imprimante 3D MakerBot - 3D-EDU","robots":{"index":"index","follow":"follow","max-snippet":"max-snippet:-1","max-image-preview":"max-image-preview:large","max-video-preview":"max-video-preview:-1"},"canonical":"https:\/\/3d-edu.ch\/fr\/makerbot\/makerbot-print\/","og_locale":"fr_FR","og_type":"article","og_title":"MakerBot Print","og_url":"https:\/\/3d-edu.ch\/fr\/makerbot\/makerbot-print\/","og_site_name":"3D-EDU GmbH","article_publisher":"https:\/\/www.facebook.com\/3d-educh-210277586064960\/","article_modified_time":"2026-02-19T09:37:00+00:00","og_image":[{"url":"https:\/\/dedune53.myhostpoint.ch\/wp-content\/uploads\/2019\/01\/Makerbot-Software-MakerBot-Apps.jpg","type":"","width":"","height":""}],"twitter_card":"summary_large_image","twitter_site":"@3d_edu_ch","twitter_misc":{"Dur\u00e9e de lecture estim\u00e9e":"2 minute"},"schema":{"@context":"https:\/\/schema.org","@graph":[{"@type":"WebPage","@id":"https:\/\/3d-edu.ch\/fr\/makerbot\/makerbot-print\/","url":"https:\/\/3d-edu.ch\/fr\/makerbot\/makerbot-print\/","name":"MakerBot Print - Logiciel MakerBot pour l'imprimante 3D MakerBot - 3D-EDU","isPartOf":{"@id":"https:\/\/3d-edu.ch\/fr\/#website"},"datePublished":"2016-09-21T07:44:37+00:00","dateModified":"2026-02-19T09:37:00+00:00","breadcrumb":{"@id":"https:\/\/3d-edu.ch\/fr\/makerbot\/makerbot-print\/#breadcrumb"},"inLanguage":"fr-FR","potentialAction":[{"@type":"ReadAction","target":["https:\/\/3d-edu.ch\/fr\/makerbot\/makerbot-print\/"]}]},{"@type":"BreadcrumbList","@id":"https:\/\/3d-edu.ch\/fr\/makerbot\/makerbot-print\/#breadcrumb","itemListElement":[{"@type":"ListItem","position":1,"name":"Accueil","item":"https:\/\/3d-edu.ch\/fr\/"},{"@type":"ListItem","position":2,"name":"MakerBot","item":"https:\/\/3d-edu.ch\/fr\/makerbot\/"},{"@type":"ListItem","position":3,"name":"MakerBot Print"}]},{"@type":"WebSite","@id":"https:\/\/3d-edu.ch\/fr\/#website","url":"https:\/\/3d-edu.ch\/fr\/","name":"3D-EDU GmbH","description":"Your Formlabs, UltiMaker and Raise3D Printer Support and Education Site in Switzerland. \/\/ Ihre Formlabs, UltiMaker and Raise3D Drucker Support und Bildungs Webseite der Schweiz.","publisher":{"@id":"https:\/\/3d-edu.ch\/fr\/#organization"},"potentialAction":[{"@type":"SearchAction","target":{"@type":"EntryPoint","urlTemplate":"https:\/\/3d-edu.ch\/fr\/?s={search_term_string}"},"query-input":{"@type":"PropertyValueSpecification","valueRequired":true,"valueName":"search_term_string"}}],"inLanguage":"fr-FR"},{"@type":["Organization","Place","ElectronicsStore"],"@id":"https:\/\/3d-edu.ch\/fr\/#organization","name":"3D-EDU GmbH","url":"https:\/\/3d-edu.ch\/fr\/","logo":{"@id":"https:\/\/3d-edu.ch\/fr\/makerbot\/makerbot-print\/#local-main-organization-logo"},"image":{"@id":"https:\/\/3d-edu.ch\/fr\/makerbot\/makerbot-print\/#local-main-organization-logo"},"sameAs":["https:\/\/www.facebook.com\/3d-educh-210277586064960\/","https:\/\/x.com\/3d_edu_ch"],"address":{"@id":"https:\/\/3d-edu.ch\/fr\/makerbot\/makerbot-print\/#local-main-place-address"},"geo":{"@type":"GeoCoordinates","latitude":"47.38413","longitude":"8.49812"},"telephone":["+41 44 492 11 22"],"openingHoursSpecification":[{"@type":"OpeningHoursSpecification","dayOfWeek":["Monday","Tuesday","Wednesday","Thursday","Friday"],"opens":"08:30","closes":"18:00"},{"@type":"OpeningHoursSpecification","dayOfWeek":["Saturday","Sunday"],"opens":"00:00","closes":"00:00"}],"email":"info@3d-edu.ch","faxNumber":"+41 44 492 11 23","vatID":"CHE-184.499.491 MWST","priceRange":"$$$","currenciesAccepted":"CHF"},{"@type":"PostalAddress","@id":"https:\/\/3d-edu.ch\/fr\/makerbot\/makerbot-print\/#local-main-place-address","streetAddress":"3D-EDU GmbH, Badenerstrasse 556","addressLocality":"Z\u00fcrich","postalCode":"8048","addressRegion":"Z\u00fcrich","addressCountry":"CH"},{"@type":"ImageObject","inLanguage":"fr-FR","@id":"https:\/\/3d-edu.ch\/fr\/makerbot\/makerbot-print\/#local-main-organization-logo","url":"https:\/\/3d-edu.ch\/wp-content\/uploads\/2018\/10\/3d-drucker-makerbot-formlabs-professionelle-3d-drucker-e1546527990490.png","contentUrl":"https:\/\/3d-edu.ch\/wp-content\/uploads\/2018\/10\/3d-drucker-makerbot-formlabs-professionelle-3d-drucker-e1546527990490.png","width":275,"height":80,"caption":"3D-EDU GmbH"}]},"geo.placename":"Z\u00fcrich","geo.position":{"lat":"47.38413","long":"8.49812"},"geo.region":"Suisse"},"_links":{"self":[{"href":"https:\/\/3d-edu.ch\/fr\/wp-json\/wp\/v2\/pages\/73089","targetHints":{"allow":["GET"]}}],"collection":[{"href":"https:\/\/3d-edu.ch\/fr\/wp-json\/wp\/v2\/pages"}],"about":[{"href":"https:\/\/3d-edu.ch\/fr\/wp-json\/wp\/v2\/types\/page"}],"author":[{"embeddable":true,"href":"https:\/\/3d-edu.ch\/fr\/wp-json\/wp\/v2\/users\/1"}],"replies":[{"embeddable":true,"href":"https:\/\/3d-edu.ch\/fr\/wp-json\/wp\/v2\/comments?post=73089"}],"version-history":[{"count":3,"href":"https:\/\/3d-edu.ch\/fr\/wp-json\/wp\/v2\/pages\/73089\/revisions"}],"predecessor-version":[{"id":76137,"href":"https:\/\/3d-edu.ch\/fr\/wp-json\/wp\/v2\/pages\/73089\/revisions\/76137"}],"up":[{"embeddable":true,"href":"https:\/\/3d-edu.ch\/fr\/wp-json\/wp\/v2\/pages\/79304"}],"wp:attachment":[{"href":"https:\/\/3d-edu.ch\/fr\/wp-json\/wp\/v2\/media?parent=73089"}],"curies":[{"name":"wp","href":"https:\/\/api.w.org\/{rel}","templated":true}]}}