{"id":73078,"date":"2016-11-10T10:17:14","date_gmt":"2016-11-10T09:17:14","guid":{"rendered":"https:\/\/3d-edu.ch\/scanners-3d\/"},"modified":"2025-07-01T17:18:07","modified_gmt":"2025-07-01T15:18:07","slug":"scanners-3d","status":"publish","type":"page","link":"https:\/\/3d-edu.ch\/fr\/scanners-3d\/","title":{"rendered":"Scanners 3D"},"content":{"rendered":"\n<div class=\"row align-right\"  id=\"row-1185087609\">\n\n\n\t<div id=\"col-1502098452\" class=\"col medium-7 small-12 large-7\"  >\n\t\t\t\t<div class=\"col-inner\"  >\n\t\t\t\n\t\t\t\n\n<h1>Scanners 3D portables pour les professionnels<\/h1>\n<p>Vous \u00eates \u00e0 la recherche d&rsquo;une solution de num\u00e9risation 3D adapt\u00e9e \u00e0 votre entreprise ou \u00e0 votre institution ?<\/p>\n<p>En tant que revendeur des principaux fabricants de scanners 3D tels que Peel3D et Creaform, nous pouvons vous proposer une large gamme de produits convaincants. Ces produits sont synonymes d&rsquo;innovation, de qualit\u00e9 et de durabilit\u00e9. En tant que revendeur agr\u00e9\u00e9, nous vous proposons non seulement un service de conseil comp\u00e9tent, mais aussi un soutien lors de la mise en \u0153uvre. Nous vous proposons \u00e9galement un service apr\u00e8s-vente et un support complets.   <\/p>\n<p>Gr\u00e2ce \u00e0 notre proximit\u00e9 avec vous, ainsi qu&rsquo;\u00e0 notre propre entrep\u00f4t et \u00e0 notre propre service technique, nous pouvons garantir des d\u00e9lais de livraison rapides et le meilleur service possible.<\/p>\n\n\t\t<\/div>\n\t\t\t\t\t<\/div>\n\n\t\n\n\t<div id=\"col-1976622579\" class=\"col medium-5 small-12 large-5\"  >\n\t\t\t\t<div class=\"col-inner\"  >\n\t\t\t\n\t\t\t\n\n\t<div class=\"img has-hover x md-x lg-x y md-y lg-y\" id=\"image_1016226847\">\n\t\t\t\t\t\t\t\t<div class=\"img-inner image-cover dark\" style=\"padding-top:56.25%;\">\n\t\t\t<img loading=\"lazy\" decoding=\"async\" width=\"1200\" height=\"627\" src=\"https:\/\/3d-edu.ch\/wp-content\/uploads\/2023\/01\/peel-3d-scanner.webp\" class=\"attachment-original size-original\" alt=\"Peel 3D Scanner\" srcset=\"https:\/\/3d-edu.ch\/wp-content\/uploads\/2023\/01\/peel-3d-scanner.webp 1200w, https:\/\/3d-edu.ch\/wp-content\/uploads\/2023\/01\/peel-3d-scanner-240x125.webp 240w, https:\/\/3d-edu.ch\/wp-content\/uploads\/2023\/01\/peel-3d-scanner-1024x535.webp 1024w, https:\/\/3d-edu.ch\/wp-content\/uploads\/2023\/01\/peel-3d-scanner-768x401.webp 768w, https:\/\/3d-edu.ch\/wp-content\/uploads\/2023\/01\/peel-3d-scanner-57x30.webp 57w, https:\/\/3d-edu.ch\/wp-content\/uploads\/2023\/01\/peel-3d-scanner-380x199.webp 380w\" sizes=\"auto, (max-width: 1200px) 100vw, 1200px\" \/>\t\t\t\t\t\t\n\t\t\t\t\t<\/div>\n\t\t\t\t\t\t\t\t\n<style>\n#image_1016226847 {\n  width: 100%;\n}\n<\/style>\n\t<\/div>\n\t\n\n\n\t\t<\/div>\n\t\t\t\t\t<\/div>\n\n\t\n\n\n<style>\n#row-1185087609 > .col > .col-inner {\n  padding: 60px 0px 0px 0px;\n}\n<\/style>\n<\/div>\n<div class=\"row\"  id=\"row-1300996265\">\n\n\n\t<div id=\"col-1102800943\" class=\"col medium-4 small-12 large-4\"  >\n\t\t\t\t<div class=\"col-inner\"  >\n\t\t\t\n\t\t\t\n\n\t<div class=\"box has-hover   has-hover box-shadow-1 box-text-bottom\" >\n\n\t\t<div class=\"box-image\" >\n\t\t\t<a href=\"https:\/\/3d-edu.ch\/fr\/scanners-3d\/peel-3d\/\" >\t\t\t<div class=\"\" >\n\t\t\t\t<img loading=\"lazy\" decoding=\"async\" width=\"340\" height=\"340\" src=\"https:\/\/3d-edu.ch\/wp-content\/uploads\/2023\/01\/peel3d-creaform-ametek-logo.webp\" class=\"attachment- size-\" alt=\"Peel3D-Creaform-Ametek-Logo\" srcset=\"https:\/\/3d-edu.ch\/wp-content\/uploads\/2023\/01\/peel3d-creaform-ametek-logo.webp 340w, https:\/\/3d-edu.ch\/wp-content\/uploads\/2023\/01\/peel3d-creaform-ametek-logo-240x240.webp 240w, https:\/\/3d-edu.ch\/wp-content\/uploads\/2023\/01\/peel3d-creaform-ametek-logo-150x150.webp 150w, https:\/\/3d-edu.ch\/wp-content\/uploads\/2023\/01\/peel3d-creaform-ametek-logo-30x30.webp 30w, https:\/\/3d-edu.ch\/wp-content\/uploads\/2023\/01\/peel3d-creaform-ametek-logo-100x100.webp 100w\" sizes=\"auto, (max-width: 340px) 100vw, 340px\" \/>\t\t\t\t\t\t\t\t\t\t\t<\/div>\n\t\t\t<\/a>\t\t<\/div>\n\n\t\t<div class=\"box-text text-left\" style=\"padding:10px 10px 10px 10px;\">\n\t\t\t<div class=\"box-text-inner\">\n\t\t\t\t\n\n<h4>Scanners 3D portables Peel3D<\/h4>\n<p>Peel3D est un sous-traitant de Creaform\/Ametek. Avec Peel3D, l&rsquo;entreprise propose des solutions de num\u00e9risation 3D professionnelles \u00e0 des prix attractifs. Les appareils sont \u00e9galement fabriqu\u00e9s au Canada. Ils sont bas\u00e9s sur une technologie \u00e9prouv\u00e9e. Le logiciel a \u00e9t\u00e9 r\u00e9duit afin de pouvoir fonctionner correctement avec des ordinateurs \u00ab\u00a0normaux\u00a0\u00bb. Si vous le souhaitez, les scanneurs Peel3D peuvent \u00e9galement \u00eatre utilis\u00e9s avec les solutions logicielles haute performance de Creaform.     <\/p>\n<a href=\"https:\/\/3d-edu.ch\/fr\/scanners-3d\/peel-3d\/\" class=\"button primary\" >\n\t\t<span>Plus d&#039;informations<\/span>\n\t<\/a>\n\n\n\n\t\t\t<\/div>\n\t\t<\/div>\n\t<\/div>\n\t\n\n\t\t<\/div>\n\t\t\t\t\t<\/div>\n\n\t\n\n\t<div id=\"col-96778334\" class=\"col medium-4 small-12 large-4\"  >\n\t\t\t\t<div class=\"col-inner\"  >\n\t\t\t\n\t\t\t\n\n\t<div class=\"box has-hover   has-hover box-shadow-1 box-text-bottom\" >\n\n\t\t<div class=\"box-image\" >\n\t\t\t<a href=\"https:\/\/3d-edu.ch\/fr\/scanners-3d\/creaform\/\" >\t\t\t<div class=\"\" >\n\t\t\t\t<img loading=\"lazy\" decoding=\"async\" width=\"340\" height=\"340\" src=\"https:\/\/3d-edu.ch\/wp-content\/uploads\/2023\/01\/creaform-ametek-schweiz-logo.webp\" class=\"attachment- size-\" alt=\"Creaform Ametek Schweiz Logo\" srcset=\"https:\/\/3d-edu.ch\/wp-content\/uploads\/2023\/01\/creaform-ametek-schweiz-logo.webp 340w, https:\/\/3d-edu.ch\/wp-content\/uploads\/2023\/01\/creaform-ametek-schweiz-logo-240x240.webp 240w, https:\/\/3d-edu.ch\/wp-content\/uploads\/2023\/01\/creaform-ametek-schweiz-logo-150x150.webp 150w, https:\/\/3d-edu.ch\/wp-content\/uploads\/2023\/01\/creaform-ametek-schweiz-logo-30x30.webp 30w, https:\/\/3d-edu.ch\/wp-content\/uploads\/2023\/01\/creaform-ametek-schweiz-logo-100x100.webp 100w\" sizes=\"auto, (max-width: 340px) 100vw, 340px\" \/>\t\t\t\t\t\t\t\t\t\t\t<\/div>\n\t\t\t<\/a>\t\t<\/div>\n\n\t\t<div class=\"box-text text-left\" style=\"padding:10px 10px 10px 10px;\">\n\t\t\t<div class=\"box-text-inner\">\n\t\t\t\t\n\n<h4>Scanner 3D Creaform-Ametek<\/h4>\n<p>En collaboration avec Creaform\/Ametek, nous vous proposons des solutions de num\u00e9risation 3D de la plus haute qualit\u00e9 et conformes aux normes. Creaform con\u00e7oit, fabrique et \u00e9talonne des scanners 3D en utilisant le syst\u00e8me de gestion de la qualit\u00e9 le plus \u00e9lev\u00e9, conform\u00e9ment \u00e0 la norme reconnue ISO 9001. Pionni\u00e8re dans le domaine de la m\u00e9trologie 3D mobile, Creaform s&rsquo;est engag\u00e9e \u00e0 d\u00e9velopper des solutions innovantes qui vont au-del\u00e0 des exigences de ses clients. Creaform propose notamment des solutions de m\u00e9trologie, d&rsquo;assurance qualit\u00e9, de CND et de r\u00e9tro-ing\u00e9nierie.   <\/p>\n<a href=\"https:\/\/3d-edu.ch\/fr\/scanners-3d\/creaform\/\" class=\"button primary\" >\n\t\t<span>Plus d&#039;informations<\/span>\n\t<\/a>\n\n\n\n\t\t\t<\/div>\n\t\t<\/div>\n\t<\/div>\n\t\n\n\t\t<\/div>\n\t\t\t\t\t<\/div>\n\n\t\n\n\t<div id=\"col-718696981\" class=\"col medium-4 small-12 large-4\"  >\n\t\t\t\t<div class=\"col-inner\"  >\n\t\t\t\n\t\t\t\n\n\n\t\t<\/div>\n\t\t\t\t\t<\/div>\n\n\t\n\n<\/div>\n<div class=\"row\"  id=\"row-323415079\">\n\n\n\t<div id=\"col-411007154\" class=\"col medium-6 small-12 large-6\"  >\n\t\t\t\t<div class=\"col-inner\"  >\n\t\t\t\n\t\t\t\n\n<h5>Conseil<\/h5>\n<p>Notre personnel qualifi\u00e9 est \u00e0 votre disposition pour vous aider \u00e0 choisir la solution la plus appropri\u00e9e. Nous vous aidons \u00e0 choisir la gamme de produits et de logiciels la mieux adapt\u00e9e \u00e0 vos besoins. Gr\u00e2ce \u00e0 notre large gamme de produits, nous sommes en mesure de proposer une solution qualifi\u00e9e pour de nombreuses applications.  <\/p>\n<h5>Support<\/h5>\n<p>En tant que revendeur, nous vous proposons, en plus d&rsquo;un conseil comp\u00e9tent, un service apr\u00e8s-vente et une assistance complets : lors d&rsquo;ateliers - dans nos locaux ou dans les v\u00f4tres - nous vous transmettons le savoir-faire n\u00e9cessaire \u00e0 une utilisation efficace des scanners 3D. En cas de probl\u00e8me, nous vous assistons par t\u00e9l\u00e9phone ou par e-mail. Et m\u00eame en cas de difficult\u00e9s techniques des appareils, nous assurons un traitement rapide de la garantie.  <\/p>\n<p>Nous sommes proches de vous pour vous offrir le meilleur service et garantissons des d\u00e9lais de livraison tr\u00e8s rapides gr\u00e2ce \u00e0 notre propre stock.<\/p>\n\n\t\t<\/div>\n\t\t\t\t\t<\/div>\n\n\t\n\n\t<div id=\"col-1728708921\" class=\"col medium-6 small-12 large-6\"  >\n\t\t\t\t<div class=\"col-inner\"  >\n\t\t\t\n\t\t\t\n\n<h5>Solutions<\/h5>\n<p>La num\u00e9risation 3D est \u00e9troitement li\u00e9e \u00e0 diff\u00e9rentes solutions logicielles. Le logiciel ou l&rsquo;ensemble de logiciels appropri\u00e9 joue un r\u00f4le d\u00e9cisif dans le succ\u00e8s de la num\u00e9risation. Nous vous aidons d&rsquo;une part \u00e0 \u00e9valuer le logiciel appropri\u00e9. D&rsquo;autre part, nous g\u00e9rons pour vous les contrats de licence et de service. De plus, nous g\u00e9rons ces derniers de mani\u00e8re fluide et compr\u00e9hensible pour vous.    <\/p>\n<h5>\u00c9ducation<\/h5>\n<p>Dans le cadre du soutien \u00e0 l&rsquo;engagement culturel et social, nous proposons des prix et des offres sp\u00e9ciales aux \u00e9coles et aux institutions \u00e9ducatives : En plus de prix attractifs, nous offrons diverses possibilit\u00e9s d&rsquo;acc\u00e8s aux scanners 3D et aux logiciels pour des groupes ou des ordinateurs plus importants.<\/p>\n\n\t\t<\/div>\n\t\t\t\t\t<\/div>\n\n\t\n\n\n<style>\n#row-323415079 > .col > .col-inner {\n  padding: 30px 0px 30px 0px;\n}\n<\/style>\n<\/div>\n\n","protected":false},"excerpt":{"rendered":"","protected":false},"author":1,"featured_media":67137,"parent":0,"menu_order":0,"comment_status":"closed","ping_status":"closed","template":"page-blank.php","meta":{"footnotes":""},"class_list":["post-73078","page","type-page","status-publish","has-post-thumbnail","hentry"],"yoast_head":"<!-- This site is optimized with the Yoast SEO Premium plugin v27.4 (Yoast SEO v27.4) - https:\/\/yoast.com\/product\/yoast-seo-premium-wordpress\/ -->\n<title>Scanners 3D - Scanners 3D professionnels portables | 3D-EDU GmbH<\/title>\n<meta name=\"robots\" content=\"index, follow, max-snippet:-1, max-image-preview:large, max-video-preview:-1\" \/>\n<link rel=\"canonical\" href=\"https:\/\/3d-edu.ch\/fr\/scanners-3d\/\" \/>\n<meta property=\"og:locale\" content=\"fr_FR\" \/>\n<meta property=\"og:type\" content=\"article\" \/>\n<meta property=\"og:title\" content=\"Scanners 3D\" \/>\n<meta property=\"og:url\" content=\"https:\/\/3d-edu.ch\/fr\/scanners-3d\/\" \/>\n<meta property=\"og:site_name\" content=\"3D-EDU GmbH\" \/>\n<meta property=\"article:publisher\" content=\"https:\/\/www.facebook.com\/3d-educh-210277586064960\/\" \/>\n<meta property=\"article:modified_time\" content=\"2025-07-01T15:18:07+00:00\" \/>\n<meta property=\"og:image\" content=\"https:\/\/3d-edu.ch\/wp-content\/uploads\/2023\/01\/peel-3d-scanner.webp\" \/>\n\t<meta property=\"og:image:width\" content=\"1200\" \/>\n\t<meta property=\"og:image:height\" content=\"627\" \/>\n\t<meta property=\"og:image:type\" content=\"image\/webp\" \/>\n<meta name=\"twitter:card\" content=\"summary_large_image\" \/>\n<meta name=\"twitter:site\" content=\"@3d_edu_ch\" \/>\n<meta name=\"twitter:label1\" content=\"Dur\u00e9e de lecture estim\u00e9e\" \/>\n\t<meta name=\"twitter:data1\" content=\"4 minute\" \/>\n<script type=\"application\/ld+json\" class=\"yoast-schema-graph\">{\"@context\":\"https:\\\/\\\/schema.org\",\"@graph\":[{\"@type\":\"WebPage\",\"@id\":\"https:\\\/\\\/3d-edu.ch\\\/fr\\\/scanners-3d\\\/\",\"url\":\"https:\\\/\\\/3d-edu.ch\\\/fr\\\/scanners-3d\\\/\",\"name\":\"Scanners 3D - Scanners 3D professionnels portables | 3D-EDU GmbH\",\"isPartOf\":{\"@id\":\"https:\\\/\\\/3d-edu.ch\\\/fr\\\/#website\"},\"primaryImageOfPage\":{\"@id\":\"https:\\\/\\\/3d-edu.ch\\\/fr\\\/scanners-3d\\\/#primaryimage\"},\"image\":{\"@id\":\"https:\\\/\\\/3d-edu.ch\\\/fr\\\/scanners-3d\\\/#primaryimage\"},\"thumbnailUrl\":\"https:\\\/\\\/3d-edu.ch\\\/wp-content\\\/uploads\\\/2023\\\/01\\\/peel-3d-scanner.webp\",\"datePublished\":\"2016-11-10T09:17:14+00:00\",\"dateModified\":\"2025-07-01T15:18:07+00:00\",\"breadcrumb\":{\"@id\":\"https:\\\/\\\/3d-edu.ch\\\/fr\\\/scanners-3d\\\/#breadcrumb\"},\"inLanguage\":\"fr-FR\",\"potentialAction\":[{\"@type\":\"ReadAction\",\"target\":[\"https:\\\/\\\/3d-edu.ch\\\/fr\\\/scanners-3d\\\/\"]}]},{\"@type\":\"ImageObject\",\"inLanguage\":\"fr-FR\",\"@id\":\"https:\\\/\\\/3d-edu.ch\\\/fr\\\/scanners-3d\\\/#primaryimage\",\"url\":\"https:\\\/\\\/3d-edu.ch\\\/wp-content\\\/uploads\\\/2023\\\/01\\\/peel-3d-scanner.webp\",\"contentUrl\":\"https:\\\/\\\/3d-edu.ch\\\/wp-content\\\/uploads\\\/2023\\\/01\\\/peel-3d-scanner.webp\",\"width\":1200,\"height\":627,\"caption\":\"Peel 3D Scanner\"},{\"@type\":\"BreadcrumbList\",\"@id\":\"https:\\\/\\\/3d-edu.ch\\\/fr\\\/scanners-3d\\\/#breadcrumb\",\"itemListElement\":[{\"@type\":\"ListItem\",\"position\":1,\"name\":\"Accueil\",\"item\":\"https:\\\/\\\/3d-edu.ch\\\/fr\\\/\"},{\"@type\":\"ListItem\",\"position\":2,\"name\":\"Scanners 3D\"}]},{\"@type\":\"WebSite\",\"@id\":\"https:\\\/\\\/3d-edu.ch\\\/fr\\\/#website\",\"url\":\"https:\\\/\\\/3d-edu.ch\\\/fr\\\/\",\"name\":\"3D-EDU GmbH\",\"description\":\"Your Formlabs, UltiMaker and Raise3D Printer Support and Education Site in Switzerland. \\\/\\\/ Ihre Formlabs, UltiMaker and Raise3D Drucker Support und Bildungs Webseite der Schweiz.\",\"publisher\":{\"@id\":\"https:\\\/\\\/3d-edu.ch\\\/fr\\\/#organization\"},\"potentialAction\":[{\"@type\":\"SearchAction\",\"target\":{\"@type\":\"EntryPoint\",\"urlTemplate\":\"https:\\\/\\\/3d-edu.ch\\\/fr\\\/?s={search_term_string}\"},\"query-input\":{\"@type\":\"PropertyValueSpecification\",\"valueRequired\":true,\"valueName\":\"search_term_string\"}}],\"inLanguage\":\"fr-FR\"},{\"@type\":[\"Organization\",\"Place\",\"ElectronicsStore\"],\"@id\":\"https:\\\/\\\/3d-edu.ch\\\/fr\\\/#organization\",\"name\":\"3D-EDU GmbH\",\"url\":\"https:\\\/\\\/3d-edu.ch\\\/fr\\\/\",\"logo\":{\"@id\":\"https:\\\/\\\/3d-edu.ch\\\/fr\\\/scanners-3d\\\/#local-main-organization-logo\"},\"image\":{\"@id\":\"https:\\\/\\\/3d-edu.ch\\\/fr\\\/scanners-3d\\\/#local-main-organization-logo\"},\"sameAs\":[\"https:\\\/\\\/www.facebook.com\\\/3d-educh-210277586064960\\\/\",\"https:\\\/\\\/x.com\\\/3d_edu_ch\"],\"address\":{\"@id\":\"https:\\\/\\\/3d-edu.ch\\\/fr\\\/scanners-3d\\\/#local-main-place-address\"},\"geo\":{\"@type\":\"GeoCoordinates\",\"latitude\":\"47.38413\",\"longitude\":\"8.49812\"},\"telephone\":[\"+41 44 492 11 22\"],\"openingHoursSpecification\":[{\"@type\":\"OpeningHoursSpecification\",\"dayOfWeek\":[\"Monday\",\"Tuesday\",\"Wednesday\",\"Thursday\",\"Friday\"],\"opens\":\"08:30\",\"closes\":\"18:00\"},{\"@type\":\"OpeningHoursSpecification\",\"dayOfWeek\":[\"Saturday\",\"Sunday\"],\"opens\":\"00:00\",\"closes\":\"00:00\"}],\"email\":\"info@3d-edu.ch\",\"faxNumber\":\"+41 44 492 11 23\",\"vatID\":\"CHE-184.499.491 MWST\",\"priceRange\":\"$$$\",\"currenciesAccepted\":\"CHF\"},{\"@type\":\"PostalAddress\",\"@id\":\"https:\\\/\\\/3d-edu.ch\\\/fr\\\/scanners-3d\\\/#local-main-place-address\",\"streetAddress\":\"3D-EDU GmbH, Badenerstrasse 556\",\"addressLocality\":\"Z\u00fcrich\",\"postalCode\":\"8048\",\"addressRegion\":\"Z\u00fcrich\",\"addressCountry\":\"CH\"},{\"@type\":\"ImageObject\",\"inLanguage\":\"fr-FR\",\"@id\":\"https:\\\/\\\/3d-edu.ch\\\/fr\\\/scanners-3d\\\/#local-main-organization-logo\",\"url\":\"https:\\\/\\\/3d-edu.ch\\\/wp-content\\\/uploads\\\/2018\\\/10\\\/3d-drucker-makerbot-formlabs-professionelle-3d-drucker-e1546527990490.png\",\"contentUrl\":\"https:\\\/\\\/3d-edu.ch\\\/wp-content\\\/uploads\\\/2018\\\/10\\\/3d-drucker-makerbot-formlabs-professionelle-3d-drucker-e1546527990490.png\",\"width\":275,\"height\":80,\"caption\":\"3D-EDU GmbH\"}]}<\/script>\n<meta name=\"geo.placename\" content=\"Z\u00fcrich\" \/>\n<meta name=\"geo.position\" content=\"47.38413;8.49812\" \/>\n<meta name=\"geo.region\" content=\"Suisse\" \/>\n<!-- \/ Yoast SEO Premium plugin. -->","yoast_head_json":{"title":"Scanners 3D - Scanners 3D professionnels portables | 3D-EDU GmbH","robots":{"index":"index","follow":"follow","max-snippet":"max-snippet:-1","max-image-preview":"max-image-preview:large","max-video-preview":"max-video-preview:-1"},"canonical":"https:\/\/3d-edu.ch\/fr\/scanners-3d\/","og_locale":"fr_FR","og_type":"article","og_title":"Scanners 3D","og_url":"https:\/\/3d-edu.ch\/fr\/scanners-3d\/","og_site_name":"3D-EDU GmbH","article_publisher":"https:\/\/www.facebook.com\/3d-educh-210277586064960\/","article_modified_time":"2025-07-01T15:18:07+00:00","og_image":[{"width":1200,"height":627,"url":"https:\/\/3d-edu.ch\/wp-content\/uploads\/2023\/01\/peel-3d-scanner.webp","type":"image\/webp"}],"twitter_card":"summary_large_image","twitter_site":"@3d_edu_ch","twitter_misc":{"Dur\u00e9e de lecture estim\u00e9e":"4 minute"},"schema":{"@context":"https:\/\/schema.org","@graph":[{"@type":"WebPage","@id":"https:\/\/3d-edu.ch\/fr\/scanners-3d\/","url":"https:\/\/3d-edu.ch\/fr\/scanners-3d\/","name":"Scanners 3D - Scanners 3D professionnels portables | 3D-EDU GmbH","isPartOf":{"@id":"https:\/\/3d-edu.ch\/fr\/#website"},"primaryImageOfPage":{"@id":"https:\/\/3d-edu.ch\/fr\/scanners-3d\/#primaryimage"},"image":{"@id":"https:\/\/3d-edu.ch\/fr\/scanners-3d\/#primaryimage"},"thumbnailUrl":"https:\/\/3d-edu.ch\/wp-content\/uploads\/2023\/01\/peel-3d-scanner.webp","datePublished":"2016-11-10T09:17:14+00:00","dateModified":"2025-07-01T15:18:07+00:00","breadcrumb":{"@id":"https:\/\/3d-edu.ch\/fr\/scanners-3d\/#breadcrumb"},"inLanguage":"fr-FR","potentialAction":[{"@type":"ReadAction","target":["https:\/\/3d-edu.ch\/fr\/scanners-3d\/"]}]},{"@type":"ImageObject","inLanguage":"fr-FR","@id":"https:\/\/3d-edu.ch\/fr\/scanners-3d\/#primaryimage","url":"https:\/\/3d-edu.ch\/wp-content\/uploads\/2023\/01\/peel-3d-scanner.webp","contentUrl":"https:\/\/3d-edu.ch\/wp-content\/uploads\/2023\/01\/peel-3d-scanner.webp","width":1200,"height":627,"caption":"Peel 3D Scanner"},{"@type":"BreadcrumbList","@id":"https:\/\/3d-edu.ch\/fr\/scanners-3d\/#breadcrumb","itemListElement":[{"@type":"ListItem","position":1,"name":"Accueil","item":"https:\/\/3d-edu.ch\/fr\/"},{"@type":"ListItem","position":2,"name":"Scanners 3D"}]},{"@type":"WebSite","@id":"https:\/\/3d-edu.ch\/fr\/#website","url":"https:\/\/3d-edu.ch\/fr\/","name":"3D-EDU GmbH","description":"Your Formlabs, UltiMaker and Raise3D Printer Support and Education Site in Switzerland. \/\/ Ihre Formlabs, UltiMaker and Raise3D Drucker Support und Bildungs Webseite der Schweiz.","publisher":{"@id":"https:\/\/3d-edu.ch\/fr\/#organization"},"potentialAction":[{"@type":"SearchAction","target":{"@type":"EntryPoint","urlTemplate":"https:\/\/3d-edu.ch\/fr\/?s={search_term_string}"},"query-input":{"@type":"PropertyValueSpecification","valueRequired":true,"valueName":"search_term_string"}}],"inLanguage":"fr-FR"},{"@type":["Organization","Place","ElectronicsStore"],"@id":"https:\/\/3d-edu.ch\/fr\/#organization","name":"3D-EDU GmbH","url":"https:\/\/3d-edu.ch\/fr\/","logo":{"@id":"https:\/\/3d-edu.ch\/fr\/scanners-3d\/#local-main-organization-logo"},"image":{"@id":"https:\/\/3d-edu.ch\/fr\/scanners-3d\/#local-main-organization-logo"},"sameAs":["https:\/\/www.facebook.com\/3d-educh-210277586064960\/","https:\/\/x.com\/3d_edu_ch"],"address":{"@id":"https:\/\/3d-edu.ch\/fr\/scanners-3d\/#local-main-place-address"},"geo":{"@type":"GeoCoordinates","latitude":"47.38413","longitude":"8.49812"},"telephone":["+41 44 492 11 22"],"openingHoursSpecification":[{"@type":"OpeningHoursSpecification","dayOfWeek":["Monday","Tuesday","Wednesday","Thursday","Friday"],"opens":"08:30","closes":"18:00"},{"@type":"OpeningHoursSpecification","dayOfWeek":["Saturday","Sunday"],"opens":"00:00","closes":"00:00"}],"email":"info@3d-edu.ch","faxNumber":"+41 44 492 11 23","vatID":"CHE-184.499.491 MWST","priceRange":"$$$","currenciesAccepted":"CHF"},{"@type":"PostalAddress","@id":"https:\/\/3d-edu.ch\/fr\/scanners-3d\/#local-main-place-address","streetAddress":"3D-EDU GmbH, Badenerstrasse 556","addressLocality":"Z\u00fcrich","postalCode":"8048","addressRegion":"Z\u00fcrich","addressCountry":"CH"},{"@type":"ImageObject","inLanguage":"fr-FR","@id":"https:\/\/3d-edu.ch\/fr\/scanners-3d\/#local-main-organization-logo","url":"https:\/\/3d-edu.ch\/wp-content\/uploads\/2018\/10\/3d-drucker-makerbot-formlabs-professionelle-3d-drucker-e1546527990490.png","contentUrl":"https:\/\/3d-edu.ch\/wp-content\/uploads\/2018\/10\/3d-drucker-makerbot-formlabs-professionelle-3d-drucker-e1546527990490.png","width":275,"height":80,"caption":"3D-EDU GmbH"}]},"geo.placename":"Z\u00fcrich","geo.position":{"lat":"47.38413","long":"8.49812"},"geo.region":"Suisse"},"_links":{"self":[{"href":"https:\/\/3d-edu.ch\/fr\/wp-json\/wp\/v2\/pages\/73078","targetHints":{"allow":["GET"]}}],"collection":[{"href":"https:\/\/3d-edu.ch\/fr\/wp-json\/wp\/v2\/pages"}],"about":[{"href":"https:\/\/3d-edu.ch\/fr\/wp-json\/wp\/v2\/types\/page"}],"author":[{"embeddable":true,"href":"https:\/\/3d-edu.ch\/fr\/wp-json\/wp\/v2\/users\/1"}],"replies":[{"embeddable":true,"href":"https:\/\/3d-edu.ch\/fr\/wp-json\/wp\/v2\/comments?post=73078"}],"version-history":[{"count":2,"href":"https:\/\/3d-edu.ch\/fr\/wp-json\/wp\/v2\/pages\/73078\/revisions"}],"predecessor-version":[{"id":73085,"href":"https:\/\/3d-edu.ch\/fr\/wp-json\/wp\/v2\/pages\/73078\/revisions\/73085"}],"wp:featuredmedia":[{"embeddable":true,"href":"https:\/\/3d-edu.ch\/fr\/wp-json\/wp\/v2\/media\/67137"}],"wp:attachment":[{"href":"https:\/\/3d-edu.ch\/fr\/wp-json\/wp\/v2\/media?parent=73078"}],"curies":[{"name":"wp","href":"https:\/\/api.w.org\/{rel}","templated":true}]}}