{"id":72992,"date":"2018-04-25T15:52:06","date_gmt":"2018-04-25T13:52:06","guid":{"rendered":"https:\/\/3d-edu.ch\/pack-ecole-digitalgenial3d\/"},"modified":"2026-03-09T13:39:50","modified_gmt":"2026-03-09T12:39:50","slug":"pack-ecole-digitalgenial3d","status":"publish","type":"page","link":"https:\/\/3d-edu.ch\/fr\/education\/pack-ecole-digitalgenial3d\/","title":{"rendered":"Pack \u00e9cole DigitalGenial3D"},"content":{"rendered":"\n<div class=\"row\"  id=\"row-579291855\">\n\n\n\t<div id=\"col-712535595\" class=\"col small-12 large-12\"  >\n\t\t\t\t<div class=\"col-inner\"  >\n\t\t\t\n\t\t\t\n\n<h1>DigitalGenial3D Imprimante 3D Kit p\u00e9dagogique<\/h1>\n<h2>Une solution packag\u00e9e pour l&rsquo;enseignement scolaire de la CAO 3D et de l&rsquo;impression 3D<\/h2>\n<p>Digitalgenial3D est une alliance strat\u00e9gique d&rsquo;entreprises collaboratrices qui ont d\u00e9velopp\u00e9 une solution pour l&rsquo;enseignement scolaire de la CAO 3D et de l&rsquo;impression 3D. Parmi les entreprises participantes, on trouve notamment MakerBot, Stratasys, Autodesk, ProCase et MedienLB. <\/p>\n\n\t\t<\/div>\n\t\t\t\t\t<\/div>\n\n\t\n\n\n<style>\n#row-579291855 > .col > .col-inner {\n  padding: 30px 0px 0px 0px;\n}\n<\/style>\n<\/div>\n<div class=\"row align-middle\"  id=\"row-1018734063\">\n\n\n\t<div id=\"col-783081747\" class=\"col medium-6 small-12 large-6\"  >\n\t\t\t\t<div class=\"col-inner\"  >\n\t\t\t\n\t\t\t\n\n\t<div class=\"img has-hover x md-x lg-x y md-y lg-y\" id=\"image_1124430903\">\n\t\t\t\t\t\t\t\t<div class=\"img-inner dark\" >\n\t\t\t<img loading=\"lazy\" decoding=\"async\" width=\"600\" height=\"600\" src=\"https:\/\/3d-edu.ch\/wp-content\/smush-avif\/2019\/01\/3d-printer-education-package.jpg.avif\" class=\"attachment-large size-large\" alt=\"3d-printer-education-package\" srcset=\"https:\/\/3d-edu.ch\/wp-content\/smush-avif\/2019\/01\/3d-printer-education-package.jpg.avif 600w, https:\/\/3d-edu.ch\/wp-content\/smush-avif\/2019\/01\/3d-printer-education-package-380x380.jpg.avif 380w, https:\/\/3d-edu.ch\/wp-content\/smush-avif\/2019\/01\/3d-printer-education-package-100x100.jpg.avif 100w, https:\/\/3d-edu.ch\/wp-content\/smush-avif\/2019\/01\/3d-printer-education-package-150x150.jpg.avif 150w, https:\/\/3d-edu.ch\/wp-content\/smush-avif\/2019\/01\/3d-printer-education-package-240x240.jpg.avif 240w\" sizes=\"auto, (max-width: 600px) 100vw, 600px\" \/>\t\t\t\t\t\t\n\t\t\t\t\t<\/div>\n\t\t\t\t\t\t\t\t\n<style>\n#image_1124430903 {\n  width: 100%;\n}\n<\/style>\n\t<\/div>\n\t\n\n\n\t\t<\/div>\n\t\t\t\t\t<\/div>\n\n\t\n\n\t<div id=\"col-451542533\" class=\"col medium-6 small-12 large-6\"  >\n\t\t\t\t<div class=\"col-inner\"  >\n\t\t\t\n\t\t\t\n\n<h4>L&rsquo;impression 3D \u00e0 l&rsquo;\u00e9cole<\/h4>\n<p>L&rsquo;enseignement de la CAO et de l&rsquo;impression 3D dans les \u00e9coles donne aux \u00e9l\u00e8ves un premier aper\u00e7u des possibilit\u00e9s actuelles en mati\u00e8re de d\u00e9veloppement et de conception de choses. Ces bases permettent de \u00ab\u00a0comprendre\u00a0\u00bb les possibilit\u00e9s d&rsquo;un monde du travail en pleine mutation (industrie 4.0). L&rsquo;ensemble DigitalGenial3D d\u00e9velopp\u00e9 en commun peut \u00e9galement \u00eatre utilis\u00e9 dans d&rsquo;autres domaines, par exemple dans les ateliers d&rsquo;apprentissage et les \u00e9coles professionnelles.  <\/p>\n<p>Le pack comprend un <a href=\"\/makerbot\/3d-drucker\/makerbot-replicator-plus\/\">MakerBot Replicator+<\/a> avec divers accessoires suppl\u00e9mentaires de Stratasys\/MakerBot. Un film de MedienLB sur l&rsquo;impression 3D en g\u00e9n\u00e9ral, ainsi qu&rsquo;un film de MedienLB dans lequel la construction des 5 mod\u00e8les joints est d\u00e9crite en d\u00e9tail avec TinkerCAD, le logiciel de mod\u00e9lisation 3D d&rsquo;Autodesk fourni gratuitement. La solution est livr\u00e9e dans un flight-case \u00e0 roulettes de haute qualit\u00e9.  <\/p>\n<a href=\"https:\/\/3d-edu.ch\/fr\/contact\/\" class=\"button primary is-large lowercase\" >\n\t\t<span>Demander un devis<\/span>\n\t<\/a>\n\n\n<a href=\"\/shop\/digitalgenial3d-paket\/\" class=\"button primary is-large lowercase\" >\n\t\t<span>Commander en ligne<\/span>\n\t<\/a>\n\n\n\n\t\t<\/div>\n\t\t\t\t\t<\/div>\n\n\t\n\n<\/div>\n<div class=\"row align-middle\"  id=\"row-1545456266\">\n\n\n\t<div id=\"col-1046478164\" class=\"col medium-6 small-12 large-6\"  >\n\t\t\t\t<div class=\"col-inner\"  >\n\t\t\t\n\t\t\t\n\n<h4>DVD DigitalGenial3D<\/h4>\n<p>L&rsquo;impression 3D ouvre la voie \u00e0 une toute nouvelle forme de production. Alors que jusqu&rsquo;\u00e0 pr\u00e9sent, les mat\u00e9riaux \u00e9taient r\u00e9duits et form\u00e9s par usinage, avec l&rsquo;impression 3D, ils sont compl\u00e9t\u00e9s progressivement, couche par couche. Le film montre comment l&rsquo;impression 3D fonctionne exactement et suit le parcours de la premi\u00e8re \u00e9bauche sur ordinateur jusqu&rsquo;\u00e0 l&rsquo;objet fini. Un autre chapitre pr\u00e9sente les diff\u00e9rents proc\u00e9d\u00e9s d&rsquo;impression 3D et les propri\u00e9t\u00e9s des pi\u00e8ces qu&rsquo;ils permettent d&rsquo;obtenir. L&rsquo;importance sans cesse croissante de l&rsquo;impression 3D dans le domaine du prototypage rapide (fabrication rapide et peu co\u00fbteuse de prototypes) et de la fabrication rapide (fabrication rapide et peu co\u00fbteuse de petites s\u00e9ries) fait l&rsquo;objet du chapitre final.    <\/p>\n<p>Avec le mat\u00e9riel suppl\u00e9mentaire complet (fiches de travail, exercices de test, projet de cours)<br \/>, le DVD est parfaitement adapt\u00e9 \u00e0 une utilisation en classe.<\/p>\n<p>La partie donn\u00e9es du DVD contient 107 pages de mat\u00e9riel p\u00e9dagogique :<br \/>84 pages de fiches de travail et de compl\u00e9ments avec solutions !<br \/>20 exercices de test !<br \/>5 fiches de travail pour tableaux blancs interactifs !<br \/>5 diapositives MasterTool !<\/p>\n\n\t\t<\/div>\n\t\t\t\t\t<\/div>\n\n\t\n\n\t<div id=\"col-1524136512\" class=\"col medium-6 small-12 large-6\"  >\n\t\t\t\t<div class=\"col-inner\"  >\n\t\t\t\n\t\t\t\n\n\t<div class=\"img has-hover x md-x lg-x y md-y lg-y\" id=\"image_1661236325\">\n\t\t\t\t\t\t\t\t<div class=\"img-inner dark\" >\n\t\t\t<img loading=\"lazy\" decoding=\"async\" width=\"525\" height=\"525\" src=\"https:\/\/3d-edu.ch\/wp-content\/smush-avif\/2019\/01\/digitalgenial3d-3d-drucker-paket-fuer-schulen.jpg.avif\" class=\"attachment-large size-large\" alt=\"digitalgenial3d-3d-drucker-paket-fuer-schulen\" srcset=\"https:\/\/3d-edu.ch\/wp-content\/smush-avif\/2019\/01\/digitalgenial3d-3d-drucker-paket-fuer-schulen.jpg.avif 525w, https:\/\/3d-edu.ch\/wp-content\/smush-avif\/2019\/01\/digitalgenial3d-3d-drucker-paket-fuer-schulen-380x380.jpg.avif 380w, https:\/\/3d-edu.ch\/wp-content\/smush-avif\/2019\/01\/digitalgenial3d-3d-drucker-paket-fuer-schulen-100x100.jpg.avif 100w, https:\/\/3d-edu.ch\/wp-content\/smush-avif\/2019\/01\/digitalgenial3d-3d-drucker-paket-fuer-schulen-150x150.jpg.avif 150w, https:\/\/3d-edu.ch\/wp-content\/smush-avif\/2019\/01\/digitalgenial3d-3d-drucker-paket-fuer-schulen-240x240.jpg.avif 240w\" sizes=\"auto, (max-width: 525px) 100vw, 525px\" \/>\t\t\t\t\t\t\n\t\t\t\t\t<\/div>\n\t\t\t\t\t\t\t\t\n<style>\n#image_1661236325 {\n  width: 100%;\n}\n<\/style>\n\t<\/div>\n\t\n\n\n\t\t<\/div>\n\t\t\t\t\t<\/div>\n\n\t\n\n<\/div>\n<div class=\"row align-middle\"  id=\"row-2142249759\">\n\n\n\t<div id=\"col-1740767512\" class=\"col medium-6 small-12 large-6\"  >\n\t\t\t\t<div class=\"col-inner\"  >\n\t\t\t\n\t\t\t\n\n\t<div class=\"img has-hover x md-x lg-x y md-y lg-y\" id=\"image_404377017\">\n\t\t\t\t\t\t\t\t<div class=\"img-inner dark\" >\n\t\t\t<img loading=\"lazy\" decoding=\"async\" width=\"600\" height=\"600\" src=\"https:\/\/3d-edu.ch\/wp-content\/smush-avif\/2019\/01\/makerbot_educators_guidebook_deutsch.jpg.avif\" class=\"attachment-large size-large\" alt=\"makerbot-educators-guidebook-deutsch\" srcset=\"https:\/\/3d-edu.ch\/wp-content\/smush-avif\/2019\/01\/makerbot_educators_guidebook_deutsch.jpg.avif 600w, https:\/\/3d-edu.ch\/wp-content\/smush-avif\/2019\/01\/makerbot_educators_guidebook_deutsch-380x380.jpg.avif 380w, https:\/\/3d-edu.ch\/wp-content\/smush-avif\/2019\/01\/makerbot_educators_guidebook_deutsch-100x100.jpg.avif 100w, https:\/\/3d-edu.ch\/wp-content\/smush-avif\/2019\/01\/makerbot_educators_guidebook_deutsch-150x150.jpg.avif 150w, https:\/\/3d-edu.ch\/wp-content\/smush-avif\/2019\/01\/makerbot_educators_guidebook_deutsch-240x240.jpg.avif 240w\" sizes=\"auto, (max-width: 600px) 100vw, 600px\" \/>\t\t\t\t\t\t\n\t\t\t\t\t<\/div>\n\t\t\t\t\t\t\t\t\n<style>\n#image_404377017 {\n  width: 100%;\n}\n<\/style>\n\t<\/div>\n\t\n\n\n\t\t<\/div>\n\t\t\t\t\t<\/div>\n\n\t\n\n\t<div id=\"col-1031897484\" class=\"col medium-6 small-12 large-6\"  >\n\t\t\t\t<div class=\"col-inner\"  >\n\t\t\t\n\t\t\t\n\n<h4>MAKERBOT EDUCATORS GUIDEBOOK<\/h4>\n<p>Le nouveau <a href=\"https:\/\/3d-edu.ch\/fr\/makerbot-educators-guidebook\/\">manuel MakerBot Educators Guidebook<\/a> est destin\u00e9 \u00e0 aider les enseignants \u00e0 mettre en \u0153uvre l&rsquo;impression 3D en classe. En plus d&rsquo;une introduction \u00e0 l&rsquo;impression 3D et \u00e0 l&rsquo;utilisation des machines, le nouveau manuel de MakerBot contient divers projets d\u00e9j\u00e0 r\u00e9alis\u00e9s dans d&rsquo;autres \u00e9coles. Vous avez ainsi la possibilit\u00e9 de reprendre des projets existants ou de les d\u00e9velopper. Vous recevrez la version fran\u00e7aise de ce manuel dans le paquet.   <\/p>\n\n\t\t<\/div>\n\t\t\t\t\t<\/div>\n\n\t\n\n<\/div>\n<div class=\"row align-middle\"  id=\"row-1232360778\">\n\n\n\t<div id=\"col-562519233\" class=\"col medium-6 small-12 large-6\"  >\n\t\t\t\t<div class=\"col-inner\"  >\n\t\t\t\n\t\t\t\n\n<h4>SMART EXTRUDER+ &#038; FILAMENT<\/h4>\n<p>Minimisez les temps d&rsquo;arr\u00eat et obtenez des r\u00e9sultats ininterrompus avec une <a href=\"https:\/\/3d-edu.ch\/shop\/makerbot-smart-extruder-plus\/\">extrudeuse de rechange<\/a>. Celui-ci est \u00e9galement inclus dans le package. En tant que leader de l&rsquo;industrie, MakerBot est la seule marque \u00e0 proposer une extrudeuse facilement rempla\u00e7able. Avec les deux bobines de <a href=\"https:\/\/3d-edu.ch\/makerbot\/makerbot-filament\/makerbot-pla-filament\/\">filament PLA<\/a> incluses dans le pack, vous disposez en outre de suffisamment de mat\u00e9riel d&rsquo;impression pour commencer imm\u00e9diatement votre classe.   <\/p>\n\n\t\t<\/div>\n\t\t\t\t\t<\/div>\n\n\t\n\n\t<div id=\"col-59975908\" class=\"col medium-6 small-12 large-6\"  >\n\t\t\t\t<div class=\"col-inner\"  >\n\t\t\t\n\t\t\t\n\n\t<div class=\"img has-hover x md-x lg-x y md-y lg-y\" id=\"image_771757988\">\n\t\t\t\t\t\t\t\t<div class=\"img-inner dark\" >\n\t\t\t<img loading=\"lazy\" decoding=\"async\" width=\"380\" height=\"380\" src=\"https:\/\/3d-edu.ch\/wp-content\/smush-avif\/2019\/01\/MakerBot-Smart-Extruder.jpg.avif\" class=\"attachment-large size-large\" alt=\"MakerBot Smart Extruder+ (extrudeur intelligent)\" srcset=\"https:\/\/3d-edu.ch\/wp-content\/smush-avif\/2019\/01\/MakerBot-Smart-Extruder.jpg.avif 380w, https:\/\/3d-edu.ch\/wp-content\/smush-avif\/2019\/01\/MakerBot-Smart-Extruder-100x100.jpg.avif 100w, https:\/\/3d-edu.ch\/wp-content\/smush-avif\/2019\/01\/MakerBot-Smart-Extruder-150x150.jpg.avif 150w, https:\/\/3d-edu.ch\/wp-content\/smush-avif\/2019\/01\/MakerBot-Smart-Extruder-240x240.jpg.avif 240w\" sizes=\"auto, (max-width: 380px) 100vw, 380px\" \/>\t\t\t\t\t\t\n\t\t\t\t\t<\/div>\n\t\t\t\t\t\t\t\t\n<style>\n#image_771757988 {\n  width: 100%;\n}\n<\/style>\n\t<\/div>\n\t\n\n\n\t\t<\/div>\n\t\t\t\t\t<\/div>\n\n\t\n\n<\/div>\n<div class=\"row align-middle\"  id=\"row-2129708769\">\n\n\n\t<div id=\"col-18305827\" class=\"col medium-6 small-12 large-6\"  >\n\t\t\t\t<div class=\"col-inner\"  >\n\t\t\t\n\t\t\t\n\n\t<div class=\"img has-hover x md-x lg-x y md-y lg-y\" id=\"image_831518743\">\n\t\t\t\t\t\t\t\t<div class=\"img-inner dark\" >\n\t\t\t<img loading=\"lazy\" decoding=\"async\" width=\"600\" height=\"600\" src=\"https:\/\/3d-edu.ch\/wp-content\/smush-avif\/2019\/01\/digitalgenial3d-makerbot-education-package.jpg.avif\" class=\"attachment-large size-large\" alt=\"digitalgenial3d-makerbot-education-package\" srcset=\"https:\/\/3d-edu.ch\/wp-content\/smush-avif\/2019\/01\/digitalgenial3d-makerbot-education-package.jpg.avif 600w, https:\/\/3d-edu.ch\/wp-content\/smush-avif\/2019\/01\/digitalgenial3d-makerbot-education-package-380x380.jpg.avif 380w, https:\/\/3d-edu.ch\/wp-content\/smush-avif\/2019\/01\/digitalgenial3d-makerbot-education-package-100x100.jpg.avif 100w, https:\/\/3d-edu.ch\/wp-content\/smush-avif\/2019\/01\/digitalgenial3d-makerbot-education-package-150x150.jpg.avif 150w, https:\/\/3d-edu.ch\/wp-content\/smush-avif\/2019\/01\/digitalgenial3d-makerbot-education-package-240x240.jpg.avif 240w\" sizes=\"auto, (max-width: 600px) 100vw, 600px\" \/>\t\t\t\t\t\t\n\t\t\t\t\t<\/div>\n\t\t\t\t\t\t\t\t\n<style>\n#image_831518743 {\n  width: 100%;\n}\n<\/style>\n\t<\/div>\n\t\n\n\n\t\t<\/div>\n\t\t\t\t\t<\/div>\n\n\t\n\n\t<div id=\"col-410915931\" class=\"col medium-6 small-12 large-6\"  >\n\t\t\t\t<div class=\"col-inner\"  >\n\t\t\t\n\t\t\t\n\n<h4>TROLLY-CASE<\/h4>\n<p>L&rsquo;ensemble DigitalGenial3D est livr\u00e9 dans un bo\u00eetier trolley robuste. L&rsquo;imprimante 3D et ses accessoires peuvent ainsi \u00eatre transport\u00e9s facilement et en toute s\u00e9curit\u00e9. De plus, l&rsquo;\u00e9tui constitue \u00e9galement le socle n\u00e9cessaire pour l&rsquo;imprimante 3D pendant son utilisation - dans une salle de classe, un atelier ou n&rsquo;importe o\u00f9.  <\/p>\n<a href=\"https:\/\/3d-edu.ch\/fr\/contact\/\" class=\"button primary is-large lowercase\" >\n\t\t<span>Demander un devis<\/span>\n\t<\/a>\n\n\n<a href=\"\/shop\/digitalgenial3d-paket\/\" class=\"button primary is-large lowercase\" >\n\t\t<span>Commander en ligne<\/span>\n\t<\/a>\n\n\n\n\t\t<\/div>\n\t\t\t\t\t<\/div>\n\n\t\n\n<\/div>\n\n","protected":false},"excerpt":{"rendered":"","protected":false},"author":1,"featured_media":0,"parent":73127,"menu_order":0,"comment_status":"closed","ping_status":"closed","template":"","meta":{"footnotes":""},"class_list":["post-72992","page","type-page","status-publish","hentry"],"yoast_head":"<!-- This site is optimized with the Yoast SEO Premium plugin v27.4 (Yoast SEO v27.4) - https:\/\/yoast.com\/product\/yoast-seo-premium-wordpress\/ -->\n<title>Pack \u00e9cole DigitalGenial3D - Solution d&#039;impression 3D pour les \u00e9coles - 3D-EDU<\/title>\n<meta name=\"robots\" content=\"index, follow, max-snippet:-1, max-image-preview:large, max-video-preview:-1\" \/>\n<link rel=\"canonical\" href=\"https:\/\/3d-edu.ch\/fr\/education\/pack-ecole-digitalgenial3d\/\" \/>\n<meta property=\"og:locale\" content=\"fr_FR\" \/>\n<meta property=\"og:type\" content=\"article\" \/>\n<meta property=\"og:title\" content=\"Pack \u00e9cole DigitalGenial3D\" \/>\n<meta property=\"og:url\" content=\"https:\/\/3d-edu.ch\/fr\/education\/pack-ecole-digitalgenial3d\/\" \/>\n<meta property=\"og:site_name\" content=\"3D-EDU GmbH\" \/>\n<meta property=\"article:publisher\" content=\"https:\/\/www.facebook.com\/3d-educh-210277586064960\/\" \/>\n<meta property=\"article:modified_time\" content=\"2026-03-09T12:39:50+00:00\" \/>\n<meta property=\"og:image\" content=\"https:\/\/dedune53.myhostpoint.ch\/wp-content\/uploads\/2019\/01\/3d-drucker-schulpaket-digitalgenial3d-1.jpg\" \/>\n<meta name=\"twitter:card\" content=\"summary_large_image\" \/>\n<meta name=\"twitter:site\" content=\"@3d_edu_ch\" \/>\n<meta name=\"twitter:label1\" content=\"Dur\u00e9e de lecture estim\u00e9e\" \/>\n\t<meta name=\"twitter:data1\" content=\"4 minute\" \/>\n<script type=\"application\/ld+json\" class=\"yoast-schema-graph\">{\"@context\":\"https:\\\/\\\/schema.org\",\"@graph\":[{\"@type\":\"WebPage\",\"@id\":\"https:\\\/\\\/3d-edu.ch\\\/fr\\\/education\\\/pack-ecole-digitalgenial3d\\\/\",\"url\":\"https:\\\/\\\/3d-edu.ch\\\/fr\\\/education\\\/pack-ecole-digitalgenial3d\\\/\",\"name\":\"Pack \u00e9cole DigitalGenial3D - Solution d'impression 3D pour les \u00e9coles - 3D-EDU\",\"isPartOf\":{\"@id\":\"https:\\\/\\\/3d-edu.ch\\\/fr\\\/#website\"},\"datePublished\":\"2018-04-25T13:52:06+00:00\",\"dateModified\":\"2026-03-09T12:39:50+00:00\",\"breadcrumb\":{\"@id\":\"https:\\\/\\\/3d-edu.ch\\\/fr\\\/education\\\/pack-ecole-digitalgenial3d\\\/#breadcrumb\"},\"inLanguage\":\"fr-FR\",\"potentialAction\":[{\"@type\":\"ReadAction\",\"target\":[\"https:\\\/\\\/3d-edu.ch\\\/fr\\\/education\\\/pack-ecole-digitalgenial3d\\\/\"]}]},{\"@type\":\"BreadcrumbList\",\"@id\":\"https:\\\/\\\/3d-edu.ch\\\/fr\\\/education\\\/pack-ecole-digitalgenial3d\\\/#breadcrumb\",\"itemListElement\":[{\"@type\":\"ListItem\",\"position\":1,\"name\":\"Accueil\",\"item\":\"https:\\\/\\\/3d-edu.ch\\\/fr\\\/\"},{\"@type\":\"ListItem\",\"position\":2,\"name\":\"\u00c9ducation\",\"item\":\"https:\\\/\\\/3d-edu.ch\\\/fr\\\/education\\\/\"},{\"@type\":\"ListItem\",\"position\":3,\"name\":\"Pack \u00e9cole DigitalGenial3D\"}]},{\"@type\":\"WebSite\",\"@id\":\"https:\\\/\\\/3d-edu.ch\\\/fr\\\/#website\",\"url\":\"https:\\\/\\\/3d-edu.ch\\\/fr\\\/\",\"name\":\"3D-EDU GmbH\",\"description\":\"Your Formlabs, UltiMaker and Raise3D Printer Support and Education Site in Switzerland. \\\/\\\/ Ihre Formlabs, UltiMaker and Raise3D Drucker Support und Bildungs Webseite der Schweiz.\",\"publisher\":{\"@id\":\"https:\\\/\\\/3d-edu.ch\\\/fr\\\/#organization\"},\"potentialAction\":[{\"@type\":\"SearchAction\",\"target\":{\"@type\":\"EntryPoint\",\"urlTemplate\":\"https:\\\/\\\/3d-edu.ch\\\/fr\\\/?s={search_term_string}\"},\"query-input\":{\"@type\":\"PropertyValueSpecification\",\"valueRequired\":true,\"valueName\":\"search_term_string\"}}],\"inLanguage\":\"fr-FR\"},{\"@type\":[\"Organization\",\"Place\",\"ElectronicsStore\"],\"@id\":\"https:\\\/\\\/3d-edu.ch\\\/fr\\\/#organization\",\"name\":\"3D-EDU GmbH\",\"url\":\"https:\\\/\\\/3d-edu.ch\\\/fr\\\/\",\"logo\":{\"@id\":\"https:\\\/\\\/3d-edu.ch\\\/fr\\\/education\\\/pack-ecole-digitalgenial3d\\\/#local-main-organization-logo\"},\"image\":{\"@id\":\"https:\\\/\\\/3d-edu.ch\\\/fr\\\/education\\\/pack-ecole-digitalgenial3d\\\/#local-main-organization-logo\"},\"sameAs\":[\"https:\\\/\\\/www.facebook.com\\\/3d-educh-210277586064960\\\/\",\"https:\\\/\\\/x.com\\\/3d_edu_ch\"],\"address\":{\"@id\":\"https:\\\/\\\/3d-edu.ch\\\/fr\\\/education\\\/pack-ecole-digitalgenial3d\\\/#local-main-place-address\"},\"geo\":{\"@type\":\"GeoCoordinates\",\"latitude\":\"47.38413\",\"longitude\":\"8.49812\"},\"telephone\":[\"+41 44 492 11 22\"],\"openingHoursSpecification\":[{\"@type\":\"OpeningHoursSpecification\",\"dayOfWeek\":[\"Monday\",\"Tuesday\",\"Wednesday\",\"Thursday\",\"Friday\"],\"opens\":\"08:30\",\"closes\":\"18:00\"},{\"@type\":\"OpeningHoursSpecification\",\"dayOfWeek\":[\"Saturday\",\"Sunday\"],\"opens\":\"00:00\",\"closes\":\"00:00\"}],\"email\":\"info@3d-edu.ch\",\"faxNumber\":\"+41 44 492 11 23\",\"vatID\":\"CHE-184.499.491 MWST\",\"priceRange\":\"$$$\",\"currenciesAccepted\":\"CHF\"},{\"@type\":\"PostalAddress\",\"@id\":\"https:\\\/\\\/3d-edu.ch\\\/fr\\\/education\\\/pack-ecole-digitalgenial3d\\\/#local-main-place-address\",\"streetAddress\":\"3D-EDU GmbH, Badenerstrasse 556\",\"addressLocality\":\"Z\u00fcrich\",\"postalCode\":\"8048\",\"addressRegion\":\"Z\u00fcrich\",\"addressCountry\":\"CH\"},{\"@type\":\"ImageObject\",\"inLanguage\":\"fr-FR\",\"@id\":\"https:\\\/\\\/3d-edu.ch\\\/fr\\\/education\\\/pack-ecole-digitalgenial3d\\\/#local-main-organization-logo\",\"url\":\"https:\\\/\\\/3d-edu.ch\\\/wp-content\\\/uploads\\\/2018\\\/10\\\/3d-drucker-makerbot-formlabs-professionelle-3d-drucker-e1546527990490.png\",\"contentUrl\":\"https:\\\/\\\/3d-edu.ch\\\/wp-content\\\/uploads\\\/2018\\\/10\\\/3d-drucker-makerbot-formlabs-professionelle-3d-drucker-e1546527990490.png\",\"width\":275,\"height\":80,\"caption\":\"3D-EDU GmbH\"}]}<\/script>\n<meta name=\"geo.placename\" content=\"Z\u00fcrich\" \/>\n<meta name=\"geo.position\" content=\"47.38413;8.49812\" \/>\n<meta name=\"geo.region\" content=\"Suisse\" \/>\n<!-- \/ Yoast SEO Premium plugin. -->","yoast_head_json":{"title":"Pack \u00e9cole DigitalGenial3D - Solution d'impression 3D pour les \u00e9coles - 3D-EDU","robots":{"index":"index","follow":"follow","max-snippet":"max-snippet:-1","max-image-preview":"max-image-preview:large","max-video-preview":"max-video-preview:-1"},"canonical":"https:\/\/3d-edu.ch\/fr\/education\/pack-ecole-digitalgenial3d\/","og_locale":"fr_FR","og_type":"article","og_title":"Pack \u00e9cole DigitalGenial3D","og_url":"https:\/\/3d-edu.ch\/fr\/education\/pack-ecole-digitalgenial3d\/","og_site_name":"3D-EDU GmbH","article_publisher":"https:\/\/www.facebook.com\/3d-educh-210277586064960\/","article_modified_time":"2026-03-09T12:39:50+00:00","og_image":[{"url":"https:\/\/dedune53.myhostpoint.ch\/wp-content\/uploads\/2019\/01\/3d-drucker-schulpaket-digitalgenial3d-1.jpg","type":"","width":"","height":""}],"twitter_card":"summary_large_image","twitter_site":"@3d_edu_ch","twitter_misc":{"Dur\u00e9e de lecture estim\u00e9e":"4 minute"},"schema":{"@context":"https:\/\/schema.org","@graph":[{"@type":"WebPage","@id":"https:\/\/3d-edu.ch\/fr\/education\/pack-ecole-digitalgenial3d\/","url":"https:\/\/3d-edu.ch\/fr\/education\/pack-ecole-digitalgenial3d\/","name":"Pack \u00e9cole DigitalGenial3D - Solution d'impression 3D pour les \u00e9coles - 3D-EDU","isPartOf":{"@id":"https:\/\/3d-edu.ch\/fr\/#website"},"datePublished":"2018-04-25T13:52:06+00:00","dateModified":"2026-03-09T12:39:50+00:00","breadcrumb":{"@id":"https:\/\/3d-edu.ch\/fr\/education\/pack-ecole-digitalgenial3d\/#breadcrumb"},"inLanguage":"fr-FR","potentialAction":[{"@type":"ReadAction","target":["https:\/\/3d-edu.ch\/fr\/education\/pack-ecole-digitalgenial3d\/"]}]},{"@type":"BreadcrumbList","@id":"https:\/\/3d-edu.ch\/fr\/education\/pack-ecole-digitalgenial3d\/#breadcrumb","itemListElement":[{"@type":"ListItem","position":1,"name":"Accueil","item":"https:\/\/3d-edu.ch\/fr\/"},{"@type":"ListItem","position":2,"name":"\u00c9ducation","item":"https:\/\/3d-edu.ch\/fr\/education\/"},{"@type":"ListItem","position":3,"name":"Pack \u00e9cole DigitalGenial3D"}]},{"@type":"WebSite","@id":"https:\/\/3d-edu.ch\/fr\/#website","url":"https:\/\/3d-edu.ch\/fr\/","name":"3D-EDU GmbH","description":"Your Formlabs, UltiMaker and Raise3D Printer Support and Education Site in Switzerland. \/\/ Ihre Formlabs, UltiMaker and Raise3D Drucker Support und Bildungs Webseite der Schweiz.","publisher":{"@id":"https:\/\/3d-edu.ch\/fr\/#organization"},"potentialAction":[{"@type":"SearchAction","target":{"@type":"EntryPoint","urlTemplate":"https:\/\/3d-edu.ch\/fr\/?s={search_term_string}"},"query-input":{"@type":"PropertyValueSpecification","valueRequired":true,"valueName":"search_term_string"}}],"inLanguage":"fr-FR"},{"@type":["Organization","Place","ElectronicsStore"],"@id":"https:\/\/3d-edu.ch\/fr\/#organization","name":"3D-EDU GmbH","url":"https:\/\/3d-edu.ch\/fr\/","logo":{"@id":"https:\/\/3d-edu.ch\/fr\/education\/pack-ecole-digitalgenial3d\/#local-main-organization-logo"},"image":{"@id":"https:\/\/3d-edu.ch\/fr\/education\/pack-ecole-digitalgenial3d\/#local-main-organization-logo"},"sameAs":["https:\/\/www.facebook.com\/3d-educh-210277586064960\/","https:\/\/x.com\/3d_edu_ch"],"address":{"@id":"https:\/\/3d-edu.ch\/fr\/education\/pack-ecole-digitalgenial3d\/#local-main-place-address"},"geo":{"@type":"GeoCoordinates","latitude":"47.38413","longitude":"8.49812"},"telephone":["+41 44 492 11 22"],"openingHoursSpecification":[{"@type":"OpeningHoursSpecification","dayOfWeek":["Monday","Tuesday","Wednesday","Thursday","Friday"],"opens":"08:30","closes":"18:00"},{"@type":"OpeningHoursSpecification","dayOfWeek":["Saturday","Sunday"],"opens":"00:00","closes":"00:00"}],"email":"info@3d-edu.ch","faxNumber":"+41 44 492 11 23","vatID":"CHE-184.499.491 MWST","priceRange":"$$$","currenciesAccepted":"CHF"},{"@type":"PostalAddress","@id":"https:\/\/3d-edu.ch\/fr\/education\/pack-ecole-digitalgenial3d\/#local-main-place-address","streetAddress":"3D-EDU GmbH, Badenerstrasse 556","addressLocality":"Z\u00fcrich","postalCode":"8048","addressRegion":"Z\u00fcrich","addressCountry":"CH"},{"@type":"ImageObject","inLanguage":"fr-FR","@id":"https:\/\/3d-edu.ch\/fr\/education\/pack-ecole-digitalgenial3d\/#local-main-organization-logo","url":"https:\/\/3d-edu.ch\/wp-content\/uploads\/2018\/10\/3d-drucker-makerbot-formlabs-professionelle-3d-drucker-e1546527990490.png","contentUrl":"https:\/\/3d-edu.ch\/wp-content\/uploads\/2018\/10\/3d-drucker-makerbot-formlabs-professionelle-3d-drucker-e1546527990490.png","width":275,"height":80,"caption":"3D-EDU GmbH"}]},"geo.placename":"Z\u00fcrich","geo.position":{"lat":"47.38413","long":"8.49812"},"geo.region":"Suisse"},"_links":{"self":[{"href":"https:\/\/3d-edu.ch\/fr\/wp-json\/wp\/v2\/pages\/72992","targetHints":{"allow":["GET"]}}],"collection":[{"href":"https:\/\/3d-edu.ch\/fr\/wp-json\/wp\/v2\/pages"}],"about":[{"href":"https:\/\/3d-edu.ch\/fr\/wp-json\/wp\/v2\/types\/page"}],"author":[{"embeddable":true,"href":"https:\/\/3d-edu.ch\/fr\/wp-json\/wp\/v2\/users\/1"}],"replies":[{"embeddable":true,"href":"https:\/\/3d-edu.ch\/fr\/wp-json\/wp\/v2\/comments?post=72992"}],"version-history":[{"count":3,"href":"https:\/\/3d-edu.ch\/fr\/wp-json\/wp\/v2\/pages\/72992\/revisions"}],"predecessor-version":[{"id":80673,"href":"https:\/\/3d-edu.ch\/fr\/wp-json\/wp\/v2\/pages\/72992\/revisions\/80673"}],"up":[{"embeddable":true,"href":"https:\/\/3d-edu.ch\/fr\/wp-json\/wp\/v2\/pages\/73127"}],"wp:attachment":[{"href":"https:\/\/3d-edu.ch\/fr\/wp-json\/wp\/v2\/media?parent=72992"}],"curies":[{"name":"wp","href":"https:\/\/api.w.org\/{rel}","templated":true}]}}