{"id":72921,"date":"2022-10-20T09:15:59","date_gmt":"2022-10-20T07:15:59","guid":{"rendered":"https:\/\/3d-edu.ch\/raise3d\/filaments\/programme-de-filaments-ouverts-ofp\/"},"modified":"2026-03-11T13:33:42","modified_gmt":"2026-03-11T12:33:42","slug":"programme-de-filaments-ouverts-ofp","status":"publish","type":"page","link":"https:\/\/3d-edu.ch\/fr\/raise3d\/filaments\/programme-de-filaments-ouverts-ofp\/","title":{"rendered":"Programme de filaments ouverts (OFP)"},"content":{"rendered":"\n\n\t<section class=\"section dark\" id=\"section_1920850563\">\n\t\t<div class=\"section-bg fill\" >\n\t\t\t<img loading=\"lazy\" decoding=\"async\" width=\"1920\" height=\"750\" src=\"https:\/\/3d-edu.ch\/wp-content\/uploads\/2022\/10\/Raise3D-OFP-open-filament-program.webp\" class=\"bg attachment-original size-original\" alt=\"Raise3D OFP - open filament program\" \/>\t\t\t\t\t\t<div class=\"section-bg-overlay absolute fill\"><\/div>\n\t\t\t\n\n\t\t<\/div>\n\n\t\t\n\n\t\t<div class=\"section-content relative\">\n\t\t\t\n\n<div class=\"row\"  id=\"row-218250198\">\n\n\n\t<div id=\"col-1110074131\" class=\"col medium-8 small-12 large-8\"  >\n\t\t\t\t<div class=\"col-inner\"  >\n\t\t\t\n\t\t\t\n\n<h1>Open Filament Program (OFP) - Mat\u00e9riaux tiers certifi\u00e9s<\/h1>\n<p>Dans le cadre de l&rsquo;Open Filament Program (OFP), Raise3D collabore avec d&rsquo;autres fabricants de filaments. L&rsquo;objectif est d&rsquo;identifier et de s\u00e9lectionner les filaments les plus performants pour les imprimantes 3D FFF de Raise3D. <\/p>\n<p>Pour consulter la liste actuelle des fabricants et t\u00e9l\u00e9charger des profils de slicing, veuillez consulter la <a href=\"https:\/\/www.ideamaker.io\/ofpMaterials.html\" target=\"_blank\" rel=\"noopener\">biblioth\u00e8que ideaMaker<\/a>.<\/p>\n\n\t\t<\/div>\n\t\t\t\t\t<\/div>\n\n\t\n\n<\/div>\n\n\t\t<\/div>\n\n\t\t\n<style>\n#section_1920850563 {\n  padding-top: 30px;\n  padding-bottom: 30px;\n  min-height: 750px;\n}\n#section_1920850563 .section-bg-overlay {\n  background-color: rgba(0,0,0,.5);\n}\n<\/style>\n\t<\/section>\n\t\n\n\t<section class=\"section\" id=\"section_1001127369\">\n\t\t<div class=\"section-bg fill\" >\n\t\t\t\t\t\t\t\t\t\n\t\t\t\n\n\t\t<\/div>\n\n\t\t\n\n\t\t<div class=\"section-content relative\">\n\t\t\t\n\n<div class=\"row\"  id=\"row-747854963\">\n\n\n\t<div id=\"col-1440901490\" class=\"col medium-8 small-12 large-8\"  >\n\t\t\t\t<div class=\"col-inner\"  >\n\t\t\t\n\t\t\t\n\n<h1>Fabricant de filaments pour l&rsquo;impression 3D<\/h1>\n<p>Raise3D ne propose pas seulement ses propres <a href=\"https:\/\/3d-edu.ch\/fr\/product-brands\/raise3d\/\">filaments Raise3D<\/a>. Dans le cadre de l&rsquo;Open Filament Program (OFP), Raise3D travaille en permanence avec des fabricants de filaments. Dans le cadre de l&rsquo;OFP, Raise3D certifie des mat\u00e9riaux et v\u00e9rifie ou cr\u00e9e elle-m\u00eame les profils de d\u00e9coupe correspondants. Ces profils sont ensuite mis \u00e0 la disposition des imprimantes 3D FFF de Raise3D dans la <a href=\"https:\/\/www.ideamaker.io\/ofpMaterials.html\" target=\"_blank\" rel=\"noopener\">biblioth\u00e8que ideaMaker<\/a>.   <\/p>\n<p>L&rsquo;OFP est maintenant entr\u00e9 dans la phase 2.0 et propose des filaments sp\u00e9cifiques de qualit\u00e9 industrielle avec des propri\u00e9t\u00e9s m\u00e9caniques garanties et un processus d&rsquo;impression fiable. Cette liste comprend d\u00e9sormais, entre autres, les mat\u00e9riaux de <a href=\"\/?yith_product_brand=treed\">Treed<\/a>, que vous pouvez vous procurer chez nous. <\/p>\n\n\t\t<\/div>\n\t\t\t\t\t<\/div>\n\n\t\n\n<\/div>\n\n\t\t<\/div>\n\n\t\t\n<style>\n#section_1001127369 {\n  padding-top: 30px;\n  padding-bottom: 30px;\n  background-color: rgb(240, 240, 240);\n}\n<\/style>\n\t<\/section>\n\t\n\n\t<section class=\"section\" id=\"section_649121627\">\n\t\t<div class=\"section-bg fill\" >\n\t\t\t\t\t\t\t\t\t\n\t\t\t\n\n\t\t<\/div>\n\n\t\t\n\n\t\t<div class=\"section-content relative\">\n\t\t\t\n\n<div class=\"row\"  id=\"row-652091336\">\n\n\n\t<div id=\"col-1621891753\" class=\"col small-12 large-12\"  >\n\t\t\t\t<div class=\"col-inner\"  >\n\t\t\t\n\t\t\t\n\n\t<div class=\"img has-hover x md-x lg-x y md-y lg-y\" id=\"image_1721663833\">\n\t\t\t\t\t\t\t\t<div class=\"img-inner dark\" >\n\t\t\t<img loading=\"lazy\" decoding=\"async\" width=\"1920\" height=\"1412\" src=\"https:\/\/3d-edu.ch\/wp-content\/uploads\/2022\/10\/raise3d-drittanbieter-filamente.webp\" class=\"attachment-original size-original\" alt=\"raise3d Drittanbieter Filamente\" srcset=\"https:\/\/3d-edu.ch\/wp-content\/uploads\/2022\/10\/raise3d-drittanbieter-filamente.webp 1920w, https:\/\/3d-edu.ch\/wp-content\/uploads\/2022\/10\/raise3d-drittanbieter-filamente-240x177.webp 240w, https:\/\/3d-edu.ch\/wp-content\/uploads\/2022\/10\/raise3d-drittanbieter-filamente-1024x753.webp 1024w, https:\/\/3d-edu.ch\/wp-content\/uploads\/2022\/10\/raise3d-drittanbieter-filamente-768x565.webp 768w, https:\/\/3d-edu.ch\/wp-content\/uploads\/2022\/10\/raise3d-drittanbieter-filamente-1536x1130.webp 1536w, https:\/\/3d-edu.ch\/wp-content\/uploads\/2022\/10\/raise3d-drittanbieter-filamente-41x30.webp 41w, https:\/\/3d-edu.ch\/wp-content\/uploads\/2022\/10\/raise3d-drittanbieter-filamente-380x279.webp 380w\" sizes=\"auto, (max-width: 1920px) 100vw, 1920px\" \/>\t\t\t\t\t\t\n\t\t\t\t\t<\/div>\n\t\t\t\t\t\t\t\t\n<style>\n#image_1721663833 {\n  width: 100%;\n}\n<\/style>\n\t<\/div>\n\t\n\n\n\t\t<\/div>\n\t\t\t\t\t<\/div>\n\n\t\n\n<\/div>\n\n\t\t<\/div>\n\n\t\t\n<style>\n#section_649121627 {\n  padding-top: 30px;\n  padding-bottom: 30px;\n  background-color: rgb(0,0,0);\n}\n<\/style>\n\t<\/section>\n\t\n\n\t<section class=\"section\" id=\"section_207192726\">\n\t\t<div class=\"section-bg fill\" >\n\t\t\t\t\t\t\t\t\t\n\t\t\t\n\n\t\t<\/div>\n\n\t\t\n\n\t\t<div class=\"section-content relative\">\n\t\t\t\n\n<div class=\"row\"  id=\"row-1119756282\">\n\n\n\t<div id=\"col-638751672\" class=\"col medium-4 small-6 large-4\"  >\n\t\t\t\t<div class=\"col-inner\"  >\n\t\t\t\n\t\t\t\n\n<h3>Imprimante 3D Raise3D FFF<\/h3>\n<p>Retrouvez toutes les imprimantes 3D de Raise3D disponibles sur notre site.<\/p>\n\n  \n    <div class=\"row large-columns-1 medium-columns- small-columns- row-small slider row-slider slider-nav-reveal slider-nav-push\"  data-flickity-options='{&quot;imagesLoaded&quot;: true, &quot;groupCells&quot;: &quot;100%&quot;, &quot;dragThreshold&quot; : 5, &quot;cellAlign&quot;: &quot;left&quot;,&quot;wrapAround&quot;: true,&quot;prevNextButtons&quot;: true,&quot;percentPosition&quot;: true,&quot;pageDots&quot;: false, &quot;rightToLeft&quot;: false, &quot;autoPlay&quot; : false}' >\n\n  <div class=\"product-category col\" >\n            <div class=\"col-inner\">\n              <a aria-label=\"Acc\u00e9der \u00e0 la cat\u00e9gorie de produits Imprimante 3D FFF\" href=\"https:\/\/3d-edu.ch\/fr\/categorie-de-produits\/raise3d\/imprimante-3d-fff-fr\/\">                <div class=\"box box-category has-hover box-bounce \">\n                <div class=\"box-image\" >\n                  <div class=\"\" >\n                  <img loading=\"lazy\" decoding=\"async\" src=\"https:\/\/3d-edu.ch\/wp-content\/uploads\/2022\/10\/fff-3d-drucker-247x296.webp\" alt=\"Imprimante 3D FFF\" width=\"300\" height=\"300\" \/>                                                      <\/div>\n                <\/div>\n                <div class=\"box-text text-center\" >\n                  <div class=\"box-text-inner\">\n                      <h5 class=\"uppercase header-title\">\n                              Imprimante 3D FFF                      <\/h5>\n                                            <p class=\"is-xsmall uppercase count \">\n\t                      5 Produits                      <\/p>\n                                            \n                  <\/div>\n                <\/div>\n                <\/div>\n            <\/a>            <\/div>\n            <\/div><\/div>\n\n\n\t\t<\/div>\n\t\t\t\t\n<style>\n#col-638751672 > .col-inner {\n  padding: 20px 20px 0px 20px;\n}\n<\/style>\n\t<\/div>\n\n\t\n\n\t<div id=\"col-1553199604\" class=\"col medium-4 small-6 large-4\"  >\n\t\t\t\t<div class=\"col-inner\"  >\n\t\t\t\n\t\t\t\n\n<h3>Filaments Raise3D<\/h3>\n<p>Trouvez chez nous les filaments Raise3D pour votre imprimante 3D.<\/p>\n\n  \n    <div class=\"row large-columns-1 medium-columns- small-columns- row-small slider row-slider slider-nav-reveal slider-nav-push\"  data-flickity-options='{&quot;imagesLoaded&quot;: true, &quot;groupCells&quot;: &quot;100%&quot;, &quot;dragThreshold&quot; : 5, &quot;cellAlign&quot;: &quot;left&quot;,&quot;wrapAround&quot;: true,&quot;prevNextButtons&quot;: true,&quot;percentPosition&quot;: true,&quot;pageDots&quot;: false, &quot;rightToLeft&quot;: false, &quot;autoPlay&quot; : false}' >\n\n  <div class=\"product-category col\" >\n            <div class=\"col-inner\">\n              <a aria-label=\"Acc\u00e9der \u00e0 la cat\u00e9gorie de produits Filaments Raise3D\" href=\"https:\/\/3d-edu.ch\/fr\/categorie-de-produits\/filaments-pour-imprimantes-3d-fr\/filaments-raise3d-fr\/\">                <div class=\"box box-category has-hover box-bounce \">\n                <div class=\"box-image\" >\n                  <div class=\"\" >\n                  <img loading=\"lazy\" decoding=\"async\" src=\"https:\/\/3d-edu.ch\/wp-content\/uploads\/2022\/10\/raise3D-premium-abs-filament-gray-247x296.webp\" alt=\"Filaments Raise3D\" width=\"300\" height=\"300\" \/>                                                      <\/div>\n                <\/div>\n                <div class=\"box-text text-center\" >\n                  <div class=\"box-text-inner\">\n                      <h5 class=\"uppercase header-title\">\n                              Filaments Raise3D                      <\/h5>\n                                            <p class=\"is-xsmall uppercase count \">\n\t                      20 Produits                      <\/p>\n                                            \n                  <\/div>\n                <\/div>\n                <\/div>\n            <\/a>            <\/div>\n            <\/div><\/div>\n\n\n\t\t<\/div>\n\t\t\t\t\n<style>\n#col-1553199604 > .col-inner {\n  padding: 20px 20px 0px 20px;\n}\n<\/style>\n\t<\/div>\n\n\t\n\n\t<div id=\"col-319613421\" class=\"col medium-4 small-6 large-4\"  >\n\t\t\t\t<div class=\"col-inner\"  >\n\t\t\t\n\t\t\t\n\n<h3>Pi\u00e8ces de rechange et accessoires Raise3D<\/h3>\n<p>Trouvez des pi\u00e8ces de rechange et des accessoires pour votre imprimante 3D Raise3D.<\/p>\n\n  \n    <div class=\"row large-columns-1 medium-columns- small-columns- row-small slider row-slider slider-nav-reveal slider-nav-push\"  data-flickity-options='{&quot;imagesLoaded&quot;: true, &quot;groupCells&quot;: &quot;100%&quot;, &quot;dragThreshold&quot; : 5, &quot;cellAlign&quot;: &quot;left&quot;,&quot;wrapAround&quot;: true,&quot;prevNextButtons&quot;: true,&quot;percentPosition&quot;: true,&quot;pageDots&quot;: false, &quot;rightToLeft&quot;: false, &quot;autoPlay&quot; : false}' >\n\n  <div class=\"product-category col\" >\n            <div class=\"col-inner\">\n              <a aria-label=\"Acc\u00e9der \u00e0 la cat\u00e9gorie de produits Pi\u00e8ces de rechange &amp; accessoires\" href=\"https:\/\/3d-edu.ch\/fr\/categorie-de-produits\/raise3d\/pieces-de-rechange-accessoires-fr\/\">                <div class=\"box box-category has-hover box-bounce \">\n                <div class=\"box-image\" >\n                  <div class=\"\" >\n                  <img loading=\"lazy\" decoding=\"async\" src=\"https:\/\/3d-edu.ch\/wp-content\/uploads\/2022\/10\/raise3d-ersatzteile-spare-parts-247x296.webp\" alt=\"Pi\u00e8ces de rechange &amp; accessoires\" width=\"300\" height=\"300\" \/>                                                      <\/div>\n                <\/div>\n                <div class=\"box-text text-center\" >\n                  <div class=\"box-text-inner\">\n                      <h5 class=\"uppercase header-title\">\n                              Pi\u00e8ces de rechange &amp; accessoires                      <\/h5>\n                                            <p class=\"is-xsmall uppercase count \">\n\t                      21 Produits                      <\/p>\n                                            \n                  <\/div>\n                <\/div>\n                <\/div>\n            <\/a>            <\/div>\n            <\/div><\/div>\n\n\n\t\t<\/div>\n\t\t\t\t\n<style>\n#col-319613421 > .col-inner {\n  padding: 20px 20px 0px 20px;\n}\n<\/style>\n\t<\/div>\n\n\t\n\n\n<style>\n#row-1119756282 > .col > .col-inner {\n  background-color: rgb(235, 235, 235);\n}\n<\/style>\n<\/div>\n\n\t\t<\/div>\n\n\t\t\n<style>\n#section_207192726 {\n  padding-top: 30px;\n  padding-bottom: 30px;\n  background-color: rgb(245, 245, 245);\n}\n<\/style>\n\t<\/section>\n\t\n\n\n","protected":false},"excerpt":{"rendered":"","protected":false},"author":1,"featured_media":66641,"parent":82225,"menu_order":0,"comment_status":"closed","ping_status":"closed","template":"page-blank.php","meta":{"footnotes":""},"class_list":["post-72921","page","type-page","status-publish","has-post-thumbnail","hentry"],"yoast_head":"<!-- This site is optimized with the Yoast SEO Premium plugin v27.4 (Yoast SEO v27.4) - https:\/\/yoast.com\/product\/yoast-seo-premium-wordpress\/ -->\n<title>Raise3D Programme de filaments ouverts (OFP) - 3D-EDU GmbH<\/title>\n<meta name=\"robots\" content=\"index, follow, max-snippet:-1, max-image-preview:large, max-video-preview:-1\" \/>\n<link rel=\"canonical\" href=\"https:\/\/3d-edu.ch\/fr\/raise3d\/filaments\/programme-de-filaments-ouverts-ofp\/\" \/>\n<meta property=\"og:locale\" content=\"fr_FR\" \/>\n<meta property=\"og:type\" content=\"article\" \/>\n<meta property=\"og:title\" content=\"Programme de filaments ouverts (OFP)\" \/>\n<meta property=\"og:url\" content=\"https:\/\/3d-edu.ch\/fr\/raise3d\/filaments\/programme-de-filaments-ouverts-ofp\/\" \/>\n<meta property=\"og:site_name\" content=\"3D-EDU GmbH\" \/>\n<meta property=\"article:publisher\" content=\"https:\/\/www.facebook.com\/3d-educh-210277586064960\/\" \/>\n<meta property=\"article:modified_time\" content=\"2026-03-11T12:33:42+00:00\" \/>\n<meta property=\"og:image\" content=\"https:\/\/3d-edu.ch\/wp-content\/uploads\/2022\/10\/raise3d-drittanbieter-filamente.webp\" \/>\n\t<meta property=\"og:image:width\" content=\"1920\" \/>\n\t<meta property=\"og:image:height\" content=\"1412\" \/>\n\t<meta property=\"og:image:type\" content=\"image\/webp\" \/>\n<meta name=\"twitter:card\" content=\"summary_large_image\" \/>\n<meta name=\"twitter:site\" content=\"@3d_edu_ch\" \/>\n<meta name=\"twitter:label1\" content=\"Dur\u00e9e de lecture estim\u00e9e\" \/>\n\t<meta name=\"twitter:data1\" content=\"1 minute\" \/>\n<script type=\"application\/ld+json\" class=\"yoast-schema-graph\">{\"@context\":\"https:\\\/\\\/schema.org\",\"@graph\":[{\"@type\":\"WebPage\",\"@id\":\"https:\\\/\\\/3d-edu.ch\\\/fr\\\/raise3d\\\/filaments\\\/programme-de-filaments-ouverts-ofp\\\/\",\"url\":\"https:\\\/\\\/3d-edu.ch\\\/fr\\\/raise3d\\\/filaments\\\/programme-de-filaments-ouverts-ofp\\\/\",\"name\":\"Raise3D Programme de filaments ouverts (OFP) - 3D-EDU GmbH\",\"isPartOf\":{\"@id\":\"https:\\\/\\\/3d-edu.ch\\\/fr\\\/#website\"},\"primaryImageOfPage\":{\"@id\":\"https:\\\/\\\/3d-edu.ch\\\/fr\\\/raise3d\\\/filaments\\\/programme-de-filaments-ouverts-ofp\\\/#primaryimage\"},\"image\":{\"@id\":\"https:\\\/\\\/3d-edu.ch\\\/fr\\\/raise3d\\\/filaments\\\/programme-de-filaments-ouverts-ofp\\\/#primaryimage\"},\"thumbnailUrl\":\"https:\\\/\\\/3d-edu.ch\\\/wp-content\\\/uploads\\\/2022\\\/10\\\/raise3d-drittanbieter-filamente.webp\",\"datePublished\":\"2022-10-20T07:15:59+00:00\",\"dateModified\":\"2026-03-11T12:33:42+00:00\",\"breadcrumb\":{\"@id\":\"https:\\\/\\\/3d-edu.ch\\\/fr\\\/raise3d\\\/filaments\\\/programme-de-filaments-ouverts-ofp\\\/#breadcrumb\"},\"inLanguage\":\"fr-FR\",\"potentialAction\":[{\"@type\":\"ReadAction\",\"target\":[\"https:\\\/\\\/3d-edu.ch\\\/fr\\\/raise3d\\\/filaments\\\/programme-de-filaments-ouverts-ofp\\\/\"]}]},{\"@type\":\"ImageObject\",\"inLanguage\":\"fr-FR\",\"@id\":\"https:\\\/\\\/3d-edu.ch\\\/fr\\\/raise3d\\\/filaments\\\/programme-de-filaments-ouverts-ofp\\\/#primaryimage\",\"url\":\"https:\\\/\\\/3d-edu.ch\\\/wp-content\\\/uploads\\\/2022\\\/10\\\/raise3d-drittanbieter-filamente.webp\",\"contentUrl\":\"https:\\\/\\\/3d-edu.ch\\\/wp-content\\\/uploads\\\/2022\\\/10\\\/raise3d-drittanbieter-filamente.webp\",\"width\":1920,\"height\":1412,\"caption\":\"raise3d Drittanbieter Filamente\"},{\"@type\":\"BreadcrumbList\",\"@id\":\"https:\\\/\\\/3d-edu.ch\\\/fr\\\/raise3d\\\/filaments\\\/programme-de-filaments-ouverts-ofp\\\/#breadcrumb\",\"itemListElement\":[{\"@type\":\"ListItem\",\"position\":1,\"name\":\"Accueil\",\"item\":\"https:\\\/\\\/3d-edu.ch\\\/fr\\\/\"},{\"@type\":\"ListItem\",\"position\":2,\"name\":\"Raise3D\",\"item\":\"https:\\\/\\\/3d-edu.ch\\\/fr\\\/raise3d\\\/\"},{\"@type\":\"ListItem\",\"position\":3,\"name\":\"Programme de filaments ouverts (OFP)\"}]},{\"@type\":\"WebSite\",\"@id\":\"https:\\\/\\\/3d-edu.ch\\\/fr\\\/#website\",\"url\":\"https:\\\/\\\/3d-edu.ch\\\/fr\\\/\",\"name\":\"3D-EDU GmbH\",\"description\":\"Your Formlabs, UltiMaker and Raise3D Printer Support and Education Site in Switzerland. \\\/\\\/ Ihre Formlabs, UltiMaker and Raise3D Drucker Support und Bildungs Webseite der Schweiz.\",\"publisher\":{\"@id\":\"https:\\\/\\\/3d-edu.ch\\\/fr\\\/#organization\"},\"potentialAction\":[{\"@type\":\"SearchAction\",\"target\":{\"@type\":\"EntryPoint\",\"urlTemplate\":\"https:\\\/\\\/3d-edu.ch\\\/fr\\\/?s={search_term_string}\"},\"query-input\":{\"@type\":\"PropertyValueSpecification\",\"valueRequired\":true,\"valueName\":\"search_term_string\"}}],\"inLanguage\":\"fr-FR\"},{\"@type\":[\"Organization\",\"Place\",\"ElectronicsStore\"],\"@id\":\"https:\\\/\\\/3d-edu.ch\\\/fr\\\/#organization\",\"name\":\"3D-EDU GmbH\",\"url\":\"https:\\\/\\\/3d-edu.ch\\\/fr\\\/\",\"logo\":{\"@id\":\"https:\\\/\\\/3d-edu.ch\\\/fr\\\/raise3d\\\/filaments\\\/programme-de-filaments-ouverts-ofp\\\/#local-main-organization-logo\"},\"image\":{\"@id\":\"https:\\\/\\\/3d-edu.ch\\\/fr\\\/raise3d\\\/filaments\\\/programme-de-filaments-ouverts-ofp\\\/#local-main-organization-logo\"},\"sameAs\":[\"https:\\\/\\\/www.facebook.com\\\/3d-educh-210277586064960\\\/\",\"https:\\\/\\\/x.com\\\/3d_edu_ch\"],\"address\":{\"@id\":\"https:\\\/\\\/3d-edu.ch\\\/fr\\\/raise3d\\\/filaments\\\/programme-de-filaments-ouverts-ofp\\\/#local-main-place-address\"},\"geo\":{\"@type\":\"GeoCoordinates\",\"latitude\":\"47.38413\",\"longitude\":\"8.49812\"},\"telephone\":[\"+41 44 492 11 22\"],\"openingHoursSpecification\":[{\"@type\":\"OpeningHoursSpecification\",\"dayOfWeek\":[\"Monday\",\"Tuesday\",\"Wednesday\",\"Thursday\",\"Friday\"],\"opens\":\"08:30\",\"closes\":\"18:00\"},{\"@type\":\"OpeningHoursSpecification\",\"dayOfWeek\":[\"Saturday\",\"Sunday\"],\"opens\":\"00:00\",\"closes\":\"00:00\"}],\"email\":\"info@3d-edu.ch\",\"faxNumber\":\"+41 44 492 11 23\",\"vatID\":\"CHE-184.499.491 MWST\",\"priceRange\":\"$$$\",\"currenciesAccepted\":\"CHF\"},{\"@type\":\"PostalAddress\",\"@id\":\"https:\\\/\\\/3d-edu.ch\\\/fr\\\/raise3d\\\/filaments\\\/programme-de-filaments-ouverts-ofp\\\/#local-main-place-address\",\"streetAddress\":\"3D-EDU GmbH, Badenerstrasse 556\",\"addressLocality\":\"Z\u00fcrich\",\"postalCode\":\"8048\",\"addressRegion\":\"Z\u00fcrich\",\"addressCountry\":\"CH\"},{\"@type\":\"ImageObject\",\"inLanguage\":\"fr-FR\",\"@id\":\"https:\\\/\\\/3d-edu.ch\\\/fr\\\/raise3d\\\/filaments\\\/programme-de-filaments-ouverts-ofp\\\/#local-main-organization-logo\",\"url\":\"https:\\\/\\\/3d-edu.ch\\\/wp-content\\\/uploads\\\/2018\\\/10\\\/3d-drucker-makerbot-formlabs-professionelle-3d-drucker-e1546527990490.png\",\"contentUrl\":\"https:\\\/\\\/3d-edu.ch\\\/wp-content\\\/uploads\\\/2018\\\/10\\\/3d-drucker-makerbot-formlabs-professionelle-3d-drucker-e1546527990490.png\",\"width\":275,\"height\":80,\"caption\":\"3D-EDU GmbH\"}]}<\/script>\n<meta name=\"geo.placename\" content=\"Z\u00fcrich\" \/>\n<meta name=\"geo.position\" content=\"47.38413;8.49812\" \/>\n<meta name=\"geo.region\" content=\"Suisse\" \/>\n<!-- \/ Yoast SEO Premium plugin. -->","yoast_head_json":{"title":"Raise3D Programme de filaments ouverts (OFP) - 3D-EDU GmbH","robots":{"index":"index","follow":"follow","max-snippet":"max-snippet:-1","max-image-preview":"max-image-preview:large","max-video-preview":"max-video-preview:-1"},"canonical":"https:\/\/3d-edu.ch\/fr\/raise3d\/filaments\/programme-de-filaments-ouverts-ofp\/","og_locale":"fr_FR","og_type":"article","og_title":"Programme de filaments ouverts (OFP)","og_url":"https:\/\/3d-edu.ch\/fr\/raise3d\/filaments\/programme-de-filaments-ouverts-ofp\/","og_site_name":"3D-EDU GmbH","article_publisher":"https:\/\/www.facebook.com\/3d-educh-210277586064960\/","article_modified_time":"2026-03-11T12:33:42+00:00","og_image":[{"width":1920,"height":1412,"url":"https:\/\/3d-edu.ch\/wp-content\/uploads\/2022\/10\/raise3d-drittanbieter-filamente.webp","type":"image\/webp"}],"twitter_card":"summary_large_image","twitter_site":"@3d_edu_ch","twitter_misc":{"Dur\u00e9e de lecture estim\u00e9e":"1 minute"},"schema":{"@context":"https:\/\/schema.org","@graph":[{"@type":"WebPage","@id":"https:\/\/3d-edu.ch\/fr\/raise3d\/filaments\/programme-de-filaments-ouverts-ofp\/","url":"https:\/\/3d-edu.ch\/fr\/raise3d\/filaments\/programme-de-filaments-ouverts-ofp\/","name":"Raise3D Programme de filaments ouverts (OFP) - 3D-EDU GmbH","isPartOf":{"@id":"https:\/\/3d-edu.ch\/fr\/#website"},"primaryImageOfPage":{"@id":"https:\/\/3d-edu.ch\/fr\/raise3d\/filaments\/programme-de-filaments-ouverts-ofp\/#primaryimage"},"image":{"@id":"https:\/\/3d-edu.ch\/fr\/raise3d\/filaments\/programme-de-filaments-ouverts-ofp\/#primaryimage"},"thumbnailUrl":"https:\/\/3d-edu.ch\/wp-content\/uploads\/2022\/10\/raise3d-drittanbieter-filamente.webp","datePublished":"2022-10-20T07:15:59+00:00","dateModified":"2026-03-11T12:33:42+00:00","breadcrumb":{"@id":"https:\/\/3d-edu.ch\/fr\/raise3d\/filaments\/programme-de-filaments-ouverts-ofp\/#breadcrumb"},"inLanguage":"fr-FR","potentialAction":[{"@type":"ReadAction","target":["https:\/\/3d-edu.ch\/fr\/raise3d\/filaments\/programme-de-filaments-ouverts-ofp\/"]}]},{"@type":"ImageObject","inLanguage":"fr-FR","@id":"https:\/\/3d-edu.ch\/fr\/raise3d\/filaments\/programme-de-filaments-ouverts-ofp\/#primaryimage","url":"https:\/\/3d-edu.ch\/wp-content\/uploads\/2022\/10\/raise3d-drittanbieter-filamente.webp","contentUrl":"https:\/\/3d-edu.ch\/wp-content\/uploads\/2022\/10\/raise3d-drittanbieter-filamente.webp","width":1920,"height":1412,"caption":"raise3d Drittanbieter Filamente"},{"@type":"BreadcrumbList","@id":"https:\/\/3d-edu.ch\/fr\/raise3d\/filaments\/programme-de-filaments-ouverts-ofp\/#breadcrumb","itemListElement":[{"@type":"ListItem","position":1,"name":"Accueil","item":"https:\/\/3d-edu.ch\/fr\/"},{"@type":"ListItem","position":2,"name":"Raise3D","item":"https:\/\/3d-edu.ch\/fr\/raise3d\/"},{"@type":"ListItem","position":3,"name":"Programme de filaments ouverts (OFP)"}]},{"@type":"WebSite","@id":"https:\/\/3d-edu.ch\/fr\/#website","url":"https:\/\/3d-edu.ch\/fr\/","name":"3D-EDU GmbH","description":"Your Formlabs, UltiMaker and Raise3D Printer Support and Education Site in Switzerland. \/\/ Ihre Formlabs, UltiMaker and Raise3D Drucker Support und Bildungs Webseite der Schweiz.","publisher":{"@id":"https:\/\/3d-edu.ch\/fr\/#organization"},"potentialAction":[{"@type":"SearchAction","target":{"@type":"EntryPoint","urlTemplate":"https:\/\/3d-edu.ch\/fr\/?s={search_term_string}"},"query-input":{"@type":"PropertyValueSpecification","valueRequired":true,"valueName":"search_term_string"}}],"inLanguage":"fr-FR"},{"@type":["Organization","Place","ElectronicsStore"],"@id":"https:\/\/3d-edu.ch\/fr\/#organization","name":"3D-EDU GmbH","url":"https:\/\/3d-edu.ch\/fr\/","logo":{"@id":"https:\/\/3d-edu.ch\/fr\/raise3d\/filaments\/programme-de-filaments-ouverts-ofp\/#local-main-organization-logo"},"image":{"@id":"https:\/\/3d-edu.ch\/fr\/raise3d\/filaments\/programme-de-filaments-ouverts-ofp\/#local-main-organization-logo"},"sameAs":["https:\/\/www.facebook.com\/3d-educh-210277586064960\/","https:\/\/x.com\/3d_edu_ch"],"address":{"@id":"https:\/\/3d-edu.ch\/fr\/raise3d\/filaments\/programme-de-filaments-ouverts-ofp\/#local-main-place-address"},"geo":{"@type":"GeoCoordinates","latitude":"47.38413","longitude":"8.49812"},"telephone":["+41 44 492 11 22"],"openingHoursSpecification":[{"@type":"OpeningHoursSpecification","dayOfWeek":["Monday","Tuesday","Wednesday","Thursday","Friday"],"opens":"08:30","closes":"18:00"},{"@type":"OpeningHoursSpecification","dayOfWeek":["Saturday","Sunday"],"opens":"00:00","closes":"00:00"}],"email":"info@3d-edu.ch","faxNumber":"+41 44 492 11 23","vatID":"CHE-184.499.491 MWST","priceRange":"$$$","currenciesAccepted":"CHF"},{"@type":"PostalAddress","@id":"https:\/\/3d-edu.ch\/fr\/raise3d\/filaments\/programme-de-filaments-ouverts-ofp\/#local-main-place-address","streetAddress":"3D-EDU GmbH, Badenerstrasse 556","addressLocality":"Z\u00fcrich","postalCode":"8048","addressRegion":"Z\u00fcrich","addressCountry":"CH"},{"@type":"ImageObject","inLanguage":"fr-FR","@id":"https:\/\/3d-edu.ch\/fr\/raise3d\/filaments\/programme-de-filaments-ouverts-ofp\/#local-main-organization-logo","url":"https:\/\/3d-edu.ch\/wp-content\/uploads\/2018\/10\/3d-drucker-makerbot-formlabs-professionelle-3d-drucker-e1546527990490.png","contentUrl":"https:\/\/3d-edu.ch\/wp-content\/uploads\/2018\/10\/3d-drucker-makerbot-formlabs-professionelle-3d-drucker-e1546527990490.png","width":275,"height":80,"caption":"3D-EDU GmbH"}]},"geo.placename":"Z\u00fcrich","geo.position":{"lat":"47.38413","long":"8.49812"},"geo.region":"Suisse"},"_links":{"self":[{"href":"https:\/\/3d-edu.ch\/fr\/wp-json\/wp\/v2\/pages\/72921","targetHints":{"allow":["GET"]}}],"collection":[{"href":"https:\/\/3d-edu.ch\/fr\/wp-json\/wp\/v2\/pages"}],"about":[{"href":"https:\/\/3d-edu.ch\/fr\/wp-json\/wp\/v2\/types\/page"}],"author":[{"embeddable":true,"href":"https:\/\/3d-edu.ch\/fr\/wp-json\/wp\/v2\/users\/1"}],"replies":[{"embeddable":true,"href":"https:\/\/3d-edu.ch\/fr\/wp-json\/wp\/v2\/comments?post=72921"}],"version-history":[{"count":3,"href":"https:\/\/3d-edu.ch\/fr\/wp-json\/wp\/v2\/pages\/72921\/revisions"}],"predecessor-version":[{"id":81347,"href":"https:\/\/3d-edu.ch\/fr\/wp-json\/wp\/v2\/pages\/72921\/revisions\/81347"}],"up":[{"embeddable":true,"href":"https:\/\/3d-edu.ch\/fr\/wp-json\/wp\/v2\/pages\/82225"}],"wp:featuredmedia":[{"embeddable":true,"href":"https:\/\/3d-edu.ch\/fr\/wp-json\/wp\/v2\/media\/66641"}],"wp:attachment":[{"href":"https:\/\/3d-edu.ch\/fr\/wp-json\/wp\/v2\/media?parent=72921"}],"curies":[{"name":"wp","href":"https:\/\/api.w.org\/{rel}","templated":true}]}}