{"id":72859,"date":"2021-10-23T13:24:49","date_gmt":"2021-10-23T11:24:49","guid":{"rendered":"https:\/\/3d-edu.ch\/impression-3d-medicale-et-dentaire\/impression-3d-dentaire\/solutions\/"},"modified":"2026-04-15T17:45:24","modified_gmt":"2026-04-15T15:45:24","slug":"solutions","status":"publish","type":"page","link":"https:\/\/3d-edu.ch\/fr\/impression-3d-medicale-et-dentaire\/impression-3d-dentaire\/solutions\/","title":{"rendered":"Solutions"},"content":{"rendered":"\n<h1>3D-Druckl\u00f6sungen f\u00fcr Fachpersonal aus der Zahnmedizin<\/h1>\n<p>Jedes Unternehmen in der Dentalmedizin sollte die M\u00f6glichkeit haben von pr\u00e4zisen und zuverl\u00e4ssigen Werkzeugen zu profitieren. Zudem sollten sie mit der digitalen Zukunft Schritt halten k\u00f6nnen. Aus diesem Grund bieten wir mit Formlabs Dental ein 3D-Druck-\u00d6kosystem, welches sehr viele Anwendungen erleichtert und die Resultate sowie den Patientenkomfort verbessern.<\/p>\n<div class=\"row\"  id=\"row-1439257751\">\n\n\n\t<div id=\"col-1033985782\" class=\"col medium-4 small-12 large-4\"  >\n\t\t\t\t<div class=\"col-inner\"  >\n\t\t\t\n\t\t\t\n\n\t<div class=\"box has-hover   has-hover box-text-bottom\" >\n\n\t\t<div class=\"box-image\" >\n\t\t\t<a href=\"https:\/\/3d-edu.ch\/medizin-und-dental-3d-druck\/dental-3d-druck\/loesungen\/dentallabor-zahntechnik\/\" >\t\t\t<div class=\"\" >\n\t\t\t\t<img loading=\"lazy\" decoding=\"async\" width=\"700\" height=\"700\" src=\"https:\/\/3d-edu.ch\/wp-content\/smush-avif\/2021\/08\/3d-drucker-fuer-dental-labore.jpg.avif\" class=\"attachment- size-\" alt=\"Imprimante 3D pour l&#039;art dentaire\" srcset=\"https:\/\/3d-edu.ch\/wp-content\/smush-avif\/2021\/08\/3d-drucker-fuer-dental-labore.jpg.avif 700w, https:\/\/3d-edu.ch\/wp-content\/smush-avif\/2021\/08\/3d-drucker-fuer-dental-labore-240x240.jpg.avif 240w, https:\/\/3d-edu.ch\/wp-content\/smush-avif\/2021\/08\/3d-drucker-fuer-dental-labore-150x150.jpg.avif 150w, https:\/\/3d-edu.ch\/wp-content\/smush-avif\/2021\/08\/3d-drucker-fuer-dental-labore-30x30.jpg.avif 30w, https:\/\/3d-edu.ch\/wp-content\/smush-avif\/2021\/08\/3d-drucker-fuer-dental-labore-380x380.jpg.avif 380w, https:\/\/3d-edu.ch\/wp-content\/smush-avif\/2021\/08\/3d-drucker-fuer-dental-labore-100x100.jpg.avif 100w\" sizes=\"auto, (max-width: 700px) 100vw, 700px\" \/>\t\t\t\t\t\t\t\t\t\t\t<\/div>\n\t\t\t<\/a>\t\t<\/div>\n\n\t\t<div class=\"box-text text-left\" >\n\t\t\t<div class=\"box-text-inner\">\n\t\t\t\t\n\n<h2>Dentallabor \/ Zahntechnik<\/h2>\n<p>Produktionsbereites, skalierbares System<\/p>\n<p><a href=\"https:\/\/3d-edu.ch\/medizin-und-dental-3d-druck\/dental-3d-druck\/loesungen\/dentallabor-zahntechnik\/\">Mehr erfahren &gt;<\/a><\/p>\n\n\t\t\t<\/div>\n\t\t<\/div>\n\t<\/div>\n\t\n\n\t\t<\/div>\n\t\t\t\t\t<\/div>\n\n\t\n\n\t<div id=\"col-1979158529\" class=\"col medium-4 small-12 large-4\"  >\n\t\t\t\t<div class=\"col-inner\"  >\n\t\t\t\n\t\t\t\n\n\t<div class=\"box has-hover   has-hover box-text-bottom\" >\n\n\t\t<div class=\"box-image\" >\n\t\t\t<a href=\"https:\/\/3d-edu.ch\/medizin-und-dental-3d-druck\/dental-3d-druck\/loesungen\/kieferorthopaedie\/\" >\t\t\t<div class=\"\" >\n\t\t\t\t<img loading=\"lazy\" decoding=\"async\" width=\"700\" height=\"700\" src=\"https:\/\/3d-edu.ch\/wp-content\/smush-avif\/2021\/08\/3d-drucker-fuer-kieferorthopaedie.jpg.avif\" class=\"attachment- size-\" alt=\"Imprimante 3D pour l&#039;orthodontie\" srcset=\"https:\/\/3d-edu.ch\/wp-content\/smush-avif\/2021\/08\/3d-drucker-fuer-kieferorthopaedie.jpg.avif 700w, https:\/\/3d-edu.ch\/wp-content\/smush-avif\/2021\/08\/3d-drucker-fuer-kieferorthopaedie-240x240.jpg.avif 240w, https:\/\/3d-edu.ch\/wp-content\/smush-avif\/2021\/08\/3d-drucker-fuer-kieferorthopaedie-150x150.jpg.avif 150w, https:\/\/3d-edu.ch\/wp-content\/smush-avif\/2021\/08\/3d-drucker-fuer-kieferorthopaedie-30x30.jpg.avif 30w, https:\/\/3d-edu.ch\/wp-content\/smush-avif\/2021\/08\/3d-drucker-fuer-kieferorthopaedie-380x380.jpg.avif 380w, https:\/\/3d-edu.ch\/wp-content\/smush-avif\/2021\/08\/3d-drucker-fuer-kieferorthopaedie-100x100.jpg.avif 100w\" sizes=\"auto, (max-width: 700px) 100vw, 700px\" \/>\t\t\t\t\t\t\t\t\t\t\t<\/div>\n\t\t\t<\/a>\t\t<\/div>\n\n\t\t<div class=\"box-text text-left\" >\n\t\t\t<div class=\"box-text-inner\">\n\t\t\t\t\n\n<h2>Kieferorthop\u00e4die<\/h2>\n<p>Hoher und zuverl\u00e4ssiger Durchsatz<\/p>\n<p><a href=\"https:\/\/3d-edu.ch\/medizin-und-dental-3d-druck\/dental-3d-druck\/loesungen\/kieferorthopaedie\/\">Mehr erfahren &gt;<\/a><\/p>\n\n\t\t\t<\/div>\n\t\t<\/div>\n\t<\/div>\n\t\n\n\t\t<\/div>\n\t\t\t\t\t<\/div>\n\n\t\n\n\t<div id=\"col-426911413\" class=\"col medium-4 small-12 large-4\"  >\n\t\t\t\t<div class=\"col-inner\"  >\n\t\t\t\n\t\t\t\n\n\t<div class=\"box has-hover   has-hover box-text-bottom\" >\n\n\t\t<div class=\"box-image\" >\n\t\t\t<a href=\"https:\/\/3d-edu.ch\/medizin-und-dental-3d-druck\/dental-3d-druck\/loesungen\/zahnpraxen\/\" >\t\t\t<div class=\"\" >\n\t\t\t\t<img loading=\"lazy\" decoding=\"async\" width=\"700\" height=\"700\" src=\"https:\/\/3d-edu.ch\/wp-content\/smush-avif\/2021\/08\/3d-drucker-fuer-zahnpraxis.jpg.avif\" class=\"attachment- size-\" alt=\"Imprimante 3D pour cabinet dentaire\" srcset=\"https:\/\/3d-edu.ch\/wp-content\/smush-avif\/2021\/08\/3d-drucker-fuer-zahnpraxis.jpg.avif 700w, https:\/\/3d-edu.ch\/wp-content\/smush-avif\/2021\/08\/3d-drucker-fuer-zahnpraxis-240x240.jpg.avif 240w, https:\/\/3d-edu.ch\/wp-content\/smush-avif\/2021\/08\/3d-drucker-fuer-zahnpraxis-150x150.jpg.avif 150w, https:\/\/3d-edu.ch\/wp-content\/smush-avif\/2021\/08\/3d-drucker-fuer-zahnpraxis-30x30.jpg.avif 30w, https:\/\/3d-edu.ch\/wp-content\/smush-avif\/2021\/08\/3d-drucker-fuer-zahnpraxis-380x380.jpg.avif 380w, https:\/\/3d-edu.ch\/wp-content\/smush-avif\/2021\/08\/3d-drucker-fuer-zahnpraxis-100x100.jpg.avif 100w\" sizes=\"auto, (max-width: 700px) 100vw, 700px\" \/>\t\t\t\t\t\t\t\t\t\t\t<\/div>\n\t\t\t<\/a>\t\t<\/div>\n\n\t\t<div class=\"box-text text-left\" >\n\t\t\t<div class=\"box-text-inner\">\n\t\t\t\t\n\n<h2>Zahnpraxen<\/h2>\n<p>Zuverl\u00e4ssiger 3D-Druck f\u00fcr Behandlungen<\/p>\n<p><a href=\"https:\/\/3d-edu.ch\/medizin-und-dental-3d-druck\/dental-3d-druck\/loesungen\/zahnpraxen\/\">Mehr erfahren &gt;<\/a><\/p>\n\n\t\t\t<\/div>\n\t\t<\/div>\n\t<\/div>\n\t\n\n\t\t<\/div>\n\t\t\t\t\t<\/div>\n\n\t\n\n<\/div>\n\n","protected":false},"excerpt":{"rendered":"","protected":false},"author":1,"featured_media":0,"parent":72848,"menu_order":0,"comment_status":"closed","ping_status":"closed","template":"","meta":{"footnotes":""},"class_list":["post-72859","page","type-page","status-publish","hentry"],"yoast_head":"<!-- This site is optimized with the Yoast SEO Premium plugin v27.4 (Yoast SEO v27.4) - https:\/\/yoast.com\/product\/yoast-seo-premium-wordpress\/ -->\n<title>Solutions - 3D-EDU GmbH<\/title>\n<meta name=\"robots\" content=\"index, follow, max-snippet:-1, max-image-preview:large, max-video-preview:-1\" \/>\n<link rel=\"canonical\" href=\"https:\/\/3d-edu.ch\/fr\/impression-3d-medicale-et-dentaire\/impression-3d-dentaire\/solutions\/\" \/>\n<meta property=\"og:locale\" content=\"fr_FR\" \/>\n<meta property=\"og:type\" content=\"article\" \/>\n<meta property=\"og:title\" content=\"Solutions\" \/>\n<meta property=\"og:url\" content=\"https:\/\/3d-edu.ch\/fr\/impression-3d-medicale-et-dentaire\/impression-3d-dentaire\/solutions\/\" \/>\n<meta property=\"og:site_name\" content=\"3D-EDU GmbH\" \/>\n<meta property=\"article:publisher\" content=\"https:\/\/www.facebook.com\/3d-educh-210277586064960\/\" \/>\n<meta property=\"article:modified_time\" content=\"2026-04-15T15:45:24+00:00\" \/>\n<meta name=\"twitter:card\" content=\"summary_large_image\" \/>\n<meta name=\"twitter:site\" content=\"@3d_edu_ch\" \/>\n<meta name=\"twitter:label1\" content=\"Dur\u00e9e de lecture estim\u00e9e\" \/>\n\t<meta name=\"twitter:data1\" content=\"1 minute\" \/>\n<script type=\"application\/ld+json\" class=\"yoast-schema-graph\">{\"@context\":\"https:\\\/\\\/schema.org\",\"@graph\":[{\"@type\":\"WebPage\",\"@id\":\"https:\\\/\\\/3d-edu.ch\\\/fr\\\/impression-3d-medicale-et-dentaire\\\/impression-3d-dentaire\\\/solutions\\\/\",\"url\":\"https:\\\/\\\/3d-edu.ch\\\/fr\\\/impression-3d-medicale-et-dentaire\\\/impression-3d-dentaire\\\/solutions\\\/\",\"name\":\"Solutions - 3D-EDU GmbH\",\"isPartOf\":{\"@id\":\"https:\\\/\\\/3d-edu.ch\\\/fr\\\/#website\"},\"datePublished\":\"2021-10-23T11:24:49+00:00\",\"dateModified\":\"2026-04-15T15:45:24+00:00\",\"breadcrumb\":{\"@id\":\"https:\\\/\\\/3d-edu.ch\\\/fr\\\/impression-3d-medicale-et-dentaire\\\/impression-3d-dentaire\\\/solutions\\\/#breadcrumb\"},\"inLanguage\":\"fr-FR\",\"potentialAction\":[{\"@type\":\"ReadAction\",\"target\":[\"https:\\\/\\\/3d-edu.ch\\\/fr\\\/impression-3d-medicale-et-dentaire\\\/impression-3d-dentaire\\\/solutions\\\/\"]}]},{\"@type\":\"BreadcrumbList\",\"@id\":\"https:\\\/\\\/3d-edu.ch\\\/fr\\\/impression-3d-medicale-et-dentaire\\\/impression-3d-dentaire\\\/solutions\\\/#breadcrumb\",\"itemListElement\":[{\"@type\":\"ListItem\",\"position\":1,\"name\":\"Accueil\",\"item\":\"https:\\\/\\\/3d-edu.ch\\\/fr\\\/\"},{\"@type\":\"ListItem\",\"position\":2,\"name\":\"Impression 3D m\u00e9dicale et dentaire\",\"item\":\"https:\\\/\\\/3d-edu.ch\\\/fr\\\/impression-3d-medicale-et-dentaire\\\/\"},{\"@type\":\"ListItem\",\"position\":3,\"name\":\"Impression 3D dentaire\",\"item\":\"https:\\\/\\\/3d-edu.ch\\\/fr\\\/impression-3d-medicale-et-dentaire__trashed\\\/impression-3d-dentaire\\\/\"},{\"@type\":\"ListItem\",\"position\":4,\"name\":\"Solutions\"}]},{\"@type\":\"WebSite\",\"@id\":\"https:\\\/\\\/3d-edu.ch\\\/fr\\\/#website\",\"url\":\"https:\\\/\\\/3d-edu.ch\\\/fr\\\/\",\"name\":\"3D-EDU GmbH\",\"description\":\"Your Formlabs, UltiMaker and Raise3D Printer Support and Education Site in Switzerland. \\\/\\\/ Ihre Formlabs, UltiMaker and Raise3D Drucker Support und Bildungs Webseite der Schweiz.\",\"publisher\":{\"@id\":\"https:\\\/\\\/3d-edu.ch\\\/fr\\\/#organization\"},\"potentialAction\":[{\"@type\":\"SearchAction\",\"target\":{\"@type\":\"EntryPoint\",\"urlTemplate\":\"https:\\\/\\\/3d-edu.ch\\\/fr\\\/?s={search_term_string}\"},\"query-input\":{\"@type\":\"PropertyValueSpecification\",\"valueRequired\":true,\"valueName\":\"search_term_string\"}}],\"inLanguage\":\"fr-FR\"},{\"@type\":[\"Organization\",\"Place\",\"ElectronicsStore\"],\"@id\":\"https:\\\/\\\/3d-edu.ch\\\/fr\\\/#organization\",\"name\":\"3D-EDU GmbH\",\"url\":\"https:\\\/\\\/3d-edu.ch\\\/fr\\\/\",\"logo\":{\"@id\":\"https:\\\/\\\/3d-edu.ch\\\/fr\\\/impression-3d-medicale-et-dentaire\\\/impression-3d-dentaire\\\/solutions\\\/#local-main-organization-logo\"},\"image\":{\"@id\":\"https:\\\/\\\/3d-edu.ch\\\/fr\\\/impression-3d-medicale-et-dentaire\\\/impression-3d-dentaire\\\/solutions\\\/#local-main-organization-logo\"},\"sameAs\":[\"https:\\\/\\\/www.facebook.com\\\/3d-educh-210277586064960\\\/\",\"https:\\\/\\\/x.com\\\/3d_edu_ch\"],\"address\":{\"@id\":\"https:\\\/\\\/3d-edu.ch\\\/fr\\\/impression-3d-medicale-et-dentaire\\\/impression-3d-dentaire\\\/solutions\\\/#local-main-place-address\"},\"geo\":{\"@type\":\"GeoCoordinates\",\"latitude\":\"47.38413\",\"longitude\":\"8.49812\"},\"telephone\":[\"+41 44 492 11 22\"],\"openingHoursSpecification\":[{\"@type\":\"OpeningHoursSpecification\",\"dayOfWeek\":[\"Monday\",\"Tuesday\",\"Wednesday\",\"Thursday\",\"Friday\"],\"opens\":\"08:30\",\"closes\":\"18:00\"},{\"@type\":\"OpeningHoursSpecification\",\"dayOfWeek\":[\"Saturday\",\"Sunday\"],\"opens\":\"00:00\",\"closes\":\"00:00\"}],\"email\":\"info@3d-edu.ch\",\"faxNumber\":\"+41 44 492 11 23\",\"vatID\":\"CHE-184.499.491 MWST\",\"priceRange\":\"$$$\",\"currenciesAccepted\":\"CHF\"},{\"@type\":\"PostalAddress\",\"@id\":\"https:\\\/\\\/3d-edu.ch\\\/fr\\\/impression-3d-medicale-et-dentaire\\\/impression-3d-dentaire\\\/solutions\\\/#local-main-place-address\",\"streetAddress\":\"3D-EDU GmbH, Badenerstrasse 556\",\"addressLocality\":\"Z\u00fcrich\",\"postalCode\":\"8048\",\"addressRegion\":\"Z\u00fcrich\",\"addressCountry\":\"CH\"},{\"@type\":\"ImageObject\",\"inLanguage\":\"fr-FR\",\"@id\":\"https:\\\/\\\/3d-edu.ch\\\/fr\\\/impression-3d-medicale-et-dentaire\\\/impression-3d-dentaire\\\/solutions\\\/#local-main-organization-logo\",\"url\":\"https:\\\/\\\/3d-edu.ch\\\/wp-content\\\/uploads\\\/2018\\\/10\\\/3d-drucker-makerbot-formlabs-professionelle-3d-drucker-e1546527990490.png\",\"contentUrl\":\"https:\\\/\\\/3d-edu.ch\\\/wp-content\\\/uploads\\\/2018\\\/10\\\/3d-drucker-makerbot-formlabs-professionelle-3d-drucker-e1546527990490.png\",\"width\":275,\"height\":80,\"caption\":\"3D-EDU GmbH\"}]}<\/script>\n<meta name=\"geo.placename\" content=\"Z\u00fcrich\" \/>\n<meta name=\"geo.position\" content=\"47.38413;8.49812\" \/>\n<meta name=\"geo.region\" content=\"Suisse\" \/>\n<!-- \/ Yoast SEO Premium plugin. -->","yoast_head_json":{"title":"Solutions - 3D-EDU GmbH","robots":{"index":"index","follow":"follow","max-snippet":"max-snippet:-1","max-image-preview":"max-image-preview:large","max-video-preview":"max-video-preview:-1"},"canonical":"https:\/\/3d-edu.ch\/fr\/impression-3d-medicale-et-dentaire\/impression-3d-dentaire\/solutions\/","og_locale":"fr_FR","og_type":"article","og_title":"Solutions","og_url":"https:\/\/3d-edu.ch\/fr\/impression-3d-medicale-et-dentaire\/impression-3d-dentaire\/solutions\/","og_site_name":"3D-EDU GmbH","article_publisher":"https:\/\/www.facebook.com\/3d-educh-210277586064960\/","article_modified_time":"2026-04-15T15:45:24+00:00","twitter_card":"summary_large_image","twitter_site":"@3d_edu_ch","twitter_misc":{"Dur\u00e9e de lecture estim\u00e9e":"1 minute"},"schema":{"@context":"https:\/\/schema.org","@graph":[{"@type":"WebPage","@id":"https:\/\/3d-edu.ch\/fr\/impression-3d-medicale-et-dentaire\/impression-3d-dentaire\/solutions\/","url":"https:\/\/3d-edu.ch\/fr\/impression-3d-medicale-et-dentaire\/impression-3d-dentaire\/solutions\/","name":"Solutions - 3D-EDU GmbH","isPartOf":{"@id":"https:\/\/3d-edu.ch\/fr\/#website"},"datePublished":"2021-10-23T11:24:49+00:00","dateModified":"2026-04-15T15:45:24+00:00","breadcrumb":{"@id":"https:\/\/3d-edu.ch\/fr\/impression-3d-medicale-et-dentaire\/impression-3d-dentaire\/solutions\/#breadcrumb"},"inLanguage":"fr-FR","potentialAction":[{"@type":"ReadAction","target":["https:\/\/3d-edu.ch\/fr\/impression-3d-medicale-et-dentaire\/impression-3d-dentaire\/solutions\/"]}]},{"@type":"BreadcrumbList","@id":"https:\/\/3d-edu.ch\/fr\/impression-3d-medicale-et-dentaire\/impression-3d-dentaire\/solutions\/#breadcrumb","itemListElement":[{"@type":"ListItem","position":1,"name":"Accueil","item":"https:\/\/3d-edu.ch\/fr\/"},{"@type":"ListItem","position":2,"name":"Impression 3D m\u00e9dicale et dentaire","item":"https:\/\/3d-edu.ch\/fr\/impression-3d-medicale-et-dentaire\/"},{"@type":"ListItem","position":3,"name":"Impression 3D dentaire","item":"https:\/\/3d-edu.ch\/fr\/impression-3d-medicale-et-dentaire__trashed\/impression-3d-dentaire\/"},{"@type":"ListItem","position":4,"name":"Solutions"}]},{"@type":"WebSite","@id":"https:\/\/3d-edu.ch\/fr\/#website","url":"https:\/\/3d-edu.ch\/fr\/","name":"3D-EDU GmbH","description":"Your Formlabs, UltiMaker and Raise3D Printer Support and Education Site in Switzerland. \/\/ Ihre Formlabs, UltiMaker and Raise3D Drucker Support und Bildungs Webseite der Schweiz.","publisher":{"@id":"https:\/\/3d-edu.ch\/fr\/#organization"},"potentialAction":[{"@type":"SearchAction","target":{"@type":"EntryPoint","urlTemplate":"https:\/\/3d-edu.ch\/fr\/?s={search_term_string}"},"query-input":{"@type":"PropertyValueSpecification","valueRequired":true,"valueName":"search_term_string"}}],"inLanguage":"fr-FR"},{"@type":["Organization","Place","ElectronicsStore"],"@id":"https:\/\/3d-edu.ch\/fr\/#organization","name":"3D-EDU GmbH","url":"https:\/\/3d-edu.ch\/fr\/","logo":{"@id":"https:\/\/3d-edu.ch\/fr\/impression-3d-medicale-et-dentaire\/impression-3d-dentaire\/solutions\/#local-main-organization-logo"},"image":{"@id":"https:\/\/3d-edu.ch\/fr\/impression-3d-medicale-et-dentaire\/impression-3d-dentaire\/solutions\/#local-main-organization-logo"},"sameAs":["https:\/\/www.facebook.com\/3d-educh-210277586064960\/","https:\/\/x.com\/3d_edu_ch"],"address":{"@id":"https:\/\/3d-edu.ch\/fr\/impression-3d-medicale-et-dentaire\/impression-3d-dentaire\/solutions\/#local-main-place-address"},"geo":{"@type":"GeoCoordinates","latitude":"47.38413","longitude":"8.49812"},"telephone":["+41 44 492 11 22"],"openingHoursSpecification":[{"@type":"OpeningHoursSpecification","dayOfWeek":["Monday","Tuesday","Wednesday","Thursday","Friday"],"opens":"08:30","closes":"18:00"},{"@type":"OpeningHoursSpecification","dayOfWeek":["Saturday","Sunday"],"opens":"00:00","closes":"00:00"}],"email":"info@3d-edu.ch","faxNumber":"+41 44 492 11 23","vatID":"CHE-184.499.491 MWST","priceRange":"$$$","currenciesAccepted":"CHF"},{"@type":"PostalAddress","@id":"https:\/\/3d-edu.ch\/fr\/impression-3d-medicale-et-dentaire\/impression-3d-dentaire\/solutions\/#local-main-place-address","streetAddress":"3D-EDU GmbH, Badenerstrasse 556","addressLocality":"Z\u00fcrich","postalCode":"8048","addressRegion":"Z\u00fcrich","addressCountry":"CH"},{"@type":"ImageObject","inLanguage":"fr-FR","@id":"https:\/\/3d-edu.ch\/fr\/impression-3d-medicale-et-dentaire\/impression-3d-dentaire\/solutions\/#local-main-organization-logo","url":"https:\/\/3d-edu.ch\/wp-content\/uploads\/2018\/10\/3d-drucker-makerbot-formlabs-professionelle-3d-drucker-e1546527990490.png","contentUrl":"https:\/\/3d-edu.ch\/wp-content\/uploads\/2018\/10\/3d-drucker-makerbot-formlabs-professionelle-3d-drucker-e1546527990490.png","width":275,"height":80,"caption":"3D-EDU GmbH"}]},"geo.placename":"Z\u00fcrich","geo.position":{"lat":"47.38413","long":"8.49812"},"geo.region":"Suisse"},"_links":{"self":[{"href":"https:\/\/3d-edu.ch\/fr\/wp-json\/wp\/v2\/pages\/72859","targetHints":{"allow":["GET"]}}],"collection":[{"href":"https:\/\/3d-edu.ch\/fr\/wp-json\/wp\/v2\/pages"}],"about":[{"href":"https:\/\/3d-edu.ch\/fr\/wp-json\/wp\/v2\/types\/page"}],"author":[{"embeddable":true,"href":"https:\/\/3d-edu.ch\/fr\/wp-json\/wp\/v2\/users\/1"}],"replies":[{"embeddable":true,"href":"https:\/\/3d-edu.ch\/fr\/wp-json\/wp\/v2\/comments?post=72859"}],"version-history":[{"count":5,"href":"https:\/\/3d-edu.ch\/fr\/wp-json\/wp\/v2\/pages\/72859\/revisions"}],"predecessor-version":[{"id":82203,"href":"https:\/\/3d-edu.ch\/fr\/wp-json\/wp\/v2\/pages\/72859\/revisions\/82203"}],"up":[{"embeddable":true,"href":"https:\/\/3d-edu.ch\/fr\/wp-json\/wp\/v2\/pages\/72848"}],"wp:attachment":[{"href":"https:\/\/3d-edu.ch\/fr\/wp-json\/wp\/v2\/media?parent=72859"}],"curies":[{"name":"wp","href":"https:\/\/api.w.org\/{rel}","templated":true}]}}