{"id":72801,"date":"2019-01-09T16:31:50","date_gmt":"2019-01-09T15:31:50","guid":{"rendered":"https:\/\/3d-edu.ch\/service-dimpression-3d-demande-de-devis\/"},"modified":"2026-03-09T13:34:59","modified_gmt":"2026-03-09T12:34:59","slug":"service-dimpression-3d-demande-de-devis","status":"publish","type":"page","link":"https:\/\/3d-edu.ch\/fr\/service-dimpression-3d-demande-de-devis\/","title":{"rendered":"Service d&rsquo;impression 3D - Demande de devis"},"content":{"rendered":"\n\n\t<section class=\"section dark\" id=\"section_1772293398\">\n\t\t<div class=\"section-bg fill\" >\n\t\t\t<img loading=\"lazy\" decoding=\"async\" width=\"1920\" height=\"1150\" src=\"https:\/\/3d-edu.ch\/wp-content\/smush-avif\/2019\/01\/3D-Druck-Dienstleistung.jpg.avif\" class=\"bg attachment- size-\" alt=\"Service d&#039;impression 3D\" \/>\t\t\t\t\t\t<div class=\"section-bg-overlay absolute fill\"><\/div>\n\t\t\t\n\n\t\t<\/div>\n\n\t\t\n\n\t\t<div class=\"section-content relative\">\n\t\t\t\n\n<div class=\"row\"  id=\"row-61902188\">\n\n\n\t<div id=\"col-951180756\" class=\"col medium-8 small-12 large-8\"  >\n\t\t\t\t<div class=\"col-inner text-left\"  >\n\t\t\t\n\t\t\t\n\n<h1>Service d&rsquo;impression 3D - Demandez un devis<\/h1>\n<h2>Demandez d\u00e8s maintenant votre devis de services d&rsquo;impression 3D sans engagement !<br \/>Ou d\u00e9clenchez directement le travail d&rsquo;impression souhait\u00e9&#8230;<\/h2>\n\n\t\t<\/div>\n\t\t\t\t\t<\/div>\n\n\t\n\n<\/div>\n\n\t\t<\/div>\n\n\t\t\n<style>\n#section_1772293398 {\n  padding-top: 60px;\n  padding-bottom: 60px;\n  min-height: 450px;\n  background-color: rgb(0,0,0);\n}\n#section_1772293398 .section-bg-overlay {\n  background-color: rgba(0,0,0,.5);\n}\n#section_1772293398 .section-bg img {\n  object-position: 50% 100%;\n}\n<\/style>\n\t<\/section>\n\t\n<div class=\"row\"  id=\"row-1062500606\">\n\n\n\t<div id=\"col-796641367\" class=\"col small-12 large-12\"  >\n\t\t\t\t<div class=\"col-inner\"  >\n\t\t\t\n\t\t\t\n\n<h2>Service d&rsquo;impression 3D - 3 \u00e9tapes pour obtenir un devis<\/h2>\n\n\t\t<\/div>\n\t\t\t\t\t<\/div>\n\n\t\n\n<\/div>\n\n\t<section class=\"section\" id=\"section_1277108432\">\n\t\t<div class=\"section-bg fill\" >\n\t\t\t\t\t\t\t\t\t\n\t\t\t\n\n\t\t<\/div>\n\n\t\t\n\n\t\t<div class=\"section-content relative\">\n\t\t\t\n\n<p><iframe loading=\"lazy\" title=\"3dprintfactory\" src=\"https:\/\/3dprintfactory.3dlayers.app\" width=\"95%\" height=\"750px\" frameborder=\"0\" scrolling=\"auto\"><\/iframe><\/p>\n\n<div class=\"row\"  id=\"row-552633477\">\n\n\n\t<div id=\"col-715193107\" class=\"col small-12 large-12\"  >\n\t\t\t\t<div class=\"col-inner text-center dark\"  >\n\t\t\t\n\t\t\t\n\n<p><span style=\"font-size: 140%;\"><strong>Vous avez des probl\u00e8mes d&rsquo;affichage ? Visitez la page externe pour notre service d&rsquo;impression 3D : <\/strong><\/span><\/p>\n<a href=\"https:\/\/3dprintfactory.3dlayers.app\/start\" target=\"_blank\" class=\"button primary\" rel=\"noopener\" >\n\t\t<span>Passer \u00e0 un site web s\u00e9par\u00e9<\/span>\n\t<\/a>\n\n\n\n\t\t<\/div>\n\t\t\t\t\t<\/div>\n\n\t\n\n<\/div>\n\n\t\t<\/div>\n\n\t\t\n<style>\n#section_1277108432 {\n  padding-top: 30px;\n  padding-bottom: 30px;\n  min-height: 750px;\n  background-color: rgb(255, 151, 0);\n}\n<\/style>\n\t<\/section>\n\t\n\n\n<div class=\"row\"  id=\"row-1755585715\">\n\n\n\t<div id=\"col-1117918652\" class=\"col medium-6 small-12 large-6\"  >\n\t\t\t\t<div class=\"col-inner\"  >\n\t\t\t\n\t\t\t\n\n<h2>Demander un devis<\/h2>\n<p>La plateforme en ligne v\u00e9rifie vos donn\u00e9es et vous envoie imm\u00e9diatement un devis sans engagement pour votre projet d&rsquo;impression 3D. Vous recevrez ensuite un devis par e-mail. Vous pouvez le confirmer par voie \u00e9lectronique. Nous essayons ainsi de r\u00e9duire au maximum les temps de r\u00e9action afin de permettre une r\u00e9alisation aussi rapide que possible. En tant que nouveau client, vous pouvez \u00e9galement passer directement commande en payant par PayPal\/carte de cr\u00e9dit. En tant que client r\u00e9gulier, vous pouvez bien s\u00fbr aussi commander directement sur facture.     <\/p>\n<p>En cas d&rsquo;ambigu\u00eft\u00e9, nous vous contacterons imm\u00e9diatement afin de la clarifier au pr\u00e9alable.<\/p>\n<p>Nous n&rsquo;effectuons pas de retouches sur les pi\u00e8ces. La suppression des structures de support est \u00e0 la charge du client ou doit faire l&rsquo;objet d&rsquo;une demande sp\u00e9cifique. <\/p>\n<p>Bien entendu, vous pouvez \u00e9galement nous contacter directement pour toute question !<\/p>\n<a href=\"https:\/\/3d-edu.ch\/fr\/contact\/\" class=\"button primary is-large lowercase\" >\n\t\t<span>Demander des conseils<\/span>\n\t<\/a>\n\n\n\n\t\t<\/div>\n\t\t\t\t\t<\/div>\n\n\t\n\n\t<div id=\"col-1643094497\" class=\"col medium-6 small-12 large-6\"  >\n\t\t\t\t<div class=\"col-inner\"  >\n\t\t\t\n\t\t\t\n\n<h2>Vos avantages<\/h2>\n<h3>Rapide, proche, fiable<\/h3>\n<p>Contrairement \u00e0 d&rsquo;autres fournisseurs, nous produisons r\u00e9ellement \u00e0 Zurich et non via un r\u00e9seau quelque part en Europe. Vous b\u00e9n\u00e9ficiez donc d&rsquo;un contact personnel, de conseils professionnels et des meilleurs d\u00e9lais de livraison. Si vous le souhaitez, vous pouvez \u00e9galement venir chercher les composants directement dans nos locaux.  <\/p>\n<h3>Processus all\u00e9g\u00e9s<\/h3>\n<p>Gr\u00e2ce au calculateur en ligne, vous obtenez des prix et des devis instantan\u00e9s ou en continu. Il permet \u00e9galement de passer des commandes rapidement et facilement. Vous pouvez m\u00eame planifier des projets compos\u00e9s de plusieurs \u00e9l\u00e9ments. Les commandes r\u00e9currentes peuvent \u00eatre ajout\u00e9es \u00e0 votre propre catalogue (dans votre compte) pour un traitement encore plus rapide.   <\/p>\n<p>Dans votre compte personnel, vous trouverez, en plus de l&rsquo;aper\u00e7u de la commande et du statut, une fonction de chat qui simplifie encore la communication entre vous et nous.<\/p>\n<p>L&rsquo;IA int\u00e9gr\u00e9e peut vous aider \u00e0 choisir le support et la technologie, et donc \u00e0 configurer le travail d&rsquo;impression.<\/p>\n<h3>S\u00e9curit\u00e9<\/h3>\n<p>La s\u00e9curit\u00e9 des donn\u00e9es nous tient \u00e0 c\u0153ur. C&rsquo;est pourquoi le t\u00e9l\u00e9chargement des donn\u00e9es est crypt\u00e9. Il en va de m\u00eame pour le t\u00e9l\u00e9chargement \u00e0 partir de notre site. De plus, les donn\u00e9es ne sont stock\u00e9es que bri\u00e8vement sur notre serveur \u00e0 Zurich.   <\/p>\n\n\t\t<\/div>\n\t\t\t\t\t<\/div>\n\n\t\n\n\n<style>\n#row-1755585715 > .col > .col-inner {\n  padding: 30px 0px 0px 0px;\n}\n<\/style>\n<\/div>\n\n","protected":false},"excerpt":{"rendered":"","protected":false},"author":1,"featured_media":0,"parent":0,"menu_order":0,"comment_status":"closed","ping_status":"closed","template":"page-blank.php","meta":{"footnotes":""},"class_list":["post-72801","page","type-page","status-publish","hentry"],"yoast_head":"<!-- This site is optimized with the Yoast SEO Premium plugin v27.4 (Yoast SEO v27.4) - https:\/\/yoast.com\/product\/yoast-seo-premium-wordpress\/ -->\n<title>Service d&#039;impression 3D - Demande de devis - 3D-EDU GmbH<\/title>\n<meta name=\"robots\" content=\"index, follow, max-snippet:-1, max-image-preview:large, max-video-preview:-1\" \/>\n<link rel=\"canonical\" href=\"https:\/\/3d-edu.ch\/fr\/service-dimpression-3d-demande-de-devis\/\" \/>\n<meta property=\"og:locale\" content=\"fr_FR\" \/>\n<meta property=\"og:type\" content=\"article\" \/>\n<meta property=\"og:title\" content=\"Service d&#039;impression 3D - Demande de devis\" \/>\n<meta property=\"og:url\" content=\"https:\/\/3d-edu.ch\/fr\/service-dimpression-3d-demande-de-devis\/\" \/>\n<meta property=\"og:site_name\" content=\"3D-EDU GmbH\" \/>\n<meta property=\"article:publisher\" content=\"https:\/\/www.facebook.com\/3d-educh-210277586064960\/\" \/>\n<meta property=\"article:modified_time\" content=\"2026-03-09T12:34:59+00:00\" \/>\n<meta property=\"og:image\" content=\"https:\/\/dedune53.myhostpoint.ch\/wp-content\/uploads\/2019\/01\/3D-Druck-Dienstleister.jpg\" \/>\n<meta name=\"twitter:card\" content=\"summary_large_image\" \/>\n<meta name=\"twitter:site\" content=\"@3d_edu_ch\" \/>\n<meta name=\"twitter:label1\" content=\"Dur\u00e9e de lecture estim\u00e9e\" \/>\n\t<meta name=\"twitter:data1\" content=\"3 minute\" \/>\n<script type=\"application\/ld+json\" class=\"yoast-schema-graph\">{\"@context\":\"https:\\\/\\\/schema.org\",\"@graph\":[{\"@type\":\"WebPage\",\"@id\":\"https:\\\/\\\/3d-edu.ch\\\/fr\\\/service-dimpression-3d-demande-de-devis\\\/\",\"url\":\"https:\\\/\\\/3d-edu.ch\\\/fr\\\/service-dimpression-3d-demande-de-devis\\\/\",\"name\":\"Service d'impression 3D - Demande de devis - 3D-EDU GmbH\",\"isPartOf\":{\"@id\":\"https:\\\/\\\/3d-edu.ch\\\/fr\\\/#website\"},\"datePublished\":\"2019-01-09T15:31:50+00:00\",\"dateModified\":\"2026-03-09T12:34:59+00:00\",\"breadcrumb\":{\"@id\":\"https:\\\/\\\/3d-edu.ch\\\/fr\\\/service-dimpression-3d-demande-de-devis\\\/#breadcrumb\"},\"inLanguage\":\"fr-FR\",\"potentialAction\":[{\"@type\":\"ReadAction\",\"target\":[\"https:\\\/\\\/3d-edu.ch\\\/fr\\\/service-dimpression-3d-demande-de-devis\\\/\"]}]},{\"@type\":\"BreadcrumbList\",\"@id\":\"https:\\\/\\\/3d-edu.ch\\\/fr\\\/service-dimpression-3d-demande-de-devis\\\/#breadcrumb\",\"itemListElement\":[{\"@type\":\"ListItem\",\"position\":1,\"name\":\"Accueil\",\"item\":\"https:\\\/\\\/3d-edu.ch\\\/fr\\\/\"},{\"@type\":\"ListItem\",\"position\":2,\"name\":\"Service d&#8217;impression 3D - Demande de devis\"}]},{\"@type\":\"WebSite\",\"@id\":\"https:\\\/\\\/3d-edu.ch\\\/fr\\\/#website\",\"url\":\"https:\\\/\\\/3d-edu.ch\\\/fr\\\/\",\"name\":\"3D-EDU GmbH\",\"description\":\"Your Formlabs, UltiMaker and Raise3D Printer Support and Education Site in Switzerland. \\\/\\\/ Ihre Formlabs, UltiMaker and Raise3D Drucker Support und Bildungs Webseite der Schweiz.\",\"publisher\":{\"@id\":\"https:\\\/\\\/3d-edu.ch\\\/fr\\\/#organization\"},\"potentialAction\":[{\"@type\":\"SearchAction\",\"target\":{\"@type\":\"EntryPoint\",\"urlTemplate\":\"https:\\\/\\\/3d-edu.ch\\\/fr\\\/?s={search_term_string}\"},\"query-input\":{\"@type\":\"PropertyValueSpecification\",\"valueRequired\":true,\"valueName\":\"search_term_string\"}}],\"inLanguage\":\"fr-FR\"},{\"@type\":[\"Organization\",\"Place\",\"ElectronicsStore\"],\"@id\":\"https:\\\/\\\/3d-edu.ch\\\/fr\\\/#organization\",\"name\":\"3D-EDU GmbH\",\"url\":\"https:\\\/\\\/3d-edu.ch\\\/fr\\\/\",\"logo\":{\"@id\":\"https:\\\/\\\/3d-edu.ch\\\/fr\\\/service-dimpression-3d-demande-de-devis\\\/#local-main-organization-logo\"},\"image\":{\"@id\":\"https:\\\/\\\/3d-edu.ch\\\/fr\\\/service-dimpression-3d-demande-de-devis\\\/#local-main-organization-logo\"},\"sameAs\":[\"https:\\\/\\\/www.facebook.com\\\/3d-educh-210277586064960\\\/\",\"https:\\\/\\\/x.com\\\/3d_edu_ch\"],\"address\":{\"@id\":\"https:\\\/\\\/3d-edu.ch\\\/fr\\\/service-dimpression-3d-demande-de-devis\\\/#local-main-place-address\"},\"geo\":{\"@type\":\"GeoCoordinates\",\"latitude\":\"47.38413\",\"longitude\":\"8.49812\"},\"telephone\":[\"+41 44 492 11 22\"],\"openingHoursSpecification\":[{\"@type\":\"OpeningHoursSpecification\",\"dayOfWeek\":[\"Monday\",\"Tuesday\",\"Wednesday\",\"Thursday\",\"Friday\"],\"opens\":\"08:30\",\"closes\":\"18:00\"},{\"@type\":\"OpeningHoursSpecification\",\"dayOfWeek\":[\"Saturday\",\"Sunday\"],\"opens\":\"00:00\",\"closes\":\"00:00\"}],\"email\":\"info@3d-edu.ch\",\"faxNumber\":\"+41 44 492 11 23\",\"vatID\":\"CHE-184.499.491 MWST\",\"priceRange\":\"$$$\",\"currenciesAccepted\":\"CHF\"},{\"@type\":\"PostalAddress\",\"@id\":\"https:\\\/\\\/3d-edu.ch\\\/fr\\\/service-dimpression-3d-demande-de-devis\\\/#local-main-place-address\",\"streetAddress\":\"3D-EDU GmbH, Badenerstrasse 556\",\"addressLocality\":\"Z\u00fcrich\",\"postalCode\":\"8048\",\"addressRegion\":\"Z\u00fcrich\",\"addressCountry\":\"CH\"},{\"@type\":\"ImageObject\",\"inLanguage\":\"fr-FR\",\"@id\":\"https:\\\/\\\/3d-edu.ch\\\/fr\\\/service-dimpression-3d-demande-de-devis\\\/#local-main-organization-logo\",\"url\":\"https:\\\/\\\/3d-edu.ch\\\/wp-content\\\/uploads\\\/2018\\\/10\\\/3d-drucker-makerbot-formlabs-professionelle-3d-drucker-e1546527990490.png\",\"contentUrl\":\"https:\\\/\\\/3d-edu.ch\\\/wp-content\\\/uploads\\\/2018\\\/10\\\/3d-drucker-makerbot-formlabs-professionelle-3d-drucker-e1546527990490.png\",\"width\":275,\"height\":80,\"caption\":\"3D-EDU GmbH\"}]}<\/script>\n<meta name=\"geo.placename\" content=\"Z\u00fcrich\" \/>\n<meta name=\"geo.position\" content=\"47.38413;8.49812\" \/>\n<meta name=\"geo.region\" content=\"Suisse\" \/>\n<!-- \/ Yoast SEO Premium plugin. -->","yoast_head_json":{"title":"Service d'impression 3D - Demande de devis - 3D-EDU GmbH","robots":{"index":"index","follow":"follow","max-snippet":"max-snippet:-1","max-image-preview":"max-image-preview:large","max-video-preview":"max-video-preview:-1"},"canonical":"https:\/\/3d-edu.ch\/fr\/service-dimpression-3d-demande-de-devis\/","og_locale":"fr_FR","og_type":"article","og_title":"Service d'impression 3D - Demande de devis","og_url":"https:\/\/3d-edu.ch\/fr\/service-dimpression-3d-demande-de-devis\/","og_site_name":"3D-EDU GmbH","article_publisher":"https:\/\/www.facebook.com\/3d-educh-210277586064960\/","article_modified_time":"2026-03-09T12:34:59+00:00","og_image":[{"url":"https:\/\/dedune53.myhostpoint.ch\/wp-content\/uploads\/2019\/01\/3D-Druck-Dienstleister.jpg","type":"","width":"","height":""}],"twitter_card":"summary_large_image","twitter_site":"@3d_edu_ch","twitter_misc":{"Dur\u00e9e de lecture estim\u00e9e":"3 minute"},"schema":{"@context":"https:\/\/schema.org","@graph":[{"@type":"WebPage","@id":"https:\/\/3d-edu.ch\/fr\/service-dimpression-3d-demande-de-devis\/","url":"https:\/\/3d-edu.ch\/fr\/service-dimpression-3d-demande-de-devis\/","name":"Service d'impression 3D - Demande de devis - 3D-EDU GmbH","isPartOf":{"@id":"https:\/\/3d-edu.ch\/fr\/#website"},"datePublished":"2019-01-09T15:31:50+00:00","dateModified":"2026-03-09T12:34:59+00:00","breadcrumb":{"@id":"https:\/\/3d-edu.ch\/fr\/service-dimpression-3d-demande-de-devis\/#breadcrumb"},"inLanguage":"fr-FR","potentialAction":[{"@type":"ReadAction","target":["https:\/\/3d-edu.ch\/fr\/service-dimpression-3d-demande-de-devis\/"]}]},{"@type":"BreadcrumbList","@id":"https:\/\/3d-edu.ch\/fr\/service-dimpression-3d-demande-de-devis\/#breadcrumb","itemListElement":[{"@type":"ListItem","position":1,"name":"Accueil","item":"https:\/\/3d-edu.ch\/fr\/"},{"@type":"ListItem","position":2,"name":"Service d&#8217;impression 3D - Demande de devis"}]},{"@type":"WebSite","@id":"https:\/\/3d-edu.ch\/fr\/#website","url":"https:\/\/3d-edu.ch\/fr\/","name":"3D-EDU GmbH","description":"Your Formlabs, UltiMaker and Raise3D Printer Support and Education Site in Switzerland. \/\/ Ihre Formlabs, UltiMaker and Raise3D Drucker Support und Bildungs Webseite der Schweiz.","publisher":{"@id":"https:\/\/3d-edu.ch\/fr\/#organization"},"potentialAction":[{"@type":"SearchAction","target":{"@type":"EntryPoint","urlTemplate":"https:\/\/3d-edu.ch\/fr\/?s={search_term_string}"},"query-input":{"@type":"PropertyValueSpecification","valueRequired":true,"valueName":"search_term_string"}}],"inLanguage":"fr-FR"},{"@type":["Organization","Place","ElectronicsStore"],"@id":"https:\/\/3d-edu.ch\/fr\/#organization","name":"3D-EDU GmbH","url":"https:\/\/3d-edu.ch\/fr\/","logo":{"@id":"https:\/\/3d-edu.ch\/fr\/service-dimpression-3d-demande-de-devis\/#local-main-organization-logo"},"image":{"@id":"https:\/\/3d-edu.ch\/fr\/service-dimpression-3d-demande-de-devis\/#local-main-organization-logo"},"sameAs":["https:\/\/www.facebook.com\/3d-educh-210277586064960\/","https:\/\/x.com\/3d_edu_ch"],"address":{"@id":"https:\/\/3d-edu.ch\/fr\/service-dimpression-3d-demande-de-devis\/#local-main-place-address"},"geo":{"@type":"GeoCoordinates","latitude":"47.38413","longitude":"8.49812"},"telephone":["+41 44 492 11 22"],"openingHoursSpecification":[{"@type":"OpeningHoursSpecification","dayOfWeek":["Monday","Tuesday","Wednesday","Thursday","Friday"],"opens":"08:30","closes":"18:00"},{"@type":"OpeningHoursSpecification","dayOfWeek":["Saturday","Sunday"],"opens":"00:00","closes":"00:00"}],"email":"info@3d-edu.ch","faxNumber":"+41 44 492 11 23","vatID":"CHE-184.499.491 MWST","priceRange":"$$$","currenciesAccepted":"CHF"},{"@type":"PostalAddress","@id":"https:\/\/3d-edu.ch\/fr\/service-dimpression-3d-demande-de-devis\/#local-main-place-address","streetAddress":"3D-EDU GmbH, Badenerstrasse 556","addressLocality":"Z\u00fcrich","postalCode":"8048","addressRegion":"Z\u00fcrich","addressCountry":"CH"},{"@type":"ImageObject","inLanguage":"fr-FR","@id":"https:\/\/3d-edu.ch\/fr\/service-dimpression-3d-demande-de-devis\/#local-main-organization-logo","url":"https:\/\/3d-edu.ch\/wp-content\/uploads\/2018\/10\/3d-drucker-makerbot-formlabs-professionelle-3d-drucker-e1546527990490.png","contentUrl":"https:\/\/3d-edu.ch\/wp-content\/uploads\/2018\/10\/3d-drucker-makerbot-formlabs-professionelle-3d-drucker-e1546527990490.png","width":275,"height":80,"caption":"3D-EDU GmbH"}]},"geo.placename":"Z\u00fcrich","geo.position":{"lat":"47.38413","long":"8.49812"},"geo.region":"Suisse"},"_links":{"self":[{"href":"https:\/\/3d-edu.ch\/fr\/wp-json\/wp\/v2\/pages\/72801","targetHints":{"allow":["GET"]}}],"collection":[{"href":"https:\/\/3d-edu.ch\/fr\/wp-json\/wp\/v2\/pages"}],"about":[{"href":"https:\/\/3d-edu.ch\/fr\/wp-json\/wp\/v2\/types\/page"}],"author":[{"embeddable":true,"href":"https:\/\/3d-edu.ch\/fr\/wp-json\/wp\/v2\/users\/1"}],"replies":[{"embeddable":true,"href":"https:\/\/3d-edu.ch\/fr\/wp-json\/wp\/v2\/comments?post=72801"}],"version-history":[{"count":4,"href":"https:\/\/3d-edu.ch\/fr\/wp-json\/wp\/v2\/pages\/72801\/revisions"}],"predecessor-version":[{"id":80481,"href":"https:\/\/3d-edu.ch\/fr\/wp-json\/wp\/v2\/pages\/72801\/revisions\/80481"}],"wp:attachment":[{"href":"https:\/\/3d-edu.ch\/fr\/wp-json\/wp\/v2\/media?parent=72801"}],"curies":[{"name":"wp","href":"https:\/\/api.w.org\/{rel}","templated":true}]}}