{"id":72796,"date":"2019-01-09T16:34:44","date_gmt":"2019-01-09T15:34:44","guid":{"rendered":"https:\/\/3d-edu.ch\/service-dimpression-3d\/"},"modified":"2026-03-09T13:39:29","modified_gmt":"2026-03-09T12:39:29","slug":"service-dimpression-3d","status":"publish","type":"page","link":"https:\/\/3d-edu.ch\/fr\/services\/service-dimpression-3d\/","title":{"rendered":"Service d&rsquo;impression 3D"},"content":{"rendered":"\n\n\t<section class=\"section dark\" id=\"section_2063879284\">\n\t\t<div class=\"section-bg fill\" >\n\t\t\t<img loading=\"lazy\" decoding=\"async\" width=\"1920\" height=\"1150\" src=\"https:\/\/3d-edu.ch\/wp-content\/smush-avif\/2019\/01\/3D-Druck-Service.jpg.avif\" class=\"bg attachment- size-\" alt=\"3D-Druck-Service\" \/>\t\t\t\t\t\t<div class=\"section-bg-overlay absolute fill\"><\/div>\n\t\t\t\n\n\t\t<\/div>\n\n\t\t\n\n\t\t<div class=\"section-content relative\">\n\t\t\t\n\n<div class=\"row\"  id=\"row-2012019961\">\n\n\n\t<div id=\"col-516074218\" class=\"col small-12 large-12\"  >\n\t\t\t\t<div class=\"col-inner\"  >\n\t\t\t\n\t\t\t\n\n<h1>Service d&rsquo;impression 3D par 3D-EDU - votre fournisseur de services d&rsquo;impression 3D<\/h1>\n<h2>Nous imprimons pour vous en FDM, SLA et SLS - <br \/>\u00e0 Zurich - rapide, proche, simple<\/h2>\n<a href=\"https:\/\/3d-edu.ch\/fr\/service-dimpression-3d-demande-de-devis\/\" class=\"button primary\" >\n\t\t<span>Obtenir un devis en 3 \u00e9tapes<\/span>\n\t<\/a>\n\n\n\n\t\t<\/div>\n\t\t\t\t\t<\/div>\n\n\t\n\n<\/div>\n\n\t\t<\/div>\n\n\t\t\n<style>\n#section_2063879284 {\n  padding-top: 30px;\n  padding-bottom: 30px;\n  min-height: 550px;\n  background-color: rgb(40, 40, 40);\n}\n#section_2063879284 .section-bg-overlay {\n  background-color: rgba(0,0,0,.5);\n}\n#section_2063879284 .section-bg img {\n  object-position: 50% 55%;\n}\n<\/style>\n\t<\/section>\n\t\n<div class=\"row\"  id=\"row-809689188\">\n\n\n\t<div id=\"col-772918778\" class=\"col medium-6 small-12 large-6\"  >\n\t\t\t\t<div class=\"col-inner\"  >\n\t\t\t\n\t\t\t\n\n<h2>Notre service d&rsquo;impression 3D<\/h2>\n<p>En tant que revendeur agr\u00e9\u00e9 de Formlabs, UltiMaker et Raise3D, nous connaissons parfaitement nos machines et savons ce qu&rsquo;elles peuvent faire. C&rsquo;est pourquoi nous vous proposons notre service d&rsquo;impression 3D en tant que prestataire de services d&rsquo;impression 3D. Nous fabriquons pour vous en interne, \u00e0 Zurich, sur nos propres installations. Cela vous offre des r\u00e9sultats d&rsquo;impression de haute qualit\u00e9 et une s\u00e9curit\u00e9 dans les d\u00e9lais. Actuellement, nous pouvons vous proposer le service d&rsquo;impression 3D dans trois proc\u00e9d\u00e9s et plus de 20 mat\u00e9riaux.    <\/p>\n<p>Vous n&rsquo;\u00eates pas s\u00fbr des mat\u00e9riaux ou de la technique de fabrication ? Nous vous conseillons avec comp\u00e9tence et plaisir : <\/p>\n<a href=\"https:\/\/3d-edu.ch\/fr\/contact\/\" class=\"button primary\" >\n\t\t<span>Demander des conseils<\/span>\n\t<\/a>\n\n\n\n\t\t<\/div>\n\t\t\t\t\t<\/div>\n\n\t\n\n\t<div id=\"col-1688165716\" class=\"col medium-6 small-12 large-6\"  >\n\t\t\t\t<div class=\"col-inner\"  >\n\t\t\t\n\t\t\t\n\n<h2>Notre offre : FDM \/ SLA \/ SLS<\/h2>\n<p>Nous pouvons actuellement produire pour vous sur des <a href=\"https:\/\/3d-edu.ch\/ultimaker\/3d-drucker\/method-serie\/ultimaker-method-xl\/\">imprimantes 3D FDM UltiMaker<\/a> et <a href=\"https:\/\/3d-edu.ch\/raise3d\/raise3d-3d-drucker\/pro3-series\/\">des imprimantes 3D FFF Raise3D<\/a> avec un espace de montage allant jusqu&rsquo;\u00e0 300 x 300 x 300 mm. Nous disposons \u00e9galement de plusieurs <a href=\"https:\/\/3d-edu.ch\/formlabs\/formlabs-3d-drucker-2\/\">imprimantes 3D Formlabs SLA \/LFS<\/a> avec un espace de montage allant jusqu&rsquo;\u00e0 335 x 200 x 300 mm. Nous disposons \u00e9galement de deux <a href=\"https:\/\/3d-edu.ch\/formlabs\/formlabs-3d-drucker-2\/fuse-1-30w\/\">imprimantes 3D Formlabs Fuse 1+ SLS<\/a> avec un espace de montage allant jusqu&rsquo;\u00e0 165 x 165 x 300 mm, afin de fabriquer pour vous des composants en technologie SLS. <\/p>\n<p>Vous savez d\u00e9j\u00e0 ce que vous voulez ? Obtenez votre offre en une seule \u00e9tape : <\/p>\n<a href=\"https:\/\/3d-edu.ch\/fr\/service-dimpression-3d-demande-de-devis\/\" class=\"button primary\" >\n\t\t<span>Obtenir un devis en 3 \u00e9tapes<\/span>\n\t<\/a>\n\n\n\n\t\t<\/div>\n\t\t\t\t\t<\/div>\n\n\t\n\n<\/div>\n<div class=\"is-divider divider clearfix\" style=\"max-width:1280px;height:1px;\"><\/div>\n\n<div class=\"row align-middle\"  id=\"row-1822847947\">\n\n\n\t<div id=\"col-876391669\" class=\"col medium-7 small-12 large-7\"  >\n\t\t\t\t<div class=\"col-inner\"  >\n\t\t\t\n\t\t\t\n\n<h3>Imprimantes 3D FDM\/FFF UltiMaker &amp; Raise3D<\/h3>\n<p>Sur nos imprimantes 3D UltiMaker et Raise3D FDM (Fused Deposition Modeling), nous vous produisons rapidement et \u00e0 moindre co\u00fbt des prototypes fonctionnels, des mod\u00e8les conceptuels et des \u00e9tudes de formes. Sur ces machines, nous traitons notamment l&rsquo;ABS, l&rsquo;ASA, le PLA, le Tough PLA, le PETG, le TPU 95A, le PC et le PA6 ou PA12 avec des microfibres de carbone dans un espace de montage pouvant atteindre environ 300 x 300 x 300 mm (selon le mat\u00e9riau). L&rsquo;\u00e9paisseur de la couche est de 0,1 \u00e0 0,4 mm et la tol\u00e9rance est d&rsquo;environ 0,2 mm selon la g\u00e9om\u00e9trie.  <\/p>\n<p>Dans ce proc\u00e9d\u00e9, un fil plastique est fondu et appliqu\u00e9 par couches successives (stratification par fusion).<\/p>\n<p><strong>Avantages<\/strong><\/p>\n<ul>\n<li>mat\u00e9riaux relativement bon march\u00e9 (thermoplastiques)<\/li>\n<li>convient \u00e9galement aux composants relativement grands<\/li>\n<li>des composants utilisables et r\u00e9sistants<\/li>\n<li>Possibilit\u00e9 de post-traitement<\/li>\n<li>z. en partie des plastiques de qualit\u00e9 alimentaire<\/li>\n<\/ul>\n<p><strong>Inconv\u00e9nients<\/strong><\/p>\n<ul>\n<li>stratification visible<\/li>\n<li>tol\u00e9rances \u00e9lev\u00e9es<\/li>\n<li>Le support doit \u00eatre retir\u00e9 m\u00e9caniquement selon la taille du composant<\/li>\n<\/ul>\n\n\t\t<\/div>\n\t\t\t\t\t<\/div>\n\n\t\n\n\t<div id=\"col-341465360\" class=\"col medium-5 small-12 large-5\"  >\n\t\t\t\t<div class=\"col-inner\"  >\n\t\t\t\n\t\t\t\n\n\t<div class=\"img has-hover x md-x lg-x y md-y lg-y\" id=\"image_440123269\">\n\t\t\t\t\t\t\t\t<div class=\"img-inner dark\" >\n\t\t\t<img loading=\"lazy\" decoding=\"async\" width=\"550\" height=\"500\" src=\"https:\/\/3d-edu.ch\/wp-content\/smush-avif\/2019\/01\/3D-Druck-Service-3D-Druck-Dienstleister-FDM-3D-Druck-Architektur-Design-Rapid-Prototyping.jpg.avif\" class=\"attachment-large size-large\" alt=\"3D-Druck-Service-3D-Druck-Dienstleister-FDM-3D-Druck-Architektur-Design-Rapid-Prototyping\" srcset=\"https:\/\/3d-edu.ch\/wp-content\/smush-avif\/2019\/01\/3D-Druck-Service-3D-Druck-Dienstleister-FDM-3D-Druck-Architektur-Design-Rapid-Prototyping.jpg.avif 550w, https:\/\/3d-edu.ch\/wp-content\/smush-avif\/2019\/01\/3D-Druck-Service-3D-Druck-Dienstleister-FDM-3D-Druck-Architektur-Design-Rapid-Prototyping-380x345.jpg.avif 380w, https:\/\/3d-edu.ch\/wp-content\/smush-avif\/2019\/01\/3D-Druck-Service-3D-Druck-Dienstleister-FDM-3D-Druck-Architektur-Design-Rapid-Prototyping-240x218.jpg.avif 240w\" sizes=\"auto, (max-width: 550px) 100vw, 550px\" \/>\t\t\t\t\t\t\n\t\t\t\t\t<\/div>\n\t\t\t\t\t\t\t\t\n<style>\n#image_440123269 {\n  width: 100%;\n}\n<\/style>\n\t<\/div>\n\t\n\n\n\t\t<\/div>\n\t\t\t\t\t<\/div>\n\n\t\n\n<\/div>\n<div class=\"is-divider divider clearfix\" style=\"max-width:1280px;height:1px;\"><\/div>\n\n<div class=\"row align-middle\"  id=\"row-786984664\">\n\n\n\t<div id=\"col-1171701936\" class=\"col medium-7 small-12 large-7\"  >\n\t\t\t\t<div class=\"col-inner\"  >\n\t\t\t\n\t\t\t\n\n<h3>Imprimante 3D Formlabs SLA<\/h3>\n<p>Les imprimantes Formlabs MSLA\/SLA (masqu\u00e9es\/st\u00e9r\u00e9olithographiques) 3D sont adapt\u00e9es \u00e0 la production de mod\u00e8les tr\u00e8s vari\u00e9s ; nous traitons des mat\u00e9riaux pour l&rsquo;ing\u00e9nierie, les applications dentaires, la conception de bijoux et des mat\u00e9riaux standard pour le design et l&rsquo;architecture. L&rsquo;espace d&rsquo;installation de ces machines est de 335 x 200 x 300 mm. L&rsquo;\u00e9paisseur de la couche est de 0,025 \u00e0 0,3 mm selon le mat\u00e9riau et la taille de la pi\u00e8ce. Les tol\u00e9rances d\u00e9pendent \u00e9galement du choix du mat\u00e9riau, de l&rsquo;\u00e9paisseur de la couche et de la g\u00e9om\u00e9trie et sont d&rsquo;environ 0,035 - 0,075 mm.  <\/p>\n<p>Dans ce proc\u00e9d\u00e9, une r\u00e9sine liquide est durcie couche par couche \u00e0 l&rsquo;aide d&rsquo;un laser.<\/p>\n<p><strong>Avantages<\/strong><\/p>\n<ul>\n<li>impressions tr\u00e8s pr\u00e9cises<\/li>\n<li>haute qualit\u00e9 de surface<\/li>\n<li>grand choix de mat\u00e9riaux<\/li>\n<li>mat\u00e9riaux sp\u00e9ciaux pour diverses industries<\/li>\n<li>convient \u00e9galement aux tr\u00e8s petits composants<\/li>\n<\/ul>\n<p><strong>Inconv\u00e9nients<\/strong><\/p>\n<ul>\n<li>pas stable aux UV<\/li>\n<li>Le support doit \u00eatre retir\u00e9 m\u00e9caniquement<\/li>\n<li>mat\u00e9riaux parfois un peu plus chers<\/li>\n<\/ul>\n\n\t\t<\/div>\n\t\t\t\t\t<\/div>\n\n\t\n\n\t<div id=\"col-838358516\" class=\"col medium-5 small-12 large-5\"  >\n\t\t\t\t<div class=\"col-inner\"  >\n\t\t\t\n\t\t\t\n\n\t<div class=\"img has-hover x md-x lg-x y md-y lg-y\" id=\"image_1389454596\">\n\t\t\t\t\t\t\t\t<div class=\"img-inner dark\" >\n\t\t\t<img loading=\"lazy\" decoding=\"async\" width=\"550\" height=\"500\" src=\"https:\/\/3d-edu.ch\/wp-content\/smush-avif\/2019\/01\/3D-Druck-Dienstleister-3D-Druck-Service-SLA-3D-Druck-Dental-Engineering.jpg.avif\" class=\"attachment-large size-large\" alt=\"3D-Druck-Dienstleister-3D-Druck-Service-SLA-3D-Druck-Dental-Engineering\" srcset=\"https:\/\/3d-edu.ch\/wp-content\/smush-avif\/2019\/01\/3D-Druck-Dienstleister-3D-Druck-Service-SLA-3D-Druck-Dental-Engineering.jpg.avif 550w, https:\/\/3d-edu.ch\/wp-content\/smush-avif\/2019\/01\/3D-Druck-Dienstleister-3D-Druck-Service-SLA-3D-Druck-Dental-Engineering-380x345.jpg.avif 380w, https:\/\/3d-edu.ch\/wp-content\/smush-avif\/2019\/01\/3D-Druck-Dienstleister-3D-Druck-Service-SLA-3D-Druck-Dental-Engineering-240x218.jpg.avif 240w\" sizes=\"auto, (max-width: 550px) 100vw, 550px\" \/>\t\t\t\t\t\t\n\t\t\t\t\t<\/div>\n\t\t\t\t\t\t\t\t\n<style>\n#image_1389454596 {\n  width: 100%;\n}\n<\/style>\n\t<\/div>\n\t\n\n\n\t\t<\/div>\n\t\t\t\t\t<\/div>\n\n\t\n\n<\/div>\n<div class=\"is-divider divider clearfix\" style=\"max-width:1280px;height:1px;\"><\/div>\n\n<div class=\"row align-middle\"  id=\"row-338154837\">\n\n\n\t<div id=\"col-379565501\" class=\"col medium-7 small-12 large-7\"  >\n\t\t\t\t<div class=\"col-inner\"  >\n\t\t\t\n\t\t\t\n\n<h3>Imprimante 3D SLS de Formlabs<\/h3>\n<p>Sur les imprimantes 3D SLS (Selective Laser Sintering) de Formlabs, nous produisons des prototypes fonctionnels et des pi\u00e8ces finies pr\u00eates \u00e0 l&rsquo;emploi, \u00e0 l&rsquo;unit\u00e9 ou en petite s\u00e9rie. Sur ces machines, nous transformons du PA12 ou du PA11 anthracite dans un espace de construction allant jusqu&rsquo;\u00e0 environ 165 x 165 x 300 mm. L&rsquo;\u00e9paisseur de la couche est de 0,11 mm et la tol\u00e9rance est d&rsquo;environ 0,05 mm selon la g\u00e9om\u00e9trie. <\/p>\n<p>Dans ce proc\u00e9d\u00e9, la poudre de plastique est fondue ensemble par couches \u00e0 l&rsquo;aide d&rsquo;un laser dans le lit de poudre.<\/p>\n<p><strong>Avantages<\/strong><\/p>\n<ul>\n<li>des impressions pr\u00e9cises<\/li>\n<li>bonne qualit\u00e9 de surface<\/li>\n<li>Libert\u00e9 g\u00e9om\u00e9trique car aucune structure de support n&rsquo;est n\u00e9cessaire<\/li>\n<li>Production en s\u00e9rie rentable<\/li>\n<li>composants enti\u00e8rement utilisables possibles<\/li>\n<\/ul>\n<p><strong>Inconv\u00e9nients<\/strong><\/p>\n<ul>\n<li>un peu plus cher<\/li>\n<li>espace de construction limit\u00e9<\/li>\n<\/ul>\n\n\t\t<\/div>\n\t\t\t\t\t<\/div>\n\n\t\n\n\t<div id=\"col-1268457063\" class=\"col medium-5 small-12 large-5\"  >\n\t\t\t\t<div class=\"col-inner\"  >\n\t\t\t\n\t\t\t\n\n\t<div class=\"img has-hover x md-x lg-x y md-y lg-y\" id=\"image_63883873\">\n\t\t\t\t\t\t\t\t<div class=\"img-inner dark\" >\n\t\t\t<img loading=\"lazy\" decoding=\"async\" width=\"500\" height=\"333\" src=\"https:\/\/3d-edu.ch\/wp-content\/smush-avif\/2021\/06\/sls-3d-drucker-fuer-die-produktion.jpg.avif\" class=\"attachment-large size-large\" alt=\"Imprimante 3D SLS pour la production\" srcset=\"https:\/\/3d-edu.ch\/wp-content\/smush-avif\/2021\/06\/sls-3d-drucker-fuer-die-produktion.jpg.avif 500w, https:\/\/3d-edu.ch\/wp-content\/smush-avif\/2021\/06\/sls-3d-drucker-fuer-die-produktion-240x160.jpg.avif 240w, https:\/\/3d-edu.ch\/wp-content\/smush-avif\/2021\/06\/sls-3d-drucker-fuer-die-produktion-45x30.jpg.avif 45w, https:\/\/3d-edu.ch\/wp-content\/smush-avif\/2021\/06\/sls-3d-drucker-fuer-die-produktion-380x253.jpg.avif 380w\" sizes=\"auto, (max-width: 500px) 100vw, 500px\" \/>\t\t\t\t\t\t\n\t\t\t\t\t<\/div>\n\t\t\t\t\t\t\t\t\n<style>\n#image_63883873 {\n  width: 100%;\n}\n<\/style>\n\t<\/div>\n\t\n\n\n\t\t<\/div>\n\t\t\t\t\t<\/div>\n\n\t\n\n<\/div>\n<div class=\"is-divider divider clearfix\" style=\"max-width:1280px;height:1px;\"><\/div>\n\n<div class=\"row\"  id=\"row-1663418465\">\n\n\n\t<div id=\"col-1344619956\" class=\"col small-12 large-12\"  >\n\t\t\t\t<div class=\"col-inner\"  >\n\t\t\t\n\t\t\t\n\n<h2>Profitez d\u00e8s aujourd&rsquo;hui de notre service professionnel d&rsquo;impression 3D :<\/h2>\n\n\t\t<\/div>\n\t\t\t\t\t<\/div>\n\n\t\n\n<\/div>\n<div class=\"row\"  id=\"row-1260226444\">\n\n\n\t<div id=\"col-682481263\" class=\"col medium-6 small-12 large-6\"  >\n\t\t\t\t<div class=\"col-inner\"  >\n\t\t\t\n\t\t\t\n\n<a href=\"https:\/\/3d-edu.ch\/fr\/service-dimpression-3d\/#\" class=\"button primary\" >\n\t\t<span>Demander des conseils<\/span>\n\t<\/a>\n\n\n\n\t\t<\/div>\n\t\t\t\t\t<\/div>\n\n\t\n\n\t<div id=\"col-1053513699\" class=\"col medium-6 small-12 large-6\"  >\n\t\t\t\t<div class=\"col-inner\"  >\n\t\t\t\n\t\t\t\n\n<a href=\"https:\/\/3d-edu.ch\/fr\/service-dimpression-3d-demande-de-devis\/\" class=\"button primary\" >\n\t\t<span>Obtenir un devis en 3 \u00e9tapes<\/span>\n\t<\/a>\n\n\n\n\t\t<\/div>\n\t\t\t\t\t<\/div>\n\n\t\n\n<\/div>\n\n","protected":false},"excerpt":{"rendered":"","protected":false},"author":1,"featured_media":0,"parent":73119,"menu_order":0,"comment_status":"closed","ping_status":"closed","template":"page-blank.php","meta":{"footnotes":""},"class_list":["post-72796","page","type-page","status-publish","hentry"],"yoast_head":"<!-- This site is optimized with the Yoast SEO Premium plugin v27.4 (Yoast SEO v27.4) - https:\/\/yoast.com\/product\/yoast-seo-premium-wordpress\/ -->\n<title>Service d&#039;impression 3D - Fournisseur de services d&#039;impression 3D - FDM \/ SLA \/ SLS - 3D-EDU<\/title>\n<meta name=\"robots\" content=\"index, follow, max-snippet:-1, max-image-preview:large, max-video-preview:-1\" \/>\n<link rel=\"canonical\" href=\"https:\/\/3d-edu.ch\/fr\/services\/service-dimpression-3d\/\" \/>\n<meta property=\"og:locale\" content=\"fr_FR\" \/>\n<meta property=\"og:type\" content=\"article\" \/>\n<meta property=\"og:title\" content=\"Service d&#039;impression 3D\" \/>\n<meta property=\"og:url\" content=\"https:\/\/3d-edu.ch\/fr\/services\/service-dimpression-3d\/\" \/>\n<meta property=\"og:site_name\" content=\"3D-EDU GmbH\" \/>\n<meta property=\"article:publisher\" content=\"https:\/\/www.facebook.com\/3d-educh-210277586064960\/\" \/>\n<meta property=\"article:modified_time\" content=\"2026-03-09T12:39:29+00:00\" \/>\n<meta name=\"twitter:card\" content=\"summary_large_image\" \/>\n<meta name=\"twitter:site\" content=\"@3d_edu_ch\" \/>\n<meta name=\"twitter:label1\" content=\"Dur\u00e9e de lecture estim\u00e9e\" \/>\n\t<meta name=\"twitter:data1\" content=\"5 minute\" \/>\n<script type=\"application\/ld+json\" class=\"yoast-schema-graph\">{\"@context\":\"https:\\\/\\\/schema.org\",\"@graph\":[{\"@type\":\"WebPage\",\"@id\":\"https:\\\/\\\/3d-edu.ch\\\/fr\\\/services\\\/service-dimpression-3d\\\/\",\"url\":\"https:\\\/\\\/3d-edu.ch\\\/fr\\\/services\\\/service-dimpression-3d\\\/\",\"name\":\"Service d'impression 3D - Fournisseur de services d'impression 3D - FDM \\\/ SLA \\\/ SLS - 3D-EDU\",\"isPartOf\":{\"@id\":\"https:\\\/\\\/3d-edu.ch\\\/fr\\\/#website\"},\"datePublished\":\"2019-01-09T15:34:44+00:00\",\"dateModified\":\"2026-03-09T12:39:29+00:00\",\"breadcrumb\":{\"@id\":\"https:\\\/\\\/3d-edu.ch\\\/fr\\\/services\\\/service-dimpression-3d\\\/#breadcrumb\"},\"inLanguage\":\"fr-FR\",\"potentialAction\":[{\"@type\":\"ReadAction\",\"target\":[\"https:\\\/\\\/3d-edu.ch\\\/fr\\\/services\\\/service-dimpression-3d\\\/\"]}]},{\"@type\":\"BreadcrumbList\",\"@id\":\"https:\\\/\\\/3d-edu.ch\\\/fr\\\/services\\\/service-dimpression-3d\\\/#breadcrumb\",\"itemListElement\":[{\"@type\":\"ListItem\",\"position\":1,\"name\":\"Accueil\",\"item\":\"https:\\\/\\\/3d-edu.ch\\\/fr\\\/\"},{\"@type\":\"ListItem\",\"position\":2,\"name\":\"Services\",\"item\":\"https:\\\/\\\/3d-edu.ch\\\/fr\\\/services\\\/\"},{\"@type\":\"ListItem\",\"position\":3,\"name\":\"Service d&#8217;impression 3D\"}]},{\"@type\":\"WebSite\",\"@id\":\"https:\\\/\\\/3d-edu.ch\\\/fr\\\/#website\",\"url\":\"https:\\\/\\\/3d-edu.ch\\\/fr\\\/\",\"name\":\"3D-EDU GmbH\",\"description\":\"Your Formlabs, UltiMaker and Raise3D Printer Support and Education Site in Switzerland. \\\/\\\/ Ihre Formlabs, UltiMaker and Raise3D Drucker Support und Bildungs Webseite der Schweiz.\",\"publisher\":{\"@id\":\"https:\\\/\\\/3d-edu.ch\\\/fr\\\/#organization\"},\"potentialAction\":[{\"@type\":\"SearchAction\",\"target\":{\"@type\":\"EntryPoint\",\"urlTemplate\":\"https:\\\/\\\/3d-edu.ch\\\/fr\\\/?s={search_term_string}\"},\"query-input\":{\"@type\":\"PropertyValueSpecification\",\"valueRequired\":true,\"valueName\":\"search_term_string\"}}],\"inLanguage\":\"fr-FR\"},{\"@type\":[\"Organization\",\"Place\",\"ElectronicsStore\"],\"@id\":\"https:\\\/\\\/3d-edu.ch\\\/fr\\\/#organization\",\"name\":\"3D-EDU GmbH\",\"url\":\"https:\\\/\\\/3d-edu.ch\\\/fr\\\/\",\"logo\":{\"@id\":\"https:\\\/\\\/3d-edu.ch\\\/fr\\\/services\\\/service-dimpression-3d\\\/#local-main-organization-logo\"},\"image\":{\"@id\":\"https:\\\/\\\/3d-edu.ch\\\/fr\\\/services\\\/service-dimpression-3d\\\/#local-main-organization-logo\"},\"sameAs\":[\"https:\\\/\\\/www.facebook.com\\\/3d-educh-210277586064960\\\/\",\"https:\\\/\\\/x.com\\\/3d_edu_ch\"],\"address\":{\"@id\":\"https:\\\/\\\/3d-edu.ch\\\/fr\\\/services\\\/service-dimpression-3d\\\/#local-main-place-address\"},\"geo\":{\"@type\":\"GeoCoordinates\",\"latitude\":\"47.38413\",\"longitude\":\"8.49812\"},\"telephone\":[\"+41 44 492 11 22\"],\"openingHoursSpecification\":[{\"@type\":\"OpeningHoursSpecification\",\"dayOfWeek\":[\"Monday\",\"Tuesday\",\"Wednesday\",\"Thursday\",\"Friday\"],\"opens\":\"08:30\",\"closes\":\"18:00\"},{\"@type\":\"OpeningHoursSpecification\",\"dayOfWeek\":[\"Saturday\",\"Sunday\"],\"opens\":\"00:00\",\"closes\":\"00:00\"}],\"email\":\"info@3d-edu.ch\",\"faxNumber\":\"+41 44 492 11 23\",\"vatID\":\"CHE-184.499.491 MWST\",\"priceRange\":\"$$$\",\"currenciesAccepted\":\"CHF\"},{\"@type\":\"PostalAddress\",\"@id\":\"https:\\\/\\\/3d-edu.ch\\\/fr\\\/services\\\/service-dimpression-3d\\\/#local-main-place-address\",\"streetAddress\":\"3D-EDU GmbH, Badenerstrasse 556\",\"addressLocality\":\"Z\u00fcrich\",\"postalCode\":\"8048\",\"addressRegion\":\"Z\u00fcrich\",\"addressCountry\":\"CH\"},{\"@type\":\"ImageObject\",\"inLanguage\":\"fr-FR\",\"@id\":\"https:\\\/\\\/3d-edu.ch\\\/fr\\\/services\\\/service-dimpression-3d\\\/#local-main-organization-logo\",\"url\":\"https:\\\/\\\/3d-edu.ch\\\/wp-content\\\/uploads\\\/2018\\\/10\\\/3d-drucker-makerbot-formlabs-professionelle-3d-drucker-e1546527990490.png\",\"contentUrl\":\"https:\\\/\\\/3d-edu.ch\\\/wp-content\\\/uploads\\\/2018\\\/10\\\/3d-drucker-makerbot-formlabs-professionelle-3d-drucker-e1546527990490.png\",\"width\":275,\"height\":80,\"caption\":\"3D-EDU GmbH\"}]}<\/script>\n<meta name=\"geo.placename\" content=\"Z\u00fcrich\" \/>\n<meta name=\"geo.position\" content=\"47.38413;8.49812\" \/>\n<meta name=\"geo.region\" content=\"Suisse\" \/>\n<!-- \/ Yoast SEO Premium plugin. -->","yoast_head_json":{"title":"Service d'impression 3D - Fournisseur de services d'impression 3D - FDM \/ SLA \/ SLS - 3D-EDU","robots":{"index":"index","follow":"follow","max-snippet":"max-snippet:-1","max-image-preview":"max-image-preview:large","max-video-preview":"max-video-preview:-1"},"canonical":"https:\/\/3d-edu.ch\/fr\/services\/service-dimpression-3d\/","og_locale":"fr_FR","og_type":"article","og_title":"Service d'impression 3D","og_url":"https:\/\/3d-edu.ch\/fr\/services\/service-dimpression-3d\/","og_site_name":"3D-EDU GmbH","article_publisher":"https:\/\/www.facebook.com\/3d-educh-210277586064960\/","article_modified_time":"2026-03-09T12:39:29+00:00","twitter_card":"summary_large_image","twitter_site":"@3d_edu_ch","twitter_misc":{"Dur\u00e9e de lecture estim\u00e9e":"5 minute"},"schema":{"@context":"https:\/\/schema.org","@graph":[{"@type":"WebPage","@id":"https:\/\/3d-edu.ch\/fr\/services\/service-dimpression-3d\/","url":"https:\/\/3d-edu.ch\/fr\/services\/service-dimpression-3d\/","name":"Service d'impression 3D - Fournisseur de services d'impression 3D - FDM \/ SLA \/ SLS - 3D-EDU","isPartOf":{"@id":"https:\/\/3d-edu.ch\/fr\/#website"},"datePublished":"2019-01-09T15:34:44+00:00","dateModified":"2026-03-09T12:39:29+00:00","breadcrumb":{"@id":"https:\/\/3d-edu.ch\/fr\/services\/service-dimpression-3d\/#breadcrumb"},"inLanguage":"fr-FR","potentialAction":[{"@type":"ReadAction","target":["https:\/\/3d-edu.ch\/fr\/services\/service-dimpression-3d\/"]}]},{"@type":"BreadcrumbList","@id":"https:\/\/3d-edu.ch\/fr\/services\/service-dimpression-3d\/#breadcrumb","itemListElement":[{"@type":"ListItem","position":1,"name":"Accueil","item":"https:\/\/3d-edu.ch\/fr\/"},{"@type":"ListItem","position":2,"name":"Services","item":"https:\/\/3d-edu.ch\/fr\/services\/"},{"@type":"ListItem","position":3,"name":"Service d&#8217;impression 3D"}]},{"@type":"WebSite","@id":"https:\/\/3d-edu.ch\/fr\/#website","url":"https:\/\/3d-edu.ch\/fr\/","name":"3D-EDU GmbH","description":"Your Formlabs, UltiMaker and Raise3D Printer Support and Education Site in Switzerland. \/\/ Ihre Formlabs, UltiMaker and Raise3D Drucker Support und Bildungs Webseite der Schweiz.","publisher":{"@id":"https:\/\/3d-edu.ch\/fr\/#organization"},"potentialAction":[{"@type":"SearchAction","target":{"@type":"EntryPoint","urlTemplate":"https:\/\/3d-edu.ch\/fr\/?s={search_term_string}"},"query-input":{"@type":"PropertyValueSpecification","valueRequired":true,"valueName":"search_term_string"}}],"inLanguage":"fr-FR"},{"@type":["Organization","Place","ElectronicsStore"],"@id":"https:\/\/3d-edu.ch\/fr\/#organization","name":"3D-EDU GmbH","url":"https:\/\/3d-edu.ch\/fr\/","logo":{"@id":"https:\/\/3d-edu.ch\/fr\/services\/service-dimpression-3d\/#local-main-organization-logo"},"image":{"@id":"https:\/\/3d-edu.ch\/fr\/services\/service-dimpression-3d\/#local-main-organization-logo"},"sameAs":["https:\/\/www.facebook.com\/3d-educh-210277586064960\/","https:\/\/x.com\/3d_edu_ch"],"address":{"@id":"https:\/\/3d-edu.ch\/fr\/services\/service-dimpression-3d\/#local-main-place-address"},"geo":{"@type":"GeoCoordinates","latitude":"47.38413","longitude":"8.49812"},"telephone":["+41 44 492 11 22"],"openingHoursSpecification":[{"@type":"OpeningHoursSpecification","dayOfWeek":["Monday","Tuesday","Wednesday","Thursday","Friday"],"opens":"08:30","closes":"18:00"},{"@type":"OpeningHoursSpecification","dayOfWeek":["Saturday","Sunday"],"opens":"00:00","closes":"00:00"}],"email":"info@3d-edu.ch","faxNumber":"+41 44 492 11 23","vatID":"CHE-184.499.491 MWST","priceRange":"$$$","currenciesAccepted":"CHF"},{"@type":"PostalAddress","@id":"https:\/\/3d-edu.ch\/fr\/services\/service-dimpression-3d\/#local-main-place-address","streetAddress":"3D-EDU GmbH, Badenerstrasse 556","addressLocality":"Z\u00fcrich","postalCode":"8048","addressRegion":"Z\u00fcrich","addressCountry":"CH"},{"@type":"ImageObject","inLanguage":"fr-FR","@id":"https:\/\/3d-edu.ch\/fr\/services\/service-dimpression-3d\/#local-main-organization-logo","url":"https:\/\/3d-edu.ch\/wp-content\/uploads\/2018\/10\/3d-drucker-makerbot-formlabs-professionelle-3d-drucker-e1546527990490.png","contentUrl":"https:\/\/3d-edu.ch\/wp-content\/uploads\/2018\/10\/3d-drucker-makerbot-formlabs-professionelle-3d-drucker-e1546527990490.png","width":275,"height":80,"caption":"3D-EDU GmbH"}]},"geo.placename":"Z\u00fcrich","geo.position":{"lat":"47.38413","long":"8.49812"},"geo.region":"Suisse"},"_links":{"self":[{"href":"https:\/\/3d-edu.ch\/fr\/wp-json\/wp\/v2\/pages\/72796","targetHints":{"allow":["GET"]}}],"collection":[{"href":"https:\/\/3d-edu.ch\/fr\/wp-json\/wp\/v2\/pages"}],"about":[{"href":"https:\/\/3d-edu.ch\/fr\/wp-json\/wp\/v2\/types\/page"}],"author":[{"embeddable":true,"href":"https:\/\/3d-edu.ch\/fr\/wp-json\/wp\/v2\/users\/1"}],"replies":[{"embeddable":true,"href":"https:\/\/3d-edu.ch\/fr\/wp-json\/wp\/v2\/comments?post=72796"}],"version-history":[{"count":3,"href":"https:\/\/3d-edu.ch\/fr\/wp-json\/wp\/v2\/pages\/72796\/revisions"}],"predecessor-version":[{"id":80656,"href":"https:\/\/3d-edu.ch\/fr\/wp-json\/wp\/v2\/pages\/72796\/revisions\/80656"}],"up":[{"embeddable":true,"href":"https:\/\/3d-edu.ch\/fr\/wp-json\/wp\/v2\/pages\/73119"}],"wp:attachment":[{"href":"https:\/\/3d-edu.ch\/fr\/wp-json\/wp\/v2\/media?parent=72796"}],"curies":[{"name":"wp","href":"https:\/\/api.w.org\/{rel}","templated":true}]}}