{"id":76382,"date":"2024-04-17T11:05:43","date_gmt":"2024-04-17T11:05:43","guid":{"rendered":"https:\/\/3d-edu.ch\/shop\/formlabs-form-4-fast-model-resin-v1-synthetic-resin-1l\/"},"modified":"2026-05-11T16:45:22","modified_gmt":"2026-05-11T14:45:22","slug":"formlabs-form-4-fast-model-resin-v1-synthetic-resin-1l","status":"publish","type":"product","link":"https:\/\/3d-edu.ch\/en\/shop\/formlabs-form-4-fast-model-resin-v1-synthetic-resin-1l\/","title":{"rendered":"Formlabs Form 4 Fast Model Resin V1 \/ Synthetic Resin 1L"},"content":{"rendered":"<h3>Formlabs Form 4 Fast Model Resin V1 \/ synthetic resin 1L cartridge<\/h3>\n<p>Formlabs Form 4 Fast Model Resin V1 is Formlabs&#8217; fastest processing resin. It can be printed at a speed of over 100 mm per hour. Print dental models in minutes or large prototypes in less than two hours.  <\/p>\n<p>The Formlabs Form 4 Fast Model Resin V1 is a new material that can be printed three times faster than previous formulations of Draft Resin thanks to the Form 4 ecosystem.<\/p>\n<p>Formlabs Form 4 Fast Model Resin V1 is particularly suitable for<\/p>\n<ul>\n<li>First prototypes for form and feel<\/li>\n<li>Fast design iterations<\/li>\n<li>Large models that need to be printed quickly<\/li>\n<li>Dental models for the thermoforming of aligners<\/li>\n<\/ul>\n<div class=\"accordion\">\n\t<div id=\"accordion-3911009354\" class=\"accordion-item\">\n\t\t<a id=\"accordion-3911009354-label\" class=\"accordion-title plain\" href=\"#accordion-item-more-information\" aria-expanded=\"false\" aria-controls=\"accordion-3911009354-content\">\n\t\t\t<button class=\"toggle\" aria-label=\"Toggle\"><i class=\"icon-angle-down\" aria-hidden=\"true\"><\/i><\/button>\n\t\t\t<span>More information<\/span>\n\t\t<\/a>\n\t\t<div id=\"accordion-3911009354-content\" class=\"accordion-inner\" aria-labelledby=\"accordion-3911009354-label\">\n\t\t\t\n<h5>Scope of delivery<\/h5>\n<p>1x Formlabs Form 4 Fast Model Resin V1 \/ synthetic resin 1L<\/p>\n<p><!--\n\nUnterst\u00fctzte Druckaufl\u00f6sungen: 100, 50, und 25 Mikrometer.\nNachh\u00e4rtung erforderlich.\nVerf\u00fcgbar f\u00fcr Form 3, Form 3L, Form 3B, Form 3BL, Form 2.\n\n\n<h5>Weitere Informationen<\/h5>\n\n\nWeitere Informationen zum Formlabs Clear Material finden Sie unter <a href=\"https:\/\/3d-edu.ch\/en\/formlabs\/formlabs-resin\/standard\/\">Formlabs Standard Resin<\/a>.\n\n\n<h2>Formlabs Resin \/ Kunstharz<\/h2>\n\n\nFormlabs Resin \/ Kunstharz liefert formvollendete Ergebnisse mit den <a href=\"https:\/\/3d-edu.ch\/en\/formlabs\/formlabs-3d-printer\/\">Formlabs SLA\/LFS 3D-Druckern<\/a>. Die Material-Bibliothek umfasst rund 20 Resins und wird stets verbessert und erweitert. Neben den <a href=\"https:\/\/3d-edu.ch\/en\/formlabs\/formlabs-resin\/standard\/\">Standard-Resins<\/a> bietet Fromlabs Spezialkunstharze f\u00fcr <a href=\"https:\/\/3d-edu.ch\/en\/formlabs\/formlabs-resin\/engineering\/\">Engineering<\/a>, <a href=\"https:\/\/3d-edu.ch\/en\/formlabs\/formlabs-resin\/castable\/\">Schmuckdesign<\/a>, <a href=\"https:\/\/3d-edu.ch\/en\/formlabs\/formlabs-resin\/dental\/\">Zahnmedizin<\/a> und <a href=\"https:\/\/3d-edu.ch\/en\/formlabs\/formlabs-resin\/medical\/\">Medizin<\/a>.\n\n\n<h3>Formlabs Standard Resin \/ Standardkunstharze<\/h3>\n\n\n\n\n<h4>Formlabs Clear, Formlabs White, Formlabs Grey, Formalbs Black Resin, Formlabs Color Kit<\/h4>\n\n\nDiese Resins erzielen h\u00f6chste Leistung und beste Oberfl\u00e4chenqualit\u00e4t. Die Formlabs Standard-Resins \/ Standardkunstharze sind auf die Fertigung in h\u00f6chster Qualit\u00e4t zugeschnittenen und bilden erstaunlich viele Details ab, ohne Abstriche in Bezug auf die Festigkeit zu machen.\n\n--><\/p>\n\t\t<\/div>\n\t<\/div>\n\t\n<\/div>\n","protected":false},"excerpt":{"rendered":"<h2><strong>Formlabs Form 4 Fast Model Resin V1 \/ Synthetic Resin 1L<\/strong><\/h2>\n<p>Fast Model Resin V1 for the Formlabs Form 4 prints up to three times faster than previous formulations of Draft Resin. This material is therefore ideal for initial prototypes and quick iterations to speed up product development or to produce dental models for the thermoforming of aligners in just a few minutes. <\/p>\n","protected":false},"featured_media":69633,"comment_status":"closed","ping_status":"closed","template":"","meta":[],"product_brand":[],"product_cat":[10491,10443,10433,10436,10499],"product_tag":[7796,8069,8068,8615],"class_list":{"0":"post-76382","1":"product","2":"type-product","3":"status-publish","4":"has-post-thumbnail","6":"product_cat-dental-form-4-resin","7":"product_cat-form-4-resin","8":"product_cat-formlabs","9":"product_cat-materials","10":"product_cat-standard-form-4-resin","11":"product_tag-formlabs-en","12":"product_tag-formlabs-form-4-resin","13":"product_tag-formlabs-resin","14":"product_tag-rs-c2-fmgr-01","16":"first","17":"instock","18":"taxable","19":"shipping-taxable","20":"purchasable","21":"product-type-simple"},"yoast_head":"<!-- This site is optimized with the Yoast SEO Premium plugin v27.5 (Yoast SEO v27.5) - https:\/\/yoast.com\/product\/yoast-seo-premium-wordpress\/ -->\n<title>Formlabs Form 4 Fast Model Resin V1 \/ Synthetic Resin 1L - 3D-EDU GmbH<\/title>\n<meta name=\"robots\" content=\"index, follow, max-snippet:-1, max-image-preview:large, max-video-preview:-1\" \/>\n<link rel=\"canonical\" href=\"https:\/\/3d-edu.ch\/en\/shop\/formlabs-form-4-fast-model-resin-v1-synthetic-resin-1l\/\" \/>\n<meta property=\"og:locale\" content=\"en_US\" \/>\n<meta property=\"og:type\" content=\"article\" \/>\n<meta property=\"og:title\" content=\"Formlabs Form 4 Fast Model Resin V1 \/ Synthetic Resin 1L\" \/>\n<meta property=\"og:description\" content=\"Formlabs Form 4 Fast Model Resin V1 \/ Synthetic Resin 1L Fast Model Resin V1 for the Formlabs Form 4 prints up to three times faster than previous formulations of Draft Resin. This material is therefore ideal for initial prototypes and quick iterations to speed up product development or to produce dental models for the thermoforming of aligners in just a few minutes.\" \/>\n<meta property=\"og:url\" content=\"https:\/\/3d-edu.ch\/en\/shop\/formlabs-form-4-fast-model-resin-v1-synthetic-resin-1l\/\" \/>\n<meta property=\"og:site_name\" content=\"3D-EDU GmbH\" \/>\n<meta property=\"article:publisher\" content=\"https:\/\/www.facebook.com\/3d-educh-210277586064960\/\" \/>\n<meta property=\"article:modified_time\" content=\"2026-05-11T14:45:22+00:00\" \/>\n<meta property=\"og:image\" content=\"https:\/\/3d-edu.ch\/wp-content\/uploads\/2024\/04\/formlabs-form4-fast-model-resin-v1.webp\" \/>\n\t<meta property=\"og:image:width\" content=\"380\" \/>\n\t<meta property=\"og:image:height\" content=\"380\" \/>\n\t<meta property=\"og:image:type\" content=\"image\/webp\" \/>\n<meta name=\"twitter:card\" content=\"summary_large_image\" \/>\n<meta name=\"twitter:site\" content=\"@3d_edu_ch\" \/>\n<meta name=\"twitter:label1\" content=\"Price\" \/>\n\t<meta name=\"twitter:data1\" content=\"101.71&nbsp;&#067;&#072;&#070; excl. VAT\" \/>\n\t<meta name=\"twitter:label2\" content=\"Availability\" \/>\n\t<meta name=\"twitter:data2\" content=\"In stock\" \/>\n<script type=\"application\/ld+json\" class=\"yoast-schema-graph\">{\"@context\":\"https:\\\/\\\/schema.org\",\"@graph\":[{\"@type\":\"WebPage\",\"@id\":\"https:\\\/\\\/3d-edu.ch\\\/en\\\/shop\\\/formlabs-form-4-fast-model-resin-v1-synthetic-resin-1l\\\/\",\"url\":\"https:\\\/\\\/3d-edu.ch\\\/en\\\/shop\\\/formlabs-form-4-fast-model-resin-v1-synthetic-resin-1l\\\/\",\"name\":\"Formlabs Form 4 Fast Model Resin V1 \\\/ Synthetic Resin 1L - 3D-EDU GmbH\",\"isPartOf\":{\"@id\":\"https:\\\/\\\/3d-edu.ch\\\/en\\\/#website\"},\"primaryImageOfPage\":{\"@id\":\"https:\\\/\\\/3d-edu.ch\\\/en\\\/shop\\\/formlabs-form-4-fast-model-resin-v1-synthetic-resin-1l\\\/#primaryimage\"},\"image\":{\"@id\":\"https:\\\/\\\/3d-edu.ch\\\/en\\\/shop\\\/formlabs-form-4-fast-model-resin-v1-synthetic-resin-1l\\\/#primaryimage\"},\"thumbnailUrl\":\"https:\\\/\\\/3d-edu.ch\\\/wp-content\\\/uploads\\\/2024\\\/04\\\/formlabs-form4-fast-model-resin-v1.webp\",\"datePublished\":\"2024-04-17T11:05:43+00:00\",\"dateModified\":\"2026-05-11T14:45:22+00:00\",\"breadcrumb\":{\"@id\":\"https:\\\/\\\/3d-edu.ch\\\/en\\\/shop\\\/formlabs-form-4-fast-model-resin-v1-synthetic-resin-1l\\\/#breadcrumb\"},\"inLanguage\":\"en-US\",\"potentialAction\":[{\"@type\":\"ReadAction\",\"target\":[\"https:\\\/\\\/3d-edu.ch\\\/en\\\/shop\\\/formlabs-form-4-fast-model-resin-v1-synthetic-resin-1l\\\/\"]}]},{\"@type\":\"ImageObject\",\"inLanguage\":\"en-US\",\"@id\":\"https:\\\/\\\/3d-edu.ch\\\/en\\\/shop\\\/formlabs-form-4-fast-model-resin-v1-synthetic-resin-1l\\\/#primaryimage\",\"url\":\"https:\\\/\\\/3d-edu.ch\\\/wp-content\\\/uploads\\\/2024\\\/04\\\/formlabs-form4-fast-model-resin-v1.webp\",\"contentUrl\":\"https:\\\/\\\/3d-edu.ch\\\/wp-content\\\/uploads\\\/2024\\\/04\\\/formlabs-form4-fast-model-resin-v1.webp\",\"width\":380,\"height\":380,\"caption\":\"Formlabs Form 4 Fast Model Resin V1\"},{\"@type\":\"BreadcrumbList\",\"@id\":\"https:\\\/\\\/3d-edu.ch\\\/en\\\/shop\\\/formlabs-form-4-fast-model-resin-v1-synthetic-resin-1l\\\/#breadcrumb\",\"itemListElement\":[{\"@type\":\"ListItem\",\"position\":1,\"name\":\"Home\",\"item\":\"https:\\\/\\\/3d-edu.ch\\\/en\\\/\"},{\"@type\":\"ListItem\",\"position\":2,\"name\":\"Store\",\"item\":\"https:\\\/\\\/3d-edu.ch\\\/en\\\/shop\\\/\"},{\"@type\":\"ListItem\",\"position\":3,\"name\":\"Formlabs Form 4 Fast Model Resin V1 \\\/ Synthetic Resin 1L\"}]},{\"@type\":\"WebSite\",\"@id\":\"https:\\\/\\\/3d-edu.ch\\\/en\\\/#website\",\"url\":\"https:\\\/\\\/3d-edu.ch\\\/en\\\/\",\"name\":\"3D-EDU GmbH\",\"description\":\"Your Formlabs, UltiMaker and Raise3D Printer Support and Education Site in Switzerland. \\\/\\\/ Ihre Formlabs, UltiMaker and Raise3D Drucker Support und Bildungs Webseite der Schweiz.\",\"publisher\":{\"@id\":\"https:\\\/\\\/3d-edu.ch\\\/en\\\/#organization\"},\"potentialAction\":[{\"@type\":\"SearchAction\",\"target\":{\"@type\":\"EntryPoint\",\"urlTemplate\":\"https:\\\/\\\/3d-edu.ch\\\/en\\\/?s={search_term_string}\"},\"query-input\":{\"@type\":\"PropertyValueSpecification\",\"valueRequired\":true,\"valueName\":\"search_term_string\"}}],\"inLanguage\":\"en-US\"},{\"@type\":[\"Organization\",\"Place\",\"ElectronicsStore\"],\"@id\":\"https:\\\/\\\/3d-edu.ch\\\/en\\\/#organization\",\"name\":\"3D-EDU GmbH\",\"url\":\"https:\\\/\\\/3d-edu.ch\\\/en\\\/\",\"logo\":{\"@id\":\"https:\\\/\\\/3d-edu.ch\\\/en\\\/shop\\\/formlabs-form-4-fast-model-resin-v1-synthetic-resin-1l\\\/#local-main-organization-logo\"},\"image\":{\"@id\":\"https:\\\/\\\/3d-edu.ch\\\/en\\\/shop\\\/formlabs-form-4-fast-model-resin-v1-synthetic-resin-1l\\\/#local-main-organization-logo\"},\"sameAs\":[\"https:\\\/\\\/www.facebook.com\\\/3d-educh-210277586064960\\\/\",\"https:\\\/\\\/x.com\\\/3d_edu_ch\"],\"address\":{\"@id\":\"https:\\\/\\\/3d-edu.ch\\\/en\\\/shop\\\/formlabs-form-4-fast-model-resin-v1-synthetic-resin-1l\\\/#local-main-place-address\"},\"geo\":{\"@type\":\"GeoCoordinates\",\"latitude\":\"47.38413\",\"longitude\":\"8.49812\"},\"telephone\":[\"+41 44 492 11 22\"],\"openingHoursSpecification\":[{\"@type\":\"OpeningHoursSpecification\",\"dayOfWeek\":[\"Monday\",\"Tuesday\",\"Wednesday\",\"Thursday\",\"Friday\"],\"opens\":\"08:30\",\"closes\":\"18:00\"},{\"@type\":\"OpeningHoursSpecification\",\"dayOfWeek\":[\"Saturday\",\"Sunday\"],\"opens\":\"00:00\",\"closes\":\"00:00\"}],\"email\":\"info@3d-edu.ch\",\"faxNumber\":\"+41 44 492 11 23\",\"vatID\":\"CHE-184.499.491 MWST\",\"priceRange\":\"$$$\",\"currenciesAccepted\":\"CHF\"},{\"@type\":\"PostalAddress\",\"@id\":\"https:\\\/\\\/3d-edu.ch\\\/en\\\/shop\\\/formlabs-form-4-fast-model-resin-v1-synthetic-resin-1l\\\/#local-main-place-address\",\"streetAddress\":\"3D-EDU GmbH, Badenerstrasse 556\",\"addressLocality\":\"Z\u00fcrich\",\"postalCode\":\"8048\",\"addressRegion\":\"Z\u00fcrich\",\"addressCountry\":\"CH\"},{\"@type\":\"ImageObject\",\"inLanguage\":\"en-US\",\"@id\":\"https:\\\/\\\/3d-edu.ch\\\/en\\\/shop\\\/formlabs-form-4-fast-model-resin-v1-synthetic-resin-1l\\\/#local-main-organization-logo\",\"url\":\"https:\\\/\\\/3d-edu.ch\\\/wp-content\\\/uploads\\\/2018\\\/10\\\/3d-drucker-makerbot-formlabs-professionelle-3d-drucker-e1546527990490.png\",\"contentUrl\":\"https:\\\/\\\/3d-edu.ch\\\/wp-content\\\/uploads\\\/2018\\\/10\\\/3d-drucker-makerbot-formlabs-professionelle-3d-drucker-e1546527990490.png\",\"width\":275,\"height\":80,\"caption\":\"3D-EDU GmbH\"}]}<\/script>\n<meta property=\"product:brand\" content=\"Dental\" \/>\n<meta property=\"product:price:amount\" content=\"101.71\" \/>\n<meta property=\"product:price:currency\" content=\"CHF\" \/>\n<meta property=\"og:availability\" content=\"instock\" \/>\n<meta property=\"product:availability\" content=\"instock\" \/>\n<meta property=\"product:retailer_item_id\" content=\"RS-C2-FMGR-01\" \/>\n<meta property=\"product:condition\" content=\"new\" \/>\n<meta name=\"geo.placename\" content=\"Z\u00fcrich\" \/>\n<meta name=\"geo.position\" content=\"47.38413;8.49812\" \/>\n<meta name=\"geo.region\" content=\"Switzerland\" \/>\n<!-- \/ Yoast SEO Premium plugin. -->","yoast_head_json":{"title":"Formlabs Form 4 Fast Model Resin V1 \/ Synthetic Resin 1L - 3D-EDU GmbH","robots":{"index":"index","follow":"follow","max-snippet":"max-snippet:-1","max-image-preview":"max-image-preview:large","max-video-preview":"max-video-preview:-1"},"canonical":"https:\/\/3d-edu.ch\/en\/shop\/formlabs-form-4-fast-model-resin-v1-synthetic-resin-1l\/","og_locale":"en_US","og_type":"article","og_title":"Formlabs Form 4 Fast Model Resin V1 \/ Synthetic Resin 1L","og_description":"Formlabs Form 4 Fast Model Resin V1 \/ Synthetic Resin 1L Fast Model Resin V1 for the Formlabs Form 4 prints up to three times faster than previous formulations of Draft Resin. This material is therefore ideal for initial prototypes and quick iterations to speed up product development or to produce dental models for the thermoforming of aligners in just a few minutes.","og_url":"https:\/\/3d-edu.ch\/en\/shop\/formlabs-form-4-fast-model-resin-v1-synthetic-resin-1l\/","og_site_name":"3D-EDU GmbH","article_publisher":"https:\/\/www.facebook.com\/3d-educh-210277586064960\/","article_modified_time":"2026-05-11T14:45:22+00:00","og_image":[{"width":380,"height":380,"url":"https:\/\/3d-edu.ch\/wp-content\/uploads\/2024\/04\/formlabs-form4-fast-model-resin-v1.webp","type":"image\/webp"}],"twitter_card":"summary_large_image","twitter_site":"@3d_edu_ch","twitter_misc":{"Price":"101.71&nbsp;&#67;&#72;&#70; excl. VAT","Availability":"In stock"},"schema":{"@context":"https:\/\/schema.org","@graph":[{"@type":"WebPage","@id":"https:\/\/3d-edu.ch\/en\/shop\/formlabs-form-4-fast-model-resin-v1-synthetic-resin-1l\/","url":"https:\/\/3d-edu.ch\/en\/shop\/formlabs-form-4-fast-model-resin-v1-synthetic-resin-1l\/","name":"Formlabs Form 4 Fast Model Resin V1 \/ Synthetic Resin 1L - 3D-EDU GmbH","isPartOf":{"@id":"https:\/\/3d-edu.ch\/en\/#website"},"primaryImageOfPage":{"@id":"https:\/\/3d-edu.ch\/en\/shop\/formlabs-form-4-fast-model-resin-v1-synthetic-resin-1l\/#primaryimage"},"image":{"@id":"https:\/\/3d-edu.ch\/en\/shop\/formlabs-form-4-fast-model-resin-v1-synthetic-resin-1l\/#primaryimage"},"thumbnailUrl":"https:\/\/3d-edu.ch\/wp-content\/uploads\/2024\/04\/formlabs-form4-fast-model-resin-v1.webp","datePublished":"2024-04-17T11:05:43+00:00","dateModified":"2026-05-11T14:45:22+00:00","breadcrumb":{"@id":"https:\/\/3d-edu.ch\/en\/shop\/formlabs-form-4-fast-model-resin-v1-synthetic-resin-1l\/#breadcrumb"},"inLanguage":"en-US","potentialAction":[{"@type":"ReadAction","target":["https:\/\/3d-edu.ch\/en\/shop\/formlabs-form-4-fast-model-resin-v1-synthetic-resin-1l\/"]}]},{"@type":"ImageObject","inLanguage":"en-US","@id":"https:\/\/3d-edu.ch\/en\/shop\/formlabs-form-4-fast-model-resin-v1-synthetic-resin-1l\/#primaryimage","url":"https:\/\/3d-edu.ch\/wp-content\/uploads\/2024\/04\/formlabs-form4-fast-model-resin-v1.webp","contentUrl":"https:\/\/3d-edu.ch\/wp-content\/uploads\/2024\/04\/formlabs-form4-fast-model-resin-v1.webp","width":380,"height":380,"caption":"Formlabs Form 4 Fast Model Resin V1"},{"@type":"BreadcrumbList","@id":"https:\/\/3d-edu.ch\/en\/shop\/formlabs-form-4-fast-model-resin-v1-synthetic-resin-1l\/#breadcrumb","itemListElement":[{"@type":"ListItem","position":1,"name":"Home","item":"https:\/\/3d-edu.ch\/en\/"},{"@type":"ListItem","position":2,"name":"Store","item":"https:\/\/3d-edu.ch\/en\/shop\/"},{"@type":"ListItem","position":3,"name":"Formlabs Form 4 Fast Model Resin V1 \/ Synthetic Resin 1L"}]},{"@type":"WebSite","@id":"https:\/\/3d-edu.ch\/en\/#website","url":"https:\/\/3d-edu.ch\/en\/","name":"3D-EDU GmbH","description":"Your Formlabs, UltiMaker and Raise3D Printer Support and Education Site in Switzerland. \/\/ Ihre Formlabs, UltiMaker and Raise3D Drucker Support und Bildungs Webseite der Schweiz.","publisher":{"@id":"https:\/\/3d-edu.ch\/en\/#organization"},"potentialAction":[{"@type":"SearchAction","target":{"@type":"EntryPoint","urlTemplate":"https:\/\/3d-edu.ch\/en\/?s={search_term_string}"},"query-input":{"@type":"PropertyValueSpecification","valueRequired":true,"valueName":"search_term_string"}}],"inLanguage":"en-US"},{"@type":["Organization","Place","ElectronicsStore"],"@id":"https:\/\/3d-edu.ch\/en\/#organization","name":"3D-EDU GmbH","url":"https:\/\/3d-edu.ch\/en\/","logo":{"@id":"https:\/\/3d-edu.ch\/en\/shop\/formlabs-form-4-fast-model-resin-v1-synthetic-resin-1l\/#local-main-organization-logo"},"image":{"@id":"https:\/\/3d-edu.ch\/en\/shop\/formlabs-form-4-fast-model-resin-v1-synthetic-resin-1l\/#local-main-organization-logo"},"sameAs":["https:\/\/www.facebook.com\/3d-educh-210277586064960\/","https:\/\/x.com\/3d_edu_ch"],"address":{"@id":"https:\/\/3d-edu.ch\/en\/shop\/formlabs-form-4-fast-model-resin-v1-synthetic-resin-1l\/#local-main-place-address"},"geo":{"@type":"GeoCoordinates","latitude":"47.38413","longitude":"8.49812"},"telephone":["+41 44 492 11 22"],"openingHoursSpecification":[{"@type":"OpeningHoursSpecification","dayOfWeek":["Monday","Tuesday","Wednesday","Thursday","Friday"],"opens":"08:30","closes":"18:00"},{"@type":"OpeningHoursSpecification","dayOfWeek":["Saturday","Sunday"],"opens":"00:00","closes":"00:00"}],"email":"info@3d-edu.ch","faxNumber":"+41 44 492 11 23","vatID":"CHE-184.499.491 MWST","priceRange":"$$$","currenciesAccepted":"CHF"},{"@type":"PostalAddress","@id":"https:\/\/3d-edu.ch\/en\/shop\/formlabs-form-4-fast-model-resin-v1-synthetic-resin-1l\/#local-main-place-address","streetAddress":"3D-EDU GmbH, Badenerstrasse 556","addressLocality":"Z\u00fcrich","postalCode":"8048","addressRegion":"Z\u00fcrich","addressCountry":"CH"},{"@type":"ImageObject","inLanguage":"en-US","@id":"https:\/\/3d-edu.ch\/en\/shop\/formlabs-form-4-fast-model-resin-v1-synthetic-resin-1l\/#local-main-organization-logo","url":"https:\/\/3d-edu.ch\/wp-content\/uploads\/2018\/10\/3d-drucker-makerbot-formlabs-professionelle-3d-drucker-e1546527990490.png","contentUrl":"https:\/\/3d-edu.ch\/wp-content\/uploads\/2018\/10\/3d-drucker-makerbot-formlabs-professionelle-3d-drucker-e1546527990490.png","width":275,"height":80,"caption":"3D-EDU GmbH"}]},"product_brand":"Dental","product_price_amount":"101.71","product_price_currency":"CHF","og_availability":"instock","product_availability":"instock","product_retailer_item_id":"RS-C2-FMGR-01","product_condition":"new","geo.placename":"Z\u00fcrich","geo.position":{"lat":"47.38413","long":"8.49812"},"geo.region":"Switzerland"},"_links":{"self":[{"href":"https:\/\/3d-edu.ch\/en\/wp-json\/wp\/v2\/product\/76382","targetHints":{"allow":["GET"]}}],"collection":[{"href":"https:\/\/3d-edu.ch\/en\/wp-json\/wp\/v2\/product"}],"about":[{"href":"https:\/\/3d-edu.ch\/en\/wp-json\/wp\/v2\/types\/product"}],"replies":[{"embeddable":true,"href":"https:\/\/3d-edu.ch\/en\/wp-json\/wp\/v2\/comments?post=76382"}],"wp:featuredmedia":[{"embeddable":true,"href":"https:\/\/3d-edu.ch\/en\/wp-json\/wp\/v2\/media\/69633"}],"wp:attachment":[{"href":"https:\/\/3d-edu.ch\/en\/wp-json\/wp\/v2\/media?parent=76382"}],"wp:term":[{"taxonomy":"product_brand","embeddable":true,"href":"https:\/\/3d-edu.ch\/en\/wp-json\/wp\/v2\/product_brand?post=76382"},{"taxonomy":"product_cat","embeddable":true,"href":"https:\/\/3d-edu.ch\/en\/wp-json\/wp\/v2\/product_cat?post=76382"},{"taxonomy":"product_tag","embeddable":true,"href":"https:\/\/3d-edu.ch\/en\/wp-json\/wp\/v2\/product_tag?post=76382"}],"curies":[{"name":"wp","href":"https:\/\/api.w.org\/{rel}","templated":true}]}}