{"id":75657,"date":"2024-12-10T15:54:17","date_gmt":"2024-12-10T15:54:17","guid":{"rendered":"https:\/\/3d-edu.ch\/shop\/formlabs-tough-2000-resin-v1-1-5l-cartridge\/"},"modified":"2026-05-09T19:56:07","modified_gmt":"2026-05-09T17:56:07","slug":"formlabs-tough-2000-resin-v1-1-5l-cartridge","status":"publish","type":"product","link":"https:\/\/3d-edu.ch\/en\/shop\/formlabs-tough-2000-resin-v1-1-5l-cartridge\/","title":{"rendered":"Formlabs Tough 2000 Resin V1.1 5L cartridge"},"content":{"rendered":"<h3>Formlabs Tough 2000 Resin V1.1 5L cartridge<\/h3>\n<p><strong>for the <\/strong><a href=\"https:\/\/3d-edu.ch\/en\/shop\/formlabs-resin-pumping-system-form-4-b-l\/\"><strong>Formlabs Resin Pumping System.<\/strong><\/a><\/p>\n<p>Tough 2000 Resin is a strong and rigid material. Tough 2000 Resin is suitable for prototyping strong and robust parts that should not bend easily. <\/p>\n<p>It can be used for the following applications:<\/p>\n<ul>\n<li>Strong and rigid prototypes<\/li>\n<li>Devices that require minimal deflection<\/li>\n<li>To simulate the strength and stiffness of ABS<\/li>\n<\/ul>\n<p>The number &#8220;2000&#8221; in the name stands for the tensile modulus of the material. If you need a softer material, try Tough 1500 Resin or Durable Resin. <\/p>\n<p>Tough 2000 Resin is the reformulation of former Formlabs Tough Resin. Tough 2000 Resin offers improved mechanical properties and a new look.<\/p>\n<div class=\"accordion\">\n\t<div id=\"accordion-1379165429\" class=\"accordion-item\">\n\t\t<a id=\"accordion-1379165429-label\" class=\"accordion-title plain\" href=\"#accordion-item-more-information\" aria-expanded=\"false\" aria-controls=\"accordion-1379165429-content\">\n\t\t\t<button class=\"toggle\" aria-label=\"Toggle\"><i class=\"icon-angle-down\" aria-hidden=\"true\"><\/i><\/button>\n\t\t\t<span>More information<\/span>\n\t\t<\/a>\n\t\t<div id=\"accordion-1379165429-content\" class=\"accordion-inner\" aria-labelledby=\"accordion-1379165429-label\">\n\t\t\t\n<h5>Scope of delivery<\/h5>\n<p>1x Formlabs Tough 2000 Resin V1.1 5L cartridge<\/p>\n<p>Supported print resolutions: 100 and 50 micrometers.<br \/>\nPost-curing required.<br \/>\n<strong>Available for <\/strong><strong><a href=\"https:\/\/3d-edu.ch\/en\/formlabs\/formlabs-3d-printer\/form-4\/\">Form 4<\/a>, <a href=\"https:\/\/3d-edu.ch\/en\/formlabs\/formlabs-3d-printer\/form-4b\/\">Form 4B<\/a> and <a href=\"https:\/\/3d-edu.ch\/en\/formlabs\/formlabs-3d-printer\/form-4l\/\">Form 4L<\/a> when used with the <a href=\"https:\/\/3d-edu.ch\/en\/shop\/formlabs-resin-pumping-system-form-4-b-l\/\">Formlabs Resin Pumping System.<\/a><\/strong><\/p>\n<p><!--\n\nUnterst\u00fctzte Druckaufl\u00f6sungen: 100, 50, und 25 Mikrometer.\nNachh\u00e4rtung erforderlich.\nVerf\u00fcgbar f\u00fcr Form 3, Form 3L, Form 3B, Form 3BL, Form 2.\n\n\n<h5>Weitere Informationen<\/h5>\n\n\nWeitere Informationen zum Formlabs Clear Material finden Sie unter <a href=\"https:\/\/3d-edu.ch\/en\/formlabs\/formlabs-resin\/standard\/\">Formlabs Standard Resin<\/a>.\n\n\n<h2>Formlabs Resin \/ Kunstharz<\/h2>\n\n\nFormlabs Resin \/ Kunstharz liefert formvollendete Ergebnisse mit den <a href=\"https:\/\/3d-edu.ch\/en\/formlabs\/formlabs-3d-printer\/\">Formlabs SLA\/LFS 3D-Druckern<\/a>. Die Material-Bibliothek umfasst rund 20 Resins und wird stets verbessert und erweitert. Neben den <a href=\"https:\/\/3d-edu.ch\/en\/formlabs\/formlabs-resin\/standard\/\">Standard-Resins<\/a> bietet Fromlabs Spezialkunstharze f\u00fcr <a href=\"https:\/\/3d-edu.ch\/en\/formlabs\/formlabs-resin\/engineering\/\">Engineering<\/a>, <a href=\"https:\/\/3d-edu.ch\/en\/formlabs\/formlabs-resin\/castable\/\">Schmuckdesign<\/a>, <a href=\"https:\/\/3d-edu.ch\/en\/formlabs\/formlabs-resin\/dental\/\">Zahnmedizin<\/a> und <a href=\"https:\/\/3d-edu.ch\/en\/formlabs\/formlabs-resin\/medical\/\">Medizin<\/a>.\n\n\n<h3>Formlabs Standard Resin \/ Standardkunstharze<\/h3>\n\n\n\n\n<h4>Formlabs Clear, Formlabs White, Formlabs Grey, Formalbs Black Resin, Formlabs Color Kit<\/h4>\n\n\nDiese Resins erzielen h\u00f6chste Leistung und beste Oberfl\u00e4chenqualit\u00e4t. Die Formlabs Standard-Resins \/ Standardkunstharze sind auf die Fertigung in h\u00f6chster Qualit\u00e4t zugeschnittenen und bilden erstaunlich viele Details ab, ohne Abstriche in Bezug auf die Festigkeit zu machen.\n\n--><\/p>\n\t\t<\/div>\n\t<\/div>\n\t\n<\/div>\n","protected":false},"excerpt":{"rendered":"<h2><strong>Formlabs Tough 2000 V1.1 Resin V5 5L cartridge<\/strong><\/h2>\n<p>Formlabs Tough 2000 V1.1 Resin is the strongest and stiffest of Formlabs functional resins. Choose Tough 2000 Resin when prototyping rigid parts that should not deform easily. It is suitable for brackets and fixtures that flex minimally and for simulating ABS.  <\/p>\n<p><strong>Tough 2000 V1.1 offers a better surface quality on the underside of the supported surfaces. The mechanical properties and aesthetics remain identical to the previous version.   <\/strong><strong>Tough 2000 V1 and Tough 2000 V1.1 have different formulations and pressure settings &#8211; for optimum performance the two materials should not be mixed.<\/strong><br \/>\n<div class=\"accordion\">\n\t<div id=\"accordion-519819387\" class=\"accordion-item\">\n\t\t<a id=\"accordion-519819387-label\" class=\"accordion-title plain\" href=\"#accordion-item-stronghow-to-switch-from-tough-2000-v1-to-tough-2000-v1.1-?\/strong\" aria-expanded=\"false\" aria-controls=\"accordion-519819387-content\">\n\t\t\t<button class=\"toggle\" aria-label=\"Toggle\"><i class=\"icon-angle-down\" aria-hidden=\"true\"><\/i><\/button>\n\t\t\t<span><strong>How to switch from Tough 2000 V1 to Tough 2000 V1.1 ?<\/strong><\/span>\n\t\t<\/a>\n\t\t<div id=\"accordion-519819387-content\" class=\"accordion-inner\" aria-labelledby=\"accordion-519819387-label\">\n\t\t\t\n<ul>\n<li>Print all your existing Tough 2000 V1 material.<\/li>\n<li>Clean your resin container (it does not need to be cleaned with IPA. It is sufficient to scrape out the existing resin with a plastic scraper).<\/li>\n<li>Start a print with a Tough 2000 V1.1 cartridge and select the <a href=\"https:\/\/support.formlabs.com\/s\/article\/Selecting-a-material-in-PreForm?language=de&amp;mkt_tok=MDYwLVVJRy01MDQAAAGUgsYTlcIFUgHIxQ6fpQ-iSdKOjkHj0mWz_ucx1VyXTsh6nXOPFlNtvKoQejZNrKqONIeUgqIwtAyfulOQpF9w0EYgIQShw_BjFu0_D2k2zW1ik5U\">Tough 2000 V1.1 settings in PreForm<\/a>.<\/li>\n<li>The printer recognizes that the tank does not fit and asks if you want to reprogram the tank.<\/li>\n<\/ul>\n<p>Confirm on the printer&#8217;s user interface and the Tough 2000 V1 tank will be reprogrammed to Tough 2000 V1.1.<\/p>\n\t\t<\/div>\n\t<\/div>\n\t\n<\/div>\n","protected":false},"featured_media":71743,"comment_status":"closed","ping_status":"closed","template":"","meta":[],"product_brand":[],"product_cat":[],"product_tag":[8111,8070,7800,7796,8069,8068,8113,8232,8231],"class_list":{"0":"post-75657","1":"product","2":"type-product","3":"status-publish","4":"has-post-thumbnail","6":"product_tag-5l","7":"product_tag-form-4","8":"product_tag-form-4l-en","9":"product_tag-formlabs-en","10":"product_tag-formlabs-form-4-resin","11":"product_tag-formlabs-resin","12":"product_tag-resin-pumping-system","13":"product_tag-rs-rps-to20-11","14":"product_tag-tough-2000","16":"first","17":"onbackorder","18":"taxable","19":"shipping-taxable","20":"purchasable","21":"product-type-simple"},"yoast_head":"<!-- This site is optimized with the Yoast SEO Premium plugin v27.5 (Yoast SEO v27.5) - https:\/\/yoast.com\/product\/yoast-seo-premium-wordpress\/ -->\n<title>Formlabs Tough 2000 Resin V1.1 5L cartridge - Jewelry Resin - 3D-EDU GmbH<\/title>\n<meta name=\"description\" content=\"Formlabs Tough 2000 Resin is the strongest and stiffest of Formlabs functional resins. Choose Tough 2000 Resin when prototyping rigid parts that should not deform easily. It is suitable for brackets and fixtures that flex minimally and for simulating ABS.\" \/>\n<meta name=\"robots\" content=\"index, follow, max-snippet:-1, max-image-preview:large, max-video-preview:-1\" \/>\n<link rel=\"canonical\" href=\"https:\/\/3d-edu.ch\/en\/shop\/formlabs-tough-2000-resin-v1-1-5l-cartridge\/\" \/>\n<meta property=\"og:locale\" content=\"en_US\" \/>\n<meta property=\"og:type\" content=\"article\" \/>\n<meta property=\"og:title\" content=\"Formlabs Tough 2000 Resin V1.1 5L cartridge\" \/>\n<meta property=\"og:description\" content=\"Formlabs Tough 2000 Resin is the strongest and stiffest of Formlabs functional resins. Choose Tough 2000 Resin when prototyping rigid parts that should not deform easily. It is suitable for brackets and fixtures that flex minimally and for simulating ABS.\" \/>\n<meta property=\"og:url\" content=\"https:\/\/3d-edu.ch\/en\/shop\/formlabs-tough-2000-resin-v1-1-5l-cartridge\/\" \/>\n<meta property=\"og:site_name\" content=\"3D-EDU GmbH\" \/>\n<meta property=\"article:publisher\" content=\"https:\/\/www.facebook.com\/3d-educh-210277586064960\/\" \/>\n<meta property=\"article:modified_time\" content=\"2026-05-09T17:56:07+00:00\" \/>\n<meta property=\"og:image\" content=\"https:\/\/3d-edu.ch\/wp-content\/uploads\/2024\/12\/formlabs-tough-2000-resin-v1-1-5L-form-4-1.jpg\" \/>\n\t<meta property=\"og:image:width\" content=\"380\" \/>\n\t<meta property=\"og:image:height\" content=\"380\" \/>\n\t<meta property=\"og:image:type\" content=\"image\/jpeg\" \/>\n<meta name=\"twitter:card\" content=\"summary_large_image\" \/>\n<meta name=\"twitter:site\" content=\"@3d_edu_ch\" \/>\n<meta name=\"twitter:label1\" content=\"Price\" \/>\n\t<meta name=\"twitter:data1\" content=\"792.86&nbsp;&#067;&#072;&#070; excl. VAT\" \/>\n\t<meta name=\"twitter:label2\" content=\"Availability\" \/>\n\t<meta name=\"twitter:data2\" content=\"On backorder\" \/>\n<script type=\"application\/ld+json\" class=\"yoast-schema-graph\">{\"@context\":\"https:\\\/\\\/schema.org\",\"@graph\":[{\"@type\":\"WebPage\",\"@id\":\"https:\\\/\\\/3d-edu.ch\\\/en\\\/shop\\\/formlabs-tough-2000-resin-v1-1-5l-cartridge\\\/\",\"url\":\"https:\\\/\\\/3d-edu.ch\\\/en\\\/shop\\\/formlabs-tough-2000-resin-v1-1-5l-cartridge\\\/\",\"name\":\"Formlabs Tough 2000 Resin V1.1 5L cartridge - Jewelry Resin - 3D-EDU GmbH\",\"isPartOf\":{\"@id\":\"https:\\\/\\\/3d-edu.ch\\\/en\\\/#website\"},\"primaryImageOfPage\":{\"@id\":\"https:\\\/\\\/3d-edu.ch\\\/en\\\/shop\\\/formlabs-tough-2000-resin-v1-1-5l-cartridge\\\/#primaryimage\"},\"image\":{\"@id\":\"https:\\\/\\\/3d-edu.ch\\\/en\\\/shop\\\/formlabs-tough-2000-resin-v1-1-5l-cartridge\\\/#primaryimage\"},\"thumbnailUrl\":\"https:\\\/\\\/3d-edu.ch\\\/wp-content\\\/uploads\\\/2024\\\/12\\\/formlabs-tough-2000-resin-v1-1-5L-form-4-1.jpg\",\"datePublished\":\"2024-12-10T15:54:17+00:00\",\"dateModified\":\"2026-05-09T17:56:07+00:00\",\"description\":\"Formlabs Tough 2000 Resin is the strongest and stiffest of Formlabs functional resins. Choose Tough 2000 Resin when prototyping rigid parts that should not deform easily. It is suitable for brackets and fixtures that flex minimally and for simulating ABS.\",\"breadcrumb\":{\"@id\":\"https:\\\/\\\/3d-edu.ch\\\/en\\\/shop\\\/formlabs-tough-2000-resin-v1-1-5l-cartridge\\\/#breadcrumb\"},\"inLanguage\":\"en-US\",\"potentialAction\":[{\"@type\":\"ReadAction\",\"target\":[\"https:\\\/\\\/3d-edu.ch\\\/en\\\/shop\\\/formlabs-tough-2000-resin-v1-1-5l-cartridge\\\/\"]}]},{\"@type\":\"ImageObject\",\"inLanguage\":\"en-US\",\"@id\":\"https:\\\/\\\/3d-edu.ch\\\/en\\\/shop\\\/formlabs-tough-2000-resin-v1-1-5l-cartridge\\\/#primaryimage\",\"url\":\"https:\\\/\\\/3d-edu.ch\\\/wp-content\\\/uploads\\\/2024\\\/12\\\/formlabs-tough-2000-resin-v1-1-5L-form-4-1.jpg\",\"contentUrl\":\"https:\\\/\\\/3d-edu.ch\\\/wp-content\\\/uploads\\\/2024\\\/12\\\/formlabs-tough-2000-resin-v1-1-5L-form-4-1.jpg\",\"width\":380,\"height\":380,\"caption\":\"Formlabs Form 4 Tough 2000 Resin 5 L cartridge\"},{\"@type\":\"BreadcrumbList\",\"@id\":\"https:\\\/\\\/3d-edu.ch\\\/en\\\/shop\\\/formlabs-tough-2000-resin-v1-1-5l-cartridge\\\/#breadcrumb\",\"itemListElement\":[{\"@type\":\"ListItem\",\"position\":1,\"name\":\"Home\",\"item\":\"https:\\\/\\\/3d-edu.ch\\\/en\\\/\"},{\"@type\":\"ListItem\",\"position\":2,\"name\":\"Store\",\"item\":\"https:\\\/\\\/3d-edu.ch\\\/en\\\/shop\\\/\"},{\"@type\":\"ListItem\",\"position\":3,\"name\":\"Formlabs Tough 2000 Resin V1.1 5L cartridge\"}]},{\"@type\":\"WebSite\",\"@id\":\"https:\\\/\\\/3d-edu.ch\\\/en\\\/#website\",\"url\":\"https:\\\/\\\/3d-edu.ch\\\/en\\\/\",\"name\":\"3D-EDU GmbH\",\"description\":\"Your Formlabs, UltiMaker and Raise3D Printer Support and Education Site in Switzerland. \\\/\\\/ Ihre Formlabs, UltiMaker and Raise3D Drucker Support und Bildungs Webseite der Schweiz.\",\"publisher\":{\"@id\":\"https:\\\/\\\/3d-edu.ch\\\/en\\\/#organization\"},\"potentialAction\":[{\"@type\":\"SearchAction\",\"target\":{\"@type\":\"EntryPoint\",\"urlTemplate\":\"https:\\\/\\\/3d-edu.ch\\\/en\\\/?s={search_term_string}\"},\"query-input\":{\"@type\":\"PropertyValueSpecification\",\"valueRequired\":true,\"valueName\":\"search_term_string\"}}],\"inLanguage\":\"en-US\"},{\"@type\":[\"Organization\",\"Place\",\"ElectronicsStore\"],\"@id\":\"https:\\\/\\\/3d-edu.ch\\\/en\\\/#organization\",\"name\":\"3D-EDU GmbH\",\"url\":\"https:\\\/\\\/3d-edu.ch\\\/en\\\/\",\"logo\":{\"@id\":\"https:\\\/\\\/3d-edu.ch\\\/en\\\/shop\\\/formlabs-tough-2000-resin-v1-1-5l-cartridge\\\/#local-main-organization-logo\"},\"image\":{\"@id\":\"https:\\\/\\\/3d-edu.ch\\\/en\\\/shop\\\/formlabs-tough-2000-resin-v1-1-5l-cartridge\\\/#local-main-organization-logo\"},\"sameAs\":[\"https:\\\/\\\/www.facebook.com\\\/3d-educh-210277586064960\\\/\",\"https:\\\/\\\/x.com\\\/3d_edu_ch\"],\"address\":{\"@id\":\"https:\\\/\\\/3d-edu.ch\\\/en\\\/shop\\\/formlabs-tough-2000-resin-v1-1-5l-cartridge\\\/#local-main-place-address\"},\"geo\":{\"@type\":\"GeoCoordinates\",\"latitude\":\"47.38413\",\"longitude\":\"8.49812\"},\"telephone\":[\"+41 44 492 11 22\"],\"openingHoursSpecification\":[{\"@type\":\"OpeningHoursSpecification\",\"dayOfWeek\":[\"Monday\",\"Tuesday\",\"Wednesday\",\"Thursday\",\"Friday\"],\"opens\":\"08:30\",\"closes\":\"18:00\"},{\"@type\":\"OpeningHoursSpecification\",\"dayOfWeek\":[\"Saturday\",\"Sunday\"],\"opens\":\"00:00\",\"closes\":\"00:00\"}],\"email\":\"info@3d-edu.ch\",\"faxNumber\":\"+41 44 492 11 23\",\"vatID\":\"CHE-184.499.491 MWST\",\"priceRange\":\"$$$\",\"currenciesAccepted\":\"CHF\"},{\"@type\":\"PostalAddress\",\"@id\":\"https:\\\/\\\/3d-edu.ch\\\/en\\\/shop\\\/formlabs-tough-2000-resin-v1-1-5l-cartridge\\\/#local-main-place-address\",\"streetAddress\":\"3D-EDU GmbH, Badenerstrasse 556\",\"addressLocality\":\"Z\u00fcrich\",\"postalCode\":\"8048\",\"addressRegion\":\"Z\u00fcrich\",\"addressCountry\":\"CH\"},{\"@type\":\"ImageObject\",\"inLanguage\":\"en-US\",\"@id\":\"https:\\\/\\\/3d-edu.ch\\\/en\\\/shop\\\/formlabs-tough-2000-resin-v1-1-5l-cartridge\\\/#local-main-organization-logo\",\"url\":\"https:\\\/\\\/3d-edu.ch\\\/wp-content\\\/uploads\\\/2018\\\/10\\\/3d-drucker-makerbot-formlabs-professionelle-3d-drucker-e1546527990490.png\",\"contentUrl\":\"https:\\\/\\\/3d-edu.ch\\\/wp-content\\\/uploads\\\/2018\\\/10\\\/3d-drucker-makerbot-formlabs-professionelle-3d-drucker-e1546527990490.png\",\"width\":275,\"height\":80,\"caption\":\"3D-EDU GmbH\"}]}<\/script>\n<meta property=\"product:price:amount\" content=\"792.86\" \/>\n<meta property=\"product:price:currency\" content=\"CHF\" \/>\n<meta property=\"og:availability\" content=\"backorder\" \/>\n<meta property=\"product:availability\" content=\"available for order\" \/>\n<meta property=\"product:retailer_item_id\" content=\"RS-RPS-TO20-11\" \/>\n<meta property=\"product:condition\" content=\"new\" \/>\n<meta name=\"geo.placename\" content=\"Z\u00fcrich\" \/>\n<meta name=\"geo.position\" content=\"47.38413;8.49812\" \/>\n<meta name=\"geo.region\" content=\"Switzerland\" \/>\n<!-- \/ Yoast SEO Premium plugin. -->","yoast_head_json":{"title":"Formlabs Tough 2000 Resin V1.1 5L cartridge - Jewelry Resin - 3D-EDU GmbH","description":"Formlabs Tough 2000 Resin is the strongest and stiffest of Formlabs functional resins. Choose Tough 2000 Resin when prototyping rigid parts that should not deform easily. It is suitable for brackets and fixtures that flex minimally and for simulating ABS.","robots":{"index":"index","follow":"follow","max-snippet":"max-snippet:-1","max-image-preview":"max-image-preview:large","max-video-preview":"max-video-preview:-1"},"canonical":"https:\/\/3d-edu.ch\/en\/shop\/formlabs-tough-2000-resin-v1-1-5l-cartridge\/","og_locale":"en_US","og_type":"article","og_title":"Formlabs Tough 2000 Resin V1.1 5L cartridge","og_description":"Formlabs Tough 2000 Resin is the strongest and stiffest of Formlabs functional resins. Choose Tough 2000 Resin when prototyping rigid parts that should not deform easily. It is suitable for brackets and fixtures that flex minimally and for simulating ABS.","og_url":"https:\/\/3d-edu.ch\/en\/shop\/formlabs-tough-2000-resin-v1-1-5l-cartridge\/","og_site_name":"3D-EDU GmbH","article_publisher":"https:\/\/www.facebook.com\/3d-educh-210277586064960\/","article_modified_time":"2026-05-09T17:56:07+00:00","og_image":[{"width":380,"height":380,"url":"https:\/\/3d-edu.ch\/wp-content\/uploads\/2024\/12\/formlabs-tough-2000-resin-v1-1-5L-form-4-1.jpg","type":"image\/jpeg"}],"twitter_card":"summary_large_image","twitter_site":"@3d_edu_ch","twitter_misc":{"Price":"792.86&nbsp;&#67;&#72;&#70; excl. VAT","Availability":"On backorder"},"schema":{"@context":"https:\/\/schema.org","@graph":[{"@type":"WebPage","@id":"https:\/\/3d-edu.ch\/en\/shop\/formlabs-tough-2000-resin-v1-1-5l-cartridge\/","url":"https:\/\/3d-edu.ch\/en\/shop\/formlabs-tough-2000-resin-v1-1-5l-cartridge\/","name":"Formlabs Tough 2000 Resin V1.1 5L cartridge - Jewelry Resin - 3D-EDU GmbH","isPartOf":{"@id":"https:\/\/3d-edu.ch\/en\/#website"},"primaryImageOfPage":{"@id":"https:\/\/3d-edu.ch\/en\/shop\/formlabs-tough-2000-resin-v1-1-5l-cartridge\/#primaryimage"},"image":{"@id":"https:\/\/3d-edu.ch\/en\/shop\/formlabs-tough-2000-resin-v1-1-5l-cartridge\/#primaryimage"},"thumbnailUrl":"https:\/\/3d-edu.ch\/wp-content\/uploads\/2024\/12\/formlabs-tough-2000-resin-v1-1-5L-form-4-1.jpg","datePublished":"2024-12-10T15:54:17+00:00","dateModified":"2026-05-09T17:56:07+00:00","description":"Formlabs Tough 2000 Resin is the strongest and stiffest of Formlabs functional resins. Choose Tough 2000 Resin when prototyping rigid parts that should not deform easily. It is suitable for brackets and fixtures that flex minimally and for simulating ABS.","breadcrumb":{"@id":"https:\/\/3d-edu.ch\/en\/shop\/formlabs-tough-2000-resin-v1-1-5l-cartridge\/#breadcrumb"},"inLanguage":"en-US","potentialAction":[{"@type":"ReadAction","target":["https:\/\/3d-edu.ch\/en\/shop\/formlabs-tough-2000-resin-v1-1-5l-cartridge\/"]}]},{"@type":"ImageObject","inLanguage":"en-US","@id":"https:\/\/3d-edu.ch\/en\/shop\/formlabs-tough-2000-resin-v1-1-5l-cartridge\/#primaryimage","url":"https:\/\/3d-edu.ch\/wp-content\/uploads\/2024\/12\/formlabs-tough-2000-resin-v1-1-5L-form-4-1.jpg","contentUrl":"https:\/\/3d-edu.ch\/wp-content\/uploads\/2024\/12\/formlabs-tough-2000-resin-v1-1-5L-form-4-1.jpg","width":380,"height":380,"caption":"Formlabs Form 4 Tough 2000 Resin 5 L cartridge"},{"@type":"BreadcrumbList","@id":"https:\/\/3d-edu.ch\/en\/shop\/formlabs-tough-2000-resin-v1-1-5l-cartridge\/#breadcrumb","itemListElement":[{"@type":"ListItem","position":1,"name":"Home","item":"https:\/\/3d-edu.ch\/en\/"},{"@type":"ListItem","position":2,"name":"Store","item":"https:\/\/3d-edu.ch\/en\/shop\/"},{"@type":"ListItem","position":3,"name":"Formlabs Tough 2000 Resin V1.1 5L cartridge"}]},{"@type":"WebSite","@id":"https:\/\/3d-edu.ch\/en\/#website","url":"https:\/\/3d-edu.ch\/en\/","name":"3D-EDU GmbH","description":"Your Formlabs, UltiMaker and Raise3D Printer Support and Education Site in Switzerland. \/\/ Ihre Formlabs, UltiMaker and Raise3D Drucker Support und Bildungs Webseite der Schweiz.","publisher":{"@id":"https:\/\/3d-edu.ch\/en\/#organization"},"potentialAction":[{"@type":"SearchAction","target":{"@type":"EntryPoint","urlTemplate":"https:\/\/3d-edu.ch\/en\/?s={search_term_string}"},"query-input":{"@type":"PropertyValueSpecification","valueRequired":true,"valueName":"search_term_string"}}],"inLanguage":"en-US"},{"@type":["Organization","Place","ElectronicsStore"],"@id":"https:\/\/3d-edu.ch\/en\/#organization","name":"3D-EDU GmbH","url":"https:\/\/3d-edu.ch\/en\/","logo":{"@id":"https:\/\/3d-edu.ch\/en\/shop\/formlabs-tough-2000-resin-v1-1-5l-cartridge\/#local-main-organization-logo"},"image":{"@id":"https:\/\/3d-edu.ch\/en\/shop\/formlabs-tough-2000-resin-v1-1-5l-cartridge\/#local-main-organization-logo"},"sameAs":["https:\/\/www.facebook.com\/3d-educh-210277586064960\/","https:\/\/x.com\/3d_edu_ch"],"address":{"@id":"https:\/\/3d-edu.ch\/en\/shop\/formlabs-tough-2000-resin-v1-1-5l-cartridge\/#local-main-place-address"},"geo":{"@type":"GeoCoordinates","latitude":"47.38413","longitude":"8.49812"},"telephone":["+41 44 492 11 22"],"openingHoursSpecification":[{"@type":"OpeningHoursSpecification","dayOfWeek":["Monday","Tuesday","Wednesday","Thursday","Friday"],"opens":"08:30","closes":"18:00"},{"@type":"OpeningHoursSpecification","dayOfWeek":["Saturday","Sunday"],"opens":"00:00","closes":"00:00"}],"email":"info@3d-edu.ch","faxNumber":"+41 44 492 11 23","vatID":"CHE-184.499.491 MWST","priceRange":"$$$","currenciesAccepted":"CHF"},{"@type":"PostalAddress","@id":"https:\/\/3d-edu.ch\/en\/shop\/formlabs-tough-2000-resin-v1-1-5l-cartridge\/#local-main-place-address","streetAddress":"3D-EDU GmbH, Badenerstrasse 556","addressLocality":"Z\u00fcrich","postalCode":"8048","addressRegion":"Z\u00fcrich","addressCountry":"CH"},{"@type":"ImageObject","inLanguage":"en-US","@id":"https:\/\/3d-edu.ch\/en\/shop\/formlabs-tough-2000-resin-v1-1-5l-cartridge\/#local-main-organization-logo","url":"https:\/\/3d-edu.ch\/wp-content\/uploads\/2018\/10\/3d-drucker-makerbot-formlabs-professionelle-3d-drucker-e1546527990490.png","contentUrl":"https:\/\/3d-edu.ch\/wp-content\/uploads\/2018\/10\/3d-drucker-makerbot-formlabs-professionelle-3d-drucker-e1546527990490.png","width":275,"height":80,"caption":"3D-EDU GmbH"}]},"product_price_amount":"792.86","product_price_currency":"CHF","og_availability":"backorder","product_availability":"available for order","product_retailer_item_id":"RS-RPS-TO20-11","product_condition":"new","geo.placename":"Z\u00fcrich","geo.position":{"lat":"47.38413","long":"8.49812"},"geo.region":"Switzerland"},"_links":{"self":[{"href":"https:\/\/3d-edu.ch\/en\/wp-json\/wp\/v2\/product\/75657","targetHints":{"allow":["GET"]}}],"collection":[{"href":"https:\/\/3d-edu.ch\/en\/wp-json\/wp\/v2\/product"}],"about":[{"href":"https:\/\/3d-edu.ch\/en\/wp-json\/wp\/v2\/types\/product"}],"replies":[{"embeddable":true,"href":"https:\/\/3d-edu.ch\/en\/wp-json\/wp\/v2\/comments?post=75657"}],"wp:featuredmedia":[{"embeddable":true,"href":"https:\/\/3d-edu.ch\/en\/wp-json\/wp\/v2\/media\/71743"}],"wp:attachment":[{"href":"https:\/\/3d-edu.ch\/en\/wp-json\/wp\/v2\/media?parent=75657"}],"wp:term":[{"taxonomy":"product_brand","embeddable":true,"href":"https:\/\/3d-edu.ch\/en\/wp-json\/wp\/v2\/product_brand?post=75657"},{"taxonomy":"product_cat","embeddable":true,"href":"https:\/\/3d-edu.ch\/en\/wp-json\/wp\/v2\/product_cat?post=75657"},{"taxonomy":"product_tag","embeddable":true,"href":"https:\/\/3d-edu.ch\/en\/wp-json\/wp\/v2\/product_tag?post=75657"}],"curies":[{"name":"wp","href":"https:\/\/api.w.org\/{rel}","templated":true}]}}