{"id":75678,"date":"2022-01-18T15:04:47","date_gmt":"2022-01-18T14:04:47","guid":{"rendered":"https:\/\/3d-edu.ch\/jobs\/"},"modified":"2026-02-19T10:29:22","modified_gmt":"2026-02-19T09:29:22","slug":"jobs","status":"publish","type":"page","link":"https:\/\/3d-edu.ch\/en\/contact-us\/jobs\/","title":{"rendered":"Jobs"},"content":{"rendered":"\n<div class=\"row\"  id=\"row-778837384\">\n\n\n\t<div id=\"col-20005582\" class=\"col medium-8 small-12 large-8\"  >\n\t\t\t\t<div class=\"col-inner\"  >\n\t\t\t\n\t\t\t\n\n<p><!-- \n\n\n\n\n\n\n\n<h1>Offene Stellen<\/h1>\n\n\n\n\n\n\n\n\n\n\n\n\n\n\n\n\n<h2>Allrounder*in mit Office oder KV Erfahrung 50-60%<\/h2>\n\n\n\n\n\n\n\n\n\n\n\n\n\n\n\n\n<\/p><p>Die 3D-EDU GmbH ist autorisierter Partner von Formlabs und MakerBot in der Schweiz. Zudem produzieren wir auch Druckauftr\u00e4ge f\u00fcr Kunden auf unseren 3D-Druckern im Showroom in Z\u00fcrich. F\u00fcr unseren wachsenden Betrieb suchen wir ein tatkr\u00e4ftiges Team-Mitglied.<\/p>\n\n\n\n\n\n\n\n\n\n\n\n\n\n\n\n\n<h3>Das bringst Du mit<\/h3>\n\n\n\n\n\n\n\n\n\n\n\n\n\n\n\n\n<ul>\n\n\n\n\n\n\n\n\n<li>Motivation, Neues zu lernen<\/li>\n\n\n\n\n\n\n\n\n\n\n\n\n\n\n\n\n<li>eigenst\u00e4ndige Arbeitsweise<\/li>\n\n\n\n\n\n\n\n\n\n\n\n\n\n\n\n\n<li>Freude an Kommunikation<\/li>\n\n\n\n\n\n\n\n\n\n\n\n\n\n\n\n\n<li>Interesse am 3D-Druck und Elektronik<\/li>\n\n\n\n\n\n\n\n\n\n\n\n\n\n\n\n\n<li>Office\/KV Kenntnisse<\/li>\n\n\n\n\n\n\n\n\n\n\n\n\n\n\n\n\n<li>Du arbeitest selbst\u00e4ndig, pr\u00e4zise, zuverl\u00e4ssig und bleibst dabei<br \/>selbstkritisch und neugierig.<\/li>\n\n\n\n\n\n\n\n\n<\/ul>\n\n\n\n\n\n\n\n\n\n\n\n\n\n\n\n\n<h3>Als Teil des 3D-EDU-Teams arbeitest Du in unterschiedlichen Feldern<\/h3>\n\n\n\n\n\n\n\n\n\n\n\n\n\n\n\n\n<ul>\n\n\n\n\n\n\n\n\n<li>Kreditoren- &amp; Debitorenbuchhaltung<\/li>\n\n\n\n\n\n\n\n\n\n\n\n\n\n\n\n\n<li>Lagerverwaltung und Einkauf<\/li>\n\n\n\n\n\n\n\n\n\n\n\n\n\n\n\n\n<li>Warenannahme<\/li>\n\n\n\n\n\n\n\n\n\n\n\n\n\n\n\n\n<li>Anrufe entgegennehmen und einfache Beratung bei Neukunden<\/li>\n\n\n\n\n\n\n\n\n\n\n\n\n\n\n\n\n<li>Auftragserfassug<\/li>\n\n\n\n\n\n\n\n\n\n\n\n\n\n\n\n\n<li>Versandvorbereitung<\/li>\n\n\n\n\n\n\n\n\n\n\n\n\n\n\n\n\n<li>Ferienvertretung 2-3 Wochen\/Jahr<\/li>\n\n\n\n\n\n\n\n\n\n\n\n\n\n\n\n\n<li>Du unterst\u00fctzt uns in allen Bereichen und hilfst aus, wo Du helfen kannst.<\/li>\n\n\n\n\n\n\n\n\n<\/ul>\n\n\n\n\n\n\n\n\n\n\n\n\n\n\n\n\n<h3>Bei uns findest Du<\/h3>\n\n\n\n\n\n\n\n\n\n\n\n\n\n\n\n\n<ul>\n\n\n\n\n\n\n\n\n<li>Eine entspannte, aber ambitionierte Kultur<\/li>\n\n\n\n\n\n\n\n\n\n\n\n\n\n\n\n\n<li>Abwechslungsreiche Aufgaben<\/li>\n\n\n\n\n\n\n\n\n\n\n\n\n\n\n\n\n<li>die M\u00f6glichkeit, selbstst\u00e4ndig zu arbeiten und eine spannende Branche kennen zu lernen<\/li>\n\n\n\n\n\n\n\n\n\n\n\n\n\n\n\n\n<li>Aufstiegsm\u00f6glichkeiten in einem wachsenden Unternehmen<\/li>\n\n\n\n\n\n\n\n\n<\/ul>\n\n\n\n\n\n\n\n\n\n\n\n\n\n\n\n\n<p>Du f\u00fchlst Dich angesprochen? Dann bewirb Dich via info@3d-edu.ch.<br \/>Die Stelle besetzen wir nach Vereinbarung.<\/p>\n\n\n\n\n\n\n\n\n\n\n\n\n\n\n\n -->\n<p>Unfortunately, we currently have no vacancies.<\/p>\n\n\n\t\t<\/div>\n\t\t\t\t\t<\/div>\n\n\t\n\n\t<div id=\"col-684979324\" class=\"col medium-4 small-12 large-4\"  >\n\t\t\t\t<div class=\"col-inner\"  >\n\t\t\t\n\t\t\t\n\n<h4>Upload application<\/h4>\n<p>Upload your application here or send it to us via Main at info@3d-edu.ch.<\/p>\n\n<div class=\"wpcf7 no-js\" id=\"wpcf7-f75351-o1\" lang=\"en-US\" dir=\"ltr\" data-wpcf7-id=\"75351\">\n<div class=\"screen-reader-response\"><p role=\"status\" aria-live=\"polite\" aria-atomic=\"true\"><\/p> <ul><\/ul><\/div>\n<form action=\"\/en\/wp-json\/wp\/v2\/pages\/75678#wpcf7-f75351-o1\" method=\"post\" class=\"wpcf7-form init\" aria-label=\"Contact form\" enctype=\"multipart\/form-data\" novalidate=\"novalidate\" data-status=\"init\">\n<fieldset class=\"hidden-fields-container\"><input type=\"hidden\" name=\"_wpcf7\" value=\"75351\" \/><input type=\"hidden\" name=\"_wpcf7_version\" value=\"6.1.5\" \/><input type=\"hidden\" name=\"_wpcf7_locale\" value=\"en_US\" \/><input type=\"hidden\" name=\"_wpcf7_unit_tag\" value=\"wpcf7-f75351-o1\" \/><input type=\"hidden\" name=\"_wpcf7_container_post\" value=\"0\" \/><input type=\"hidden\" name=\"_wpcf7_posted_data_hash\" value=\"\" \/>\n<\/fieldset>\n<p><span class=\"wpcf7-form-control-wrap\" data-name=\"text-753\"><input size=\"40\" maxlength=\"400\" class=\"wpcf7-form-control wpcf7-text wpcf7-validates-as-required\" aria-required=\"true\" aria-invalid=\"false\" placeholder=\"First name*\" value=\"\" type=\"text\" name=\"text-753\" \/><\/span>\n<\/p>\n<p><span class=\"wpcf7-form-control-wrap\" data-name=\"text-931\"><input size=\"40\" maxlength=\"400\" class=\"wpcf7-form-control wpcf7-text wpcf7-validates-as-required\" aria-required=\"true\" aria-invalid=\"false\" placeholder=\"Surname*\" value=\"\" type=\"text\" name=\"text-931\" \/><\/span>\n<\/p>\n<p><span class=\"wpcf7-form-control-wrap\" data-name=\"text-581\"><input size=\"40\" maxlength=\"400\" class=\"wpcf7-form-control wpcf7-text wpcf7-validates-as-required\" aria-required=\"true\" aria-invalid=\"false\" placeholder=\"Street, No.*\" value=\"\" type=\"text\" name=\"text-581\" \/><\/span>\n<\/p>\n<p><span class=\"wpcf7-form-control-wrap\" data-name=\"text-274\"><input size=\"40\" maxlength=\"400\" class=\"wpcf7-form-control wpcf7-text wpcf7-validates-as-required\" aria-required=\"true\" aria-invalid=\"false\" placeholder=\"ZIP code, city*\" value=\"\" type=\"text\" name=\"text-274\" \/><\/span>\n<\/p>\n<p><span class=\"wpcf7-form-control-wrap\" data-name=\"email-663\"><input size=\"40\" maxlength=\"400\" class=\"wpcf7-form-control wpcf7-email wpcf7-validates-as-required wpcf7-text wpcf7-validates-as-email\" aria-required=\"true\" aria-invalid=\"false\" placeholder=\"e-mail address*\" value=\"\" type=\"email\" name=\"email-663\" \/><\/span>\n<\/p>\n<p><span class=\"wpcf7-form-control-wrap\" data-name=\"text-856\"><input size=\"40\" maxlength=\"400\" class=\"wpcf7-form-control wpcf7-text\" aria-invalid=\"false\" placeholder=\"Phone number\" value=\"\" type=\"text\" name=\"text-856\" \/><\/span>\n<\/p>\n<p><span class=\"wpcf7-form-control-wrap\" data-name=\"textarea-257\"><textarea cols=\"40\" rows=\"10\" maxlength=\"2000\" class=\"wpcf7-form-control wpcf7-textarea\" aria-invalid=\"false\" placeholder=\"Message\" name=\"textarea-257\"><\/textarea><\/span>\n<\/p>\n<p><span class=\"wpcf7-form-control-wrap\" data-name=\"file-170\"><input size=\"40\" class=\"wpcf7-form-control wpcf7-file\" accept=\".pdf,.doc,.docx\" aria-invalid=\"false\" type=\"file\" name=\"file-170\" \/><\/span> Possible file formats: PDF, DOC, DOCX<br \/>\nmax. size: 20 MB\n<\/p>\n<p>\n<div class=\"wpcf7-turnstile cf-turnstile\" data-sitekey=\"0x4AAAAAACtJw4wGRpDOj6nj\" data-response-field-name=\"_wpcf7_turnstile_response\"><\/div>\n<\/p>\n<p><input class=\"wpcf7-form-control wpcf7-submit has-spinner\" type=\"submit\" value=\"Send\" \/>\n<\/p><div class=\"wpcf7-response-output\" aria-hidden=\"true\"><\/div>\n<\/form>\n<\/div>\n\n\n\n\t\t<\/div>\n\t\t\t\t\t<\/div>\n\n\t\n\n<\/div>\n\n","protected":false},"excerpt":{"rendered":"","protected":false},"author":1,"featured_media":0,"parent":79219,"menu_order":0,"comment_status":"closed","ping_status":"closed","template":"","meta":{"footnotes":""},"class_list":["post-75678","page","type-page","status-publish","hentry"],"yoast_head":"<!-- This site is optimized with the Yoast SEO Premium plugin v27.4 (Yoast SEO v27.4) - https:\/\/yoast.com\/product\/yoast-seo-premium-wordpress\/ -->\n<title>Open Jobs - 3D-EDU GmbH<\/title>\n<meta name=\"robots\" content=\"index, follow, max-snippet:-1, max-image-preview:large, max-video-preview:-1\" \/>\n<link rel=\"canonical\" href=\"https:\/\/3d-edu.ch\/en\/contact-us\/jobs\/\" \/>\n<meta property=\"og:locale\" content=\"en_US\" \/>\n<meta property=\"og:type\" content=\"article\" \/>\n<meta property=\"og:title\" content=\"Jobs\" \/>\n<meta property=\"og:url\" content=\"https:\/\/3d-edu.ch\/en\/contact-us\/jobs\/\" \/>\n<meta property=\"og:site_name\" content=\"3D-EDU GmbH\" \/>\n<meta property=\"article:publisher\" content=\"https:\/\/www.facebook.com\/3d-educh-210277586064960\/\" \/>\n<meta property=\"article:modified_time\" content=\"2026-02-19T09:29:22+00:00\" \/>\n<meta name=\"twitter:card\" content=\"summary_large_image\" \/>\n<meta name=\"twitter:site\" content=\"@3d_edu_ch\" \/>\n<script type=\"application\/ld+json\" class=\"yoast-schema-graph\">{\"@context\":\"https:\\\/\\\/schema.org\",\"@graph\":[{\"@type\":\"WebPage\",\"@id\":\"https:\\\/\\\/3d-edu.ch\\\/en\\\/contact-us\\\/jobs\\\/\",\"url\":\"https:\\\/\\\/3d-edu.ch\\\/en\\\/contact-us\\\/jobs\\\/\",\"name\":\"Open Jobs - 3D-EDU GmbH\",\"isPartOf\":{\"@id\":\"https:\\\/\\\/3d-edu.ch\\\/en\\\/#website\"},\"datePublished\":\"2022-01-18T14:04:47+00:00\",\"dateModified\":\"2026-02-19T09:29:22+00:00\",\"breadcrumb\":{\"@id\":\"https:\\\/\\\/3d-edu.ch\\\/en\\\/contact-us\\\/jobs\\\/#breadcrumb\"},\"inLanguage\":\"en-US\",\"potentialAction\":[{\"@type\":\"ReadAction\",\"target\":[\"https:\\\/\\\/3d-edu.ch\\\/en\\\/contact-us\\\/jobs\\\/\"]}]},{\"@type\":\"BreadcrumbList\",\"@id\":\"https:\\\/\\\/3d-edu.ch\\\/en\\\/contact-us\\\/jobs\\\/#breadcrumb\",\"itemListElement\":[{\"@type\":\"ListItem\",\"position\":1,\"name\":\"Home\",\"item\":\"https:\\\/\\\/3d-edu.ch\\\/en\\\/\"},{\"@type\":\"ListItem\",\"position\":2,\"name\":\"Contact us\",\"item\":\"https:\\\/\\\/3d-edu.ch\\\/en\\\/contact-us\\\/\"},{\"@type\":\"ListItem\",\"position\":3,\"name\":\"Jobs\"}]},{\"@type\":\"WebSite\",\"@id\":\"https:\\\/\\\/3d-edu.ch\\\/en\\\/#website\",\"url\":\"https:\\\/\\\/3d-edu.ch\\\/en\\\/\",\"name\":\"3D-EDU GmbH\",\"description\":\"Your Formlabs, UltiMaker and Raise3D Printer Support and Education Site in Switzerland. \\\/\\\/ Ihre Formlabs, UltiMaker and Raise3D Drucker Support und Bildungs Webseite der Schweiz.\",\"publisher\":{\"@id\":\"https:\\\/\\\/3d-edu.ch\\\/en\\\/#organization\"},\"potentialAction\":[{\"@type\":\"SearchAction\",\"target\":{\"@type\":\"EntryPoint\",\"urlTemplate\":\"https:\\\/\\\/3d-edu.ch\\\/en\\\/?s={search_term_string}\"},\"query-input\":{\"@type\":\"PropertyValueSpecification\",\"valueRequired\":true,\"valueName\":\"search_term_string\"}}],\"inLanguage\":\"en-US\"},{\"@type\":[\"Organization\",\"Place\",\"ElectronicsStore\"],\"@id\":\"https:\\\/\\\/3d-edu.ch\\\/en\\\/#organization\",\"name\":\"3D-EDU GmbH\",\"url\":\"https:\\\/\\\/3d-edu.ch\\\/en\\\/\",\"logo\":{\"@id\":\"https:\\\/\\\/3d-edu.ch\\\/en\\\/contact-us\\\/jobs\\\/#local-main-organization-logo\"},\"image\":{\"@id\":\"https:\\\/\\\/3d-edu.ch\\\/en\\\/contact-us\\\/jobs\\\/#local-main-organization-logo\"},\"sameAs\":[\"https:\\\/\\\/www.facebook.com\\\/3d-educh-210277586064960\\\/\",\"https:\\\/\\\/x.com\\\/3d_edu_ch\"],\"address\":{\"@id\":\"https:\\\/\\\/3d-edu.ch\\\/en\\\/contact-us\\\/jobs\\\/#local-main-place-address\"},\"geo\":{\"@type\":\"GeoCoordinates\",\"latitude\":\"47.38413\",\"longitude\":\"8.49812\"},\"telephone\":[\"+41 44 492 11 22\"],\"openingHoursSpecification\":[{\"@type\":\"OpeningHoursSpecification\",\"dayOfWeek\":[\"Monday\",\"Tuesday\",\"Wednesday\",\"Thursday\",\"Friday\"],\"opens\":\"08:30\",\"closes\":\"18:00\"},{\"@type\":\"OpeningHoursSpecification\",\"dayOfWeek\":[\"Saturday\",\"Sunday\"],\"opens\":\"00:00\",\"closes\":\"00:00\"}],\"email\":\"info@3d-edu.ch\",\"faxNumber\":\"+41 44 492 11 23\",\"vatID\":\"CHE-184.499.491 MWST\",\"priceRange\":\"$$$\",\"currenciesAccepted\":\"CHF\"},{\"@type\":\"PostalAddress\",\"@id\":\"https:\\\/\\\/3d-edu.ch\\\/en\\\/contact-us\\\/jobs\\\/#local-main-place-address\",\"streetAddress\":\"3D-EDU GmbH, Badenerstrasse 556\",\"addressLocality\":\"Z\u00fcrich\",\"postalCode\":\"8048\",\"addressRegion\":\"Z\u00fcrich\",\"addressCountry\":\"CH\"},{\"@type\":\"ImageObject\",\"inLanguage\":\"en-US\",\"@id\":\"https:\\\/\\\/3d-edu.ch\\\/en\\\/contact-us\\\/jobs\\\/#local-main-organization-logo\",\"url\":\"https:\\\/\\\/3d-edu.ch\\\/wp-content\\\/uploads\\\/2018\\\/10\\\/3d-drucker-makerbot-formlabs-professionelle-3d-drucker-e1546527990490.png\",\"contentUrl\":\"https:\\\/\\\/3d-edu.ch\\\/wp-content\\\/uploads\\\/2018\\\/10\\\/3d-drucker-makerbot-formlabs-professionelle-3d-drucker-e1546527990490.png\",\"width\":275,\"height\":80,\"caption\":\"3D-EDU GmbH\"}]}<\/script>\n<meta name=\"geo.placename\" content=\"Z\u00fcrich\" \/>\n<meta name=\"geo.position\" content=\"47.38413;8.49812\" \/>\n<meta name=\"geo.region\" content=\"Switzerland\" \/>\n<!-- \/ Yoast SEO Premium plugin. -->","yoast_head_json":{"title":"Open Jobs - 3D-EDU GmbH","robots":{"index":"index","follow":"follow","max-snippet":"max-snippet:-1","max-image-preview":"max-image-preview:large","max-video-preview":"max-video-preview:-1"},"canonical":"https:\/\/3d-edu.ch\/en\/contact-us\/jobs\/","og_locale":"en_US","og_type":"article","og_title":"Jobs","og_url":"https:\/\/3d-edu.ch\/en\/contact-us\/jobs\/","og_site_name":"3D-EDU GmbH","article_publisher":"https:\/\/www.facebook.com\/3d-educh-210277586064960\/","article_modified_time":"2026-02-19T09:29:22+00:00","twitter_card":"summary_large_image","twitter_site":"@3d_edu_ch","schema":{"@context":"https:\/\/schema.org","@graph":[{"@type":"WebPage","@id":"https:\/\/3d-edu.ch\/en\/contact-us\/jobs\/","url":"https:\/\/3d-edu.ch\/en\/contact-us\/jobs\/","name":"Open Jobs - 3D-EDU GmbH","isPartOf":{"@id":"https:\/\/3d-edu.ch\/en\/#website"},"datePublished":"2022-01-18T14:04:47+00:00","dateModified":"2026-02-19T09:29:22+00:00","breadcrumb":{"@id":"https:\/\/3d-edu.ch\/en\/contact-us\/jobs\/#breadcrumb"},"inLanguage":"en-US","potentialAction":[{"@type":"ReadAction","target":["https:\/\/3d-edu.ch\/en\/contact-us\/jobs\/"]}]},{"@type":"BreadcrumbList","@id":"https:\/\/3d-edu.ch\/en\/contact-us\/jobs\/#breadcrumb","itemListElement":[{"@type":"ListItem","position":1,"name":"Home","item":"https:\/\/3d-edu.ch\/en\/"},{"@type":"ListItem","position":2,"name":"Contact us","item":"https:\/\/3d-edu.ch\/en\/contact-us\/"},{"@type":"ListItem","position":3,"name":"Jobs"}]},{"@type":"WebSite","@id":"https:\/\/3d-edu.ch\/en\/#website","url":"https:\/\/3d-edu.ch\/en\/","name":"3D-EDU GmbH","description":"Your Formlabs, UltiMaker and Raise3D Printer Support and Education Site in Switzerland. \/\/ Ihre Formlabs, UltiMaker and Raise3D Drucker Support und Bildungs Webseite der Schweiz.","publisher":{"@id":"https:\/\/3d-edu.ch\/en\/#organization"},"potentialAction":[{"@type":"SearchAction","target":{"@type":"EntryPoint","urlTemplate":"https:\/\/3d-edu.ch\/en\/?s={search_term_string}"},"query-input":{"@type":"PropertyValueSpecification","valueRequired":true,"valueName":"search_term_string"}}],"inLanguage":"en-US"},{"@type":["Organization","Place","ElectronicsStore"],"@id":"https:\/\/3d-edu.ch\/en\/#organization","name":"3D-EDU GmbH","url":"https:\/\/3d-edu.ch\/en\/","logo":{"@id":"https:\/\/3d-edu.ch\/en\/contact-us\/jobs\/#local-main-organization-logo"},"image":{"@id":"https:\/\/3d-edu.ch\/en\/contact-us\/jobs\/#local-main-organization-logo"},"sameAs":["https:\/\/www.facebook.com\/3d-educh-210277586064960\/","https:\/\/x.com\/3d_edu_ch"],"address":{"@id":"https:\/\/3d-edu.ch\/en\/contact-us\/jobs\/#local-main-place-address"},"geo":{"@type":"GeoCoordinates","latitude":"47.38413","longitude":"8.49812"},"telephone":["+41 44 492 11 22"],"openingHoursSpecification":[{"@type":"OpeningHoursSpecification","dayOfWeek":["Monday","Tuesday","Wednesday","Thursday","Friday"],"opens":"08:30","closes":"18:00"},{"@type":"OpeningHoursSpecification","dayOfWeek":["Saturday","Sunday"],"opens":"00:00","closes":"00:00"}],"email":"info@3d-edu.ch","faxNumber":"+41 44 492 11 23","vatID":"CHE-184.499.491 MWST","priceRange":"$$$","currenciesAccepted":"CHF"},{"@type":"PostalAddress","@id":"https:\/\/3d-edu.ch\/en\/contact-us\/jobs\/#local-main-place-address","streetAddress":"3D-EDU GmbH, Badenerstrasse 556","addressLocality":"Z\u00fcrich","postalCode":"8048","addressRegion":"Z\u00fcrich","addressCountry":"CH"},{"@type":"ImageObject","inLanguage":"en-US","@id":"https:\/\/3d-edu.ch\/en\/contact-us\/jobs\/#local-main-organization-logo","url":"https:\/\/3d-edu.ch\/wp-content\/uploads\/2018\/10\/3d-drucker-makerbot-formlabs-professionelle-3d-drucker-e1546527990490.png","contentUrl":"https:\/\/3d-edu.ch\/wp-content\/uploads\/2018\/10\/3d-drucker-makerbot-formlabs-professionelle-3d-drucker-e1546527990490.png","width":275,"height":80,"caption":"3D-EDU GmbH"}]},"geo.placename":"Z\u00fcrich","geo.position":{"lat":"47.38413","long":"8.49812"},"geo.region":"Switzerland"},"_links":{"self":[{"href":"https:\/\/3d-edu.ch\/en\/wp-json\/wp\/v2\/pages\/75678","targetHints":{"allow":["GET"]}}],"collection":[{"href":"https:\/\/3d-edu.ch\/en\/wp-json\/wp\/v2\/pages"}],"about":[{"href":"https:\/\/3d-edu.ch\/en\/wp-json\/wp\/v2\/types\/page"}],"author":[{"embeddable":true,"href":"https:\/\/3d-edu.ch\/en\/wp-json\/wp\/v2\/users\/1"}],"replies":[{"embeddable":true,"href":"https:\/\/3d-edu.ch\/en\/wp-json\/wp\/v2\/comments?post=75678"}],"version-history":[{"count":1,"href":"https:\/\/3d-edu.ch\/en\/wp-json\/wp\/v2\/pages\/75678\/revisions"}],"predecessor-version":[{"id":75680,"href":"https:\/\/3d-edu.ch\/en\/wp-json\/wp\/v2\/pages\/75678\/revisions\/75680"}],"up":[{"embeddable":true,"href":"https:\/\/3d-edu.ch\/en\/wp-json\/wp\/v2\/pages\/79219"}],"wp:attachment":[{"href":"https:\/\/3d-edu.ch\/en\/wp-json\/wp\/v2\/media?parent=75678"}],"curies":[{"name":"wp","href":"https:\/\/api.w.org\/{rel}","templated":true}]}}